{"id":3797,"date":"2022-03-24T18:08:21","date_gmt":"2022-03-24T18:08:21","guid":{"rendered":"http:\/\/magyar-misszio.ch\/?page_id=3797"},"modified":"2022-03-26T15:05:51","modified_gmt":"2022-03-26T15:05:51","slug":"felajanlas","status":"publish","type":"page","link":"https:\/\/magyar-misszio.ch\/?page_id=3797","title":{"rendered":"felaj\u00e1nl\u00e1s"},"content":{"rendered":"<p style=\"text-align: center;\"><strong><span style=\"font-size: 14pt; color: #ff0000;\">A vil\u00e1g (\u00e9s k\u00fcl\u00f6n kiemelve Oroszorsz\u00e1g \u00e9s Ukrajna)<br \/>\nfelaj\u00e1nl\u00e1sa M\u00e1ri\u00e1nak<\/span><\/strong><\/p>\n<p><img decoding=\"async\" class=\"size-medium wp-image-3813 aligncenter\" src=\"https:\/\/magyar-misszio.ch\/wp-content\/uploads\/2022\/03\/Weiheakt20220325-300x150.jpg\" alt=\"\" width=\"300\" height=\"150\" data-id=\"3813\" srcset=\"https:\/\/magyar-misszio.ch\/wp-content\/uploads\/2022\/03\/Weiheakt20220325-300x150.jpg 300w, https:\/\/magyar-misszio.ch\/wp-content\/uploads\/2022\/03\/Weiheakt20220325.jpg 685w\" sizes=\"(max-width: 300px) 100vw, 300px\" \/><\/p>\n<p style=\"text-align: justify;\">Ukrajna p\u00fcsp\u00f6kei arra k\u00e9rt\u00e9k Ferenc p\u00e1p\u00e1t, hogy szentelje orsz\u00e1gukat M\u00e1ria Szepl\u0151telen Sz\u00edv\u00e9nek. A Szentatya most eleget tesz ennek a k\u00e9r\u00e9snek, \u00e9s 2022. m\u00e1rcius 25-\u00e9n, a Szepl\u0151telen Fogantat\u00e1s \u00fcnnep\u00e9n 17.00 \u00f3rakor b\u0171nb\u00e1nati szertart\u00e1s keret\u00e9ben az eg\u00e9sz emberis\u00e9get, k\u00fcl\u00f6n\u00f6sen Oroszorsz\u00e1got \u00e9s Ukrajn\u00e1t a Sz\u0171zany\u00e1nak szenteli.<\/p>\n<p style=\"text-align: justify;\">A Ferenc el\u0151tti p\u00e1p\u00e1khoz hasonl\u00f3an a mostani p\u00e1p\u00e1nk is M\u00e1ria Szepl\u0151telen Sz\u00edv\u00e9nek fogja szentelni a vil\u00e1got \u00e9s k\u00fcl\u00f6n kiemelli Oroszorsz\u00e1got \u00e9s Ukrajn\u00e1t.<\/p>\n<p style=\"text-align: justify;\">M\u00e1ria ezt m\u00e9g a fatimai jelen\u00e9seiben k\u00e9rte. (Ennek t\u00f6rt\u00e9net\u00e9r\u0151l l\u00e1sd al\u00e1bb a linkeket.) A B\u00e9ke Kir\u00e1lyn\u0151je k\u00f6zbenj\u00e1r\u00e1s\u00e1t \u00e9s mennyei seg\u00edts\u00e9g\u00e9t rem\u00e9lj\u00fck teh\u00e1t.<\/p>\n<p style=\"text-align: justify;\">A felaj\u00e1nl\u00f3 im\u00e1ds\u00e1got a r\u00f3mai id\u0151ponttal egyidej\u0171leg a vil\u00e1g sz\u00e1mtalan hely\u00e9n megteszik a p\u00fcsp\u00f6k\u00f6k. A m\u00e9dia seg\u00edts\u00e9g\u00e9vel k\u00f6zvet\u00edt\u00e9st is lehet n\u00e9zni, hallgatni .\u00a0 Egy\u00e9nileg is el lehet im\u00e1dkozni <span style=\"color: #ff0000;\">ezt a sz\u00e9p (\u00e9s hosszabb) im\u00e1ds\u00e1got: <a style=\"color: #ff0000;\" href=\"https:\/\/magyar-misszio.ch\/wp-content\/uploads\/2022\/03\/Felajanlas-Maria-Szeplotelen-Szivenek-20220325.pdf\" target=\"_blank\" rel=\"noopener\">kattints ide a magyar ford\u00edt\u00e1s\u00e9rt<\/a><br \/>\n<\/span><span style=\"color: #3366ff;\">Ferenc p\u00e1pa szentbesz\u00e9d\u00e9t is<\/span> szeretettel aj\u00e1nljuk (n\u00e9met\u00fcl, <a href=\"https:\/\/magyar-misszio.ch\/wp-content\/uploads\/2022\/03\/felajanlaskor-predikaco-nemet.docx\">ide kattintva&#8230;<\/a>)<\/p>\n<p>Linkek:<br \/>\n&#8211; a m\u00e9dia k\u00f6zvet\u00edt\u00e9s\u00e9b\u0151l: <a href=\"http:\/\/www.ewtn.de\/streaming\/player.php\" target=\"_blank\" rel=\"noopener\">EWTN n\u00e9met tv<\/a>, <a href=\"https:\/\/www.youtube.com\/watch?v=yeZQoR156hA\" target=\"_blank\" rel=\"noopener\">youtube<\/a>, <a href=\"https:\/\/www.youtube.com\/watch?v=es4q2AFW5MI\" target=\"_blank\" rel=\"noopener\">youtube2<\/a>,<br \/>\n&#8211; a t\u00f6rt\u00e9net\u00e9r\u0151l <a href=\"https:\/\/www.vaticannews.va\/hu\/papa\/news\/2022-03\/papa-gyumolcsolto-felajanlas-oroszorszag-ukrajna-fatima-szuzanya.html\" target=\"_blank\" rel=\"noopener\">magyarul<\/a> (Vatican News) \u00e9s <a href=\"https:\/\/www.horeb.org\/programm\/news-beitraege\/details\/news\/papst-vollzieht-marienweihe\/\" target=\"_blank\" rel=\"noopener\">n\u00e9met\u00fcl<\/a> (Radio Horeb)<br \/>\n&#8211; 2006-ban Fatim\u00e1ban <a href=\"https:\/\/www.magyarkurir.hu\/hirek\/magyar-nemzet-felajanlasa-szuz-maria-szeplotelen-szivenek\" target=\"_blank\" rel=\"noopener\">a magyar n\u00e9p ism\u00e9telt felaj\u00e1nl\u00e1sa<\/a><\/p>\n","protected":false},"excerpt":{"rendered":"<p>A vil\u00e1g (\u00e9s k\u00fcl\u00f6n kiemelve Oroszorsz\u00e1g \u00e9s Ukrajna) felaj\u00e1nl\u00e1sa M\u00e1ri\u00e1nak Ukrajna p\u00fcsp\u00f6kei arra k\u00e9rt\u00e9k Ferenc p\u00e1p\u00e1t, hogy szentelje orsz\u00e1gukat M\u00e1ria Szepl\u0151telen Sz\u00edv\u00e9nek. A Szentatya most eleget tesz ennek a k\u00e9r\u00e9snek, \u00e9s 2022. m\u00e1rcius 25-\u00e9n, a Szepl\u0151telen Fogantat\u00e1s \u00fcnnep\u00e9n 17.00 \u00f3rakor b\u0171nb\u00e1nati szertart\u00e1s keret\u00e9ben az eg\u00e9sz emberis\u00e9get, k\u00fcl\u00f6n\u00f6sen Oroszorsz\u00e1got \u00e9s Ukrajn\u00e1t a Sz\u0171zany\u00e1nak szenteli. A Ferenc &hellip; <\/p>\n<p class=\"link-more\"><a href=\"https:\/\/magyar-misszio.ch\/?page_id=3797\" class=\"more-link\"><span class=\"screen-reader-text\">\u201efelaj\u00e1nl\u00e1s\u201c<\/span> weiterlesen<\/a><\/p>\n","protected":false},"author":2,"featured_media":0,"parent":0,"menu_order":0,"comment_status":"closed","ping_status":"closed","template":"","meta":{"footnotes":""},"class_list":["post-3797","page","type-page","status-publish","hentry"],"_links":{"self":[{"href":"https:\/\/magyar-misszio.ch\/index.php?rest_route=\/wp\/v2\/pages\/3797","targetHints":{"allow":["GET"]}}],"collection":[{"href":"https:\/\/magyar-misszio.ch\/index.php?rest_route=\/wp\/v2\/pages"}],"about":[{"href":"https:\/\/magyar-misszio.ch\/index.php?rest_route=\/wp\/v2\/types\/page"}],"author":[{"embeddable":true,"href":"https:\/\/magyar-misszio.ch\/index.php?rest_route=\/wp\/v2\/users\/2"}],"replies":[{"embeddable":true,"href":"https:\/\/magyar-misszio.ch\/index.php?rest_route=%2Fwp%2Fv2%2Fcomments&post=3797"}],"version-history":[{"count":4,"href":"https:\/\/magyar-misszio.ch\/index.php?rest_route=\/wp\/v2\/pages\/3797\/revisions"}],"predecessor-version":[{"id":3814,"href":"https:\/\/magyar-misszio.ch\/index.php?rest_route=\/wp\/v2\/pages\/3797\/revisions\/3814"}],"wp:attachment":[{"href":"https:\/\/magyar-misszio.ch\/index.php?rest_route=%2Fwp%2Fv2%2Fmedia&parent=3797"}],"curies":[{"name":"wp","href":"https:\/\/api.w.org\/{rel}","templated":true}]}}