{"id":3824,"date":"2022-04-07T18:20:46","date_gmt":"2022-04-07T18:20:46","guid":{"rendered":"http:\/\/magyar-misszio.ch\/?page_id=3824"},"modified":"2022-09-28T12:59:16","modified_gmt":"2022-09-28T12:59:16","slug":"penzuegyek","status":"publish","type":"page","link":"https:\/\/magyar-misszio.ch\/?page_id=3824","title":{"rendered":"p\u00e9nz\u00fcgyek"},"content":{"rendered":"\t\t<div data-elementor-type=\"wp-page\" data-elementor-id=\"3824\" class=\"elementor elementor-3824\" data-elementor-post-type=\"page\">\n\t\t\t\t\t\t<section class=\"elementor-section elementor-top-section elementor-element elementor-element-51cb2b6f elementor-section-boxed elementor-section-height-default elementor-section-height-default\" data-id=\"51cb2b6f\" data-element_type=\"section\">\n\t\t\t\t\t\t<div class=\"elementor-container elementor-column-gap-default\">\n\t\t\t\t\t<div class=\"elementor-column elementor-col-100 elementor-top-column elementor-element elementor-element-a848869\" data-id=\"a848869\" data-element_type=\"column\">\n\t\t\t<div class=\"elementor-widget-wrap elementor-element-populated\">\n\t\t\t\t\t\t<div class=\"elementor-element elementor-element-7ae4f41b elementor-widget elementor-widget-text-editor\" data-id=\"7ae4f41b\" data-element_type=\"widget\" data-widget_type=\"text-editor.default\">\n\t\t\t\t<div class=\"elementor-widget-container\">\n\t\t\t\t\t\t\t\t\t<p style=\"text-align: center;\"><span style=\"color: #0000ff;\"><strong><span style=\"font-size: 14pt;\">A p\u00e9nz\u00fcgyi t\u00e1mogat\u00e1sokr\u00f3l<\/span><\/strong><\/span><\/p><p style=\"text-align: justify;\">Sv\u00e1jcban a legt\u00f6bb kantonban l\u00e9tezik az \u00fan. egyh\u00e1zi ad\u00f3.<\/p><p style=\"text-align: justify;\">Minden h\u00edv\u0151 ember <span style=\"color: #0000ff;\">lelkiismereti k\u00f6teless\u00e9g<\/span>e, hogy egyh\u00e1zi k\u00f6z\u00f6ss\u00e9g\u00e9t seg\u00edtse fennmaradni, hozz\u00e1j\u00e1ruljon a k\u00f6z\u00f6s kiad\u00e1sokhoz, \u00e9p\u00fcletek fenntart\u00e1s\u00e1hoz, az egyh\u00e1zban dolgoz\u00f3k meg\u00e9lhet\u00e9s\u00e9hez. Ezenfel\u00fcl lelkiismereti k\u00f6teless\u00e9g m\u00e1sokat seg\u00edteni (karitat\u00edv cselekedetek, ak\u00e1r anyagi seg\u00edts\u00e9gek).<\/p><p style=\"text-align: justify;\">Ezeknek sokf\u00e9le m\u00f3dja alakult ki a t\u00f6rt\u00e9nelemben, \u00e9s az egyh\u00e1zi felekezetek sem egyform\u00e1k. A Bibli\u00e1ban megtal\u00e1ljuk az zsid\u00f3 vall\u00e1s tized\u00e9t, vagyis a j\u00f6vedelem tized\u00e9vel seg\u00edteni a k\u00f6z\u00f6ss\u00e9get. Ma is vannak felekezetek, ak\u00e1r szekt\u00e1k, akik eszerint \u00e9lnek. A katolikus egyh\u00e1z ilyen nagy \u00e1ldozatot nem k\u00e9r, nincs is r\u00e1 sz\u00fcks\u00e9g. Figyelembe kell venni azt is, hogy j\u00f6vedelm\u00fcnk jelent\u0151s r\u00e9sz\u00e9t m\u00e1r m\u00e1sfel\u00e9 ad\u00f3zzuk \u00e9s az \u00e1llam a t\u00f6rt\u00e9nelem folyam\u00e1n \u00e1tvett nagyon sok olyan tev\u00e9kenys\u00e9get, amit az egyh\u00e1z egyed\u00fcl tett (k\u00f3rh\u00e1zak, szoci\u00e1lis int\u00e9zm\u00e9nyek, oktat\u00e1s\u2026). De ez nem jelenti azt, hogy valamilyen t\u00e1mogat\u00e1sra ne szorulna minden egyh\u00e1zi k\u00f6z\u00f6ss\u00e9g.<\/p><p style=\"text-align: justify;\">A sv\u00e1jci \u00e1ltal\u00e1nos megold\u00e1s: a fizet\u00e9ssel egy\u00fctt levont <span style=\"color: #0000ff;\">egyh\u00e1zi ad\u00f3<\/span>. Ezt megkapja a lak\u00f3hely szerinti pl\u00e9b\u00e1nia, \u00e9s a pl\u00e9b\u00e1ni\u00e1kon a civil emberekb\u0151l \u00e1ll\u00f3 munkacsoport megfelel\u0151en kezeli azt. Mindez \u00e1tl\u00e1that\u00f3, \u00e1llamilag is ellen\u0151rizhet\u0151. Egy sv\u00e1jci pl\u00e9b\u00e1nia nem az \u00e1llamt\u00f3l, nem fels\u0151bb egyh\u00e1zi k\u00f6r\u00f6kt\u0151l v\u00e1r anyagi seg\u00edts\u00e9get (nem is tudn\u00e1nak azok adni), hanem a h\u00edvekt\u0151l.<\/p><p style=\"text-align: justify;\">A pl\u00e9b\u00e1ni\u00e1kon t\u00falmutat\u00f3 feladatokat a pl\u00e9b\u00e1ni\u00e1k egy\u00fctt finansz\u00edrozz\u00e1k, p\u00e9ld\u00e1ul:<br \/>&#8211; egy\u00e9b egyh\u00e1zi int\u00e9zm\u00e9nyek: pl. p\u00fcsp\u00f6ks\u00e9gek<br \/>&#8211; lelkip\u00e1sztori k\u00f6z\u00f6s feladatok: k\u00f3rh\u00e1zlelk\u00e9szi szolg\u00e1lat, b\u00f6rt\u00f6nlelk\u00e9szi szolg\u00e1lat, idegennyelv\u0171 misszi\u00f3k fenntart\u00e1sa<br \/>&#8211; stb.<\/p><p style=\"text-align: justify;\"><span style=\"color: #0000ff;\">Magyar misszi\u00f3nk<\/span> is csak \u00fagy l\u00e9tezhet, hogy a sv\u00e1jci egyh\u00e1z l\u00e1tja, hogy mennyi magyar fizet egyh\u00e1zi ad\u00f3t, l\u00e1tja, mennyi magyar gyakorolja a vall\u00e1s\u00e1t \u00e9s ezek miatt finansz\u00edrozza a fennmarad\u00e1sunkat. Ez\u00e9rt els\u0151 feladatunk azt k\u00e9rni a kedves h\u00edvekt\u0151l, hogy fizess\u00e9k az egyh\u00e1zi ad\u00f3kat, akkor minket is fenntartanak.<\/p><p style=\"text-align: justify;\">Vannak, akik t\u00fal soknak tartj\u00e1k az egyh\u00e1zi ad\u00f3 m\u00e9rt\u00e9k\u00e9t. Biztosan vannak k\u00fcl\u00f6nleges egy\u00e9ni helyzetek, ahol jogos ez az \u00e9rz\u00e9s. Az is igaz, hogy sokan t\u00f6bb p\u00e9nzt is kiadnak kev\u00e9sb\u00e9 fontos dolgokra, de karitat\u00edv \u00e9s egyh\u00e1zi c\u00e9lokra sajn\u00e1lj\u00e1k. Hogy ki melyik csoportba tartozik, azt k\u00edv\u00fclr\u0151l senki sem \u00edt\u00e9lheti meg.<\/p><p style=\"text-align: justify;\">B\u00e1rmi legyen is az oka annak, ha valaki nem fizeti ki az egyh\u00e1zi ad\u00f3t, van lehet\u0151s\u00e9ge egy <span style=\"color: #0000ff;\">bizonyos p\u00f3tl\u00e1s<\/span>ra is. Az egyik az<span style=\"color: #0000ff;\"> egyh\u00e1zmegyei szolidarit\u00e1si alap<\/span>, amit kifejezetten erre a c\u00e9lra hozott l\u00e9tre a churi egyh\u00e1zmegye is (ahov\u00e1 tartozunk). \u00c9s aki ide egy kisebb \u00f6sszeget is befizet, arra m\u00e1r nem \u00e9rv\u00e9nyes az, hogy lelkiismeretlen\u00fcl semmivel sem t\u00e1mogatja egyh\u00e1z\u00e1t. T\u00e1mogat\u00e1si lehet\u0151s\u00e9g: Solidarit\u00e4tsfonds der Di\u00f6zese Chur, Hof 19, 7000 Chur, Postkonto: 85-12301-3<\/p><p style=\"text-align: justify;\">Misszi\u00f3nkat is lehet hasonl\u00f3 m\u00f3don seg\u00edteni. Sok \u00e9vvel ezel\u0151tt az itteni katolikusok l\u00e9trehozt\u00e1k a <span style=\"color: #0000ff;\">Szent Istv\u00e1n Egyes\u00fclet<\/span>et, ami az\u00e9rt van, hogy seg\u00edtse a misszi\u00f3t, ha valamire sz\u00fcks\u00e9ge van ill. nem kap el\u00e9g forr\u00e1st a hivatalos t\u00e1mogat\u00e1sb\u00f3l. T\u00e1mogat\u00e1si lehet\u0151s\u00e9g: St.Stephan Verein, Winterthurerstr. 135, 8057 Z\u00fcrich (=misszi\u00f3nk c\u00edme is), Iban: CH59 0070 0112 8001 3211 1, Postkonto: 80-151-4<br \/>QR k\u00f3dos csekket a t\u00e1mogat\u00e1sunkra <a href=\"https:\/\/magyar-misszio.ch\/wp-content\/uploads\/2022\/09\/csekk-Einzahlungsschein-QR-Code-600-dpi.pdf\" target=\"_blank\" rel=\"noopener\">ide kattintva<\/a> tud let\u00f6lteni (Einzahlungsschein): kinyomtatva haszn\u00e1lhatja, vagy a QR k\u00f3dot mobiltelefonj\u00e1nak internetbankos programj\u00e1val tudja haszn\u00e1lni.<\/p><p style=\"text-align: justify;\">Misszi\u00f3nk Egyh\u00e1ztan\u00e1csa \u00e9vente n\u00e9h\u00e1nyszor <span style=\"color: #0000ff;\">karitat\u00edv<\/span>, m\u00e1sokat megseg\u00edt\u0151 gy\u0171jt\u00e9seket is hirdet. Perselyadom\u00e1nyunk t\u00f6bb mint fel\u00e9t is karitat\u00edv c\u00e9lra ford\u00edtjuk. \u00cdgy mindez j\u00f3\u00e9rz\u00e9ssel t\u00f6ltheti el a seg\u00edt\u0151 kedves h\u00edveket.<\/p><p style=\"text-align: justify;\">Magyar misszi\u00f3nk p\u00e9nz\u00fcgyi fel\u00fcgyelet\u00e9t ell\u00e1tja a Misszi\u00f3s Egyh\u00e1ztan\u00e1cs, pontosabban annak Gazdas\u00e1gi Bizotts\u00e1ga valamint a sv\u00e1jci egyh\u00e1z Synodalrat-j\u00e1nak Misszi\u00f3kat fel\u00fcgyel\u0151 munkacsoportja (Fachkommission Migrantenseelsorge).<\/p><p style=\"text-align: justify;\">F\u00fcggetlen\u00fcl b\u00e1rmilyen anyagi t\u00e1mogat\u00e1st\u00f3l, mindenkit szeretettel v\u00e1runk k\u00f6z\u00f6ss\u00e9g\u00fcnkbe.<\/p><p style=\"text-align: justify;\">Z\u00fcrich, 2020.<\/p><p style=\"text-align: justify;\">Varga P\u00e9ter pl\u00e9b\u00e1nos<br \/>A Z\u00fcrichi Szent Istv\u00e1n Katolikus Misszi\u00f3 lelk\u00e9sze<\/p>\t\t\t\t\t\t\t\t<\/div>\n\t\t\t\t<\/div>\n\t\t\t\t\t<\/div>\n\t\t<\/div>\n\t\t\t\t\t<\/div>\n\t\t<\/section>\n\t\t\t\t<\/div>\n\t\t","protected":false},"excerpt":{"rendered":"<p>A p\u00e9nz\u00fcgyi t\u00e1mogat\u00e1sokr\u00f3l Sv\u00e1jcban a legt\u00f6bb kantonban l\u00e9tezik az \u00fan. egyh\u00e1zi ad\u00f3. Minden h\u00edv\u0151 ember lelkiismereti k\u00f6teless\u00e9ge, hogy egyh\u00e1zi k\u00f6z\u00f6ss\u00e9g\u00e9t seg\u00edtse fennmaradni, hozz\u00e1j\u00e1ruljon a k\u00f6z\u00f6s kiad\u00e1sokhoz, \u00e9p\u00fcletek fenntart\u00e1s\u00e1hoz, az egyh\u00e1zban dolgoz\u00f3k meg\u00e9lhet\u00e9s\u00e9hez. Ezenfel\u00fcl lelkiismereti k\u00f6teless\u00e9g m\u00e1sokat seg\u00edteni (karitat\u00edv cselekedetek, ak\u00e1r anyagi seg\u00edts\u00e9gek). Ezeknek sokf\u00e9le m\u00f3dja alakult ki a t\u00f6rt\u00e9nelemben, \u00e9s az egyh\u00e1zi felekezetek sem egyform\u00e1k. &hellip; <\/p>\n<p class=\"link-more\"><a href=\"https:\/\/magyar-misszio.ch\/?page_id=3824\" class=\"more-link\"><span class=\"screen-reader-text\">\u201ep\u00e9nz\u00fcgyek\u201c<\/span> weiterlesen<\/a><\/p>\n","protected":false},"author":2,"featured_media":0,"parent":0,"menu_order":0,"comment_status":"closed","ping_status":"closed","template":"","meta":{"footnotes":""},"class_list":["post-3824","page","type-page","status-publish","hentry"],"_links":{"self":[{"href":"https:\/\/magyar-misszio.ch\/index.php?rest_route=\/wp\/v2\/pages\/3824","targetHints":{"allow":["GET"]}}],"collection":[{"href":"https:\/\/magyar-misszio.ch\/index.php?rest_route=\/wp\/v2\/pages"}],"about":[{"href":"https:\/\/magyar-misszio.ch\/index.php?rest_route=\/wp\/v2\/types\/page"}],"author":[{"embeddable":true,"href":"https:\/\/magyar-misszio.ch\/index.php?rest_route=\/wp\/v2\/users\/2"}],"replies":[{"embeddable":true,"href":"https:\/\/magyar-misszio.ch\/index.php?rest_route=%2Fwp%2Fv2%2Fcomments&post=3824"}],"version-history":[{"count":4,"href":"https:\/\/magyar-misszio.ch\/index.php?rest_route=\/wp\/v2\/pages\/3824\/revisions"}],"predecessor-version":[{"id":4366,"href":"https:\/\/magyar-misszio.ch\/index.php?rest_route=\/wp\/v2\/pages\/3824\/revisions\/4366"}],"wp:attachment":[{"href":"https:\/\/magyar-misszio.ch\/index.php?rest_route=%2Fwp%2Fv2%2Fmedia&parent=3824"}],"curies":[{"name":"wp","href":"https:\/\/api.w.org\/{rel}","templated":true}]}}