{"id":387,"date":"2018-05-05T11:10:16","date_gmt":"2018-05-05T11:10:16","guid":{"rendered":"http:\/\/magyar-misszio.ch\/?page_id=387"},"modified":"2018-05-05T11:14:14","modified_gmt":"2018-05-05T11:14:14","slug":"brenner-janos","status":"publish","type":"page","link":"https:\/\/magyar-misszio.ch\/?page_id=387","title":{"rendered":"Brenner J\u00e1nos"},"content":{"rendered":"<p><img fetchpriority=\"high\" decoding=\"async\" class=\"size-medium wp-image-388 alignleft\" src=\"https:\/\/magyar-misszio.ch\/wp-content\/uploads\/2018\/05\/049-204x300.jpg\" alt=\"\" width=\"204\" height=\"300\" data-id=\"388\" srcset=\"https:\/\/magyar-misszio.ch\/wp-content\/uploads\/2018\/05\/049-204x300.jpg 204w, https:\/\/magyar-misszio.ch\/wp-content\/uploads\/2018\/05\/049.jpg 326w\" sizes=\"(max-width: 204px) 100vw, 204px\" \/><span style=\"font-size: 18pt; color: #ff0000;\">Boldog Brenner J\u00e1nos<\/span><\/p>\n<p style=\"text-align: justify;\">Csod\u00e1latos nap volt 2018. m\u00e1jus elseje, Brenner J\u00e1nos szombathelyi boldogg\u00e1avat\u00e1sa a magyar egyh\u00e1z \u00e9let\u00e9ben.<\/p>\n<p style=\"text-align: justify;\">Nagy t\u00f6meg gy\u0171lt \u00f6ssze Szombathelyen egy szabadt\u00e9ri szentmis\u00e9n \u2013 a magyar katolikus t\u00e9v\u00e9: a Bonum TV \u00e9s emellett Magyar Telev\u00edzi\u00f3 k\u00f6zvet\u00edt\u00e9s\u00e9t is vissza \u00a0lehet n\u00e9zni err\u0151l az interneten (<a href=\"http:\/\/bonumtv.hu\/brenner-janos-boldogga-avatasa-180501\/\" target=\"_blank\" rel=\"noopener\">itt&#8230;<\/a> \u00e9s <a href=\"https:\/\/www.mediaklikk.hu\/cikk\/2018\/05\/01\/brenner-janos-boldogga-avatasa-kozvetites-szombathelyrol\/#\" target=\"_blank\" rel=\"noopener\">itt&#8230;<\/a> ), j\u00f3 volt l\u00e1tni ezt a hatalmas katolikus t\u00f6meget. Brenner J\u00e1nos fiatal v\u00e9rtan\u00fa \u00e1ldoz\u00f3papot avatott egyh\u00e1zunk boldogg\u00e1, vagyis kijelentj\u00fck, hogy a mennyorsz\u00e1gban, J\u00e9zus mellett tud k\u00f6zbenj\u00e1rni m\u00e1r \u00e9rt\u00fcnk.<\/p>\n<p style=\"text-align: justify;\">Brenner J\u00e1nost, 1957-ben egy \u00e9jszaka elh\u00edvt\u00e1k annak \u00fcr\u00fcgy\u00e9n, hogy valaki haldoklik, \u00e9s vigye el a szentkenetet \u00e9s az Olt\u00e1riszents\u00e9get. Ez csak egy \u00fcr\u00fcgy volt arra, hogy el\u0151re eltervezetten meggyilkolja a kommunista hatalom. Mind a mai napig nem lehet pontosan tudni, mi t\u00f6rt\u00e9nt az 1957. december 14-\u00e9r\u0151l 15-\u00e9re virrad\u00f3 \u00e9jjelen, amikor kegyetlen\u00fcl 32 k\u00e9ssz\u00far\u00e1ssal meg\u00f6lt\u00e9k. Amit tudunk:<br \/>\n<em>\u00c9jf\u00e9l k\u00f6r\u00fcl egy tizenh\u00e9t \u00e9ves fiatalember z\u00f6rgetett be a pl\u00e9b\u00e1ni\u00e1ra, azzal a k\u00e9r\u00e9ssel, hogy s\u00falyos beteg nagyb\u00e1tyj\u00e1t kellene ell\u00e1tni a szents\u00e9gekkel. Brenner J\u00e1nos \u00e1tment a templomba, nyak\u00e1ba akasztotta betegell\u00e1t\u00f3 tarsoly\u00e1t, amelyben az Olt\u00e1riszents\u00e9get vitte, \u00e9s k\u00eds\u00e9r\u0151j\u00e9vel a dombtet\u0151n kereszt\u00fcl vezet\u0151 koroms\u00f6t\u00e9t gyalog\u00faton elindult Zsida fel\u00e9. \u00datk\u00f6zben t\u00f6bbsz\u00f6r megt\u00e1madt\u00e1k, de siker\u00fclt elfutnia. V\u00e9g\u00fcl a felt\u00e9telezett beteg h\u00e1za k\u00f6zel\u00e9ben kapt\u00e1k el. Ez is azt bizony\u00edtja, gyilkosai tudt\u00e1k: Brenner J\u00e1nos komolyan veszi hivat\u00e1s\u00e1t. Ez\u00e9rt v\u00e1rt\u00e1k a megadott c\u00edmen. <u>\u00c9s ott, nyak\u00e1ban az Olt\u00e1riszents\u00e9ggel, harminck\u00e9t k\u00e9ssz\u00far\u00e1ssal meg\u00f6lt\u00e9k.<\/u> A boncol\u00e1si jegyz\u0151k\u00f6nyvb\u0151l azt is tudjuk, hogy a nyak\u00e1ra is r\u00e1l\u00e9ptek, megtapost\u00e1k. Teh\u00e1t nemcsak meg\u00f6lni, hanem meggyal\u00e1zni is akart\u00e1k.<\/em><\/p>\n<p style=\"text-align: justify;\">Az Olt\u00e1riszents\u00e9get vitte mag\u00e1val, \u00edgy hal\u00e1l\u00e1val \u0151 is<span style=\"color: #0000ff;\"><strong> az Olt\u00e1riszents\u00e9g szentje lett<\/strong>.<\/span> Amikor meggyilkolt\u00e1k, 26 \u00e9ves volt, j\u00f3 <u>k\u00e9t \u00e9ve volt pap,<\/u> mosolyg\u00f3s, vid\u00e1m, akit a h\u00edvek szeretettek. K\u00e9t testv\u00e9re szint\u00e9n pap lett, \u00e9s ez kiemeli a csal\u00e1di otthoni l\u00e9gk\u00f6r fontoss\u00e1g\u00e1t, egy sz\u00e9p p\u00e9lda sz\u00e1munkra. A R\u00e1kosi rendszer ut\u00e1n a K\u00e1d\u00e1r rendszernek is k\u00f6ny\u00f6rtelen egyh\u00e1zpolitik\u00e1ja volt, sok papot meghurcoltak, beb\u00f6rt\u00f6n\u00f6ztek, Brenner J\u00e1nost is t\u00f6bbsz\u00f6r megfenyegett\u00e9k, mert nem volt hajland\u00f3 egy\u00fcttm\u0171k\u00f6dni a p\u00e1rt\u00e1llammal \u00e9s mert t\u00fal sokat foglalkozott a fiatalokkal, gyerekekkel. A politika elrettent\u0151 p\u00e9ld\u00e1t akart mutatni az \u0151 meggyilkol\u00e1s\u00e1val a papok sz\u00e1m\u00e1ra, hogy ez v\u00e1r arra, aki nem m\u0171k\u00f6dik egy\u00fctt\u2026<\/p>\n<p style=\"text-align: justify;\">Id\u00e9zek most Boldog Brenner J\u00e1nos napl\u00f3j\u00e1b\u00f3l: <span style=\"color: #0000ff;\"><em>\u201eMin\u00e9l m\u00e9lyebben \u00e1t\u00e9led Krisztus l\u00e9nyegi val\u00f3s\u00e1g\u00e1t az Olt\u00e1riszents\u00e9gben, ann\u00e1l m\u00e9lyebb lesz lelki\u00e9leted. Ha nem megy az ima \u00e9s az elm\u00e9lked\u00e9s, \u00e9ld \u00e1t a Val\u00f3s\u00e1got, hogy Krisztus \u00e9ppen \u00fagy ott van jelen, mint te.\u201d<\/em><\/span><\/p>\n<p><span style=\"color: #339966;\">\u00c9let\u00e9r\u0151l b\u0151vebben itt olvashatunk<\/span>:\u00a0<a href=\"https:\/\/brennerjanos.hu\/elete\" target=\"_blank\" rel=\"noopener\">https:\/\/brennerjanos.hu\/elete\u00a0<\/a><\/p>\n","protected":false},"excerpt":{"rendered":"<p>Boldog Brenner J\u00e1nos Csod\u00e1latos nap volt 2018. m\u00e1jus elseje, Brenner J\u00e1nos szombathelyi boldogg\u00e1avat\u00e1sa a magyar egyh\u00e1z \u00e9let\u00e9ben. Nagy t\u00f6meg gy\u0171lt \u00f6ssze Szombathelyen egy szabadt\u00e9ri szentmis\u00e9n \u2013 a magyar katolikus t\u00e9v\u00e9: a Bonum TV \u00e9s emellett Magyar Telev\u00edzi\u00f3 k\u00f6zvet\u00edt\u00e9s\u00e9t is vissza \u00a0lehet n\u00e9zni err\u0151l az interneten (itt&#8230; \u00e9s itt&#8230; ), j\u00f3 volt l\u00e1tni ezt a hatalmas &hellip; <\/p>\n<p class=\"link-more\"><a href=\"https:\/\/magyar-misszio.ch\/?page_id=387\" class=\"more-link\"><span class=\"screen-reader-text\">\u201eBrenner J\u00e1nos\u201c<\/span> weiterlesen<\/a><\/p>\n","protected":false},"author":2,"featured_media":0,"parent":0,"menu_order":0,"comment_status":"closed","ping_status":"closed","template":"","meta":{"footnotes":""},"class_list":["post-387","page","type-page","status-publish","hentry"],"_links":{"self":[{"href":"https:\/\/magyar-misszio.ch\/index.php?rest_route=\/wp\/v2\/pages\/387","targetHints":{"allow":["GET"]}}],"collection":[{"href":"https:\/\/magyar-misszio.ch\/index.php?rest_route=\/wp\/v2\/pages"}],"about":[{"href":"https:\/\/magyar-misszio.ch\/index.php?rest_route=\/wp\/v2\/types\/page"}],"author":[{"embeddable":true,"href":"https:\/\/magyar-misszio.ch\/index.php?rest_route=\/wp\/v2\/users\/2"}],"replies":[{"embeddable":true,"href":"https:\/\/magyar-misszio.ch\/index.php?rest_route=%2Fwp%2Fv2%2Fcomments&post=387"}],"version-history":[{"count":3,"href":"https:\/\/magyar-misszio.ch\/index.php?rest_route=\/wp\/v2\/pages\/387\/revisions"}],"predecessor-version":[{"id":391,"href":"https:\/\/magyar-misszio.ch\/index.php?rest_route=\/wp\/v2\/pages\/387\/revisions\/391"}],"wp:attachment":[{"href":"https:\/\/magyar-misszio.ch\/index.php?rest_route=%2Fwp%2Fv2%2Fmedia&parent=387"}],"curies":[{"name":"wp","href":"https:\/\/api.w.org\/{rel}","templated":true}]}}