{"id":3879,"date":"2022-04-30T11:04:48","date_gmt":"2022-04-30T11:04:48","guid":{"rendered":"http:\/\/magyar-misszio.ch\/?page_id=3879"},"modified":"2022-04-30T11:04:48","modified_gmt":"2022-04-30T11:04:48","slug":"maria","status":"publish","type":"page","link":"https:\/\/magyar-misszio.ch\/?page_id=3879","title":{"rendered":"M\u00e1ria"},"content":{"rendered":"<p><span style=\"color: #0000ff;\"><strong><img decoding=\"async\" class=\"size-medium wp-image-3878 alignleft\" src=\"https:\/\/magyar-misszio.ch\/wp-content\/uploads\/2022\/04\/Rafael-Madonna-Sixtina-1500x430-1-300x86.jpg\" alt=\"\" width=\"300\" height=\"86\" data-id=\"3878\" srcset=\"https:\/\/magyar-misszio.ch\/wp-content\/uploads\/2022\/04\/Rafael-Madonna-Sixtina-1500x430-1-300x86.jpg 300w, https:\/\/magyar-misszio.ch\/wp-content\/uploads\/2022\/04\/Rafael-Madonna-Sixtina-1500x430-1-1024x294.jpg 1024w, https:\/\/magyar-misszio.ch\/wp-content\/uploads\/2022\/04\/Rafael-Madonna-Sixtina-1500x430-1-768x220.jpg 768w, https:\/\/magyar-misszio.ch\/wp-content\/uploads\/2022\/04\/Rafael-Madonna-Sixtina-1500x430-1.jpg 1500w\" sizes=\"(max-width: 300px) 100vw, 300px\" \/> <span style=\"font-size: 14pt;\">Im\u00e1ds\u00e1gok \u00e9gi \u00e9desany\u00e1nkhoz<\/span><\/strong><\/span><\/p>\n<p>&nbsp;<\/p>\n<ul>\n<li>Az emberis\u00e9g \u0151sid\u0151k \u00f3ta hitte \u00e9s tudta, hogy l\u00e9tezik egy \u00c9gi \u00c9desany\u00e1nk, aki olyan szeretettel \u00e9s gondoskod\u00e1ssal figyel minden egyes emberre, ahogy a f\u00f6ldi \u00e9desany\u00e1k a saj\u00e1t gyermekeikre.<\/li>\n<li>Sz\u00e1munkra k\u00fcl\u00f6n\u00f6s jelent\u0151s\u00e9ge van az \u0150 tisztelet\u00e9nek, hiszen Istv\u00e1n kir\u00e1ly neki aj\u00e1nlotta fel orsz\u00e1gunkat, amelyet \u00edgy \u201eRegnum Marianum\u201d-nak (M\u00e1ria Orsz\u00e1g\u00e1nak) neveztek el.<strong><span style=\"font-size: 14pt; color: #993366;\">Im\u00e1ds\u00e1gok<\/span><\/strong><br \/>\nim\u00e1k, versek: <a href=\"https:\/\/www.istenanya.hu\/imak-es-versek\" target=\"_blank\" rel=\"noopener\">www.istenanya.hu\/imak-es-versek<\/a><br \/>\nm\u00e1jusi lit\u00e1nia (\u00e9nekelve): <a href=\"https:\/\/www.youtube.com\/watch?v=6YHlYgeOZdk\" target=\"_blank\" rel=\"noopener\">\u00a0youtube<\/a>\u00a0 \u00a0 sz\u00f6veg: <a href=\"http:\/\/szentjanospalplebania.hu\/lelki-elet\/imadsagok\/lorettoi-litania\" target=\"_blank\" rel=\"noopener\">lorett\u00f3i-lit\u00e1nia<\/a><\/li>\n<\/ul>\n","protected":false},"excerpt":{"rendered":"<p>Im\u00e1ds\u00e1gok \u00e9gi \u00e9desany\u00e1nkhoz &nbsp; Az emberis\u00e9g \u0151sid\u0151k \u00f3ta hitte \u00e9s tudta, hogy l\u00e9tezik egy \u00c9gi \u00c9desany\u00e1nk, aki olyan szeretettel \u00e9s gondoskod\u00e1ssal figyel minden egyes emberre, ahogy a f\u00f6ldi \u00e9desany\u00e1k a saj\u00e1t gyermekeikre. Sz\u00e1munkra k\u00fcl\u00f6n\u00f6s jelent\u0151s\u00e9ge van az \u0150 tisztelet\u00e9nek, hiszen Istv\u00e1n kir\u00e1ly neki aj\u00e1nlotta fel orsz\u00e1gunkat, amelyet \u00edgy \u201eRegnum Marianum\u201d-nak (M\u00e1ria Orsz\u00e1g\u00e1nak) neveztek el.Im\u00e1ds\u00e1gok im\u00e1k, &hellip; <\/p>\n<p class=\"link-more\"><a href=\"https:\/\/magyar-misszio.ch\/?page_id=3879\" class=\"more-link\"><span class=\"screen-reader-text\">\u201eM\u00e1ria\u201c<\/span> weiterlesen<\/a><\/p>\n","protected":false},"author":2,"featured_media":0,"parent":0,"menu_order":0,"comment_status":"closed","ping_status":"closed","template":"","meta":{"footnotes":""},"class_list":["post-3879","page","type-page","status-publish","hentry"],"_links":{"self":[{"href":"https:\/\/magyar-misszio.ch\/index.php?rest_route=\/wp\/v2\/pages\/3879","targetHints":{"allow":["GET"]}}],"collection":[{"href":"https:\/\/magyar-misszio.ch\/index.php?rest_route=\/wp\/v2\/pages"}],"about":[{"href":"https:\/\/magyar-misszio.ch\/index.php?rest_route=\/wp\/v2\/types\/page"}],"author":[{"embeddable":true,"href":"https:\/\/magyar-misszio.ch\/index.php?rest_route=\/wp\/v2\/users\/2"}],"replies":[{"embeddable":true,"href":"https:\/\/magyar-misszio.ch\/index.php?rest_route=%2Fwp%2Fv2%2Fcomments&post=3879"}],"version-history":[{"count":1,"href":"https:\/\/magyar-misszio.ch\/index.php?rest_route=\/wp\/v2\/pages\/3879\/revisions"}],"predecessor-version":[{"id":3880,"href":"https:\/\/magyar-misszio.ch\/index.php?rest_route=\/wp\/v2\/pages\/3879\/revisions\/3880"}],"wp:attachment":[{"href":"https:\/\/magyar-misszio.ch\/index.php?rest_route=%2Fwp%2Fv2%2Fmedia&parent=3879"}],"curies":[{"name":"wp","href":"https:\/\/api.w.org\/{rel}","templated":true}]}}