{"id":4131,"date":"2022-07-09T11:40:28","date_gmt":"2022-07-09T11:40:28","guid":{"rendered":"https:\/\/magyar-misszio.ch\/?page_id=4131"},"modified":"2022-07-09T11:58:14","modified_gmt":"2022-07-09T11:58:14","slug":"szent-mihaly-ima","status":"publish","type":"page","link":"https:\/\/magyar-misszio.ch\/?page_id=4131","title":{"rendered":"Szent Mih\u00e1ly ima"},"content":{"rendered":"\t\t<div data-elementor-type=\"wp-page\" data-elementor-id=\"4131\" class=\"elementor elementor-4131\" data-elementor-post-type=\"page\">\n\t\t\t\t\t\t<section class=\"elementor-section elementor-top-section elementor-element elementor-element-4879be6 elementor-section-boxed elementor-section-height-default elementor-section-height-default\" data-id=\"4879be6\" data-element_type=\"section\">\n\t\t\t\t\t\t<div class=\"elementor-container elementor-column-gap-default\">\n\t\t\t\t\t<div class=\"elementor-column elementor-col-100 elementor-top-column elementor-element elementor-element-1801997\" data-id=\"1801997\" data-element_type=\"column\">\n\t\t\t<div class=\"elementor-widget-wrap elementor-element-populated\">\n\t\t\t\t\t\t<div class=\"elementor-element elementor-element-804b0b0 elementor-widget elementor-widget-heading\" data-id=\"804b0b0\" data-element_type=\"widget\" data-widget_type=\"heading.default\">\n\t\t\t\t<div class=\"elementor-widget-container\">\n\t\t\t\t\t<h2 class=\"elementor-heading-title elementor-size-default\">Szent Mih\u00e1ly ima<\/h2>\t\t\t\t<\/div>\n\t\t\t\t<\/div>\n\t\t\t\t\t<\/div>\n\t\t<\/div>\n\t\t\t\t\t<\/div>\n\t\t<\/section>\n\t\t\t\t<section class=\"elementor-section elementor-top-section elementor-element elementor-element-19f6c27 elementor-section-boxed elementor-section-height-default elementor-section-height-default\" data-id=\"19f6c27\" data-element_type=\"section\">\n\t\t\t\t\t\t<div class=\"elementor-container elementor-column-gap-default\">\n\t\t\t\t\t<div class=\"elementor-column elementor-col-100 elementor-top-column elementor-element elementor-element-12a2571\" data-id=\"12a2571\" data-element_type=\"column\">\n\t\t\t<div class=\"elementor-widget-wrap elementor-element-populated\">\n\t\t\t\t\t\t<div class=\"elementor-element elementor-element-b2d2b55 elementor-widget elementor-widget-text-editor\" data-id=\"b2d2b55\" data-element_type=\"widget\" data-widget_type=\"text-editor.default\">\n\t\t\t\t<div class=\"elementor-widget-container\">\n\t\t\t\t\t\t\t\t\t<p><span style=\"font-weight: bold; color: #ff0000; font-size: 1.125rem;\">Szent Mih\u00e1ly arkangyal, v\u00e9delmezz minket a k\u00fczdelemben; a s\u00e1t\u00e1n gonosz k\u00eds\u00e9rt\u00e9sei ellen l\u00e9gy oltalmunk! Esedezve k\u00e9rj\u00fck: \u201eParancsoljon neki az Isten!\u201d Te pedig, mennyei seregek vez\u00e9re, a s\u00e1t\u00e1nt \u00e9s a t\u00f6bbi gonosz szellemet, akik a lelkek veszt\u00e9re k\u00f6r\u00fclj\u00e1rnak a vil\u00e1gban, Isten erej\u00e9vel tasz\u00edtsd vissza a k\u00e1rhozat hely\u00e9re! Amen.<\/span><\/p><p><img fetchpriority=\"high\" decoding=\"async\" class=\"alignleft wp-image-4144 size-medium\" src=\"https:\/\/magyar-misszio.ch\/wp-content\/uploads\/2022\/07\/Szent-Mihaly-arkangyal-Foto-catholic.org_.jpg-300x297.jpg\" alt=\"\" width=\"300\" height=\"297\" data-id=\"4144\" srcset=\"https:\/\/magyar-misszio.ch\/wp-content\/uploads\/2022\/07\/Szent-Mihaly-arkangyal-Foto-catholic.org_.jpg-300x297.jpg 300w, https:\/\/magyar-misszio.ch\/wp-content\/uploads\/2022\/07\/Szent-Mihaly-arkangyal-Foto-catholic.org_.jpg-1024x1013.jpg 1024w, https:\/\/magyar-misszio.ch\/wp-content\/uploads\/2022\/07\/Szent-Mihaly-arkangyal-Foto-catholic.org_.jpg-150x150.jpg 150w, https:\/\/magyar-misszio.ch\/wp-content\/uploads\/2022\/07\/Szent-Mihaly-arkangyal-Foto-catholic.org_.jpg-768x760.jpg 768w, https:\/\/magyar-misszio.ch\/wp-content\/uploads\/2022\/07\/Szent-Mihaly-arkangyal-Foto-catholic.org_.jpg-100x100.jpg 100w, https:\/\/magyar-misszio.ch\/wp-content\/uploads\/2022\/07\/Szent-Mihaly-arkangyal-Foto-catholic.org_.jpg.jpg 1113w\" sizes=\"(max-width: 300px) 100vw, 300px\" \/><\/p><p>XIII. Le\u00f3 p\u00e1pa (1810-1903, 1878-t\u00f3l p\u00e1pa) \u00e9ppen szentmis\u00e9j\u00e9t fejezte be egy vatik\u00e1ni k\u00e1poln\u00e1ban 1884. okt\u00f3ber 13-\u00e1n. M\u00e1r t\u00e1vozni k\u00e9sz\u00fclt, amikor hirtelen meg\u00e1llt az olt\u00e1r l\u00e9pcs\u0151j\u00e9n\u00e9l. Mereven \u00e1llt mintegy t\u00edz percig, mint aki \u00f6nk\u00edv\u00fcletbe esett. Arca hamusz\u00fcrke lett. Amikor v\u00e9gre megmozdult, egyetlen sz\u00f3t sem sz\u00f3lt a k\u00f6r\u00fcl\u00f6tte \u00e1ll\u00f3khoz, hanem dolgoz\u00f3szob\u00e1j\u00e1ba sietett \u00e9s \u00edr\u00f3asztal\u00e1hoz \u00fclt. Ott megfogalmazta azokat az im\u00e1kat, amelyek v\u00e9gz\u00e9s\u00e9t minden szentmise ut\u00e1n elrendelte. Ezek egyike az al\u00e1bb k\u00f6vetkez\u0151 im\u00e1ds\u00e1g Szent Mih\u00e1ly t\u00e1mogat\u00e1s\u00e1\u00e9rt a s\u00e1t\u00e1n elleni harcban.<\/p><p><span style=\"color: #333333; font-size: 1rem;\">\u00a0<\/span><span style=\"color: #333333; font-size: 1rem;\">Bizalmas munkat\u00e1rsainak XIII. Le\u00f3 el\u00e1rulta, hogy \u00f6rd\u00f6gien gonosz hangot hallott, amint ezt mondta:<br \/><\/span><span style=\"font-size: 1rem; color: #333333;\">\u2013 El tudom puszt\u00edtani Egyh\u00e1zadat!<br \/><\/span><span style=\"font-size: 1rem;\"><span style=\"color: #333333;\">J\u00f3s\u00e1gos hang v\u00e1laszolt. A p\u00e1pa \u00fagy \u00e9rezte, az \u00dar besz\u00e9l a s\u00e1t\u00e1nnal. Hasonl\u00f3an a J\u00f3b k\u00f6nyv\u00e9ben zajl\u00f3 p\u00e1rbesz\u00e9dhez (J\u00f3b 1,6-12; 2,1-7), a s\u00e1t\u00e1n id\u0151t \u00e9s felhatalmaz\u00e1st k\u00f6vetelt, hogy csap\u00e1sokkal s\u00fajtsa az Egyh\u00e1zat, az \u00dar pedig hatalmat engedett neki a 20. sz\u00e1zad nagyobb r\u00e9sze f\u00f6l\u00f6tt, hogy Egyh\u00e1z\u00e1t pr\u00f3b\u00e1ra tegye. Ebben a megpr\u00f3b\u00e1ltat\u00e1sban k\u00e9rtek seg\u00edts\u00e9get az \u00fa. n. Le\u00f3-im\u00e1k, amelyeket a pap t\u00e9rden\u00e1llva im\u00e1dkozott a szentmis\u00e9k v\u00e9g\u00e9n, eg\u00e9szen a 2. vatik\u00e1ni zsinatot k\u00f6vet\u0151 liturgikus reformig.<br \/><\/span><\/span><a style=\"font-size: 1rem; background-color: #ffffff;\" href=\"http:\/\/hagiosz.net\/?q=szentmihalyima\">http:\/\/hagiosz.net\/?q=szentmihalyima<\/a><\/p>\t\t\t\t\t\t\t\t<\/div>\n\t\t\t\t<\/div>\n\t\t\t\t\t<\/div>\n\t\t<\/div>\n\t\t\t\t\t<\/div>\n\t\t<\/section>\n\t\t\t\t<\/div>\n\t\t","protected":false},"excerpt":{"rendered":"<p>Szent Mih\u00e1ly ima Szent Mih\u00e1ly arkangyal, v\u00e9delmezz minket a k\u00fczdelemben; a s\u00e1t\u00e1n gonosz k\u00eds\u00e9rt\u00e9sei ellen l\u00e9gy oltalmunk! Esedezve k\u00e9rj\u00fck: \u201eParancsoljon neki az Isten!\u201d Te pedig, mennyei seregek vez\u00e9re, a s\u00e1t\u00e1nt \u00e9s a t\u00f6bbi gonosz szellemet, akik a lelkek veszt\u00e9re k\u00f6r\u00fclj\u00e1rnak a vil\u00e1gban, Isten erej\u00e9vel tasz\u00edtsd vissza a k\u00e1rhozat hely\u00e9re! Amen. XIII. Le\u00f3 p\u00e1pa (1810-1903, 1878-t\u00f3l &hellip; <\/p>\n<p class=\"link-more\"><a href=\"https:\/\/magyar-misszio.ch\/?page_id=4131\" class=\"more-link\"><span class=\"screen-reader-text\">\u201eSzent Mih\u00e1ly ima\u201c<\/span> weiterlesen<\/a><\/p>\n","protected":false},"author":2,"featured_media":0,"parent":0,"menu_order":0,"comment_status":"closed","ping_status":"closed","template":"","meta":{"footnotes":""},"class_list":["post-4131","page","type-page","status-publish","hentry"],"_links":{"self":[{"href":"https:\/\/magyar-misszio.ch\/index.php?rest_route=\/wp\/v2\/pages\/4131","targetHints":{"allow":["GET"]}}],"collection":[{"href":"https:\/\/magyar-misszio.ch\/index.php?rest_route=\/wp\/v2\/pages"}],"about":[{"href":"https:\/\/magyar-misszio.ch\/index.php?rest_route=\/wp\/v2\/types\/page"}],"author":[{"embeddable":true,"href":"https:\/\/magyar-misszio.ch\/index.php?rest_route=\/wp\/v2\/users\/2"}],"replies":[{"embeddable":true,"href":"https:\/\/magyar-misszio.ch\/index.php?rest_route=%2Fwp%2Fv2%2Fcomments&post=4131"}],"version-history":[{"count":12,"href":"https:\/\/magyar-misszio.ch\/index.php?rest_route=\/wp\/v2\/pages\/4131\/revisions"}],"predecessor-version":[{"id":4147,"href":"https:\/\/magyar-misszio.ch\/index.php?rest_route=\/wp\/v2\/pages\/4131\/revisions\/4147"}],"wp:attachment":[{"href":"https:\/\/magyar-misszio.ch\/index.php?rest_route=%2Fwp%2Fv2%2Fmedia&parent=4131"}],"curies":[{"name":"wp","href":"https:\/\/api.w.org\/{rel}","templated":true}]}}