{"id":4246,"date":"2022-08-30T16:30:32","date_gmt":"2022-08-30T16:30:32","guid":{"rendered":"https:\/\/magyar-misszio.ch\/?page_id=4246"},"modified":"2025-07-14T10:06:39","modified_gmt":"2025-07-14T10:06:39","slug":"elementor-4246","status":"publish","type":"page","link":"https:\/\/magyar-misszio.ch\/?page_id=4246","title":{"rendered":"kepek_2022-21"},"content":{"rendered":"\t\t<div data-elementor-type=\"wp-page\" data-elementor-id=\"4246\" class=\"elementor elementor-4246\" data-elementor-post-type=\"page\">\n\t\t\t\t\t\t<section class=\"elementor-section elementor-top-section elementor-element elementor-element-980939c elementor-section-boxed elementor-section-height-default elementor-section-height-default\" data-id=\"980939c\" data-element_type=\"section\">\n\t\t\t\t\t\t<div class=\"elementor-container elementor-column-gap-default\">\n\t\t\t\t\t<div class=\"elementor-column elementor-col-100 elementor-top-column elementor-element elementor-element-382ef03\" data-id=\"382ef03\" data-element_type=\"column\">\n\t\t\t<div class=\"elementor-widget-wrap elementor-element-populated\">\n\t\t\t\t\t\t<div class=\"elementor-element elementor-element-3675da6 elementor-widget elementor-widget-text-editor\" data-id=\"3675da6\" data-element_type=\"widget\" data-widget_type=\"text-editor.default\">\n\t\t\t\t<div class=\"elementor-widget-container\">\n\t\t\t\t\t\t\t\t\t<p><span style=\"font-family: arial, helvetica, sans-serif; font-size: 18pt; color: #ff0000;\"><strong>L\u00e1tnival\u00f3k <span style=\"color: #339966;\"><span style=\"color: #000000;\">&#8211;<\/span>\u00a0k\u00e9pgal\u00e9ri\u00e1nk<br \/><\/span><\/strong><\/span><em>\u00f6r\u00fcl\u00fcnk annak, hogy misszi\u00f3nk \u00e9let\u00e9b\u0151l n\u00e9h\u00e1ny esem\u00e9ny fot\u00f3it megoszthatjuk&#8230;<\/em><br \/><em>h\u00e1l\u00e1san k\u00f6sz\u00f6nj\u00fck, ha b\u00e1rki egy-egy j\u00f3 f\u00e9nyk\u00e9pet k\u00fcld nek\u00fcnk, hogy k\u00f6zkincss\u00e9 tegy\u00fck&#8230;<br \/><\/em><\/p>\t\t\t\t\t\t\t\t<\/div>\n\t\t\t\t<\/div>\n\t\t\t\t\t<\/div>\n\t\t<\/div>\n\t\t\t\t\t<\/div>\n\t\t<\/section>\n\t\t\t\t<section class=\"elementor-section elementor-top-section elementor-element elementor-element-2223f15 elementor-section-boxed elementor-section-height-default elementor-section-height-default\" data-id=\"2223f15\" data-element_type=\"section\">\n\t\t\t\t\t\t<div class=\"elementor-container elementor-column-gap-default\">\n\t\t\t\t\t<div class=\"elementor-column elementor-col-100 elementor-top-column elementor-element elementor-element-a888727\" data-id=\"a888727\" data-element_type=\"column\">\n\t\t\t<div class=\"elementor-widget-wrap elementor-element-populated\">\n\t\t\t\t\t\t<div class=\"elementor-element elementor-element-7920b7e elementor-widget elementor-widget-text-editor\" data-id=\"7920b7e\" data-element_type=\"widget\" data-widget_type=\"text-editor.default\">\n\t\t\t\t<div class=\"elementor-widget-container\">\n\t\t\t\t\t\t\t\t\t<p><span style=\"font-family: arial, helvetica, sans-serif; font-size: 18pt; color: #ff0000;\"><strong>egy albumban az \u00f6sszes k\u00e9p<span style=\"color: #339966;\"><br \/><\/span><\/strong><\/span><span style=\"color: #0000ff;\"><em>Jelenleg technikai hiba miatt nem l\u00e1that\u00f3ak a f\u00e9nyk\u00e9pek k\u00fcl\u00f6n mapp\u00e1kban (l\u00e1sd al\u00e1bb&#8230;. &#8211; \u00e9venk\u00e9nt, esem\u00e9nyenk\u00e9nt), ez\u00e9rt most <a href=\"https:\/\/photos.app.goo.gl\/gtfowQCN8AVzkxj26\" target=\"_blank\" rel=\"noopener\">erre a linkre kattintva<\/a> (vagy a k\u00e9pre) egy mapp\u00e1n l\u00e1thatja az \u00f6sszes fot\u00f3t. A f\u00e9nyk\u00e9pek let\u00f6lt\u00e9sekor a sz\u00e1m\u00edt\u00f3g\u00e9p\u00e9n vagy telefonj\u00e1n a let\u00f6lt\u00f6tt k\u00e9p nev\u00e9n\u00e9l l\u00e1thatja, hogy melyik \u00e9vhez tartozik.\u00a0<\/em><\/span><\/p><p><a href=\"https:\/\/photos.app.goo.gl\/gtfowQCN8AVzkxj26\" target=\"_blank\" rel=\"noopener\"><img fetchpriority=\"high\" decoding=\"async\" class=\"size-medium wp-image-7400 aligncenter\" src=\"https:\/\/magyar-misszio.ch\/wp-content\/uploads\/2025-07-14-300x186.jpg\" alt=\"\" width=\"300\" height=\"186\" data-id=\"7400\" srcset=\"https:\/\/magyar-misszio.ch\/wp-content\/uploads\/2025-07-14-300x186.jpg 300w, https:\/\/magyar-misszio.ch\/wp-content\/uploads\/2025-07-14-1024x635.jpg 1024w, https:\/\/magyar-misszio.ch\/wp-content\/uploads\/2025-07-14-768x476.jpg 768w, https:\/\/magyar-misszio.ch\/wp-content\/uploads\/2025-07-14.jpg 1184w\" sizes=\"(max-width: 300px) 100vw, 300px\" \/><\/a><\/p>\t\t\t\t\t\t\t\t<\/div>\n\t\t\t\t<\/div>\n\t\t\t\t\t<\/div>\n\t\t<\/div>\n\t\t\t\t\t<\/div>\n\t\t<\/section>\n\t\t\t\t<section class=\"elementor-section elementor-top-section elementor-element elementor-element-4cc69cf elementor-section-boxed elementor-section-height-default elementor-section-height-default\" data-id=\"4cc69cf\" data-element_type=\"section\">\n\t\t\t\t\t\t<div class=\"elementor-container elementor-column-gap-default\">\n\t\t\t\t\t<div class=\"elementor-column elementor-col-100 elementor-top-column elementor-element elementor-element-3facca1\" data-id=\"3facca1\" data-element_type=\"column\">\n\t\t\t<div class=\"elementor-widget-wrap elementor-element-populated\">\n\t\t\t\t\t\t<div class=\"elementor-element elementor-element-6933dea elementor-widget-divider--view-line elementor-widget elementor-widget-divider\" data-id=\"6933dea\" data-element_type=\"widget\" data-widget_type=\"divider.default\">\n\t\t\t\t<div class=\"elementor-widget-container\">\n\t\t\t\t\t\t\t<div class=\"elementor-divider\">\n\t\t\t<span class=\"elementor-divider-separator\">\n\t\t\t\t\t\t<\/span>\n\t\t<\/div>\n\t\t\t\t\t\t<\/div>\n\t\t\t\t<\/div>\n\t\t\t\t\t<\/div>\n\t\t<\/div>\n\t\t\t\t\t<\/div>\n\t\t<\/section>\n\t\t\t\t<section class=\"elementor-section elementor-top-section elementor-element elementor-element-c65ba80 elementor-section-boxed elementor-section-height-default elementor-section-height-default\" data-id=\"c65ba80\" data-element_type=\"section\">\n\t\t\t\t\t\t<div class=\"elementor-container elementor-column-gap-default\">\n\t\t\t\t\t<div class=\"elementor-column elementor-col-100 elementor-top-column elementor-element elementor-element-5885345\" data-id=\"5885345\" data-element_type=\"column\">\n\t\t\t<div class=\"elementor-widget-wrap elementor-element-populated\">\n\t\t\t\t\t\t<div class=\"elementor-element elementor-element-a5430b3 elementor-widget elementor-widget-text-editor\" data-id=\"a5430b3\" data-element_type=\"widget\" data-widget_type=\"text-editor.default\">\n\t\t\t\t<div class=\"elementor-widget-container\">\n\t\t\t\t\t\t\t\t\t<hr \/><p style=\"text-align: center;\">\u00a0<\/p>\t\t\t\t\t\t\t\t<\/div>\n\t\t\t\t<\/div>\n\t\t\t\t\t<\/div>\n\t\t<\/div>\n\t\t\t\t\t<\/div>\n\t\t<\/section>\n\t\t\t\t<section class=\"elementor-section elementor-top-section elementor-element elementor-element-d0ecf89 elementor-section-boxed elementor-section-height-default elementor-section-height-default\" data-id=\"d0ecf89\" data-element_type=\"section\">\n\t\t\t\t\t\t<div class=\"elementor-container elementor-column-gap-default\">\n\t\t\t\t\t<div class=\"elementor-column elementor-col-100 elementor-top-column elementor-element elementor-element-75eb518\" data-id=\"75eb518\" data-element_type=\"column\">\n\t\t\t<div class=\"elementor-widget-wrap elementor-element-populated\">\n\t\t\t\t\t\t<div class=\"elementor-element elementor-element-346b912 elementor-widget elementor-widget-text-editor\" data-id=\"346b912\" data-element_type=\"widget\" data-widget_type=\"text-editor.default\">\n\t\t\t\t<div class=\"elementor-widget-container\">\n\t\t\t\t\t\t\t\t\t<p style=\"text-align: center;\"><span style=\"color: #ff0000;\"><strong><span style=\"font-size: 18pt;\">2025<\/span><\/strong><\/span><\/p>\t\t\t\t\t\t\t\t<\/div>\n\t\t\t\t<\/div>\n\t\t\t\t\t<\/div>\n\t\t<\/div>\n\t\t\t\t\t<\/div>\n\t\t<\/section>\n\t\t\t\t<section class=\"elementor-section elementor-top-section elementor-element elementor-element-2333d7d elementor-section-boxed elementor-section-height-default elementor-section-height-default\" data-id=\"2333d7d\" data-element_type=\"section\">\n\t\t\t\t\t\t<div class=\"elementor-container elementor-column-gap-default\">\n\t\t\t\t\t<div class=\"elementor-column elementor-col-100 elementor-top-column elementor-element elementor-element-4c12d22\" data-id=\"4c12d22\" data-element_type=\"column\">\n\t\t\t<div class=\"elementor-widget-wrap elementor-element-populated\">\n\t\t\t\t\t\t<div class=\"elementor-element elementor-element-78a5d67 elementor-widget elementor-widget-text-editor\" data-id=\"78a5d67\" data-element_type=\"widget\" data-widget_type=\"text-editor.default\">\n\t\t\t\t<div class=\"elementor-widget-container\">\n\t\t\t\t\t\t\t\t\t<p><\/p>\t\t\t\t\t\t\t\t<\/div>\n\t\t\t\t<\/div>\n\t\t\t\t\t<\/div>\n\t\t<\/div>\n\t\t\t\t\t<\/div>\n\t\t<\/section>\n\t\t\t\t<section class=\"elementor-section elementor-top-section elementor-element elementor-element-a88ad8d elementor-section-boxed elementor-section-height-default elementor-section-height-default\" data-id=\"a88ad8d\" data-element_type=\"section\">\n\t\t\t\t\t\t<div class=\"elementor-container elementor-column-gap-default\">\n\t\t\t\t\t<div class=\"elementor-column elementor-col-100 elementor-top-column elementor-element elementor-element-070a67f\" data-id=\"070a67f\" data-element_type=\"column\">\n\t\t\t<div class=\"elementor-widget-wrap elementor-element-populated\">\n\t\t\t\t\t\t<div class=\"elementor-element elementor-element-09fb454 elementor-widget elementor-widget-text-editor\" data-id=\"09fb454\" data-element_type=\"widget\" data-widget_type=\"text-editor.default\">\n\t\t\t\t<div class=\"elementor-widget-container\">\n\t\t\t\t\t\t\t\t\t<p style=\"text-align: center;\"><span style=\"color: #ff0000;\"><strong><span style=\"font-size: 18pt;\">2024<\/span><\/strong><\/span><\/p>\t\t\t\t\t\t\t\t<\/div>\n\t\t\t\t<\/div>\n\t\t\t\t\t<\/div>\n\t\t<\/div>\n\t\t\t\t\t<\/div>\n\t\t<\/section>\n\t\t\t\t<section class=\"elementor-section elementor-top-section elementor-element elementor-element-fc3eed1 elementor-section-boxed elementor-section-height-default elementor-section-height-default\" data-id=\"fc3eed1\" data-element_type=\"section\">\n\t\t\t\t\t\t<div class=\"elementor-container elementor-column-gap-default\">\n\t\t\t\t\t<div class=\"elementor-column elementor-col-100 elementor-top-column elementor-element elementor-element-b5f5d80\" data-id=\"b5f5d80\" data-element_type=\"column\">\n\t\t\t<div class=\"elementor-widget-wrap elementor-element-populated\">\n\t\t\t\t\t\t<div class=\"elementor-element elementor-element-26d8c0d elementor-widget elementor-widget-text-editor\" data-id=\"26d8c0d\" data-element_type=\"widget\" data-widget_type=\"text-editor.default\">\n\t\t\t\t<div class=\"elementor-widget-container\">\n\t\t\t\t\t\t\t\t\t<p><\/p>\t\t\t\t\t\t\t\t<\/div>\n\t\t\t\t<\/div>\n\t\t\t\t\t<\/div>\n\t\t<\/div>\n\t\t\t\t\t<\/div>\n\t\t<\/section>\n\t\t\t\t<section class=\"elementor-section elementor-top-section elementor-element elementor-element-851f991 elementor-section-boxed elementor-section-height-default elementor-section-height-default\" data-id=\"851f991\" data-element_type=\"section\">\n\t\t\t\t\t\t<div class=\"elementor-container elementor-column-gap-default\">\n\t\t\t\t\t<div class=\"elementor-column elementor-col-100 elementor-top-column elementor-element elementor-element-9c0d852\" data-id=\"9c0d852\" data-element_type=\"column\">\n\t\t\t<div class=\"elementor-widget-wrap elementor-element-populated\">\n\t\t\t\t\t\t<div class=\"elementor-element elementor-element-b1cd2e7 elementor-widget elementor-widget-text-editor\" data-id=\"b1cd2e7\" data-element_type=\"widget\" data-widget_type=\"text-editor.default\">\n\t\t\t\t<div class=\"elementor-widget-container\">\n\t\t\t\t\t\t\t\t\t<p style=\"text-align: center;\"><span style=\"color: #ff0000;\"><strong><span style=\"font-size: 18pt;\">2023<\/span><\/strong><\/span><\/p>\t\t\t\t\t\t\t\t<\/div>\n\t\t\t\t<\/div>\n\t\t\t\t\t<\/div>\n\t\t<\/div>\n\t\t\t\t\t<\/div>\n\t\t<\/section>\n\t\t\t\t<section class=\"elementor-section elementor-top-section elementor-element elementor-element-6ab92f2 elementor-section-boxed elementor-section-height-default elementor-section-height-default\" data-id=\"6ab92f2\" data-element_type=\"section\">\n\t\t\t\t\t\t<div class=\"elementor-container elementor-column-gap-default\">\n\t\t\t\t\t<div class=\"elementor-column elementor-col-100 elementor-top-column elementor-element elementor-element-bcdfece\" data-id=\"bcdfece\" data-element_type=\"column\">\n\t\t\t<div class=\"elementor-widget-wrap elementor-element-populated\">\n\t\t\t\t\t\t<div class=\"elementor-element elementor-element-48ff113 elementor-widget elementor-widget-text-editor\" data-id=\"48ff113\" data-element_type=\"widget\" data-widget_type=\"text-editor.default\">\n\t\t\t\t<div class=\"elementor-widget-container\">\n\t\t\t\t\t\t\t\t\t<p><\/p>\t\t\t\t\t\t\t\t<\/div>\n\t\t\t\t<\/div>\n\t\t\t\t\t<\/div>\n\t\t<\/div>\n\t\t\t\t\t<\/div>\n\t\t<\/section>\n\t\t\t\t<section class=\"elementor-section elementor-top-section elementor-element elementor-element-f888e6d elementor-section-boxed elementor-section-height-default elementor-section-height-default\" data-id=\"f888e6d\" data-element_type=\"section\">\n\t\t\t\t\t\t<div class=\"elementor-container elementor-column-gap-default\">\n\t\t\t\t\t<div class=\"elementor-column elementor-col-100 elementor-top-column elementor-element elementor-element-03843e7\" data-id=\"03843e7\" data-element_type=\"column\">\n\t\t\t<div class=\"elementor-widget-wrap elementor-element-populated\">\n\t\t\t\t\t\t<div class=\"elementor-element elementor-element-adc636a elementor-widget elementor-widget-text-editor\" data-id=\"adc636a\" data-element_type=\"widget\" data-widget_type=\"text-editor.default\">\n\t\t\t\t<div class=\"elementor-widget-container\">\n\t\t\t\t\t\t\t\t\t<p style=\"text-align: center;\"><span style=\"color: #ff0000;\"><strong><span style=\"font-size: 18pt;\">2022<\/span><\/strong><\/span><\/p>\t\t\t\t\t\t\t\t<\/div>\n\t\t\t\t<\/div>\n\t\t\t\t\t<\/div>\n\t\t<\/div>\n\t\t\t\t\t<\/div>\n\t\t<\/section>\n\t\t\t\t<section class=\"elementor-section elementor-top-section elementor-element elementor-element-61721a2 elementor-section-boxed elementor-section-height-default elementor-section-height-default\" data-id=\"61721a2\" data-element_type=\"section\">\n\t\t\t\t\t\t<div class=\"elementor-container elementor-column-gap-default\">\n\t\t\t\t\t<div class=\"elementor-column elementor-col-100 elementor-top-column elementor-element elementor-element-4362ce7\" data-id=\"4362ce7\" data-element_type=\"column\">\n\t\t\t<div class=\"elementor-widget-wrap elementor-element-populated\">\n\t\t\t\t\t\t<div class=\"elementor-element elementor-element-604c84c elementor-widget elementor-widget-text-editor\" data-id=\"604c84c\" data-element_type=\"widget\" data-widget_type=\"text-editor.default\">\n\t\t\t\t<div class=\"elementor-widget-container\">\n\t\t\t\t\t\t\t\t\t\n\t\t\t\t\t\t\t\t<\/div>\n\t\t\t\t<\/div>\n\t\t\t\t\t<\/div>\n\t\t<\/div>\n\t\t\t\t\t<\/div>\n\t\t<\/section>\n\t\t\t\t<section class=\"elementor-section elementor-top-section elementor-element elementor-element-4bda251 elementor-section-boxed elementor-section-height-default elementor-section-height-default\" data-id=\"4bda251\" data-element_type=\"section\">\n\t\t\t\t\t\t<div class=\"elementor-container elementor-column-gap-default\">\n\t\t\t\t\t<div class=\"elementor-column elementor-col-100 elementor-top-column elementor-element elementor-element-fe48c83\" data-id=\"fe48c83\" data-element_type=\"column\">\n\t\t\t<div class=\"elementor-widget-wrap elementor-element-populated\">\n\t\t\t\t\t\t<div class=\"elementor-element elementor-element-b54893a elementor-widget elementor-widget-text-editor\" data-id=\"b54893a\" data-element_type=\"widget\" data-widget_type=\"text-editor.default\">\n\t\t\t\t<div class=\"elementor-widget-container\">\n\t\t\t\t\t\t\t\t\t<p><\/p>\t\t\t\t\t\t\t\t<\/div>\n\t\t\t\t<\/div>\n\t\t\t\t\t<\/div>\n\t\t<\/div>\n\t\t\t\t\t<\/div>\n\t\t<\/section>\n\t\t\t\t<section class=\"elementor-section elementor-top-section elementor-element elementor-element-eead704 elementor-section-boxed elementor-section-height-default elementor-section-height-default\" data-id=\"eead704\" data-element_type=\"section\">\n\t\t\t\t\t\t<div class=\"elementor-container elementor-column-gap-default\">\n\t\t\t\t\t<div class=\"elementor-column elementor-col-100 elementor-top-column elementor-element elementor-element-97ff19a\" data-id=\"97ff19a\" data-element_type=\"column\">\n\t\t\t<div class=\"elementor-widget-wrap elementor-element-populated\">\n\t\t\t\t\t\t<div class=\"elementor-element elementor-element-043d86f elementor-widget elementor-widget-text-editor\" data-id=\"043d86f\" data-element_type=\"widget\" data-widget_type=\"text-editor.default\">\n\t\t\t\t<div class=\"elementor-widget-container\">\n\t\t\t\t\t\t\t\t\t<p style=\"text-align: center;\"><span style=\"color: #ff0000;\"><strong><span style=\"font-size: 18pt;\">2021<\/span><\/strong><\/span><\/p>\t\t\t\t\t\t\t\t<\/div>\n\t\t\t\t<\/div>\n\t\t\t\t\t<\/div>\n\t\t<\/div>\n\t\t\t\t\t<\/div>\n\t\t<\/section>\n\t\t\t\t<section class=\"elementor-section elementor-top-section elementor-element elementor-element-c72e9b9 elementor-section-boxed elementor-section-height-default elementor-section-height-default\" data-id=\"c72e9b9\" data-element_type=\"section\">\n\t\t\t\t\t\t<div class=\"elementor-container elementor-column-gap-default\">\n\t\t\t\t\t<div class=\"elementor-column elementor-col-100 elementor-top-column elementor-element elementor-element-a3b1b01\" data-id=\"a3b1b01\" data-element_type=\"column\">\n\t\t\t<div class=\"elementor-widget-wrap\">\n\t\t\t\t\t\t\t<\/div>\n\t\t<\/div>\n\t\t\t\t\t<\/div>\n\t\t<\/section>\n\t\t\t\t<section class=\"elementor-section elementor-top-section elementor-element elementor-element-e71a647 elementor-section-boxed elementor-section-height-default elementor-section-height-default\" data-id=\"e71a647\" data-element_type=\"section\">\n\t\t\t\t\t\t<div class=\"elementor-container elementor-column-gap-default\">\n\t\t\t\t\t<div class=\"elementor-column elementor-col-100 elementor-top-column elementor-element elementor-element-d9a24a8\" data-id=\"d9a24a8\" data-element_type=\"column\">\n\t\t\t<div class=\"elementor-widget-wrap elementor-element-populated\">\n\t\t\t\t\t\t<div class=\"elementor-element elementor-element-dc2512d elementor-widget elementor-widget-text-editor\" data-id=\"dc2512d\" data-element_type=\"widget\" data-widget_type=\"text-editor.default\">\n\t\t\t\t<div class=\"elementor-widget-container\">\n\t\t\t\t\t\t\t\t\t<p><\/p>\t\t\t\t\t\t\t\t<\/div>\n\t\t\t\t<\/div>\n\t\t\t\t<div class=\"elementor-element elementor-element-e57de5b elementor-widget elementor-widget-text-editor\" data-id=\"e57de5b\" data-element_type=\"widget\" data-widget_type=\"text-editor.default\">\n\t\t\t\t<div class=\"elementor-widget-container\">\n\t\t\t\t\t\t\t\t\t<p>\u00a0<\/p><p>\u00a0<\/p><p style=\"text-align: center;\"><span style=\"color: #ff0000;\"><strong><span style=\"font-size: 18pt;\">KOR\u00c1BBI \u00c9VEK:<\/span><\/strong><\/span><\/p><p style=\"text-align: center;\"><a href=\"https:\/\/magyar-misszio.ch\/?page_id=3398\" target=\"_blank\" rel=\"noopener\"><span style=\"font-size: 18.6667px;\">2017-2020.<\/span><\/a><\/p>\t\t\t\t\t\t\t\t<\/div>\n\t\t\t\t<\/div>\n\t\t\t\t\t<\/div>\n\t\t<\/div>\n\t\t\t\t\t<\/div>\n\t\t<\/section>\n\t\t\t\t<\/div>\n\t\t","protected":false},"excerpt":{"rendered":"<p>L\u00e1tnival\u00f3k &#8211;\u00a0k\u00e9pgal\u00e9ri\u00e1nk\u00f6r\u00fcl\u00fcnk annak, hogy misszi\u00f3nk \u00e9let\u00e9b\u0151l n\u00e9h\u00e1ny esem\u00e9ny fot\u00f3it megoszthatjuk&#8230;h\u00e1l\u00e1san k\u00f6sz\u00f6nj\u00fck, ha b\u00e1rki egy-egy j\u00f3 f\u00e9nyk\u00e9pet k\u00fcld nek\u00fcnk, hogy k\u00f6zkincss\u00e9 tegy\u00fck&#8230; egy albumban az \u00f6sszes k\u00e9pJelenleg technikai hiba miatt nem l\u00e1that\u00f3ak a f\u00e9nyk\u00e9pek k\u00fcl\u00f6n mapp\u00e1kban (l\u00e1sd al\u00e1bb&#8230;. &#8211; \u00e9venk\u00e9nt, esem\u00e9nyenk\u00e9nt), ez\u00e9rt most erre a linkre kattintva (vagy a k\u00e9pre) egy mapp\u00e1n l\u00e1thatja az \u00f6sszes fot\u00f3t. &hellip; <\/p>\n<p class=\"link-more\"><a href=\"https:\/\/magyar-misszio.ch\/?page_id=4246\" class=\"more-link\"><span class=\"screen-reader-text\">\u201ekepek_2022-21\u201c<\/span> weiterlesen<\/a><\/p>\n","protected":false},"author":2,"featured_media":0,"parent":0,"menu_order":0,"comment_status":"closed","ping_status":"closed","template":"","meta":{"footnotes":""},"class_list":["post-4246","page","type-page","status-publish","hentry"],"_links":{"self":[{"href":"https:\/\/magyar-misszio.ch\/index.php?rest_route=\/wp\/v2\/pages\/4246","targetHints":{"allow":["GET"]}}],"collection":[{"href":"https:\/\/magyar-misszio.ch\/index.php?rest_route=\/wp\/v2\/pages"}],"about":[{"href":"https:\/\/magyar-misszio.ch\/index.php?rest_route=\/wp\/v2\/types\/page"}],"author":[{"embeddable":true,"href":"https:\/\/magyar-misszio.ch\/index.php?rest_route=\/wp\/v2\/users\/2"}],"replies":[{"embeddable":true,"href":"https:\/\/magyar-misszio.ch\/index.php?rest_route=%2Fwp%2Fv2%2Fcomments&post=4246"}],"version-history":[{"count":209,"href":"https:\/\/magyar-misszio.ch\/index.php?rest_route=\/wp\/v2\/pages\/4246\/revisions"}],"predecessor-version":[{"id":7406,"href":"https:\/\/magyar-misszio.ch\/index.php?rest_route=\/wp\/v2\/pages\/4246\/revisions\/7406"}],"wp:attachment":[{"href":"https:\/\/magyar-misszio.ch\/index.php?rest_route=%2Fwp%2Fv2%2Fmedia&parent=4246"}],"curies":[{"name":"wp","href":"https:\/\/api.w.org\/{rel}","templated":true}]}}