{"id":4432,"date":"2022-11-16T19:28:30","date_gmt":"2022-11-16T19:28:30","guid":{"rendered":"https:\/\/magyar-misszio.ch\/?page_id=4432"},"modified":"2023-05-26T13:09:32","modified_gmt":"2023-05-26T13:09:32","slug":"velemenykeres-felmeres","status":"publish","type":"page","link":"https:\/\/magyar-misszio.ch\/?page_id=4432","title":{"rendered":"V\u00e9lem\u00e9nyk\u00e9r\u00e9s, felm\u00e9r\u00e9s"},"content":{"rendered":"\t\t<div data-elementor-type=\"wp-page\" data-elementor-id=\"4432\" class=\"elementor elementor-4432\" data-elementor-post-type=\"page\">\n\t\t\t\t\t\t<section class=\"elementor-section elementor-top-section elementor-element elementor-element-17aa681 elementor-section-boxed elementor-section-height-default elementor-section-height-default\" data-id=\"17aa681\" data-element_type=\"section\">\n\t\t\t\t\t\t<div class=\"elementor-container elementor-column-gap-default\">\n\t\t\t\t\t<div class=\"elementor-column elementor-col-100 elementor-top-column elementor-element elementor-element-5d5cb31\" data-id=\"5d5cb31\" data-element_type=\"column\">\n\t\t\t<div class=\"elementor-widget-wrap elementor-element-populated\">\n\t\t\t\t\t\t<div class=\"elementor-element elementor-element-9c4e258 elementor-widget elementor-widget-heading\" data-id=\"9c4e258\" data-element_type=\"widget\" data-widget_type=\"heading.default\">\n\t\t\t\t<div class=\"elementor-widget-container\">\n\t\t\t\t\t<h2 class=\"elementor-heading-title elementor-size-default\">V\u00e9lem\u00e9nyk\u00e9r\u00e9s, felm\u00e9r\u00e9s<\/h2>\t\t\t\t<\/div>\n\t\t\t\t<\/div>\n\t\t\t\t\t<\/div>\n\t\t<\/div>\n\t\t\t\t\t<\/div>\n\t\t<\/section>\n\t\t\t\t<section class=\"elementor-section elementor-top-section elementor-element elementor-element-7488abd elementor-section-boxed elementor-section-height-default elementor-section-height-default\" data-id=\"7488abd\" data-element_type=\"section\">\n\t\t\t\t\t\t<div class=\"elementor-container elementor-column-gap-default\">\n\t\t\t\t\t<div class=\"elementor-column elementor-col-100 elementor-top-column elementor-element elementor-element-c8d5dc4\" data-id=\"c8d5dc4\" data-element_type=\"column\">\n\t\t\t<div class=\"elementor-widget-wrap elementor-element-populated\">\n\t\t\t\t\t\t<section class=\"elementor-section elementor-inner-section elementor-element elementor-element-d063603 elementor-section-boxed elementor-section-height-default elementor-section-height-default\" data-id=\"d063603\" data-element_type=\"section\">\n\t\t\t\t\t\t<div class=\"elementor-container elementor-column-gap-default\">\n\t\t\t\t\t<div class=\"elementor-column elementor-col-50 elementor-inner-column elementor-element elementor-element-ab96d84\" data-id=\"ab96d84\" data-element_type=\"column\">\n\t\t\t<div class=\"elementor-widget-wrap elementor-element-populated\">\n\t\t\t\t\t\t<div class=\"elementor-element elementor-element-2e24fee elementor-widget elementor-widget-text-editor\" data-id=\"2e24fee\" data-element_type=\"widget\" data-widget_type=\"text-editor.default\">\n\t\t\t\t<div class=\"elementor-widget-container\">\n\t\t\t\t\t\t\t\t\t<p style=\"text-align: justify;\">Kedves magyar h\u00edvek, el\u0151sz\u00f6r is <span style=\"color: #0000ff;\"><strong>h\u00e1l\u00e1t adunk<\/strong><\/span> a j\u00f3 Istennek mindazok\u00e9rt, akik itt Sv\u00e1jcban magyark\u00e9nt gyakorolj\u00e1k misszi\u00f3nkban katolikus hit\u00fcket. Olyan j\u00f3 visszatekinteni a t\u00f6bb \u00e9vtizedes m\u00faltra (ld. t\u00f6rt\u00e9net\u00fcnket honlapunkon <a href=\"https:\/\/magyar-misszio.ch\/wp-content\/uploads\/2022\/10\/2022_toertenetuenk.pdf\" target=\"_blank\" rel=\"noopener\"> ide kattintva<\/a>), \u00e9s l\u00e1tni a kor\u00e1bbi h\u00edveknek az \u00e1ldozatait, akik lehet\u0151v\u00e9 tett\u00e9k misszi\u00f3nk l\u00e9tez\u00e9s\u00e9t. Egyszer p\u00e9nz\u00fcgyek miatt vesz\u00e9lybe ker\u00fclt a l\u00e9t\u00fcnk, akkor nagyon sok p\u00e9nzt adtak \u00f6ssze a h\u00edvek, most viszont a h\u00edvek l\u00e9tsz\u00e1ma ad okot a j\u00f6v\u0151nket illet\u0151en (\u00e9s sok oka van: id\u0151sek kevesebben vannak m\u00e1r, a fiatalok m\u00e1sk\u00e9nt \u00e1llnak hozz\u00e1, a kovid-j\u00e1rv\u00e1ny miatt n\u00e1lunk is fel\u00e9re cs\u00f6kkent a l\u00e9tsz\u00e1m stb.)<\/p>\t\t\t\t\t\t\t\t<\/div>\n\t\t\t\t<\/div>\n\t\t\t\t\t<\/div>\n\t\t<\/div>\n\t\t\t\t<div class=\"elementor-column elementor-col-50 elementor-inner-column elementor-element elementor-element-37a2807\" data-id=\"37a2807\" data-element_type=\"column\">\n\t\t\t<div class=\"elementor-widget-wrap elementor-element-populated\">\n\t\t\t\t\t\t<div class=\"elementor-element elementor-element-4b0fbc4 elementor-widget elementor-widget-image\" data-id=\"4b0fbc4\" data-element_type=\"widget\" data-widget_type=\"image.default\">\n\t\t\t\t<div class=\"elementor-widget-container\">\n\t\t\t\t\t\t\t\t\t\t\t\t\t\t\t<img fetchpriority=\"high\" decoding=\"async\" width=\"740\" height=\"424\" src=\"https:\/\/magyar-misszio.ch\/wp-content\/uploads\/2022\/11\/velemeny.jpg\" class=\"attachment-large size-large wp-image-4437\" alt=\"\" srcset=\"https:\/\/magyar-misszio.ch\/wp-content\/uploads\/2022\/11\/velemeny.jpg 808w, https:\/\/magyar-misszio.ch\/wp-content\/uploads\/2022\/11\/velemeny-300x172.jpg 300w, https:\/\/magyar-misszio.ch\/wp-content\/uploads\/2022\/11\/velemeny-768x440.jpg 768w\" sizes=\"100vw\" \/>\t\t\t\t\t\t\t\t\t\t\t\t\t\t\t<\/div>\n\t\t\t\t<\/div>\n\t\t\t\t\t<\/div>\n\t\t<\/div>\n\t\t\t\t\t<\/div>\n\t\t<\/section>\n\t\t\t\t<div class=\"elementor-element elementor-element-322c66e elementor-widget elementor-widget-text-editor\" data-id=\"322c66e\" data-element_type=\"widget\" data-widget_type=\"text-editor.default\">\n\t\t\t\t<div class=\"elementor-widget-container\">\n\t\t\t\t\t\t\t\t\t<p class=\"auto-style1\" style=\"text-align: justify;\">\u00a0Ez\u00e9rt <span style=\"color: #0000ff;\"><strong>k\u00e9rj\u00fck a magyar h\u00edveket<\/strong><\/span>: ha tudj\u00e1k, hat\u00e1rozz\u00e1k el, hogy vagy rendszeresen, vagy legal\u00e1bb havonta egyszer hozz\u00e1nk j\u00f6nnek. Ez mind saj\u00e1t maguknak, mind k\u00f6z\u00f6ss\u00e9g\u00fcnknek a j\u00f6v\u0151j\u00e9t jelenti.<\/p><p style=\"text-align: justify;\">A vas\u00e1rnapi szentmis\u00e9kn\u00e9l a 12 \u00f3r\u00e1s kezd\u00e9s rossz sokaknak. M\u00e9g mindig nincs lehet\u0151s\u00e9g\u00fcnk kor\u00e1bban kezdeni, de t\u00f6bben felvetett\u00e9k a d\u00e9lut\u00e1ni (pl. 17.00 \u00f3r\u00e1s) kezd\u00e9st. Van, aki \u00fagy fogalmazott, hogy ez az id\u0151pont meg\u00f6li a k\u00f6z\u00f6ss\u00e9g\u00fcnket. A reform\u00e1tus lelk\u00e9szn\u0151 v\u00e9lem\u00e9nye az, hogy a gyermekes csal\u00e1dok ez\u00e9rt szeretnek hozz\u00e1juk menni d\u00e9lut\u00e1n.\u00a0<\/p><p style=\"text-align: justify;\">Nem tudjuk, hogy ez n\u00e1lunk megold\u00e1st jelentene-e, ez\u00e9rt most csak egy egyszer\u0171 <span style=\"color: #0000ff;\"><strong>k\u00f6zv\u00e9lem\u00e9nykutat\u00e1st tartunk<\/strong><\/span>, k\u00e9rj\u00fck, v\u00e1laszolj\u00e1k meg k\u00e9rd\u00e9seinket <strong><span style=\"color: #ff0000;\">a k\u00f6vetkez\u0151 \u0171rlapon<\/span><\/strong>:\u00a0 <a href=\"https:\/\/docs.google.com\/forms\/d\/e\/1FAIpQLSevK7MNStNzkRIcm4UPwv6HLXaJ4XmtEqYdYc0_8rJU64yUug\/viewform?usp=sf_link\" target=\"_blank\" rel=\"noopener\"> \u00a0kattintson ide az \u0171rlaphoz&#8230;<\/a><\/p><p style=\"text-align: justify; padding-left: 40px;\"><em>Ut\u00f3lagos kieg\u00e9sz\u00edt\u00e9s: az \u0171rlapot m\u00e1r nem lehet kit\u00f6lteni, csak a k\u00e9rd\u00e9seket lehet l\u00e1tni, viszont hozz\u00e1sz\u00f3lni tov\u00e1bbra is lehet az &#8222;online-dial\u00f3gus&#8220; oldalunk ezen r\u00e9sz\u00e9n ill. a facebook seg\u00edts\u00e9g\u00e9vel: <a href=\"https:\/\/magyar-misszio.ch\/?page_id=4959\">kattints ide&#8230;.<\/a><br \/>Itt tal\u00e1ljuk a ki\u00e9rt\u00e9kel\u00e9st is.<\/em><\/p><p class=\"auto-style1\">K\u00f6sz\u00f6nj\u00fck!<\/p><p class=\"auto-style1\">Z\u00fcrich, 2022. november\u00e9ben<\/p><p class=\"auto-style1\"><em>A Magyar Katolikus Misszi\u00f3 egyh\u00e1ztan\u00e1csa nev\u00e9ben: Varga P\u00e9ter pl\u00e9b\u00e1nos<\/em><\/p>\t\t\t\t\t\t\t\t<\/div>\n\t\t\t\t<\/div>\n\t\t\t\t\t<\/div>\n\t\t<\/div>\n\t\t\t\t\t<\/div>\n\t\t<\/section>\n\t\t\t\t<\/div>\n\t\t","protected":false},"excerpt":{"rendered":"<p>V\u00e9lem\u00e9nyk\u00e9r\u00e9s, felm\u00e9r\u00e9s Kedves magyar h\u00edvek, el\u0151sz\u00f6r is h\u00e1l\u00e1t adunk a j\u00f3 Istennek mindazok\u00e9rt, akik itt Sv\u00e1jcban magyark\u00e9nt gyakorolj\u00e1k misszi\u00f3nkban katolikus hit\u00fcket. Olyan j\u00f3 visszatekinteni a t\u00f6bb \u00e9vtizedes m\u00faltra (ld. t\u00f6rt\u00e9net\u00fcnket honlapunkon ide kattintva), \u00e9s l\u00e1tni a kor\u00e1bbi h\u00edveknek az \u00e1ldozatait, akik lehet\u0151v\u00e9 tett\u00e9k misszi\u00f3nk l\u00e9tez\u00e9s\u00e9t. Egyszer p\u00e9nz\u00fcgyek miatt vesz\u00e9lybe ker\u00fclt a l\u00e9t\u00fcnk, akkor nagyon sok &hellip; <\/p>\n<p class=\"link-more\"><a href=\"https:\/\/magyar-misszio.ch\/?page_id=4432\" class=\"more-link\"><span class=\"screen-reader-text\">\u201eV\u00e9lem\u00e9nyk\u00e9r\u00e9s, felm\u00e9r\u00e9s\u201c<\/span> weiterlesen<\/a><\/p>\n","protected":false},"author":2,"featured_media":0,"parent":0,"menu_order":0,"comment_status":"closed","ping_status":"closed","template":"","meta":{"footnotes":""},"class_list":["post-4432","page","type-page","status-publish","hentry"],"_links":{"self":[{"href":"https:\/\/magyar-misszio.ch\/index.php?rest_route=\/wp\/v2\/pages\/4432","targetHints":{"allow":["GET"]}}],"collection":[{"href":"https:\/\/magyar-misszio.ch\/index.php?rest_route=\/wp\/v2\/pages"}],"about":[{"href":"https:\/\/magyar-misszio.ch\/index.php?rest_route=\/wp\/v2\/types\/page"}],"author":[{"embeddable":true,"href":"https:\/\/magyar-misszio.ch\/index.php?rest_route=\/wp\/v2\/users\/2"}],"replies":[{"embeddable":true,"href":"https:\/\/magyar-misszio.ch\/index.php?rest_route=%2Fwp%2Fv2%2Fcomments&post=4432"}],"version-history":[{"count":10,"href":"https:\/\/magyar-misszio.ch\/index.php?rest_route=\/wp\/v2\/pages\/4432\/revisions"}],"predecessor-version":[{"id":5122,"href":"https:\/\/magyar-misszio.ch\/index.php?rest_route=\/wp\/v2\/pages\/4432\/revisions\/5122"}],"wp:attachment":[{"href":"https:\/\/magyar-misszio.ch\/index.php?rest_route=%2Fwp%2Fv2%2Fmedia&parent=4432"}],"curies":[{"name":"wp","href":"https:\/\/api.w.org\/{rel}","templated":true}]}}