{"id":4460,"date":"2022-11-17T16:34:49","date_gmt":"2022-11-17T16:34:49","guid":{"rendered":"https:\/\/magyar-misszio.ch\/?page_id=4460"},"modified":"2023-10-12T10:53:18","modified_gmt":"2023-10-12T10:53:18","slug":"tekenyei-templom","status":"publish","type":"page","link":"https:\/\/magyar-misszio.ch\/?page_id=4460","title":{"rendered":"karit\u00e1sz-tekenye"},"content":{"rendered":"\t\t<div data-elementor-type=\"wp-page\" data-elementor-id=\"4460\" class=\"elementor elementor-4460\" data-elementor-post-type=\"page\">\n\t\t\t\t\t\t<section class=\"elementor-section elementor-top-section elementor-element elementor-element-71b9b8d7 elementor-section-boxed elementor-section-height-default elementor-section-height-default\" data-id=\"71b9b8d7\" data-element_type=\"section\">\n\t\t\t\t\t\t<div class=\"elementor-container elementor-column-gap-default\">\n\t\t\t\t\t<div class=\"elementor-column elementor-col-100 elementor-top-column elementor-element elementor-element-4ccdde14\" data-id=\"4ccdde14\" data-element_type=\"column\">\n\t\t\t<div class=\"elementor-widget-wrap elementor-element-populated\">\n\t\t\t\t\t\t<div class=\"elementor-element elementor-element-25f53cf6 elementor-widget elementor-widget-text-editor\" data-id=\"25f53cf6\" data-element_type=\"widget\" data-widget_type=\"text-editor.default\">\n\t\t\t\t<div class=\"elementor-widget-container\">\n\t\t\t\t\t\t\t\t\t<h2 style=\"text-align: center;\"><span class=\"auto-style10\" style=\"color: #0000ff;\"><strong>Seg\u00edts\u00fck egy kistelep\u00fcl\u00e9s templom\u00e1t!<br \/><\/strong><\/span><span class=\"auto-style9\" style=\"color: #0000ff;\">(a karit\u00e1sz-h\u00f3nap gy\u0171jt\u00e9se)<\/span><\/h2><div class=\"auto-style5\"><span class=\"auto-style3\"><span class=\"auto-style3\">Egyh\u00e1zk\u00f6zs\u00e9g\u00fcnk karit\u00e1sz-gy\u0171jt\u00e9st hirdet a karit\u00e1sz-h\u00f3napj\u00e1ban, novemberben. Test\u00fclet\u00fcnk egyik tagja k\u00e9r seg\u00edts\u00e9get sz\u00fcl\u0151faluja templom\u00e1hoz:<\/span><\/span><p>A tekenyei Havasboldogasszony templomunk sekresty\u00e9j\u00e9nek fel\u00faj\u00edt\u00e1s\u00e1ra szeretn\u00e9k anyagi segits\u00e9get k\u00e9rni.<\/p><\/div><div class=\"auto-style7\"><span class=\"auto-style3\">A 16. sz\u00e1zadban \u00e9p\u00fclt sekresty\u00e9nk a templom \u00e9szaki oldal\u00e1n helyezkedik el \u00edgy t\u00fal sok csapad\u00e9kot kap a fal \u00e9s ennek k\u00f6vetkezt\u00e9ben a t\u00e9gl\u00e1k is elporladtak.<br \/>A l\u00e1bazatot is meg kell er\u0151s\u00edteni, hogy a falak meg \u00e1lljanak, majd k\u00f6vetkezik a falak fest\u00e9se.<br \/>Szeghy Csaba Tam\u00e1s pl\u00e9b\u00e1nos t\u00e1j\u00e9koztat m\u00e9g minket, hogy a telep\u00fcl\u00e9s lakoss\u00e1g 500 f\u0151 alatt van, ez\u00e9rt m\u00e1r el\u0151re is h\u00e1l\u00e1s k\u00f6sz\u00f6netet\u00a0 mondanak b\u00e1rki seg\u00edts\u00e9g\u00e9\u00e9rt.<br \/><\/span><\/div><div>\u00a0<\/div><div><img fetchpriority=\"high\" decoding=\"async\" class=\"alignnone size-medium wp-image-4477\" src=\"https:\/\/magyar-misszio.ch\/wp-content\/uploads\/2022\/11\/tekenye1-300x190.png\" alt=\"\" width=\"300\" height=\"190\" data-id=\"4477\" srcset=\"https:\/\/magyar-misszio.ch\/wp-content\/uploads\/2022\/11\/tekenye1-300x190.png 300w, https:\/\/magyar-misszio.ch\/wp-content\/uploads\/2022\/11\/tekenye1.png 365w\" sizes=\"(max-width: 300px) 100vw, 300px\" \/><\/div><div><img decoding=\"async\" class=\"alignnone size-medium wp-image-4478\" src=\"https:\/\/magyar-misszio.ch\/wp-content\/uploads\/2022\/11\/tekenye2-300x212.jpg\" alt=\"\" width=\"300\" height=\"212\" data-id=\"4478\" srcset=\"https:\/\/magyar-misszio.ch\/wp-content\/uploads\/2022\/11\/tekenye2-300x212.jpg 300w, https:\/\/magyar-misszio.ch\/wp-content\/uploads\/2022\/11\/tekenye2.jpg 375w\" sizes=\"(max-width: 300px) 100vw, 300px\" \/><\/div><p class=\"auto-style6\"><span class=\"auto-style1\" style=\"color: #ff0000;\">T\u00e1mogat\u00e1sunk k\u00f6zvetlen\u00fcl azokhoz ker\u00fcl<\/span><span class=\"auto-style1\"> akik a legjobban r\u00e1szorulnak. (Karit\u00e1szunkn\u00e1l nincs logisztikai levon\u00e1s&#8230;)<\/span><\/p><p><span style=\"color: #ff0000;\"><strong><span style=\"font-size: 18pt;\"><span style=\"color: #339966;\">Milyen m\u00f3dokon tud seg\u00edteni?<\/span><span style=\"color: #800080;\"> (dec.5-ig)<\/span><\/span><\/strong><\/span><\/p><ol><li class=\"auto-style8\">2022. nov.20-\u00e1n \u00e9s 27-\u00e9n a templomi persellyel<\/li><li class=\"auto-style8\">\u00c1tutal\u00e1ssal a St. Stephan Verein sz\u00e1ml\u00e1j\u00e1ra, &#8222;sekrestye&#8220; megjel\u00f6l\u00e9ssel (Verein St. Stephan, Z\u00fcrich 8057, Winterthurerstrasse 135,IBAN: CH59 0070 0112 8001 3211 1).<\/li><li class=\"auto-style8\">Mobiltelefonja seg\u00edts\u00e9g\u00e9vel (a fenti sz\u00e1mlasz\u00e1mhoz tartoz\u00f3 ) k\u00f6vetkez\u0151 QR-k\u00f3ddal (\u00edrja oda a &#8222;sekrestye&#8220; c\u00e9lt):<\/li><\/ol><p><img decoding=\"async\" class=\"alignnone size-medium wp-image-4465\" src=\"https:\/\/magyar-misszio.ch\/wp-content\/uploads\/2022\/11\/qr-kod-bankszamlank.jpg-300x300.jpg\" alt=\"\" width=\"300\" height=\"300\" data-id=\"4465\" srcset=\"https:\/\/magyar-misszio.ch\/wp-content\/uploads\/2022\/11\/qr-kod-bankszamlank.jpg-300x300.jpg 300w, https:\/\/magyar-misszio.ch\/wp-content\/uploads\/2022\/11\/qr-kod-bankszamlank.jpg-1024x1021.jpg 1024w, https:\/\/magyar-misszio.ch\/wp-content\/uploads\/2022\/11\/qr-kod-bankszamlank.jpg-150x150.jpg 150w, https:\/\/magyar-misszio.ch\/wp-content\/uploads\/2022\/11\/qr-kod-bankszamlank.jpg-768x766.jpg 768w, https:\/\/magyar-misszio.ch\/wp-content\/uploads\/2022\/11\/qr-kod-bankszamlank.jpg-100x100.jpg 100w, https:\/\/magyar-misszio.ch\/wp-content\/uploads\/2022\/11\/qr-kod-bankszamlank.jpg.jpg 1146w\" sizes=\"(max-width: 300px) 100vw, 300px\" \/><\/p><p>4.<strong> Seg\u00edteni tud a plak\u00e1t terjeszt\u00e9s\u00e9vel is: <a href=\"https:\/\/magyar-misszio.ch\/wp-content\/uploads\/2022\/11\/2022.nov_.tekenyei_templomert.pdf\">kattintson ide&#8230;<\/a><\/strong><\/p><hr \/><p><img loading=\"lazy\" decoding=\"async\" class=\"size-medium wp-image-519 alignleft\" src=\"https:\/\/magyar-misszio.ch\/wp-content\/uploads\/2018\/08\/egyutt-300x146.jpg\" alt=\"\" width=\"300\" height=\"146\" data-id=\"519\" srcset=\"https:\/\/magyar-misszio.ch\/wp-content\/uploads\/2018\/08\/egyutt-300x146.jpg 300w, https:\/\/magyar-misszio.ch\/wp-content\/uploads\/2018\/08\/egyutt.jpg 576w\" sizes=\"(max-width: 300px) 100vw, 300px\" \/><span style=\"font-size: 14pt;\"><span style=\"color: #ff0000;\"><strong>K\u00f6z\u00f6ss\u00e9g\u00fcnk karit\u00e1sz-csoportj\u00e1r\u00f3l\/strong&gt;<\/strong><\/span>, c\u00e9lokr\u00f3l, \u00f6szefog\u00e1sokr\u00f3l l\u00e1sd karit\u00e1sz-oldalunkat <a href=\"https:\/\/magyar-misszio.ch\/?page_id=783\">ide kattintva&#8230;.<\/a><\/span><\/p>\t\t\t\t\t\t\t\t<\/div>\n\t\t\t\t<\/div>\n\t\t\t\t\t<\/div>\n\t\t<\/div>\n\t\t\t\t\t<\/div>\n\t\t<\/section>\n\t\t\t\t<\/div>\n\t\t","protected":false},"excerpt":{"rendered":"<p>Seg\u00edts\u00fck egy kistelep\u00fcl\u00e9s templom\u00e1t!(a karit\u00e1sz-h\u00f3nap gy\u0171jt\u00e9se) Egyh\u00e1zk\u00f6zs\u00e9g\u00fcnk karit\u00e1sz-gy\u0171jt\u00e9st hirdet a karit\u00e1sz-h\u00f3napj\u00e1ban, novemberben. Test\u00fclet\u00fcnk egyik tagja k\u00e9r seg\u00edts\u00e9get sz\u00fcl\u0151faluja templom\u00e1hoz: A tekenyei Havasboldogasszony templomunk sekresty\u00e9j\u00e9nek fel\u00faj\u00edt\u00e1s\u00e1ra szeretn\u00e9k anyagi segits\u00e9get k\u00e9rni. A 16. sz\u00e1zadban \u00e9p\u00fclt sekresty\u00e9nk a templom \u00e9szaki oldal\u00e1n helyezkedik el \u00edgy t\u00fal sok csapad\u00e9kot kap a fal \u00e9s ennek k\u00f6vetkezt\u00e9ben a t\u00e9gl\u00e1k is elporladtak.A l\u00e1bazatot &hellip; <\/p>\n<p class=\"link-more\"><a href=\"https:\/\/magyar-misszio.ch\/?page_id=4460\" class=\"more-link\"><span class=\"screen-reader-text\">\u201ekarit\u00e1sz-tekenye\u201c<\/span> weiterlesen<\/a><\/p>\n","protected":false},"author":2,"featured_media":0,"parent":0,"menu_order":0,"comment_status":"closed","ping_status":"closed","template":"","meta":{"footnotes":""},"class_list":["post-4460","page","type-page","status-publish","hentry"],"_links":{"self":[{"href":"https:\/\/magyar-misszio.ch\/index.php?rest_route=\/wp\/v2\/pages\/4460","targetHints":{"allow":["GET"]}}],"collection":[{"href":"https:\/\/magyar-misszio.ch\/index.php?rest_route=\/wp\/v2\/pages"}],"about":[{"href":"https:\/\/magyar-misszio.ch\/index.php?rest_route=\/wp\/v2\/types\/page"}],"author":[{"embeddable":true,"href":"https:\/\/magyar-misszio.ch\/index.php?rest_route=\/wp\/v2\/users\/2"}],"replies":[{"embeddable":true,"href":"https:\/\/magyar-misszio.ch\/index.php?rest_route=%2Fwp%2Fv2%2Fcomments&post=4460"}],"version-history":[{"count":20,"href":"https:\/\/magyar-misszio.ch\/index.php?rest_route=\/wp\/v2\/pages\/4460\/revisions"}],"predecessor-version":[{"id":5816,"href":"https:\/\/magyar-misszio.ch\/index.php?rest_route=\/wp\/v2\/pages\/4460\/revisions\/5816"}],"wp:attachment":[{"href":"https:\/\/magyar-misszio.ch\/index.php?rest_route=%2Fwp%2Fv2%2Fmedia&parent=4460"}],"curies":[{"name":"wp","href":"https:\/\/api.w.org\/{rel}","templated":true}]}}