{"id":4532,"date":"2023-07-21T19:12:32","date_gmt":"2023-07-21T19:12:32","guid":{"rendered":"https:\/\/magyar-misszio.ch\/?page_id=4532"},"modified":"2026-02-10T09:54:17","modified_gmt":"2026-02-10T09:54:17","slug":"proba20230721","status":"publish","type":"page","link":"https:\/\/magyar-misszio.ch\/?page_id=4532","title":{"rendered":"hirlevel_mitFilebird"},"content":{"rendered":"\t\t<div data-elementor-type=\"wp-page\" data-elementor-id=\"4532\" class=\"elementor elementor-4532\" data-elementor-post-type=\"page\">\n\t\t\t\t\t\t<section class=\"elementor-section elementor-top-section elementor-element elementor-element-ce05b61 elementor-section-boxed elementor-section-height-default elementor-section-height-default\" data-id=\"ce05b61\" data-element_type=\"section\">\n\t\t\t\t\t\t<div class=\"elementor-container elementor-column-gap-default\">\n\t\t\t\t\t<div class=\"elementor-column elementor-col-100 elementor-top-column elementor-element elementor-element-dac131d\" data-id=\"dac131d\" data-element_type=\"column\">\n\t\t\t<div class=\"elementor-widget-wrap elementor-element-populated\">\n\t\t\t\t\t\t<div class=\"elementor-element elementor-element-a86c361 elementor-widget elementor-widget-text-editor\" data-id=\"a86c361\" data-element_type=\"widget\" data-widget_type=\"text-editor.default\">\n\t\t\t\t<div class=\"elementor-widget-container\">\n\t\t\t\t\t\t\t\t\t<h1><span style=\"color: #33cccc;\"><strong>H\u00edrleveleink 2026-ban<\/strong><\/span><\/h1><p>Enn\u00e9l r\u00e9szletesebben inform\u00e1l\u00f3dhat email-h\u00edrleveleinkb\u0151l (<a href=\"https:\/\/magyar-misszio.ch\/?page_id=101\" target=\"_blank\" rel=\"noopener\">kattints ide&#8230;<\/a>.)<\/p><p><span style=\"font-size: 1rem;\"><div id=\"filebird-document-library\"><div class=\"njt-fbdl\" data-json=\"{&quot;request&quot;:{&quot;pagination&quot;:{&quot;current&quot;:1,&quot;limit&quot;:5},&quot;search&quot;:&quot;&quot;,&quot;orderBy&quot;:&quot;post_title&quot;,&quot;orderType&quot;:&quot;DESC&quot;,&quot;selectedFolder&quot;:[&quot;kwc0TcpRw6mdurd0VvoLMA==&quot;]},&quot;title&quot;:&quot;2026. hirlevelek&quot;,&quot;column&quot;:3,&quot;layout&quot;:&quot;grid&quot;}\"><\/div><\/div><\/span><\/p><h1><span style=\"color: #33cccc;\"><strong>H\u00edrleveleink 2025-ben<\/strong><\/span><\/h1><p>Enn\u00e9l r\u00e9szletesebben inform\u00e1l\u00f3dhat email-h\u00edrleveleinkb\u0151l (<a href=\"https:\/\/magyar-misszio.ch\/?page_id=101\" target=\"_blank\" rel=\"noopener\">kattints ide&#8230;<\/a>.)<\/p><p><span style=\"font-size: 1rem;\"><div id=\"filebird-document-library\"><div class=\"njt-fbdl\" data-json=\"{&quot;request&quot;:{&quot;pagination&quot;:{&quot;current&quot;:1,&quot;limit&quot;:5},&quot;search&quot;:&quot;&quot;,&quot;orderBy&quot;:&quot;post_title&quot;,&quot;orderType&quot;:&quot;DESC&quot;,&quot;selectedFolder&quot;:[&quot;xuYXTPNbwCFK3SFHmtVOlg==&quot;]},&quot;title&quot;:&quot;2025. hirlevelek&quot;,&quot;column&quot;:3,&quot;layout&quot;:&quot;grid&quot;}\"><\/div><\/div><\/span><\/p><p><span style=\"color: #ff0000;\">A h\u00edrlevelek \u00f6sszefoglal\u00f3 tartalma 2025-ben <span style=\"text-decoration: underline; color: #000000;\">\u00a0<a style=\"color: #000000; text-decoration: underline;\" href=\"https:\/\/magyar-misszio.ch\/wp-content\/uploads\/2025-hirlevelek.pdf\" target=\"_blank\" rel=\"noopener\">ide kattintva&#8230;<\/a><\/span><\/span><\/p><h1><span style=\"color: #33cccc;\"><strong>H\u00edrleveleink 2024-ben<\/strong><\/span><\/h1><p>Enn\u00e9l r\u00e9szletesebben inform\u00e1l\u00f3dhat email-h\u00edrleveleinkb\u0151l (<a href=\"https:\/\/magyar-misszio.ch\/?page_id=101\" target=\"_blank\" rel=\"noopener\">kattints ide&#8230;<\/a>.)<\/p><p><span style=\"color: #ff0000;\">A h\u00edrlevelek \u00f6sszefoglal\u00f3 tartalma 2024-ben<span style=\"text-decoration: underline; color: #000000;\">\u00a0<a style=\"color: #000000; text-decoration: underline;\" href=\"https:\/\/magyar-misszio.ch\/wp-content\/uploads\/hirleveleink-tartalma-2024.pdf\" target=\"_blank\" rel=\"noopener\">ide kattintva&#8230;<\/a><\/span><\/span><\/p><p><div id=\"filebird-document-library\"><div class=\"njt-fbdl\" data-json=\"{&quot;request&quot;:{&quot;pagination&quot;:{&quot;current&quot;:1,&quot;limit&quot;:5},&quot;search&quot;:&quot;&quot;,&quot;orderBy&quot;:&quot;post_title&quot;,&quot;orderType&quot;:&quot;DESC&quot;,&quot;selectedFolder&quot;:[&quot;EudHpM8AGrS2SvgOy+ALPQ==&quot;]},&quot;title&quot;:&quot;2024. hirlevelek&quot;,&quot;column&quot;:3,&quot;layout&quot;:&quot;grid&quot;}\"><\/div><\/div><\/p><h1><span style=\"color: #33cccc;\"><strong>H\u00edrleveleink 2023-ban<\/strong><\/span><\/h1><p>Enn\u00e9l r\u00e9szletesebben inform\u00e1l\u00f3dhat email-h\u00edrleveleinkb\u0151l (<a href=\"https:\/\/magyar-misszio.ch\/?page_id=101\" target=\"_blank\" rel=\"noopener\">kattints ide&#8230;<\/a>.)<\/p><p><span style=\"color: #ff0000;\">A h\u00edrlevelek \u00f6sszefoglal\u00f3 tartalma 2023-ban<span style=\"text-decoration: underline; color: #000000;\"> <a style=\"color: #000000; text-decoration: underline;\" href=\"https:\/\/magyar-misszio.ch\/wp-content\/uploads\/hirleveleink-tartalma-2023.pdf\" target=\"_blank\" rel=\"noopener\">ide kattintva&#8230;<\/a><\/span><\/span><br \/><div id=\"filebird-document-library\"><div class=\"njt-fbdl\" data-json=\"{&quot;request&quot;:{&quot;pagination&quot;:{&quot;current&quot;:1,&quot;limit&quot;:15},&quot;search&quot;:&quot;&quot;,&quot;orderBy&quot;:&quot;post_title&quot;,&quot;orderType&quot;:&quot;DESC&quot;,&quot;selectedFolder&quot;:[&quot;oxqFNnGJnGV3xQ1jdOpVdQ==&quot;]},&quot;title&quot;:&quot;2023. hirlevelek&quot;,&quot;column&quot;:3,&quot;layout&quot;:&quot;grid&quot;}\"><\/div><\/div><\/p><h1><strong><span style=\"color: #ff0000;\">Kor\u00e1bbi\u00a0 h\u00edrlevelekhez <\/span><\/strong><a href=\"https:\/\/magyar-misszio.ch\/?page_id=5449\" target=\"_blank\" rel=\"noopener\"><span style=\"color: #ff0000;\">kattintson ide&#8230;<\/span><\/a><\/h1>\t\t\t\t\t\t\t\t<\/div>\n\t\t\t\t<\/div>\n\t\t\t\t\t<\/div>\n\t\t<\/div>\n\t\t\t\t\t<\/div>\n\t\t<\/section>\n\t\t\t\t<\/div>\n\t\t","protected":false},"excerpt":{"rendered":"<p>H\u00edrleveleink 2026-ban Enn\u00e9l r\u00e9szletesebben inform\u00e1l\u00f3dhat email-h\u00edrleveleinkb\u0151l (kattints ide&#8230;.) H\u00edrleveleink 2025-ben Enn\u00e9l r\u00e9szletesebben inform\u00e1l\u00f3dhat email-h\u00edrleveleinkb\u0151l (kattints ide&#8230;.) A h\u00edrlevelek \u00f6sszefoglal\u00f3 tartalma 2025-ben \u00a0ide kattintva&#8230; H\u00edrleveleink 2024-ben Enn\u00e9l r\u00e9szletesebben inform\u00e1l\u00f3dhat email-h\u00edrleveleinkb\u0151l (kattints ide&#8230;.) A h\u00edrlevelek \u00f6sszefoglal\u00f3 tartalma 2024-ben\u00a0ide kattintva&#8230; H\u00edrleveleink 2023-ban Enn\u00e9l r\u00e9szletesebben inform\u00e1l\u00f3dhat email-h\u00edrleveleinkb\u0151l (kattints ide&#8230;.) A h\u00edrlevelek \u00f6sszefoglal\u00f3 tartalma 2023-ban ide kattintva&#8230; Kor\u00e1bbi\u00a0 h\u00edrlevelekhez kattintson &hellip; <\/p>\n<p class=\"link-more\"><a href=\"https:\/\/magyar-misszio.ch\/?page_id=4532\" class=\"more-link\"><span class=\"screen-reader-text\">\u201ehirlevel_mitFilebird\u201c<\/span> weiterlesen<\/a><\/p>\n","protected":false},"author":1,"featured_media":0,"parent":0,"menu_order":0,"comment_status":"closed","ping_status":"closed","template":"","meta":{"footnotes":""},"class_list":["post-4532","page","type-page","status-publish","hentry"],"_links":{"self":[{"href":"https:\/\/magyar-misszio.ch\/index.php?rest_route=\/wp\/v2\/pages\/4532","targetHints":{"allow":["GET"]}}],"collection":[{"href":"https:\/\/magyar-misszio.ch\/index.php?rest_route=\/wp\/v2\/pages"}],"about":[{"href":"https:\/\/magyar-misszio.ch\/index.php?rest_route=\/wp\/v2\/types\/page"}],"author":[{"embeddable":true,"href":"https:\/\/magyar-misszio.ch\/index.php?rest_route=\/wp\/v2\/users\/1"}],"replies":[{"embeddable":true,"href":"https:\/\/magyar-misszio.ch\/index.php?rest_route=%2Fwp%2Fv2%2Fcomments&post=4532"}],"version-history":[{"count":62,"href":"https:\/\/magyar-misszio.ch\/index.php?rest_route=\/wp\/v2\/pages\/4532\/revisions"}],"predecessor-version":[{"id":7664,"href":"https:\/\/magyar-misszio.ch\/index.php?rest_route=\/wp\/v2\/pages\/4532\/revisions\/7664"}],"wp:attachment":[{"href":"https:\/\/magyar-misszio.ch\/index.php?rest_route=%2Fwp%2Fv2%2Fmedia&parent=4532"}],"curies":[{"name":"wp","href":"https:\/\/api.w.org\/{rel}","templated":true}]}}