{"id":4657,"date":"2022-12-24T10:19:34","date_gmt":"2022-12-24T10:19:34","guid":{"rendered":"https:\/\/magyar-misszio.ch\/?page_id=4657"},"modified":"2022-12-25T18:07:04","modified_gmt":"2022-12-25T18:07:04","slug":"4657-2","status":"publish","type":"page","link":"https:\/\/magyar-misszio.ch\/?page_id=4657","title":{"rendered":""},"content":{"rendered":"\t\t<div data-elementor-type=\"wp-page\" data-elementor-id=\"4657\" class=\"elementor elementor-4657\" data-elementor-post-type=\"page\">\n\t\t\t\t\t\t<section class=\"elementor-section elementor-top-section elementor-element elementor-element-78a29290 elementor-section-boxed elementor-section-height-default elementor-section-height-default\" data-id=\"78a29290\" data-element_type=\"section\">\n\t\t\t\t\t\t<div class=\"elementor-container elementor-column-gap-default\">\n\t\t\t\t\t<div class=\"elementor-column elementor-col-100 elementor-top-column elementor-element elementor-element-faf4796\" data-id=\"faf4796\" data-element_type=\"column\">\n\t\t\t<div class=\"elementor-widget-wrap elementor-element-populated\">\n\t\t\t\t\t\t<div class=\"elementor-element elementor-element-22a0cb51 elementor-widget elementor-widget-text-editor\" data-id=\"22a0cb51\" data-element_type=\"widget\" data-widget_type=\"text-editor.default\">\n\t\t\t\t<div class=\"elementor-widget-container\">\n\t\t\t\t\t\t\t\t\t<p style=\"text-align: center;\"><span style=\"color: #0000ff;\"><strong>Kar\u00e1csonyi j\u00f3k\u00edv\u00e1ns\u00e1g<\/strong><\/span><\/p>\n<p>Dics\u0151s\u00e9g az Istennek!<br>Az angyalok J\u00e9zus sz\u00fclet\u00e9sekor dics\u0151\u00edtett\u00e9k Istent, \u00f6r\u00f6mmel \u00e9s \u00e9rzelmekkel, mint mikor mi kit\u00f6r\u0151 \u00f6r\u00f6m\u00fcnkben meg\u00f6lel\u00fcnk valakit. Az angyalokhoz \u00e9s a f\u00f6ldi- mennyei szentekhez csatlakozzunk mi is, \u00e9s dics\u00e9rj\u00fck az Istent \u00e9let\u00fcnk\u00e9rt, J\u00e9zus\u00e9rt!<\/p>\n<p>Egy ilyen felszabadult, \u00f6r\u00f6mteli im\u00e1ds\u00e1got l\u00e1ttam nemr\u00e9g, mely m\u00e9lyen meg\u00e9rintett. Nem voltak nagy gondolatok benne, hanem csup\u00e1n egy gyermek t\u00e1nccal fejezte ki tiszta sz\u00edv\u00e9nek odaadotts\u00e1g\u00e1t az \u00darnak. K\u00e9s\u0151bb megk\u00e9rtem sz\u00fcleit, hogy egy m\u00e1sik alkalommal vegy\u00e9k vide\u00f3ra ezt a t\u00e1ncot.<\/p>\n<p style=\"text-align: center;\"><iframe title=\"YouTube video player\" src=\"https:\/\/www.youtube.com\/embed\/oOpnstVf7GQ\" width=\"560\" height=\"315\" frameborder=\"0\" allowfullscreen=\"allowfullscreen\"><\/iframe><\/p>\n<p><span style=\"color: #ff0000;\">Azt k\u00edv\u00e1nom neked, hogy Te is tanuld meg \u00e9rzelmeiddel is, eg\u00e9sz l\u00e9nyeddel szeretni \u00e9s dics\u00e9rni az Istent, ne csak f\u00f6ldi szeretteidet ezen a sz\u00e9p \u00fcnnepen.<\/span><\/p>\n<p><span style=\"color: #ff0000;\">\u00c1ldott kar\u00e1csonyt!<\/span><\/p>\n<p><span style=\"color: #99cc00;\"><em>(kar\u00e1csonyi szentmis\u00e9kben folytattuk ezt a gondolatot,&nbsp; honlapunkon is t\u00f6bbet olvashatunk pl. a liturgikus t\u00e1ncr\u00f3l stb. &#8211; ld. audi\u00f3\u00fczenteinekn\u00e9l&nbsp;(<a href=\"https:\/\/magyar-misszio.ch\/?page_id=1899\">kattints ide&#8230;<\/a>)\/ kar\u00e1csonyi pr\u00e9dik\u00e1ci\u00f3 2022.)<\/em><\/span><br><\/p>\t\t\t\t\t\t\t\t<\/div>\n\t\t\t\t<\/div>\n\t\t\t\t\t<\/div>\n\t\t<\/div>\n\t\t\t\t\t<\/div>\n\t\t<\/section>\n\t\t\t\t<\/div>\n\t\t","protected":false},"excerpt":{"rendered":"<p>Kar\u00e1csonyi j\u00f3k\u00edv\u00e1ns\u00e1g Dics\u0151s\u00e9g az Istennek!Az angyalok J\u00e9zus sz\u00fclet\u00e9sekor dics\u0151\u00edtett\u00e9k Istent, \u00f6r\u00f6mmel \u00e9s \u00e9rzelmekkel, mint mikor mi kit\u00f6r\u0151 \u00f6r\u00f6m\u00fcnkben meg\u00f6lel\u00fcnk valakit. Az angyalokhoz \u00e9s a f\u00f6ldi- mennyei szentekhez csatlakozzunk mi is, \u00e9s dics\u00e9rj\u00fck az Istent \u00e9let\u00fcnk\u00e9rt, J\u00e9zus\u00e9rt! Egy ilyen felszabadult, \u00f6r\u00f6mteli im\u00e1ds\u00e1got l\u00e1ttam nemr\u00e9g, mely m\u00e9lyen meg\u00e9rintett. Nem voltak nagy gondolatok benne, hanem csup\u00e1n egy gyermek &hellip; <\/p>\n<p class=\"link-more\"><a href=\"https:\/\/magyar-misszio.ch\/?page_id=4657\" class=\"more-link\"><span class=\"screen-reader-text\">\u201e\u201c<\/span> weiterlesen<\/a><\/p>\n","protected":false},"author":2,"featured_media":0,"parent":0,"menu_order":0,"comment_status":"closed","ping_status":"closed","template":"","meta":{"footnotes":""},"class_list":["post-4657","page","type-page","status-publish","hentry"],"_links":{"self":[{"href":"https:\/\/magyar-misszio.ch\/index.php?rest_route=\/wp\/v2\/pages\/4657","targetHints":{"allow":["GET"]}}],"collection":[{"href":"https:\/\/magyar-misszio.ch\/index.php?rest_route=\/wp\/v2\/pages"}],"about":[{"href":"https:\/\/magyar-misszio.ch\/index.php?rest_route=\/wp\/v2\/types\/page"}],"author":[{"embeddable":true,"href":"https:\/\/magyar-misszio.ch\/index.php?rest_route=\/wp\/v2\/users\/2"}],"replies":[{"embeddable":true,"href":"https:\/\/magyar-misszio.ch\/index.php?rest_route=%2Fwp%2Fv2%2Fcomments&post=4657"}],"version-history":[{"count":10,"href":"https:\/\/magyar-misszio.ch\/index.php?rest_route=\/wp\/v2\/pages\/4657\/revisions"}],"predecessor-version":[{"id":4693,"href":"https:\/\/magyar-misszio.ch\/index.php?rest_route=\/wp\/v2\/pages\/4657\/revisions\/4693"}],"wp:attachment":[{"href":"https:\/\/magyar-misszio.ch\/index.php?rest_route=%2Fwp%2Fv2%2Fmedia&parent=4657"}],"curies":[{"name":"wp","href":"https:\/\/api.w.org\/{rel}","templated":true}]}}