{"id":4831,"date":"2023-04-08T17:24:06","date_gmt":"2023-04-08T17:24:06","guid":{"rendered":"https:\/\/magyar-misszio.ch\/?page_id=4831"},"modified":"2023-04-08T18:41:37","modified_gmt":"2023-04-08T18:41:37","slug":"elementor-4831","status":"publish","type":"page","link":"https:\/\/magyar-misszio.ch\/?page_id=4831","title":{"rendered":"Akiane"},"content":{"rendered":"\t\t<div data-elementor-type=\"wp-page\" data-elementor-id=\"4831\" class=\"elementor elementor-4831\" data-elementor-post-type=\"page\">\n\t\t\t\t\t\t<section class=\"elementor-section elementor-top-section elementor-element elementor-element-9330be9 elementor-section-boxed elementor-section-height-default elementor-section-height-default\" data-id=\"9330be9\" data-element_type=\"section\">\n\t\t\t\t\t\t<div class=\"elementor-container elementor-column-gap-default\">\n\t\t\t\t\t<div class=\"elementor-column elementor-col-100 elementor-top-column elementor-element elementor-element-d2b8dfc\" data-id=\"d2b8dfc\" data-element_type=\"column\">\n\t\t\t<div class=\"elementor-widget-wrap elementor-element-populated\">\n\t\t\t\t\t\t<div class=\"elementor-element elementor-element-b48f609 elementor-widget elementor-widget-heading\" data-id=\"b48f609\" data-element_type=\"widget\" data-widget_type=\"heading.default\">\n\t\t\t\t<div class=\"elementor-widget-container\">\n\t\t\t\t\t<h2 class=\"elementor-heading-title elementor-size-default\">Akiane \u00e9s J\u00e9zus arca<\/h2>\t\t\t\t<\/div>\n\t\t\t\t<\/div>\n\t\t\t\t\t<\/div>\n\t\t<\/div>\n\t\t\t\t\t<\/div>\n\t\t<\/section>\n\t\t\t\t<section class=\"elementor-section elementor-top-section elementor-element elementor-element-054e715 elementor-section-boxed elementor-section-height-default elementor-section-height-default\" data-id=\"054e715\" data-element_type=\"section\">\n\t\t\t\t\t\t<div class=\"elementor-container elementor-column-gap-default\">\n\t\t\t\t\t<div class=\"elementor-column elementor-col-100 elementor-top-column elementor-element elementor-element-69a9c5b\" data-id=\"69a9c5b\" data-element_type=\"column\">\n\t\t\t<div class=\"elementor-widget-wrap elementor-element-populated\">\n\t\t\t\t\t\t<div class=\"elementor-element elementor-element-323c774 elementor-widget elementor-widget-text-editor\" data-id=\"323c774\" data-element_type=\"widget\" data-widget_type=\"text-editor.default\">\n\t\t\t\t<div class=\"elementor-widget-container\">\n\t\t\t\t\t\t\t\t\t<p><a href=\"https:\/\/akiane.com\/\" target=\"_blank\" rel=\"noopener\"><img fetchpriority=\"high\" decoding=\"async\" class=\"size-medium wp-image-4838 alignleft\" src=\"https:\/\/magyar-misszio.ch\/wp-content\/uploads\/2023\/04\/Beke_hercege-jogvedett.jpg-222x300.jpg\" alt=\"\" width=\"222\" height=\"300\" data-id=\"4838\" srcset=\"https:\/\/magyar-misszio.ch\/wp-content\/uploads\/2023\/04\/Beke_hercege-jogvedett.jpg-222x300.jpg 222w, https:\/\/magyar-misszio.ch\/wp-content\/uploads\/2023\/04\/Beke_hercege-jogvedett.jpg-757x1024.jpg 757w, https:\/\/magyar-misszio.ch\/wp-content\/uploads\/2023\/04\/Beke_hercege-jogvedett.jpg-768x1039.jpg 768w, https:\/\/magyar-misszio.ch\/wp-content\/uploads\/2023\/04\/Beke_hercege-jogvedett.jpg-1135x1536.jpg 1135w, https:\/\/magyar-misszio.ch\/wp-content\/uploads\/2023\/04\/Beke_hercege-jogvedett.jpg-1080x1461.jpg 1080w, https:\/\/magyar-misszio.ch\/wp-content\/uploads\/2023\/04\/Beke_hercege-jogvedett.jpg.jpg 1182w\" sizes=\"(max-width: 222px) 100vw, 222px\" \/><\/a><em>Az al\u00e1bbi elm\u00e9lked\u00e9s 2023. h\u00fasv\u00e9tj\u00e1n hangzott el k\u00f6z\u00f6ss\u00e9g\u00fcnkben. A t\u00f6rt\u00e9netet b\u0151v\u00edteni fogjuk m\u00e9g r\u00e9szletekkel, hivatkoz\u00e1sokkal k\u00e9s\u0151bb.<\/em><\/p>\n<p>Err\u0151l a J\u00e9zus-k\u00e9pr\u0151l nagyon <strong>sokan \u00e1ll\u00edtj\u00e1k, hogy J\u00e9zus \u00edgy n\u00e9z ki.<\/strong> Term\u00e9szetesen olyanok, akik orvosi \u00e9rtelemben meghaltak, meg\u00e1llt a sz\u00edv\u00fck \u00e9s hal\u00e1lk\u00f6zeli \u00e9lm\u00e9ny\u00fck volt, \u00e9s besz\u00e1molnak arr\u00f3l, hogy tal\u00e1lkoztak J\u00e9zussal.<\/p>\n<p>Kor\u00e1bban k\u00f6z\u00f6ss\u00e9g\u00fcnkben m\u00e1r volt err\u0151l sz\u00f3 egy 4<strong> \u00e9ves kisfi\u00fa, Colton Burpo<\/strong> kapcs\u00e1n (templomunkban \u00e9s a tavalyi els\u0151\u00e1ldoz\u00f3i hittanokon sokszor &#8211; <a href=\"https:\/\/magyar-misszio.ch\/?page_id=208\" target=\"_blank\" rel=\"noopener\">ld. honlapunk\/l\u00e1tnival\u00f3k men\u00fcpontj\u00e1t<\/a>). Ez a kisgyermek a m\u0171t\u0151asztalon a klinikai hal\u00e1l \u00e1llapot\u00e1ba ker\u00fclt \u00e9s l\u00e1tta saj\u00e1t mag\u00e1t \u00e9s sok olyan dolgot mes\u00e9lt sz\u00fcleinek, amit nem tudhatott volna: pl. hol mi t\u00f6rt\u00e9nt a m\u0171t\u00e9t alatt, vagy senki a sz\u00fclein k\u00edv\u00fcl nem tudta, hogy volt egy meg nem sz\u00fcletett le\u00e1nytestv\u00e9re, akivel \u00e1ll\u00edt\u00e1sa szerint a mennyben tal\u00e1lkozott. Colton t\u00f6bbsz\u00e1z J\u00e9zus k\u00e9pet n\u00e9zet meg, \u00e9s mindig azt mondta, hogy nem ilyen J\u00e9zus. Majd \u00e9desapja ezt a k\u00e9pet mutatta meg neki, \u00e9s egy percig csak n\u00e9zte, majd megsz\u00f3lalt: \u0151vele tal\u00e1lkoztam!<\/p>\n<p>Ezt a k\u00e9pet egy 8 \u00e9ves kisl\u00e1ny festette. A k\u00e9p als\u00f3 sark\u00e1ban ott is van: <strong>Akiane,<\/strong> Age \u2013 8. A k\u00e9p m\u00e9rete: 120 cm x 90 cm! Az al\u00e1bbi youtube-on is megtal\u00e1lhat\u00f3 a t\u00f6rt\u00e9nete (\u00e9s <a href=\"https:\/\/magyar-misszio.ch\/?page_id=208\">honlapunk\/l\u00e1tnival\u00f3kn\u00e1l<\/a> is), hogy ez a kicsi l\u00e1ny hogy tudott ilyen csod\u00e1latos festm\u00e9ny k\u00e9sz\u00edteni. Ez \u00f6nmag\u00e1ban gyakorlatilag hihetetlen, csoda.<\/p>\n<p><em>A vide\u00f3 angolul van (a youtube felirat-seg\u00edts\u00e9g\u00e9t lehet haszn\u00e1lni), \u00e9s Akiane \u00e9let\u00e9r\u0151l \u00e9s 2 fontos J\u00e9zus festm\u00e9nyr\u0151l sz\u00f3l.<\/em><\/p>\n<p><iframe title=\"YouTube video player\" src=\"https:\/\/www.youtube.com\/embed\/Wm9BGxpf0hU\" width=\"560\" height=\"315\" frameborder=\"0\" allowfullscreen=\"allowfullscreen\"><\/iframe><\/p>\n<p>Most, ahogy az elm\u00falt id\u0151szakban <strong>foglalkoztam vele<\/strong>, olvastam r\u00f3la, van k\u00e9t k\u00f6nyve is, n\u00e9ztem a m\u0171veit (t\u00f6bb mint 200 festm\u00e9nye van m\u00e1r) \u2013 olvasgattam verseit, egyre jobban elcsod\u00e1lkoztam \u00e9s h\u00e1l\u00e1t adtam a j\u00f3 Istennek, hogy ilyen csod\u00e1latos embereket teremt! <u>Minden ember csod\u00e1latos \u00e9s minden ember a t\u00falvil\u00e1gr\u00f3l sz\u00e1rmazik (a lelke) \u00e9s akkor lesz boldog, ha kapcsolatban lesz \u00e9lete a m\u00e1svil\u00e1ggal \u00e9s v\u00e9g\u00fcl oda is jut.<\/u><\/p>\n<p>Ez a kicsi l\u00e1ny egy ateista, hitetlen <strong>csal\u00e1dba sz\u00fcletett<\/strong>, ahol soha nem besz\u00e9ltek hitr\u0151l, Istenr\u0151l, J\u00e9zusr\u00f3l. Nem volt t\u00e9v\u00e9j\u00fck, \u00e9s nagy szeg\u00e9nys\u00e9gben \u00e9ltek sok\u00e1ig, h\u00e1zr\u00f3l h\u00e1zra j\u00e1rtak a maguk \u00e1ltal megtermelt \u00e9lelmiszert eladni, hogy \u00e9lni tudjanak, \u00e9s a sok betegs\u00e9get el tudj\u00e1k viselni, ami szint\u00e9n megl\u00e1togatta csal\u00e1djukat. M\u00e9gis egy nagyon boldog \u00e9s szeretettel, vid\u00e1ms\u00e1ggal teli csal\u00e1dr\u00f3l van sz\u00f3. <br \/>Ennek a pici l\u00e1nynak nem volt hal\u00e1lk\u00f6zeli \u00e9lm\u00e9nye. Hanem <strong>l\u00e1tom\u00e1sai lettek<\/strong>. L\u00e1tom\u00e1sai a t\u00falvil\u00e1gr\u00f3l. \u00c9desanyja el\u0151sz\u00f6r hitetlenkedett. A gyermek viszont nem tudta j\u00f3l <u>kifejezni mag\u00e1t<\/u>, s\u0151t nem is lehet ilyen \u00e9lm\u00e9nyt j\u00f3l \u00e1tadni, legf\u0151k\u00e9ppen k\u00e9tf\u00e9lek\u00e9ppen tud visszaadni sok mindent abb\u00f3l, amit l\u00e1tott a mai napig (mert a mai napig vannak l\u00e1tom\u00e1sai, csak ritk\u00e1n a ma 28 \u00e9ves l\u00e1nynak, sz\u00fcl. 1994.j\u00fal.9): festm\u00e9nyeivel \u00e9s verseivel. M\u00e1r 5 \u00e9vesen hihetetlen rajzai voltak! Ugyanekkor \u00e9desanyja elkezdte m\u00e1r verseit le\u00edrni. Ma a vil\u00e1g kritikusai (m\u0171v\u00e9szek, m\u00fazeumigazgat\u00f3k, \u00edr\u00f3k) mind csod\u00e1lj\u00e1k ezeket a m\u0171veket.<\/p>\n<p>A gyermek azt mondta: <strong>\u201eaz \u00e9n tan\u00edt\u00f3mesterem Isten\u201d<\/strong> \u00e9s autodidakta m\u00f3don tanult meg festeni \u00e9s verseket k\u00f6lteni. \u00dagy fogalmazott, hogy Isten \u00f6szt\u00f6n\u00f6zte \u0151t a fest\u00e9sre \u00e9s meg\u00edg\u00e9rte neki, hogy seg\u00edteni fog benne. \u00a0Igyekezett p\u00e9ld\u00e1ul lefesteni J\u00e9zust \u00fagy, ahogy l\u00e1tta \u00e9s J\u00e9zust Istenk\u00e9nt emlegette. Mes\u00e9lt arr\u00f3l, hogy <em>\u201eIsten megmutatta, hol lakik, \u00e9s elmagyar\u00e1zta, hogy mindig kell im\u00e1dkoznom.\u201d <br \/><\/em><strong>5 \u00e9vesen<\/strong> nagyon k\u00fcl\u00f6n\u00f6s dolog t\u00f6rt\u00e9nt. Elveszett\u2026 T\u00f6bb sz\u00e1zan kerest\u00e9k, fot\u00f3j\u00e1t k\u00f6r\u00f6ztett\u00e9k. Azt\u00e1n hirtelen meglett. \u00c9s senki nem \u00e9rtette, hogy mi t\u00f6rt\u00e9nt. \u0150 \u00edgy eml\u00e9kszik vissza: <em><u>\u201e\u00e9n tudom, hol voltam: a mennyorsz\u00e1gban voltam.\u201d<\/u><\/em><\/p>\n<p>A festm\u00e9nyr\u0151l sz\u00f3l\u00f3 <strong>vide\u00f3 alatt sz\u00e1mtalan hozz\u00e1sz\u00f3l\u00e1s is van<\/strong>. Megd\u00f6bbentett, amiket olvastam. Az els\u0151 hat komment\u00e1r ut\u00e1n m\u00e1r nem is olvastam tov\u00e1bb: mindegyik arr\u00f3l sz\u00f3lt, hogy \u0151k, akiknek hal\u00e1lk\u00f6zeli \u00e9lem\u00e9ny\u00fck volt, \u00e9s J\u00e9zussal tal\u00e1lkoztak: J\u00e9zus \u00edgy n\u00e9zett ki, az arca \u00e9s a szemei. \u00c9n azt hittem, hogy a koar\u00e1bban elmes\u00e9lt Colton, a 4 \u00e9ves kisfi\u00fa ismerte csak fel a k\u00e9p alapj\u00e1n J\u00e9zust, de nem, sz\u00e1mtalan ember m\u00e1r a vil\u00e1gon. \u00c9s igen, <u>sokezer ember ismeri m\u00e1r<\/u> Akiane t\u00f6rt\u00e9net\u00e9t \u00e9s er\u0151t mer\u00edt a 2 k\u00f6nyv\u00e9b\u0151l<span style=\"font-size: 1rem;\">, festm\u00e9nyeib\u0151l \u00e9s verseib\u0151l. Nagyon \u00e9rdemes teh\u00e1t n\u00e9zegetni a m\u0171veit!<\/span><\/p>\n<p>A 8 \u00e9ves Akianenak \u00e9s a szeg\u00e9ny csal\u00e1dnak el\u0151sz\u00f6r olyan seg\u00edt\u0151i voltak, akik probl\u00e9m\u00e1kat is okoztak. \u00cdgy pl. gyakorlatilag jogtalanul el lett adva ez a k\u00e9p kev\u00e9s p\u00e9nz\u00e9rt \u00e9s ut\u00e1na 16 \u00e9vig senki nem tudta, hogy hol van ez a k\u00e9p. 3 \u00e9ve, a tulajdonos hal\u00e1la ut\u00e1n ker\u00fclt el\u0151. <strong>Felt\u00e1madt teh\u00e1t maga a k\u00e9p is,<\/strong> \u00e9s megind\u00edt\u00f3 pillanat volt azt l\u00e1tni is, ahogy Akiane \u00fajb\u00f3l l\u00e1tja 16 \u00e9v ut\u00e1n azt a k\u00e9pet, amit 9 \u00e9vesen l\u00e1thatott utolj\u00e1ra.<\/p>\n<p>Felmer\u00fclt bennem k\u00e9rd\u00e9s: ha el tudjuk fogadni, hogy mindez igaz, akkor <strong>mi a c\u00e9lja J\u00e9zusnak<\/strong>, hogy ma is megmutatja mag\u00e1t? \u00c9s erre a feln\u0151tt Akiane v\u00e1laszol. Amikor egy interj\u00faban k\u00e9rdezt\u00e9k, hogy mi\u00e9rt \u00edgy festette meg J\u00e9zust, hogy b\u00e1rhonnan is n\u00e9zz\u00fck, a k\u00e9pb\u0151l r\u00e1d n\u00e9z, akkor \u00edgy v\u00e1laszolt: <em>\u201eIgen, azt akartam, hogy r\u00e1n\u00e9zzen az emberre. Azt akartam, hogy sz\u00f3ljon hozz\u00e1nk. \u2026 Igen, azt gondolom, hogy akkor az volt bennem, amikor a szemeit festettem, hogy ak\u00e1rki is r\u00e1n\u00e9z, olyan legyen, mintha egy szem\u00e9lyes besz\u00e9lget\u00e9sben lenne J\u00e9zussal, egy bens\u0151s\u00e9ges besz\u00e9lget\u00e9sben, amit csak az az ember \u00e9rti meg, aki n\u00e9zi \u0151t.\u201d<\/em><\/p>\n<p>Kedves Testv\u00e9rek, \u00e9n is tudtam \u00edgy n\u00e9zni erre a k\u00e9pre. \u00c9s <strong>mikor erre az elm\u00e9lked\u00e9sre k\u00e9sz\u00fcltem<\/strong>, szembe\u00fcltem ezzel a k\u00e9ppel, \u00e9s \u00e9reztem, hogy az \u00e9l\u0151 J\u00e9zussal tudok besz\u00e9lgetni.<\/p>\n<p>Az is nagyon \u00e9rdekes, hogy <strong>mag\u00e1nak Aki\u00e1n\u00e9nak is seg\u00edt ez a k\u00e9p<\/strong>, mert a l\u00e1tom\u00e1sok elhalv\u00e1nyulnak, ez\u00e9rt kellett gyorsan sokat festenie. \u00c9s ahogy \u0151 mondja \u00f6nmag\u00e1r\u00f3l, hogy amikor r\u00e1n\u00e9z erre a \u201eB\u00e9ke hercege\u201d c\u00edm\u0171 k\u00e9pre, akkor tiszt\u00e1n fel tudja id\u00e9zni a l\u00e1tom\u00e1s\u00e1t.<\/p>\n<p><strong>Mit szeretne J\u00e9zus veled? <\/strong>Neki kev\u00e9s az, hogy tudd, hogy \u0150 \u00e9l, hogy v\u00e1r a t\u00falvil\u00e1gon. Kev\u00e9s az, hogy r\u00e1n\u00e9zz erre a k\u00e9pre. Kev\u00e9s az, hogy hallgasd az evang\u00e9liumot. \u0150 azt szeretn\u00e9, ha minden nap id\u0151t sz\u00e1nn\u00e1l r\u00e1. Ha meghallan\u00e1d, hogy mit akar neked mondani, ha szem\u00e9lyes besz\u00e9lget\u00e9s lenne k\u00f6zted \u00e9s k\u00f6zte.<\/p>\n<p>\u00c9s m\u00e9g van <strong>m\u00e9g valami fontos<\/strong>. Nemcsak a J\u00e9zussal val\u00f3 kapcsolatod, hanem az emberekkel val\u00f3 kapcsolatod is fontos. Mit teszel az emberek\u00e9rt?<\/p>\n<p>E gyermek el\u0151sz\u00f6r \u00e9desanyj\u00e1nak seg\u00edtett, aki nem volt h\u00edv\u0151, azt mondta neki: <em>olvasnod kell a Bibli\u00e1t<\/em>. E gyermek hat\u00e1s\u00e1ra nemcsak a csal\u00e1dja t\u00e9rt meg, hanem emberek ezreinek seg\u00edtett m\u00e1r. Sz\u00e9p, ahogyan a feln\u0151tt Akiane vall: \u201e<em>Az a c\u00e9lom, hogy a m\u0171v\u00e9szet \u00e1ltal k\u00f6zelebb hozzam egym\u00e1shoz az embereket. Az \u00e9n misszi\u00f3m abban \u00e1ll, hogy m\u0171veimmel \u00e9s \u00edr\u00e1saimmal seg\u00edtsek az embereknek visszaadni a rem\u00e9nyt, amit keresnek\u2026 Az \u00e9let m\u0171v\u00e9szete az, hogy szeress\u00fck egym\u00e1st \u00e9s figyelj\u00fcnk egym\u00e1sra.\u201d<\/em> M\u00e1shol: <em>&#8222;Engedd, hogy a szeretet vezesse az \u00e9letedet&#8220;.<\/em><\/p>\n<p>\u00a0<\/p>\t\t\t\t\t\t\t\t<\/div>\n\t\t\t\t<\/div>\n\t\t\t\t\t<\/div>\n\t\t<\/div>\n\t\t\t\t\t<\/div>\n\t\t<\/section>\n\t\t\t\t<section class=\"elementor-section elementor-top-section elementor-element elementor-element-633ebbea elementor-section-boxed elementor-section-height-default elementor-section-height-default\" data-id=\"633ebbea\" data-element_type=\"section\">\n\t\t\t\t\t\t<div class=\"elementor-container elementor-column-gap-default\">\n\t\t\t\t\t<div class=\"elementor-column elementor-col-100 elementor-top-column elementor-element elementor-element-550ccb1f\" data-id=\"550ccb1f\" data-element_type=\"column\">\n\t\t\t<div class=\"elementor-widget-wrap elementor-element-populated\">\n\t\t\t\t\t\t<div class=\"elementor-element elementor-element-2d932a19 elementor-widget elementor-widget-text-editor\" data-id=\"2d932a19\" data-element_type=\"widget\" data-widget_type=\"text-editor.default\">\n\t\t\t\t<div class=\"elementor-widget-container\">\n\t\t\t\t\t\t\t\t\t\t\t\t\t\t\t\t\t<\/div>\n\t\t\t\t<\/div>\n\t\t\t\t\t<\/div>\n\t\t<\/div>\n\t\t\t\t\t<\/div>\n\t\t<\/section>\n\t\t\t\t<\/div>\n\t\t","protected":false},"excerpt":{"rendered":"<p>Akiane \u00e9s J\u00e9zus arca Az al\u00e1bbi elm\u00e9lked\u00e9s 2023. h\u00fasv\u00e9tj\u00e1n hangzott el k\u00f6z\u00f6ss\u00e9g\u00fcnkben. A t\u00f6rt\u00e9netet b\u0151v\u00edteni fogjuk m\u00e9g r\u00e9szletekkel, hivatkoz\u00e1sokkal k\u00e9s\u0151bb. Err\u0151l a J\u00e9zus-k\u00e9pr\u0151l nagyon sokan \u00e1ll\u00edtj\u00e1k, hogy J\u00e9zus \u00edgy n\u00e9z ki. Term\u00e9szetesen olyanok, akik orvosi \u00e9rtelemben meghaltak, meg\u00e1llt a sz\u00edv\u00fck \u00e9s hal\u00e1lk\u00f6zeli \u00e9lm\u00e9ny\u00fck volt, \u00e9s besz\u00e1molnak arr\u00f3l, hogy tal\u00e1lkoztak J\u00e9zussal. Kor\u00e1bban k\u00f6z\u00f6ss\u00e9g\u00fcnkben m\u00e1r volt err\u0151l &hellip; <\/p>\n<p class=\"link-more\"><a href=\"https:\/\/magyar-misszio.ch\/?page_id=4831\" class=\"more-link\"><span class=\"screen-reader-text\">\u201eAkiane\u201c<\/span> weiterlesen<\/a><\/p>\n","protected":false},"author":2,"featured_media":0,"parent":0,"menu_order":0,"comment_status":"closed","ping_status":"closed","template":"","meta":{"footnotes":""},"class_list":["post-4831","page","type-page","status-publish","hentry"],"_links":{"self":[{"href":"https:\/\/magyar-misszio.ch\/index.php?rest_route=\/wp\/v2\/pages\/4831","targetHints":{"allow":["GET"]}}],"collection":[{"href":"https:\/\/magyar-misszio.ch\/index.php?rest_route=\/wp\/v2\/pages"}],"about":[{"href":"https:\/\/magyar-misszio.ch\/index.php?rest_route=\/wp\/v2\/types\/page"}],"author":[{"embeddable":true,"href":"https:\/\/magyar-misszio.ch\/index.php?rest_route=\/wp\/v2\/users\/2"}],"replies":[{"embeddable":true,"href":"https:\/\/magyar-misszio.ch\/index.php?rest_route=%2Fwp%2Fv2%2Fcomments&post=4831"}],"version-history":[{"count":20,"href":"https:\/\/magyar-misszio.ch\/index.php?rest_route=\/wp\/v2\/pages\/4831\/revisions"}],"predecessor-version":[{"id":4876,"href":"https:\/\/magyar-misszio.ch\/index.php?rest_route=\/wp\/v2\/pages\/4831\/revisions\/4876"}],"wp:attachment":[{"href":"https:\/\/magyar-misszio.ch\/index.php?rest_route=%2Fwp%2Fv2%2Fmedia&parent=4831"}],"curies":[{"name":"wp","href":"https:\/\/api.w.org\/{rel}","templated":true}]}}