{"id":4959,"date":"2023-04-28T17:16:11","date_gmt":"2023-04-28T17:16:11","guid":{"rendered":"https:\/\/magyar-misszio.ch\/?page_id=4959"},"modified":"2024-05-08T11:25:43","modified_gmt":"2024-05-08T11:25:43","slug":"delutani-szentmise","status":"publish","type":"page","link":"https:\/\/magyar-misszio.ch\/?page_id=4959","title":{"rendered":"d\u00e9lut\u00e1ni szentmise"},"content":{"rendered":"\t\t<div data-elementor-type=\"wp-page\" data-elementor-id=\"4959\" class=\"elementor elementor-4959\" data-elementor-post-type=\"page\">\n\t\t\t\t\t\t<section class=\"elementor-section elementor-top-section elementor-element elementor-element-f1388df elementor-section-boxed elementor-section-height-default elementor-section-height-default\" data-id=\"f1388df\" data-element_type=\"section\">\n\t\t\t\t\t\t<div class=\"elementor-container elementor-column-gap-default\">\n\t\t\t\t\t<div class=\"elementor-column elementor-col-100 elementor-top-column elementor-element elementor-element-20f63dcd\" data-id=\"20f63dcd\" data-element_type=\"column\">\n\t\t\t<div class=\"elementor-widget-wrap elementor-element-populated\">\n\t\t\t\t\t\t<div class=\"elementor-element elementor-element-ff12576 elementor-widget elementor-widget-text-editor\" data-id=\"ff12576\" data-element_type=\"widget\" data-widget_type=\"text-editor.default\">\n\t\t\t\t<div class=\"elementor-widget-container\">\n\t\t\t\t\t\t\t\t\t\t\t\t\t\t\t\t\t<\/div>\n\t\t\t\t<\/div>\n\t\t\t\t\t<\/div>\n\t\t<\/div>\n\t\t\t\t\t<\/div>\n\t\t<\/section>\n\t\t\t\t<section class=\"elementor-section elementor-top-section elementor-element elementor-element-714e166 elementor-section-boxed elementor-section-height-default elementor-section-height-default\" data-id=\"714e166\" data-element_type=\"section\">\n\t\t\t\t\t\t<div class=\"elementor-container elementor-column-gap-default\">\n\t\t\t\t\t<div class=\"elementor-column elementor-col-100 elementor-top-column elementor-element elementor-element-ee0b37b\" data-id=\"ee0b37b\" data-element_type=\"column\">\n\t\t\t<div class=\"elementor-widget-wrap elementor-element-populated\">\n\t\t\t\t\t\t<div class=\"elementor-element elementor-element-ec1315a elementor-widget elementor-widget-heading\" data-id=\"ec1315a\" data-element_type=\"widget\" data-widget_type=\"heading.default\">\n\t\t\t\t<div class=\"elementor-widget-container\">\n\t\t\t\t\t<h2 class=\"elementor-heading-title elementor-size-default\">Legyen-e a szentmis\u00e9nk d\u00e9lut\u00e1n?<\/h2>\t\t\t\t<\/div>\n\t\t\t\t<\/div>\n\t\t\t\t\t<\/div>\n\t\t<\/div>\n\t\t\t\t\t<\/div>\n\t\t<\/section>\n\t\t\t\t<section class=\"elementor-section elementor-top-section elementor-element elementor-element-78f1754 elementor-section-boxed elementor-section-height-default elementor-section-height-default\" data-id=\"78f1754\" data-element_type=\"section\">\n\t\t\t\t\t\t<div class=\"elementor-container elementor-column-gap-default\">\n\t\t\t\t\t<div class=\"elementor-column elementor-col-100 elementor-top-column elementor-element elementor-element-eb7f2ce\" data-id=\"eb7f2ce\" data-element_type=\"column\">\n\t\t\t<div class=\"elementor-widget-wrap elementor-element-populated\">\n\t\t\t\t\t\t<div class=\"elementor-element elementor-element-fd07ad4 elementor-widget elementor-widget-text-editor\" data-id=\"fd07ad4\" data-element_type=\"widget\" data-widget_type=\"text-editor.default\">\n\t\t\t\t<div class=\"elementor-widget-container\">\n\t\t\t\t\t\t\t\t\t<pre style=\"text-align: center;\">(online dial\u00f3gus oldalunk<a href=\"https:\/\/magyar-misszio.ch\/?page_id=2465&amp;preview_id=2465\" target=\"_blank\" rel=\"noopener\"> itt tal\u00e1lhat\u00f3<\/a>)<\/pre>\t\t\t\t\t\t\t\t<\/div>\n\t\t\t\t<\/div>\n\t\t\t\t\t<\/div>\n\t\t<\/div>\n\t\t\t\t\t<\/div>\n\t\t<\/section>\n\t\t\t\t<section class=\"elementor-section elementor-top-section elementor-element elementor-element-0ab8beb elementor-section-boxed elementor-section-height-default elementor-section-height-default\" data-id=\"0ab8beb\" data-element_type=\"section\">\n\t\t\t\t\t\t<div class=\"elementor-container elementor-column-gap-default\">\n\t\t\t\t\t<div class=\"elementor-column elementor-col-100 elementor-top-column elementor-element elementor-element-2e30434\" data-id=\"2e30434\" data-element_type=\"column\">\n\t\t\t<div class=\"elementor-widget-wrap elementor-element-populated\">\n\t\t\t\t\t\t<div class=\"elementor-element elementor-element-7d75a12 elementor-widget elementor-widget-text-editor\" data-id=\"7d75a12\" data-element_type=\"widget\" data-widget_type=\"text-editor.default\">\n\t\t\t\t<div class=\"elementor-widget-container\">\n\t\t\t\t\t\t\t\t\t<p><img fetchpriority=\"high\" decoding=\"async\" class=\"size-medium wp-image-4437 alignleft\" src=\"https:\/\/magyar-misszio.ch\/wp-content\/uploads\/2022\/11\/velemeny-300x172.jpg\" alt=\"\" width=\"300\" height=\"172\" data-id=\"4437\" srcset=\"https:\/\/magyar-misszio.ch\/wp-content\/uploads\/2022\/11\/velemeny-300x172.jpg 300w, https:\/\/magyar-misszio.ch\/wp-content\/uploads\/2022\/11\/velemeny-768x440.jpg 768w, https:\/\/magyar-misszio.ch\/wp-content\/uploads\/2022\/11\/velemeny.jpg 808w\" sizes=\"(max-width: 300px) 100vw, 300px\" \/>A t\u00f6bbi\u00a0 Sv\u00e1jcban \u00e9l\u0151 egyh\u00e1zi k\u00f6z\u00f6ss\u00e9ghez hasonl\u00f3an (kev\u00e9s kiv\u00e9telt\u0151l eltekintve) a koronav\u00edrus ut\u00e1n szinte megfelez\u0151d\u00f6tt a templombaj\u00e1r\u00f3k sz\u00e1ma. Ehhez j\u00f6n m\u00e9g az, hogy az \u00faj nemzed\u00e9kek m\u00e1r nem annyira elk\u00f6telezettek hit\u00fck \u00e9s egyh\u00e1zuk mellett. Ez\u00e9rt t\u00f6bbek tan\u00e1cs\u00e1ra meghirdett\u00fcnk egy v\u00e9lm\u00e9nyk\u00e9r\u00e9st arr\u00f3l, hogy legyen-e d\u00e9lut\u00e1n a szentmis\u00e9nk. B\u0151vebb inf\u00f3 teh\u00e1t az okokr\u00f3l <a href=\"https:\/\/magyar-misszio.ch\/?page_id=4432\" target=\"_blank\" rel=\"noopener\">ide kattintva&#8230;<\/a> Ennek ki\u00e9rt\u00e9kel\u00e9s\u00e9t tal\u00e1ljuk itt alul, \u00e9s oldalt pedig tov\u00e1bbra is v\u00e1rjuk b\u00e1rki hozz\u00e1sz\u00f3l\u00e1s\u00e1t (facebook oldalunkra vezet ez a kommunik\u00e1ci\u00f3-lehet\u0151s\u00e9g).<\/p>\t\t\t\t\t\t\t\t<\/div>\n\t\t\t\t<\/div>\n\t\t\t\t\t<\/div>\n\t\t<\/div>\n\t\t\t\t\t<\/div>\n\t\t<\/section>\n\t\t\t\t<section class=\"elementor-section elementor-top-section elementor-element elementor-element-4c52c5b elementor-section-boxed elementor-section-height-default elementor-section-height-default\" data-id=\"4c52c5b\" data-element_type=\"section\">\n\t\t\t\t\t\t<div class=\"elementor-container elementor-column-gap-default\">\n\t\t\t\t\t<div class=\"elementor-column elementor-col-66 elementor-top-column elementor-element elementor-element-03827a0\" data-id=\"03827a0\" data-element_type=\"column\">\n\t\t\t<div class=\"elementor-widget-wrap elementor-element-populated\">\n\t\t\t\t\t\t<div class=\"elementor-element elementor-element-cb25a60 elementor-widget elementor-widget-text-editor\" data-id=\"cb25a60\" data-element_type=\"widget\" data-widget_type=\"text-editor.default\">\n\t\t\t\t<div class=\"elementor-widget-container\">\n\t\t\t\t\t\t\t\t\t<h3><strong><span style=\"color: #3366ff;\">V\u00e1laszok ki\u00e9rt\u00e9kel\u00e9se<\/span><\/strong><\/h3>\n<p>41 v\u00e1lasz \u00e9rkezett, de 66 f\u0151 v\u00e9lem\u00e9nye volt. A mostan\u00e1ban templomba j\u00e1r\u00f3k k\u00f6z\u00fcl sokan kit\u00f6lt\u00f6tt\u00e9k, de ha az itteni magyar h\u00edv\u0151ket t\u00e1gabb \u00e9rtelemben n\u00e9zz\u00fck, akkor ez mindenk\u00e9ppen kev\u00e9s, figyelembe v\u00e9ve, hogy<\/p>\n<ul>\n<li>&#8211; a december eleji post\u00e1n kik\u00fcld\u00f6tt level\u00fcnkkel ez a felh\u00edv\u00e1s nagyon sok magyar h\u00edv\u0151h\u00f6z eljutott<\/li>\n<li>&#8211; 4 h\u00f3nap rendelkez\u00e9sre \u00e1llt kit\u00f6lteni<\/li>\n<\/ul>\n<p>A 66 f\u0151 f\u0151 k\u00f6z\u00fcl 45 f\u0151 gyakran, rendszeresen j\u00e1r, 12 kb. havonta egyszer, 9 ritk\u00e1n.<\/p>\n<p>H\u00e1nyan j\u00f6nn\u00e9nek d\u00e9lut\u00e1n is:<\/p>\n<p><img decoding=\"async\" class=\"aligncenter wp-image-4961 size-large\" src=\"https:\/\/magyar-misszio.ch\/wp-content\/uploads\/2023\/04\/rendszeresen-1024x615.png\" alt=\"\" width=\"525\" height=\"315\" data-id=\"4961\" srcset=\"https:\/\/magyar-misszio.ch\/wp-content\/uploads\/2023\/04\/rendszeresen-1024x615.png 1024w, https:\/\/magyar-misszio.ch\/wp-content\/uploads\/2023\/04\/rendszeresen-300x180.png 300w, https:\/\/magyar-misszio.ch\/wp-content\/uploads\/2023\/04\/rendszeresen-768x461.png 768w, https:\/\/magyar-misszio.ch\/wp-content\/uploads\/2023\/04\/rendszeresen-1536x922.png 1536w, https:\/\/magyar-misszio.ch\/wp-content\/uploads\/2023\/04\/rendszeresen-1080x649.png 1080w, https:\/\/magyar-misszio.ch\/wp-content\/uploads\/2023\/04\/rendszeresen-1280x768.png 1280w, https:\/\/magyar-misszio.ch\/wp-content\/uploads\/2023\/04\/rendszeresen-627x376.png 627w, https:\/\/magyar-misszio.ch\/wp-content\/uploads\/2023\/04\/rendszeresen-440x264.png 440w, https:\/\/magyar-misszio.ch\/wp-content\/uploads\/2023\/04\/rendszeresen.png 1652w\" sizes=\"(max-width: 525px) 100vw, 525px\" \/><\/p>\n<p><img decoding=\"async\" class=\"aligncenter wp-image-4962 size-large\" src=\"https:\/\/magyar-misszio.ch\/wp-content\/uploads\/2023\/04\/mind-1024x615.png\" alt=\"\" width=\"525\" height=\"315\" data-id=\"4962\" srcset=\"https:\/\/magyar-misszio.ch\/wp-content\/uploads\/2023\/04\/mind-1024x615.png 1024w, https:\/\/magyar-misszio.ch\/wp-content\/uploads\/2023\/04\/mind-300x180.png 300w, https:\/\/magyar-misszio.ch\/wp-content\/uploads\/2023\/04\/mind-768x461.png 768w, https:\/\/magyar-misszio.ch\/wp-content\/uploads\/2023\/04\/mind-1536x922.png 1536w, https:\/\/magyar-misszio.ch\/wp-content\/uploads\/2023\/04\/mind-1080x649.png 1080w, https:\/\/magyar-misszio.ch\/wp-content\/uploads\/2023\/04\/mind-1280x768.png 1280w, https:\/\/magyar-misszio.ch\/wp-content\/uploads\/2023\/04\/mind-627x376.png 627w, https:\/\/magyar-misszio.ch\/wp-content\/uploads\/2023\/04\/mind-440x264.png 440w, https:\/\/magyar-misszio.ch\/wp-content\/uploads\/2023\/04\/mind.png 1652w\" sizes=\"(max-width: 525px) 100vw, 525px\" \/><\/p>\n<p>\u00a0<\/p>\n<p><span style=\"color: #99cc00;\"><strong>\u00c9rdekes v\u00e9lm\u00e9nyek voltak a d\u00e9lut\u00e1ni id\u0151pont mellett:<\/strong><\/span><\/p>\n<ul>\n<li>&#8211; Kisgyermekes anyakent a delutani idopont sokkal jobban passzolna.<\/li>\n<li>&#8211; Remek \u00f6tlet a 17 \u00f3r\u00e1s szentmise, mert a klasszikus magyar csal\u00e1dban fontos a vas\u00e1rnapi k\u00f6z\u00f6s eb\u00e9d. P\u00e1r h\u00f3nap pr\u00f3b\u00e1t meg\u00e9rne.<\/li>\n<\/ul>\n<p><strong><span style=\"color: #99cc00;\">A d\u00e9lut\u00e1ni id\u0151pont ellen:<\/span><\/strong><\/p>\n<ul>\n<li>&#8211; \u00c9desany\u00e1mnak a d\u00e9lut\u00e1ni id\u0151pont t\u00f3l k\u00e9s\u0151<\/li>\n<li>&#8211; Id\u0151sgondoz\u00e1ssal foglalkozunk, k\u00e9s\u0151bbi id\u0151pont nem felelne meg<\/li>\n<li>&#8211; sok erd\u00e9lyi itt dolgoz\u00f3 fiatalt\u00f3l hallottam: nincs t\u00fal kor\u00e1n, m\u00e9g tudnak pihenni de nincs is k\u00e9s\u0151n igy a t\u00e1volabbr\u00f3l \u00e9rkez\u0151 is id\u0151ben haza \u00e9r. Szerintem a jelenlegi id\u0151pont nagyon j\u00f3<\/li>\n<\/ul>\n<p><strong><span style=\"color: #99cc00;\">Egyik se:<\/span><\/strong><\/p>\n<ul>\n<li>&#8211; csak egy kor\u00e0bbi id\u00f6pont segitene igaz\u00e0n a k\u00f6z\u00f6s\u00e9gnek<\/li>\n<li>&#8211; kora reggel is j\u00f3 lehet, mink szeret\u00fcnk kor\u00e1n felkelni. vagy 18.30h este p\u00e9ld\u00e1ul<\/li>\n<\/ul>\n<p>\u00a0<\/p>\n<p>Egy lelkip\u00e1sztor sz\u00e1m\u00e1ra a legmegnyugtat\u00f3bb, <span style=\"color: #99cc00;\"><strong>amikor rugalmasabbak a h\u00edvek:<\/strong><\/span><\/p>\n<ul>\n<li>&#8211; A magyar szentmis\u00e9k id\u0151pontj\u00e1t elfogadom \u00fagy, ahogy a megk\u00e9rdezett t\u00f6bbs\u00e9g,ill.az egyh\u00e1ztan\u00e1cs eld\u00f6nti.<\/li>\n<\/ul>\n<p>Egy lelkip\u00e1sztor elgondolkodik azon, hogy ha valaki egy m\u00e1sik id\u0151pontban nem j\u00f6nne m\u00e1r el, akkor <strong><span style=\"color: #99cc00;\">vagy<\/span><\/strong> nem tudja megoldani (csak nem \u00edrja le), <span style=\"color: #99cc00;\"><strong>vagy<\/strong><\/span> sz\u00e1m\u00e1ra nem olyan fontos a k\u00f6z\u00f6ss\u00e9g, az id\u0151pont fontosabb.<\/p>\n<p><strong><span style=\"color: #99cc00;\">V\u00e1laszt adhatunk a k\u00f6vetkez\u0151 k\u00e9rd\u00e9sekre:<\/span><\/strong><\/p>\n<ul>\n<li>&#8211; J\u00f3 lenne esetleg gyermekfoglalkoz\u00e1st biztos\u00edtani, ahogy a reform\u00e1tus k\u00f6z\u00f6ss\u00e9gek teszik.<br \/><strong>V\u00e1lasz<\/strong>: van r\u00e1 sz\u00f3r\u00f3lapunk, eddig hi\u00e1ba volt seg\u00edts\u00e9g\u00fcnk is r\u00e1, nem vett\u00e9k ig\u00e9nybe. Ehhez most m\u00e1r az els\u0151 l\u00e9p\u00e9s: ki vagy kik seg\u00edten\u00e9nek ebben h\u00e9tr\u0151l-h\u00e9tre?<br \/><br \/><\/li>\n<li>&#8211; Rendszeres gyonasi lehetosegnek is orulnek, elozetes megbeszeles\/egyeztetes nelkul (pl. minden vasarnapi szentmise elott, de legalabb havonta egyszer rendszeresen).<br \/><strong>V\u00e1lasz:<\/strong> van rendszeresen gy\u00f3n\u00e1si lehet\u0151s\u00e9g, ami t\u00f6bbsz\u00f6r lett hirdetve: minden szentmise ut\u00e1n lehet k\u00e9rni (rika kiv\u00e9telt\u0151l eltekintve, a n\u00e9met szentmis\u00e9k miatt a szentmise el\u0151tt nincs lehet\u0151s\u00e9g). Ezenk\u00edv\u00fcl \u00e9vente n\u00e9h\u00e1ny este meg van hirdetve b\u0171nb\u00e1nati id\u0151szakokban \u00e9s lehet el\u0151re egyeztet\u00e9s n\u00e9lk\u00fcl is.<\/li>\n<\/ul>\n<h3><span style=\"color: #ff0000;\"><strong>Konkl\u00fazi\u00f3 \u00e9s lelkip\u00e1sztori v\u00e9lem\u00e9ny<\/strong><\/span><\/h3>\n<p>A v\u00e1laszt ad\u00f3 h\u00edvek akarat\u00e1nak megfelel\u0151en az Egyh\u00e1ztan\u00e1csunkkal egyet\u00e9rt\u00e9sben nem fogunk v\u00e1ltoztatni\u00a0 a jelenlegi id\u0151ponton. Hiszen a h\u00edvek v\u00e9lem\u00e9ny\u00e9re sokszor hallgatnunk kell.\u00a0<br \/>De utols\u00f3 pontk\u00e9nt a becs\u00fclet kedv\u00e9\u00e9rt megeml\u00edtem az \u00e9n saj\u00e1t v\u00e9lem\u00e9nyemet is: \u00e9n sz\u00edvesen \u00e1t\u00e1lltam volna egy d\u00e9lut\u00e1ni id\u0151pontra, hogy megny\u00edljon a lehet\u0151s\u00e9g arra, hogy a szentmis\u00e9n k\u00edv\u00fcl m\u00e1s programokkal t\u00f6bb emberrel lehessen egy\u00fctt lenni \u00e9s t\u00f6bb id\u0151t.<\/p>\n<p>Szeretettel: P\u00e9ter atya<\/p>\n<p>\u00a0<\/p>\t\t\t\t\t\t\t\t<\/div>\n\t\t\t\t<\/div>\n\t\t\t\t\t<\/div>\n\t\t<\/div>\n\t\t\t\t<div class=\"elementor-column elementor-col-33 elementor-top-column elementor-element elementor-element-8a9e748\" data-id=\"8a9e748\" data-element_type=\"column\">\n\t\t\t<div class=\"elementor-widget-wrap elementor-element-populated\">\n\t\t\t\t\t\t<div class=\"elementor-element elementor-element-cb0e95d elementor-widget elementor-widget-text-editor\" data-id=\"cb0e95d\" data-element_type=\"widget\" data-widget_type=\"text-editor.default\">\n\t\t\t\t<div class=\"elementor-widget-container\">\n\t\t\t\t\t\t\t\t\t<h3><strong><span style=\"color: #3366ff;\">Facebook oldalunkon hozz\u00e1 lehet sz\u00f3lni:<\/span><\/strong><\/h3>\n<p>kattints a k\u00e9pre:<img loading=\"lazy\" decoding=\"async\" class=\"size-medium wp-image-4977 alignright\" src=\"https:\/\/magyar-misszio.ch\/wp-content\/uploads\/2023\/04\/facebook-logonk.jpg-300x79.jpg\" alt=\"\" width=\"300\" height=\"79\" data-id=\"4977\" srcset=\"https:\/\/magyar-misszio.ch\/wp-content\/uploads\/2023\/04\/facebook-logonk.jpg-300x79.jpg 300w, https:\/\/magyar-misszio.ch\/wp-content\/uploads\/2023\/04\/facebook-logonk.jpg-1024x268.jpg 1024w, https:\/\/magyar-misszio.ch\/wp-content\/uploads\/2023\/04\/facebook-logonk.jpg-768x201.jpg 768w, https:\/\/magyar-misszio.ch\/wp-content\/uploads\/2023\/04\/facebook-logonk.jpg-1536x402.jpg 1536w, https:\/\/magyar-misszio.ch\/wp-content\/uploads\/2023\/04\/facebook-logonk.jpg-1080x283.jpg 1080w, https:\/\/magyar-misszio.ch\/wp-content\/uploads\/2023\/04\/facebook-logonk.jpg.jpg 1731w\" sizes=\"(max-width: 300px) 100vw, 300px\" \/><\/p>\n<p>\u00a0<\/p>\n<p><span style=\"color: #ff0000;\">ez a facebook oldal m\u00e1r nem m\u0171k\u00f6dik<\/span><\/p>\t\t\t\t\t\t\t\t<\/div>\n\t\t\t\t<\/div>\n\t\t\t\t\t<\/div>\n\t\t<\/div>\n\t\t\t\t\t<\/div>\n\t\t<\/section>\n\t\t\t\t<\/div>\n\t\t","protected":false},"excerpt":{"rendered":"<p>Legyen-e a szentmis\u00e9nk d\u00e9lut\u00e1n? (online dial\u00f3gus oldalunk itt tal\u00e1lhat\u00f3) A t\u00f6bbi\u00a0 Sv\u00e1jcban \u00e9l\u0151 egyh\u00e1zi k\u00f6z\u00f6ss\u00e9ghez hasonl\u00f3an (kev\u00e9s kiv\u00e9telt\u0151l eltekintve) a koronav\u00edrus ut\u00e1n szinte megfelez\u0151d\u00f6tt a templombaj\u00e1r\u00f3k sz\u00e1ma. Ehhez j\u00f6n m\u00e9g az, hogy az \u00faj nemzed\u00e9kek m\u00e1r nem annyira elk\u00f6telezettek hit\u00fck \u00e9s egyh\u00e1zuk mellett. Ez\u00e9rt t\u00f6bbek tan\u00e1cs\u00e1ra meghirdett\u00fcnk egy v\u00e9lm\u00e9nyk\u00e9r\u00e9st arr\u00f3l, hogy legyen-e d\u00e9lut\u00e1n a szentmis\u00e9nk. &hellip; <\/p>\n<p class=\"link-more\"><a href=\"https:\/\/magyar-misszio.ch\/?page_id=4959\" class=\"more-link\"><span class=\"screen-reader-text\">\u201ed\u00e9lut\u00e1ni szentmise\u201c<\/span> weiterlesen<\/a><\/p>\n","protected":false},"author":2,"featured_media":0,"parent":0,"menu_order":0,"comment_status":"closed","ping_status":"closed","template":"","meta":{"footnotes":""},"class_list":["post-4959","page","type-page","status-publish","hentry"],"_links":{"self":[{"href":"https:\/\/magyar-misszio.ch\/index.php?rest_route=\/wp\/v2\/pages\/4959","targetHints":{"allow":["GET"]}}],"collection":[{"href":"https:\/\/magyar-misszio.ch\/index.php?rest_route=\/wp\/v2\/pages"}],"about":[{"href":"https:\/\/magyar-misszio.ch\/index.php?rest_route=\/wp\/v2\/types\/page"}],"author":[{"embeddable":true,"href":"https:\/\/magyar-misszio.ch\/index.php?rest_route=\/wp\/v2\/users\/2"}],"replies":[{"embeddable":true,"href":"https:\/\/magyar-misszio.ch\/index.php?rest_route=%2Fwp%2Fv2%2Fcomments&post=4959"}],"version-history":[{"count":31,"href":"https:\/\/magyar-misszio.ch\/index.php?rest_route=\/wp\/v2\/pages\/4959\/revisions"}],"predecessor-version":[{"id":6525,"href":"https:\/\/magyar-misszio.ch\/index.php?rest_route=\/wp\/v2\/pages\/4959\/revisions\/6525"}],"wp:attachment":[{"href":"https:\/\/magyar-misszio.ch\/index.php?rest_route=%2Fwp%2Fv2%2Fmedia&parent=4959"}],"curies":[{"name":"wp","href":"https:\/\/api.w.org\/{rel}","templated":true}]}}