{"id":50,"date":"2017-12-01T14:49:28","date_gmt":"2017-12-01T14:49:28","guid":{"rendered":"http:\/\/magyar-misszio.ch\/?page_id=50"},"modified":"2026-01-16T09:15:01","modified_gmt":"2026-01-16T09:15:01","slug":"kapcsolat","status":"publish","type":"page","link":"https:\/\/magyar-misszio.ch\/?page_id=50","title":{"rendered":"kapcsolat"},"content":{"rendered":"\t\t<div data-elementor-type=\"wp-page\" data-elementor-id=\"50\" class=\"elementor elementor-50\" data-elementor-post-type=\"page\">\n\t\t\t\t\t\t<section class=\"elementor-section elementor-top-section elementor-element elementor-element-63515b6d elementor-section-boxed elementor-section-height-default elementor-section-height-default\" data-id=\"63515b6d\" data-element_type=\"section\">\n\t\t\t\t\t\t<div class=\"elementor-container elementor-column-gap-default\">\n\t\t\t\t\t<div class=\"elementor-column elementor-col-100 elementor-top-column elementor-element elementor-element-4876e10d\" data-id=\"4876e10d\" data-element_type=\"column\">\n\t\t\t<div class=\"elementor-widget-wrap elementor-element-populated\">\n\t\t\t\t\t\t<div class=\"elementor-element elementor-element-430c741 elementor-widget elementor-widget-text-editor\" data-id=\"430c741\" data-element_type=\"widget\" data-widget_type=\"text-editor.default\">\n\t\t\t\t<div class=\"elementor-widget-container\">\n\t\t\t\t\t\t\t\t\t<h2 style=\"text-align: justify;\"><span style=\"font-size: 14pt;\"><span style=\"color: #ff0000; font-size: 18pt;\"><strong>I.<\/strong> <\/span><span style=\"color: #000000;\">\u00d6r\u00fcln\u00e9nk, ha minden itt \u00e9l\u0151 magyar katolikust misszi\u00f3nk \u00e9s k\u00f6z\u00f6ss\u00e9g\u00fcnk tagjai k\u00f6z\u00f6tt tarthatn\u00e1nk sz\u00e1mon. Ennek \u00e9rdek\u00e9ben <strong><span style=\"color: #ff0000;\">k\u00e9rj\u00fck adatlapunk kit\u00f6lt\u00e9s\u00e9t<\/span> <\/strong>(az adatokat nem adjuk tov\u00e1bb, \u00e9s nem j\u00e1r tags\u00e1gi d\u00edjjal mint egy egyes\u00fcletn\u00e9l, hiszen mi egyh\u00e1zon bel\u00fcli k\u00f6z\u00f6ss\u00e9g vagyunk).<strong><br \/>Adatlapunk<\/strong>:<\/span><br \/><\/span><span style=\"font-size: 14pt; color: #000000;\">Let\u00f6lthet\u0151 innen:<span style=\"color: #0000ff;\"> <a style=\"color: #0000ff;\" href=\"https:\/\/magyar-misszio.ch\/wp-content\/uploads\/2018\/06\/adatlap.pdf\">pdf-form\u00e1tumban<\/a><\/span> vagy <span style=\"color: #0000ff;\"><a style=\"color: #0000ff;\" href=\"https:\/\/magyar-misszio.ch\/wp-content\/uploads\/2018\/06\/adatlap.docx\">docx form\u00e1tumban<\/a><\/span><br \/>Vagy kit\u00f6lthet\u0151<span style=\"color: #0000ff;\"> <a style=\"color: #0000ff;\" href=\"https:\/\/docs.google.com\/forms\/d\/1ftJJpjJVf7Pue3kOekmIBCycKP2ANf4mKAu7GYcTJgk\/edit?usp=sharing\" target=\"_blank\" rel=\"noopener noreferrer\">online itt&#8230;.<\/a><\/span><\/span><\/h2><p><img fetchpriority=\"high\" decoding=\"async\" class=\"aligncenter wp-image-458 size-full\" src=\"https:\/\/magyar-misszio.ch\/wp-content\/uploads\/2018\/06\/adatlap.jpg.jpg\" alt=\"\" width=\"897\" height=\"374\" data-id=\"458\" srcset=\"https:\/\/magyar-misszio.ch\/wp-content\/uploads\/2018\/06\/adatlap.jpg.jpg 897w, https:\/\/magyar-misszio.ch\/wp-content\/uploads\/2018\/06\/adatlap.jpg-300x125.jpg 300w, https:\/\/magyar-misszio.ch\/wp-content\/uploads\/2018\/06\/adatlap.jpg-768x320.jpg 768w\" sizes=\"(max-width: 767px) 89vw, (max-width: 1000px) 54vw, (max-width: 1071px) 543px, 580px\" \/><\/p><p style=\"text-align: justify;\"><span style=\"font-size: 14pt;\">Ezen fel\u00fcl annak jel\u00e9\u00fcl, hogy kapcsolatban szeretn\u00e9nek maradni k\u00f6z\u00f6ss\u00e9g\u00fcnkkel, lelkip\u00e1sztorunk \u00e9s misszi\u00f3nk vezet\u00e9se v\u00e1rja az emailes h\u00edrlevel\u00fcnkre val\u00f3 feliratkoz\u00e1s\u00e1t is. Ezt jelezhetik sz\u00f3ban, de jobb lenne online jelentkezni erre <a href=\"https:\/\/magyar-misszio.ch\/?page_id=101\" target=\"_blank\" rel=\"noopener\">ide kattintva&#8230;<\/a>.<\/span><\/p><p><span style=\"font-size: 18pt;\"><strong><span style=\"color: #ff0000;\">II. A mi el\u00e9rhet\u0151s\u00e9geink:<\/span><\/strong><\/span><\/p><p><span style=\"font-size: 14pt; color: #000000;\"><strong>Szent Istv\u00e1n Magyar Katolikus Misszi\u00f3 Z\u00fcrich<br \/><\/strong>C\u00edm: 8057 Z\u00fcrich, Winterthurerstrasse 135<\/span><br \/><span style=\"font-size: 14pt; color: #000000;\">Irodai telefon: 044 362 33 03<br \/><\/span><span style=\"font-size: 14pt;\">Irodai \u00fcgyelet: kedden 13.00-17.00 + cs\u00fct\u00f6rt\u00f6k\u00f6n 9.00-13.00<br \/><\/span><span style=\"font-size: 14pt; color: #000000;\">Email irodai \u00fcgyekben: iroda@magyar-misszio.ch<br \/>Honlapunk: www.magyar-misszio.ch<br \/>Facebook:\u00a0<a href=\"https:\/\/www.facebook.com\/MagyarMisszioZurich\/\" target=\"_blank\" rel=\"noopener noreferrer\">www.facebook.com\/MagyarMisszioZurich\/<\/a><\/span><\/p><p><span style=\"font-size: 14pt; color: #000000;\">A z\u00fcrichi szentmis\u00e9ket a misszi\u00f3s h\u00e1zunk mellett l\u00e9v\u0151 templomban tartjuk, pontos c\u00edme: Milchbuckstrasse 73,\u00a0 8057 Z\u00fcrich<\/span><\/p><p><span style=\"color: #0000ff;\"><em>Hogyan tal\u00e1l meg minket? Le\u00edr\u00e1s, fot\u00f3, t\u00e9rk\u00e9p &#8211; l\u00e1sd <a href=\"https:\/\/magyar-misszio.ch\/wp-content\/uploads\/2019\/02\/hol_vagyunk.pdf\" target=\"_blank\" rel=\"noopener noreferrer\"><span style=\"text-decoration: underline;\">ide kattintva&#8230;.<\/span><\/a><\/em><\/span><\/p><h2><span style=\"font-size: 14pt; color: #000000;\"><strong>Pl\u00e9b\u00e1nos<\/strong>: Varga P\u00e9ter<\/span><br \/><span style=\"font-size: 14pt; color: #000000;\"> Email lelki \u00fcgyekben: varga.peter@magyar-misszio.ch<br \/>R\u00f3la m\u00e9g ld. <a href=\"https:\/\/magyar-misszio.ch\/?page_id=1622#ujsag\" target=\"_blank\" rel=\"noopener noreferrer\">ide kattintva&#8230;<\/a><\/span><\/h2><p><span style=\"font-size: 14pt;\"><span style=\"font-size: 18pt; color: #ff0000;\"><strong>III. M\u0171k\u00f6d\u00e9s\u00fcnket <\/strong><\/span>a sv\u00e1jci katolikus egyh\u00e1z chur-i p\u00fcsp\u00f6ks\u00e9ge Synodalratja biztos\u00edtja. Ez\u00e9rt fennmarad\u00e1sunk\u00e9rt h\u00e1l\u00e1sak vagyunk:\u00a0<\/span><br \/><span style=\"font-size: 14pt;\">&#8211; a sv\u00e1jci egyh\u00e1znak juttatott egyh\u00e1zi hozz\u00e1j\u00e1rul\u00e1s\u00e1\u00e9rt<\/span><br \/><span style=\"font-size: 14pt;\">&#8211; misszi\u00f3nk k\u00f6zvelen t\u00e1mogat\u00e1s\u00e1\u00e9rt (ehhez l\u00e1sd facebook oldalunk \/ info \/ impresszum, illetve <a href=\"https:\/\/www.facebook.com\/pg\/MagyarMisszioZurich\/about\/?ref=page_internal\" target=\"_blank\" rel=\"noopener noreferrer\">ide kattintva l\u00e1sd az impresszumot<\/a>)<\/span><\/p><p><span style=\"font-size: 14pt;\"><strong><span style=\"color: #ff0000;\">Ha t\u00e1mogatni tud minket,<\/span><\/strong> a Szent Istv\u00e1n Egyes\u00fcleten kereszt\u00fcl tudja megtenni:\u00a0 St.Stephan Verein, Winterthurerstr. 135, 8057 Z\u00fcrich (=misszi\u00f3nk c\u00edme is), Iban: CH59 0070 0112 8001 3211 1, Postkonto: 80-151-4<br \/>QR k\u00f3dos csekket a t\u00e1mogat\u00e1sunkra<span style=\"text-decoration: underline;\"><span style=\"color: #0000ff; text-decoration: underline;\">\u00a0<\/span><\/span><a href=\"https:\/\/magyar-misszio.ch\/wp-content\/uploads\/2022\/09\/csekk-Einzahlungsschein-QR-Code-600-dpi.pdf\" target=\"_blank\" rel=\"noopener\"><span style=\"text-decoration: underline;\"><span style=\"color: #0000ff; text-decoration: underline;\">i<\/span><\/span><span style=\"text-decoration: underline; color: #0000ff;\">de kattintva<\/span><\/a> tud let\u00f6lteni (Einzahlungsschein): kinyomtatva haszn\u00e1lhatja, vagy a QR k\u00f3dot mobiltelefonj\u00e1nak internetbankos programj\u00e1val tudja haszn\u00e1lni.<br \/>A p\u00e9nz\u00fcgyekr\u0151l b\u0151vebben ld. a misszi\u00f3nk\/magunkr\u00f3l men\u00fcpontr\u00f3l el\u00e9het\u0151 egy gondolatsor <span style=\"text-decoration: underline;\"><span style=\"color: #0000ff; text-decoration: underline;\">(<a style=\"color: #0000ff; text-decoration: underline;\" href=\"https:\/\/magyar-misszio.ch\/?page_id=3824\">k\u00f6zvetlen\u00fcl itt..<\/a>)<\/span><\/span><\/span><\/p><p style=\"text-align: center;\">\u00a0<\/p>\t\t\t\t\t\t\t\t<\/div>\n\t\t\t\t<\/div>\n\t\t\t\t\t<\/div>\n\t\t<\/div>\n\t\t\t\t\t<\/div>\n\t\t<\/section>\n\t\t\t\t<\/div>\n\t\t","protected":false},"excerpt":{"rendered":"<p>I. \u00d6r\u00fcln\u00e9nk, ha minden itt \u00e9l\u0151 magyar katolikust misszi\u00f3nk \u00e9s k\u00f6z\u00f6ss\u00e9g\u00fcnk tagjai k\u00f6z\u00f6tt tarthatn\u00e1nk sz\u00e1mon. Ennek \u00e9rdek\u00e9ben k\u00e9rj\u00fck adatlapunk kit\u00f6lt\u00e9s\u00e9t (az adatokat nem adjuk tov\u00e1bb, \u00e9s nem j\u00e1r tags\u00e1gi d\u00edjjal mint egy egyes\u00fcletn\u00e9l, hiszen mi egyh\u00e1zon bel\u00fcli k\u00f6z\u00f6ss\u00e9g vagyunk).Adatlapunk:Let\u00f6lthet\u0151 innen: pdf-form\u00e1tumban vagy docx form\u00e1tumbanVagy kit\u00f6lthet\u0151 online itt&#8230;. Ezen fel\u00fcl annak jel\u00e9\u00fcl, hogy kapcsolatban szeretn\u00e9nek maradni &hellip; <\/p>\n<p class=\"link-more\"><a href=\"https:\/\/magyar-misszio.ch\/?page_id=50\" class=\"more-link\"><span class=\"screen-reader-text\">\u201ekapcsolat\u201c<\/span> weiterlesen<\/a><\/p>\n","protected":false},"author":1,"featured_media":0,"parent":0,"menu_order":0,"comment_status":"closed","ping_status":"closed","template":"","meta":{"footnotes":""},"class_list":["post-50","page","type-page","status-publish","hentry"],"_links":{"self":[{"href":"https:\/\/magyar-misszio.ch\/index.php?rest_route=\/wp\/v2\/pages\/50","targetHints":{"allow":["GET"]}}],"collection":[{"href":"https:\/\/magyar-misszio.ch\/index.php?rest_route=\/wp\/v2\/pages"}],"about":[{"href":"https:\/\/magyar-misszio.ch\/index.php?rest_route=\/wp\/v2\/types\/page"}],"author":[{"embeddable":true,"href":"https:\/\/magyar-misszio.ch\/index.php?rest_route=\/wp\/v2\/users\/1"}],"replies":[{"embeddable":true,"href":"https:\/\/magyar-misszio.ch\/index.php?rest_route=%2Fwp%2Fv2%2Fcomments&post=50"}],"version-history":[{"count":41,"href":"https:\/\/magyar-misszio.ch\/index.php?rest_route=\/wp\/v2\/pages\/50\/revisions"}],"predecessor-version":[{"id":7634,"href":"https:\/\/magyar-misszio.ch\/index.php?rest_route=\/wp\/v2\/pages\/50\/revisions\/7634"}],"wp:attachment":[{"href":"https:\/\/magyar-misszio.ch\/index.php?rest_route=%2Fwp%2Fv2%2Fmedia&parent=50"}],"curies":[{"name":"wp","href":"https:\/\/api.w.org\/{rel}","templated":true}]}}