{"id":5067,"date":"2023-05-13T14:28:37","date_gmt":"2023-05-13T14:28:37","guid":{"rendered":"https:\/\/magyar-misszio.ch\/?page_id=5067"},"modified":"2024-05-08T11:24:05","modified_gmt":"2024-05-08T11:24:05","slug":"elementor-5067","status":"publish","type":"page","link":"https:\/\/magyar-misszio.ch\/?page_id=5067","title":{"rendered":"Elementor #5067"},"content":{"rendered":"\t\t<div data-elementor-type=\"wp-page\" data-elementor-id=\"5067\" class=\"elementor elementor-5067\" data-elementor-post-type=\"page\">\n\t\t\t\t\t\t<section class=\"elementor-section elementor-top-section elementor-element elementor-element-58436419 elementor-section-boxed elementor-section-height-default elementor-section-height-default\" data-id=\"58436419\" data-element_type=\"section\">\n\t\t\t\t\t\t<div class=\"elementor-container elementor-column-gap-default\">\n\t\t\t\t\t<div class=\"elementor-column elementor-col-100 elementor-top-column elementor-element elementor-element-3a2c18fc\" data-id=\"3a2c18fc\" data-element_type=\"column\">\n\t\t\t<div class=\"elementor-widget-wrap elementor-element-populated\">\n\t\t\t\t\t\t<div class=\"elementor-element elementor-element-1a54716d elementor-widget elementor-widget-text-editor\" data-id=\"1a54716d\" data-element_type=\"widget\" data-widget_type=\"text-editor.default\">\n\t\t\t\t<div class=\"elementor-widget-container\">\n\t\t\t\t\t\t\t\t\t\t\t\t\t\t\t\t\t<\/div>\n\t\t\t\t<\/div>\n\t\t\t\t\t<\/div>\n\t\t<\/div>\n\t\t\t\t\t<\/div>\n\t\t<\/section>\n\t\t\t\t<section class=\"elementor-section elementor-top-section elementor-element elementor-element-3b78663 elementor-section-boxed elementor-section-height-default elementor-section-height-default\" data-id=\"3b78663\" data-element_type=\"section\">\n\t\t\t\t\t\t<div class=\"elementor-container elementor-column-gap-default\">\n\t\t\t\t\t<div class=\"elementor-column elementor-col-100 elementor-top-column elementor-element elementor-element-1e62912\" data-id=\"1e62912\" data-element_type=\"column\">\n\t\t\t<div class=\"elementor-widget-wrap elementor-element-populated\">\n\t\t\t\t\t\t<div class=\"elementor-element elementor-element-a41bc36 elementor-widget elementor-widget-text-editor\" data-id=\"a41bc36\" data-element_type=\"widget\" data-widget_type=\"text-editor.default\">\n\t\t\t\t<div class=\"elementor-widget-container\">\n\t\t\t\t\t\t\t\t\t<h1 style=\"text-align: center;\"><span style=\"color: #ff0000;\"><strong>\u201cJ\u00e1rjunk egy\u00fctt\u201d a szinod\u00e1lis \u00faton!<\/strong><\/span><\/h1>\n<h3><strong>A kapott t\u00e9m\u00e1kat, k\u00e9rd\u00e9seket kieg\u00e9sz\u00edtett\u00fck izgalmas saj\u00e1t k\u00e9rd\u00e9seinkkel, melyet <span style=\"color: #ff6600;\"><a style=\"color: #ff6600;\" href=\"https:\/\/magyar-misszio.ch\/wp-content\/uploads\/2021\/11\/szorolap-kerdesekkel.pdf\">itt tal\u00e1lhatunk meg<\/a> <\/span>(l\u00e1sd a k\u00e9k sz\u00ednnel jel\u00f6lteket).<\/strong><\/h3>\n<h3><span style=\"color: #0000ff;\">Ehhez a t\u00e9m\u00e1hoz<\/span> Facebook oldalunkon itt hozz\u00e1 lehet sz\u00f3lni:<\/h3>\n<p>kattints a k\u00e9pre:<\/p>\n<p><span style=\"color: #ff00ff;\">ez a facebook oldal m\u00e1r nem m\u0171d\u00f6dik<\/span><\/p>\n<p><br \/><img decoding=\"async\" class=\"size-medium wp-image-4977 alignright\" src=\"https:\/\/magyar-misszio.ch\/wp-content\/uploads\/2023\/04\/facebook-logonk.jpg-300x79.jpg\" sizes=\"(max-width: 300px) 100vw, 300px\" srcset=\"https:\/\/magyar-misszio.ch\/wp-content\/uploads\/2023\/04\/facebook-logonk.jpg-300x79.jpg 300w, https:\/\/magyar-misszio.ch\/wp-content\/uploads\/2023\/04\/facebook-logonk.jpg-1024x268.jpg 1024w, https:\/\/magyar-misszio.ch\/wp-content\/uploads\/2023\/04\/facebook-logonk.jpg-768x201.jpg 768w, https:\/\/magyar-misszio.ch\/wp-content\/uploads\/2023\/04\/facebook-logonk.jpg-1536x402.jpg 1536w, https:\/\/magyar-misszio.ch\/wp-content\/uploads\/2023\/04\/facebook-logonk.jpg-1080x283.jpg 1080w, https:\/\/magyar-misszio.ch\/wp-content\/uploads\/2023\/04\/facebook-logonk.jpg.jpg 1731w\" alt=\"\" width=\"300\" height=\"79\" data-id=\"4977\" \/><\/p>\n<p>\u00a0<\/p>\n<pre style=\"text-align: center;\">(online dial\u00f3gus oldalunk<a href=\"https:\/\/magyar-misszio.ch\/?page_id=2465&amp;preview_id=2465\" target=\"_blank\" rel=\"noopener\"> itt tal\u00e1lhat\u00f3<\/a>)<\/pre>\n<p><img fetchpriority=\"high\" decoding=\"async\" class=\"aligncenter wp-image-3470 size-large\" src=\"https:\/\/magyar-misszio.ch\/wp-content\/uploads\/2021\/10\/Franziskus-ganz-Ohr-kep.docx-1024x535.jpg\" alt=\"\" width=\"525\" height=\"274\" data-id=\"3470\" srcset=\"https:\/\/magyar-misszio.ch\/wp-content\/uploads\/2021\/10\/Franziskus-ganz-Ohr-kep.docx-1024x535.jpg 1024w, https:\/\/magyar-misszio.ch\/wp-content\/uploads\/2021\/10\/Franziskus-ganz-Ohr-kep.docx-300x157.jpg 300w, https:\/\/magyar-misszio.ch\/wp-content\/uploads\/2021\/10\/Franziskus-ganz-Ohr-kep.docx-768x401.jpg 768w, https:\/\/magyar-misszio.ch\/wp-content\/uploads\/2021\/10\/Franziskus-ganz-Ohr-kep.docx.jpg 1256w\" sizes=\"(max-width: 525px) 100vw, 525px\" \/><\/p>\n<h1 style=\"text-align: center;\"><span style=\"color: #ff0000;\"><strong>Szinod\u00e1lis \u00fat- mi is ez?<\/strong><\/span><\/h1>\n<ul>\n<li>A p\u00e1pa azt mondja: Isten azt v\u00e1rja most t\u0151l\u00fcnk, hogy nyitottak legy\u00fcnk, besz\u00e9lgess\u00fcnk egym\u00e1ssal az egyh\u00e1z \u00fcgyeir\u0151l \u00e9s Isten akkor valami sz\u00e9pet k\u00e9sz\u00edt el\u0151 nek\u00fcnk.<\/li>\n<li>A szin\u00f3dus g\u00f6r\u00f6g sz\u00f3 azt jelenti, hogy egybegy\u0171l\u00fcnk, tan\u00e1cskozunk, besz\u00e9lget\u00fcnk. A p\u00e1pa h\u00edv\u00e1s\u00e1ra a vil\u00e1g p\u00fcsp\u00f6kei k\u00f6z\u00fcl sokan tan\u00e1cskoz\u00e1sra gy\u0171lnek \u00f6ssze, ez a p\u00fcsp\u00f6ki szin\u00f3dus a szentatya vezet\u00e9s\u00e9vel.<br \/>Most el\u0151sz\u00f6r k\u00e9ri a p\u00e1pa a vil\u00e1g h\u00edveit, hogy gondolataikkal seg\u00edts\u00e9k ezt a tan\u00e1cskoz\u00e1st \u00e9s a d\u00f6nt\u00e9sek meghozatal\u00e1t a k\u00f6vetkez\u0151 p\u00fcsp\u00f6ki szin\u00f3dushoz 2023-ban. A h\u00edvek sz\u00e9lesk\u00f6r\u0171 bevon\u00e1s\u00e1t az egyh\u00e1z j\u00f6v\u0151j\u00e9nek fontos k\u00e9rd\u00e9seiben \u00fagy tudjuk megval\u00f3s\u00edtani, hogy minden katolikus egyh\u00e1zi k\u00f6z\u00f6ss\u00e9gben a vil\u00e1gon kisebb csoportokban le\u00fclnek besz\u00e9lgetni a megadott t\u00e9m\u00e1kr\u00f3l. Ez a folyamat a szinod\u00e1lis \u00fat, mely 2021. okt. 10-\u00e9n sokfel\u00e9 \u00fcnnep\u00e9lyes megnyit\u00e1ssal t\u00f6rt\u00e9nik. A mi misszi\u00f3nkban is szeretn\u00e9nk ezt a besz\u00e9lget\u00e9st meghirdetni. Okt. 17-megkaptuk a k\u00e9rd\u00e9s-sorozatot \u00e9s v\u00e1rjuk a jelentkez\u00e9seket, hogy kik j\u00f6nn\u00e9nek sz\u00edvesen besz\u00e9lget\u00e9sre.<\/li>\n<\/ul>\n<p><span style=\"color: #33cccc;\"><strong>Tov\u00e1bbi inform\u00e1ci\u00f3k<\/strong><\/span><\/p>\n<ul>\n<li>B\u0151vebben a p\u00e1pai \u00edr\u00e1st n\u00e9met\u00fcl\u00a0<a href=\"https:\/\/press.vatican.va\/content\/salastampa\/it\/bollettino\/pubblico\/2021\/09\/07\/0540\/01156.html#tedescook\">itt olvashatjuk<\/a>, magyarul a Deepl-program ford\u00edt\u00e1s\u00e1ban (n\u00e9h\u00e1ny hib\u00e1val)\u00a0<a href=\"https:\/\/magyar-misszio.ch\/wp-content\/uploads\/2021\/10\/szinodalis-ut-magyar.pdf\" target=\"_blank\" rel=\"noopener\">ide kattintva<\/a>\u00a0olvashatjuk<\/li>\n<li>Im\u00e1dkozzunk \u00e9rte, im\u00e1ds\u00e1g\u00a0<a href=\"https:\/\/magyar-misszio.ch\/wp-content\/uploads\/2021\/10\/Imadsag-a-zsinati-folyamatert.pdf\" target=\"_blank\" rel=\"noopener\">itt el\u00e9rhet\u0151<\/a>..<\/li>\n<li>sv\u00e1jci honlap:\u00a0<a href=\"https:\/\/www.wir-sind-ohr.ch\/\" target=\"_blank\" rel=\"noopener\">ww.wir-sind-ohr.ch<\/a><\/li>\n<li>megbesz\u00e9lend\u0151 k\u00e9rd\u00e9sek:\u00a0<a href=\"https:\/\/magyar-misszio.ch\/wp-content\/uploads\/2021\/10\/Fragen_synodaler_Prozess.pdf\" target=\"_blank\" rel=\"noopener\">n\u00e9met\u00fcl<\/a>,\u00a0<a href=\"https:\/\/magyar-misszio.ch\/wp-content\/uploads\/2021\/11\/szorolap-kerdesekkel.pdf\" target=\"_blank\" rel=\"noopener\"><span style=\"color: #ff6600;\">magyarul kieg\u00e9sz\u00edt\u00e9ssel<\/span>,<\/a>\u00a0(csoportvezet\u0151knek k\u00fcl\u00f6n gondolatok is vannak)<\/li>\n<li><a href=\"https:\/\/www.magyarkurir.hu\/hirek\/forditott-piramis-ferenc-papa-es-vilagegyhaz-szinodalis-folyamata\" target=\"_blank\" rel=\"noopener\">Magyar Kurir<\/a>,\u00a0 \u00a0<a href=\"https:\/\/www.vaticannews.va\/hu\/vatikan\/news\/2021-06\/rigai-ersek-a-2023-as-puspoki-szinodusrol.html\" target=\"_blank\" rel=\"noopener\">Vatik\u00e1ni h\u00edrek<\/a><\/li>\n<li>pr\u00e9dik\u00e1ci\u00f3\u00a0<a href=\"https:\/\/magyar-misszio.ch\/?page_id=1899#szinodus\" target=\"_blank\" rel=\"noopener\">ide kattintva\u2026<\/a><\/li>\n<\/ul>\t\t\t\t\t\t\t\t<\/div>\n\t\t\t\t<\/div>\n\t\t\t\t\t<\/div>\n\t\t<\/div>\n\t\t\t\t\t<\/div>\n\t\t<\/section>\n\t\t\t\t<\/div>\n\t\t","protected":false},"excerpt":{"rendered":"<p>\u201cJ\u00e1rjunk egy\u00fctt\u201d a szinod\u00e1lis \u00faton! A kapott t\u00e9m\u00e1kat, k\u00e9rd\u00e9seket kieg\u00e9sz\u00edtett\u00fck izgalmas saj\u00e1t k\u00e9rd\u00e9seinkkel, melyet itt tal\u00e1lhatunk meg (l\u00e1sd a k\u00e9k sz\u00ednnel jel\u00f6lteket). Ehhez a t\u00e9m\u00e1hoz Facebook oldalunkon itt hozz\u00e1 lehet sz\u00f3lni: kattints a k\u00e9pre: ez a facebook oldal m\u00e1r nem m\u0171d\u00f6dik \u00a0 (online dial\u00f3gus oldalunk itt tal\u00e1lhat\u00f3) Szinod\u00e1lis \u00fat- mi is ez? A p\u00e1pa azt &hellip; <\/p>\n<p class=\"link-more\"><a href=\"https:\/\/magyar-misszio.ch\/?page_id=5067\" class=\"more-link\"><span class=\"screen-reader-text\">\u201eElementor #5067\u201c<\/span> weiterlesen<\/a><\/p>\n","protected":false},"author":2,"featured_media":0,"parent":0,"menu_order":0,"comment_status":"closed","ping_status":"closed","template":"","meta":{"footnotes":""},"class_list":["post-5067","page","type-page","status-publish","hentry"],"_links":{"self":[{"href":"https:\/\/magyar-misszio.ch\/index.php?rest_route=\/wp\/v2\/pages\/5067","targetHints":{"allow":["GET"]}}],"collection":[{"href":"https:\/\/magyar-misszio.ch\/index.php?rest_route=\/wp\/v2\/pages"}],"about":[{"href":"https:\/\/magyar-misszio.ch\/index.php?rest_route=\/wp\/v2\/types\/page"}],"author":[{"embeddable":true,"href":"https:\/\/magyar-misszio.ch\/index.php?rest_route=\/wp\/v2\/users\/2"}],"replies":[{"embeddable":true,"href":"https:\/\/magyar-misszio.ch\/index.php?rest_route=%2Fwp%2Fv2%2Fcomments&post=5067"}],"version-history":[{"count":16,"href":"https:\/\/magyar-misszio.ch\/index.php?rest_route=\/wp\/v2\/pages\/5067\/revisions"}],"predecessor-version":[{"id":6522,"href":"https:\/\/magyar-misszio.ch\/index.php?rest_route=\/wp\/v2\/pages\/5067\/revisions\/6522"}],"wp:attachment":[{"href":"https:\/\/magyar-misszio.ch\/index.php?rest_route=%2Fwp%2Fv2%2Fmedia&parent=5067"}],"curies":[{"name":"wp","href":"https:\/\/api.w.org\/{rel}","templated":true}]}}