{"id":5124,"date":"2023-05-26T13:41:23","date_gmt":"2023-05-26T13:41:23","guid":{"rendered":"https:\/\/magyar-misszio.ch\/?page_id=5124"},"modified":"2024-05-08T11:08:19","modified_gmt":"2024-05-08T11:08:19","slug":"himnuszokrol","status":"publish","type":"page","link":"https:\/\/magyar-misszio.ch\/?page_id=5124","title":{"rendered":"himnuszokr\u00f3l"},"content":{"rendered":"\t\t<div data-elementor-type=\"wp-page\" data-elementor-id=\"5124\" class=\"elementor elementor-5124\" data-elementor-post-type=\"page\">\n\t\t\t\t\t\t<section class=\"elementor-section elementor-top-section elementor-element elementor-element-be536c0 elementor-section-boxed elementor-section-height-default elementor-section-height-default\" data-id=\"be536c0\" data-element_type=\"section\">\n\t\t\t\t\t\t<div class=\"elementor-container elementor-column-gap-default\">\n\t\t\t\t\t<div class=\"elementor-column elementor-col-100 elementor-top-column elementor-element elementor-element-6d4be082\" data-id=\"6d4be082\" data-element_type=\"column\">\n\t\t\t<div class=\"elementor-widget-wrap elementor-element-populated\">\n\t\t\t\t\t\t<div class=\"elementor-element elementor-element-407237cf elementor-widget elementor-widget-text-editor\" data-id=\"407237cf\" data-element_type=\"widget\" data-widget_type=\"text-editor.default\">\n\t\t\t\t<div class=\"elementor-widget-container\">\n\t\t\t\t\t\t\t\t\t\t\t\t\t\t\t\t\t<\/div>\n\t\t\t\t<\/div>\n\t\t\t\t\t<\/div>\n\t\t<\/div>\n\t\t\t\t\t<\/div>\n\t\t<\/section>\n\t\t\t\t<section class=\"elementor-section elementor-top-section elementor-element elementor-element-cc33d58 elementor-section-boxed elementor-section-height-default elementor-section-height-default\" data-id=\"cc33d58\" data-element_type=\"section\">\n\t\t\t\t\t\t<div class=\"elementor-container elementor-column-gap-default\">\n\t\t\t\t\t<div class=\"elementor-column elementor-col-50 elementor-top-column elementor-element elementor-element-a0864e8\" data-id=\"a0864e8\" data-element_type=\"column\">\n\t\t\t<div class=\"elementor-widget-wrap elementor-element-populated\">\n\t\t\t\t\t\t<div class=\"elementor-element elementor-element-552b0d5 elementor-widget elementor-widget-text-editor\" data-id=\"552b0d5\" data-element_type=\"widget\" data-widget_type=\"text-editor.default\">\n\t\t\t\t<div class=\"elementor-widget-container\">\n\t\t\t\t\t\t\t\t\t<h1 style=\"text-align: center;\"><strong><span style=\"color: #ff0000;\">\u00daj \u00e9s r\u00e9gi <\/span><\/strong><br \/><strong><span style=\"color: #ff0000;\">sz\u00e9kelyhimnuszr\u00f3l, <\/span><\/strong><br \/><strong><span style=\"color: #ff0000;\">magyar himnuszr\u00f3l<\/span><\/strong><\/h1>\t\t\t\t\t\t\t\t<\/div>\n\t\t\t\t<\/div>\n\t\t\t\t\t<\/div>\n\t\t<\/div>\n\t\t\t\t<div class=\"elementor-column elementor-col-50 elementor-top-column elementor-element elementor-element-6fa69e5\" data-id=\"6fa69e5\" data-element_type=\"column\">\n\t\t\t<div class=\"elementor-widget-wrap elementor-element-populated\">\n\t\t\t\t\t\t<div class=\"elementor-element elementor-element-ed925f0 elementor-widget elementor-widget-image\" data-id=\"ed925f0\" data-element_type=\"widget\" data-widget_type=\"image.default\">\n\t\t\t\t<div class=\"elementor-widget-container\">\n\t\t\t\t\t\t\t\t\t\t\t\t\t\t\t<img fetchpriority=\"high\" decoding=\"async\" width=\"740\" height=\"617\" src=\"https:\/\/magyar-misszio.ch\/wp-content\/uploads\/2023\/05\/Csiksomlyo.jpg-768x640.jpg\" class=\"attachment-medium_large size-medium_large wp-image-5149\" alt=\"\" srcset=\"https:\/\/magyar-misszio.ch\/wp-content\/uploads\/2023\/05\/Csiksomlyo.jpg-768x640.jpg 768w, https:\/\/magyar-misszio.ch\/wp-content\/uploads\/2023\/05\/Csiksomlyo.jpg-300x250.jpg 300w, https:\/\/magyar-misszio.ch\/wp-content\/uploads\/2023\/05\/Csiksomlyo.jpg-1024x853.jpg 1024w, https:\/\/magyar-misszio.ch\/wp-content\/uploads\/2023\/05\/Csiksomlyo.jpg-1536x1280.jpg 1536w, https:\/\/magyar-misszio.ch\/wp-content\/uploads\/2023\/05\/Csiksomlyo.jpg-1080x900.jpg 1080w, https:\/\/magyar-misszio.ch\/wp-content\/uploads\/2023\/05\/Csiksomlyo.jpg.jpg 1563w\" sizes=\"100vw\" \/>\t\t\t\t\t\t\t\t\t\t\t\t\t\t\t<\/div>\n\t\t\t\t<\/div>\n\t\t\t\t\t<\/div>\n\t\t<\/div>\n\t\t\t\t\t<\/div>\n\t\t<\/section>\n\t\t\t\t<section class=\"elementor-section elementor-top-section elementor-element elementor-element-3418a81 elementor-section-boxed elementor-section-height-default elementor-section-height-default\" data-id=\"3418a81\" data-element_type=\"section\">\n\t\t\t\t\t\t<div class=\"elementor-container elementor-column-gap-default\">\n\t\t\t\t\t<div class=\"elementor-column elementor-col-100 elementor-top-column elementor-element elementor-element-e1249cc\" data-id=\"e1249cc\" data-element_type=\"column\">\n\t\t\t<div class=\"elementor-widget-wrap elementor-element-populated\">\n\t\t\t\t\t\t<div class=\"elementor-element elementor-element-94f6848 elementor-widget elementor-widget-text-editor\" data-id=\"94f6848\" data-element_type=\"widget\" data-widget_type=\"text-editor.default\">\n\t\t\t\t<div class=\"elementor-widget-container\">\n\t\t\t\t\t\t\t\t\t<pre style=\"text-align: center;\">(online dial\u00f3gus oldalunk<a href=\"https:\/\/magyar-misszio.ch\/?page_id=2465&amp;preview_id=2465\" target=\"_blank\" rel=\"noopener\"> itt tal\u00e1lhat\u00f3<\/a>)<\/pre>\t\t\t\t\t\t\t\t<\/div>\n\t\t\t\t<\/div>\n\t\t\t\t\t<\/div>\n\t\t<\/div>\n\t\t\t\t\t<\/div>\n\t\t<\/section>\n\t\t\t\t<section class=\"elementor-section elementor-top-section elementor-element elementor-element-1b53a71 elementor-section-boxed elementor-section-height-default elementor-section-height-default\" data-id=\"1b53a71\" data-element_type=\"section\">\n\t\t\t\t\t\t<div class=\"elementor-container elementor-column-gap-default\">\n\t\t\t\t\t<div class=\"elementor-column elementor-col-66 elementor-top-column elementor-element elementor-element-7328913\" data-id=\"7328913\" data-element_type=\"column\">\n\t\t\t<div class=\"elementor-widget-wrap elementor-element-populated\">\n\t\t\t\t\t\t<div class=\"elementor-element elementor-element-edb5cfc elementor-widget elementor-widget-text-editor\" data-id=\"edb5cfc\" data-element_type=\"widget\" data-widget_type=\"text-editor.default\">\n\t\t\t\t<div class=\"elementor-widget-container\">\n\t\t\t\t\t\t\t\t\t<p>Sok \u00e9vvel ezel\u0151tt minden vas\u00e1rnap \u00e9nekelt\u00e9k a h\u00edvek a most sz\u00e9kely himnusznak ismert dalt, majd a h\u00edvek k\u00e9r\u00e9s\u00e9re \u00fagy d\u00f6nt\u00f6tt a misszi\u00f3, hogy csak havonta egyszer. Amikor \u00e9n ide \u00e9rkeztem, azt l\u00e1ttam, hogy egy idje valamilyen okn\u00e1l fogva ism\u00e9t s\u0171r\u0171bben \u00e9nekelt\u00e9k. Majd a kovid j\u00e1rv\u00e1ny alatt nem \u00e9nekelhett\u00fcnk k\u00e9t \u00e9neket egym\u00e1s ut\u00e1n, \u00edgy elmaradt. Az\u00f3ta t\u00f6bb ember k\u00e9rdezte, hogy mi\u00e9rt nem \u00e9nekelj\u00fck. K\u00f6zben ugyanis volt egy furcsa \u00e9rz\u00e9sem err\u0151l a dalr\u00f3l \u00e9s\u00a0 igyekeztem ut\u00e1naj\u00e1rni. Ez sok ideig eltartott. K\u00f6zv\u00e9lem\u00e9nykutat\u00e1st csin\u00e1ltam az eur\u00f3pai magyar misszi\u00f3kn\u00e1l ill. lelk\u00e9szekn\u00e9l, majd okt\u00f3bert\u0151l id\u0151hi\u00e1ny miatt nem jutott id\u0151 ennek megt\u00e1rgyal\u00e1s\u00e1ra az Egyh\u00e1ztan\u00e1csi gy\u0171l\u00e9seken, csak a legut\u00f3bbi m\u00e1jusi gy\u0171l\u00e9sen sz\u00fcletett d\u00f6nt\u00e9s. \u00cdme az eredm\u00e9ny:<br \/><strong>(d\u00f6nt\u00e9s\u00fcnket a v\u00e9g\u00e9n olvashatjuk)<\/strong><\/p>\t\t\t\t\t\t\t\t<\/div>\n\t\t\t\t<\/div>\n\t\t\t\t\t<\/div>\n\t\t<\/div>\n\t\t\t\t<div class=\"elementor-column elementor-col-33 elementor-top-column elementor-element elementor-element-100de67\" data-id=\"100de67\" data-element_type=\"column\">\n\t\t\t<div class=\"elementor-widget-wrap elementor-element-populated\">\n\t\t\t\t\t\t<div class=\"elementor-element elementor-element-294dc44 elementor-widget elementor-widget-text-editor\" data-id=\"294dc44\" data-element_type=\"widget\" data-widget_type=\"text-editor.default\">\n\t\t\t\t<div class=\"elementor-widget-container\">\n\t\t\t\t\t\t\t\t\t<h3><strong><span style=\"color: #3366ff;\">Facebook oldalunkon hozz\u00e1 lehet sz\u00f3lni:<\/span><\/strong><\/h3>\n<p>kattints a k\u00e9pre: <img decoding=\"async\" class=\"size-medium wp-image-4977 alignright\" src=\"https:\/\/magyar-misszio.ch\/wp-content\/uploads\/2023\/04\/facebook-logonk.jpg-300x79.jpg\" alt=\"\" width=\"300\" height=\"79\" data-id=\"4977\" srcset=\"https:\/\/magyar-misszio.ch\/wp-content\/uploads\/2023\/04\/facebook-logonk.jpg-300x79.jpg 300w, https:\/\/magyar-misszio.ch\/wp-content\/uploads\/2023\/04\/facebook-logonk.jpg-1024x268.jpg 1024w, https:\/\/magyar-misszio.ch\/wp-content\/uploads\/2023\/04\/facebook-logonk.jpg-768x201.jpg 768w, https:\/\/magyar-misszio.ch\/wp-content\/uploads\/2023\/04\/facebook-logonk.jpg-1536x402.jpg 1536w, https:\/\/magyar-misszio.ch\/wp-content\/uploads\/2023\/04\/facebook-logonk.jpg-1080x283.jpg 1080w, https:\/\/magyar-misszio.ch\/wp-content\/uploads\/2023\/04\/facebook-logonk.jpg.jpg 1731w\" sizes=\"(max-width: 300px) 100vw, 300px\" \/><\/p>\n<p>\u00a0<\/p>\n<p><span style=\"color: #ff0000;\">ez a facebook oldal m\u00e1r nem m\u0171k\u00f6dik<\/span><\/p>\t\t\t\t\t\t\t\t<\/div>\n\t\t\t\t<\/div>\n\t\t\t\t\t<\/div>\n\t\t<\/div>\n\t\t\t\t\t<\/div>\n\t\t<\/section>\n\t\t\t\t<section class=\"elementor-section elementor-top-section elementor-element elementor-element-e7cb64a elementor-section-boxed elementor-section-height-default elementor-section-height-default\" data-id=\"e7cb64a\" data-element_type=\"section\">\n\t\t\t\t\t\t<div class=\"elementor-container elementor-column-gap-default\">\n\t\t\t\t\t<div class=\"elementor-column elementor-col-100 elementor-top-column elementor-element elementor-element-3aa093c\" data-id=\"3aa093c\" data-element_type=\"column\">\n\t\t\t<div class=\"elementor-widget-wrap elementor-element-populated\">\n\t\t\t\t\t\t<div class=\"elementor-element elementor-element-ae4178d elementor-widget elementor-widget-text-editor\" data-id=\"ae4178d\" data-element_type=\"widget\" data-widget_type=\"text-editor.default\">\n\t\t\t\t<div class=\"elementor-widget-container\">\n\t\t\t\t\t\t\t\t\t<h4><strong><span style=\"color: #0000ff;\">I. Eur\u00f3pai magyar misszi\u00f3k lelk\u00e9szei<\/span><\/strong><\/h4>\n<p>2022. m\u00e1jus\u00e1ban megk\u00e9rdeztem az eur\u00f3pai magyar misszi\u00f3k lelk\u00e9szeit (t\u00f6bb mint 20 atya) a r\u00e9gi \u00e9s az \u00faj sz\u00e9kelyhimnusz \u00e9s a magyar himnusz \u00e9nekl\u00e9s\u00e9t illet\u0151en. A k\u00f6vetkez\u0151k\u00e9ppen:<\/p>\n<p><strong><span style=\"color: #0000ff;\">\u00a0I.1.Felv\u00e1zoltam a probl\u00e9m\u00e1t a lelk\u00e9szeknek:<\/span><\/strong><\/p>\n<ul>\n<li style=\"list-style-type: none;\">\n<ul>\n<li>Magyarorsz\u00e1gi szolg\u00e1latom alatt ritk\u00e1n \u00e9nekelt\u00fck a magyar himnusz ut\u00e1n.<\/li>\n<li>Egyszer azt\u00e1n kor\u00e1bbi v\u00e1ci p\u00fcsp\u00f6k\u00f6m (dr. Beer Mikl\u00f3s) egy papi gy\u0171l\u00e9sen megjegyezte, hogy ennek mis\u00e9n val\u00f3 \u00e9nekl\u00e9s\u00e9vel nem mindenki \u00e9rt egyet. \u00d6nmag\u00e1ban az is k\u00e9rd\u00e9ses, hogy mi\u00e9rt \u00e9nekelj\u00fck a magyar himnuszt, mivel m\u00e1s nemzet ezt nem is teszi. De megmagyar\u00e1zhatjuk: mivel im\u00e1ds\u00e1g. Azonban ezt erre a sz\u00e9kelyhimnuszra m\u00e1r nem lehet mondani.<\/li>\n<li>Majd kutakodtam \u00e9s nagyon megd\u00f6bbentem. Megd\u00f6bbentem, hogy a ma sz\u00e9kelyhimnusznak tartott m\u0171dal csak a XX. sz\u00e1zadban keletkezett reform\u00e1tus fiatalokt\u00f3l. De enn\u00e9l m\u00e9g jobban megd\u00f6bbentem, hogy l\u00e9tezik egy r\u00e9gi sz\u00e9kelyhimnusz, ami egy gy\u00f6ny\u00f6r\u0171 im\u00e1ds\u00e1g (\u00d3 \u00e9n \u00e9des j\u00f3 Istenem). Majd megtudtam, hogy ezt is szeretik \u00e9nekelni, pl. Cs\u00edksomly\u00f3n is.<\/li>\n<li>\u00c9rtetlenkedtem: mi\u00e9rt kellett egy gy\u00f6ny\u00f6r\u0171 im\u00e1ds\u00e1got sutba rakni \u00e9s egy m\u0171dal\u00e1val kicser\u00e9li, amiben \u00e9ppenhogy meg van valahol eml\u00edtve Isten neve, de val\u00f3j\u00e1ban nem im\u00e1ds\u00e1g \u00e9s M\u00e1ri\u00e1t is sz\u00e1m\u0171zt\u00e9k bel\u0151le. \u00c9n nem vagyok sz\u00e9kely, de nem \u00e9rtem, hogy a sz\u00e9kelyek mi\u00e9rt nem veszik v\u00e9delm\u00fckbe az eredeti \u00e9neket. T\u00e9vedtem: vannak sokan sz\u00e9kelyek, akik v\u00e9delm\u00fckbe veszik.<\/li>\n<li>Visszat\u00e9rve az objektivit\u00e1shoz. M\u00e1svalaki azt k\u00e9rdezte t\u0151lem, hogy mi\u00e9rt csak a sz\u00e9kelyeknek tesz\u00fcnk a kedv\u00e9re, hiszen n\u00e1lunk is legal\u00e1bb annyian vannak az anyaorsz\u00e1gb\u00f3l val\u00f3k mellett Felvid\u00e9kr\u0151l (ld.pl. <a href=\"https:\/\/youtu.be\/2C90d79eld8\">ide kattintva\u2026<\/a>), D\u00e9lvid\u00e9kr\u0151l (ld.pl. <a href=\"https:\/\/youtu.be\/kG0aYofZBtE\">ide kattintva\u2026<\/a>), \u00e9s most m\u00e1r lehet\u00a0 hogy j\u00f6nnek K\u00e1rp\u00e1talj\u00e1r\u00f3l (ld.pl. <a href=\"https:\/\/youtu.be\/riO5wUPLKaA\">ide kattintva\u2026<\/a>) \u00e9s ak\u00e1r Cs\u00e1ng\u00f3f\u00f6ldr\u0151l (ld.pl. <a href=\"https:\/\/youtu.be\/xmYS9qTzVWc\">ide kattintva\u2026<\/a>). Az \u0151 dalaikat is \u00e9nekelni kellene akkor.<\/li>\n<li>N\u00e9zz\u00fck meg az \u00fan. r\u00e9gi sz\u00e9kelyhimnuszt:<img decoding=\"async\" class=\"aligncenter wp-image-5262 size-large\" src=\"https:\/\/magyar-misszio.ch\/wp-content\/uploads\/2023\/06\/regi-szekely-himn.jpg-1024x559.jpg\" alt=\"\" width=\"525\" height=\"287\" data-id=\"5262\" srcset=\"https:\/\/magyar-misszio.ch\/wp-content\/uploads\/2023\/06\/regi-szekely-himn.jpg-1024x559.jpg 1024w, https:\/\/magyar-misszio.ch\/wp-content\/uploads\/2023\/06\/regi-szekely-himn.jpg-300x164.jpg 300w, https:\/\/magyar-misszio.ch\/wp-content\/uploads\/2023\/06\/regi-szekely-himn.jpg-768x419.jpg 768w, https:\/\/magyar-misszio.ch\/wp-content\/uploads\/2023\/06\/regi-szekely-himn.jpg-1080x590.jpg 1080w, https:\/\/magyar-misszio.ch\/wp-content\/uploads\/2023\/06\/regi-szekely-himn.jpg.jpg 1428w\" sizes=\"(max-width: 525px) 100vw, 525px\" \/><\/li>\n<\/ul>\n<\/li>\n<\/ul>\n<ol>\n<li style=\"list-style-type: none;\">\n<ol>\n<li style=\"list-style-type: none;\">\n<ol>\n<li>\u00d3, \u00e9n \u00e9des j\u00f3 Istenem, \/ Oltalmaz\u00f3m, segedelmem,<br \/>V\u00e1ndorl\u00e1sban rem\u00e9nys\u00e9gem, \/ \u00cdns\u00e9gemben l\u00e1gy kenyerem.<\/li>\n<li>V\u00e1ndor fecske sebes sz\u00e1rny\u00e1t, v\u00e1ndorleg\u00e9ny v\u00e1ndorbotj\u00e1t,<br \/>V\u00e1ndor sz\u00e9kely rem\u00e9nys\u00e9g\u00e9t, J\u00e9zus, \u00e1ldd meg Erd\u00e9ly f\u00f6ldj\u00e9t!<\/li>\n<li>V\u00e1ndorfecske hazatal\u00e1lt, \u00e9desanyja f\u00e9szk\u00e9re sz\u00e1llt. <br \/>Hazaj\u00f6tt\u00e9t meg\u00e1ldotta Boldogs\u00e1gos Sz\u0171z M\u00e1ria.<\/li>\n<li>J\u00e9zus \u00e1ldd meg Erd\u00e9ly f\u00f6ldj\u00e9t, Erd\u00e9ly Benned b\u00edz\u00f3 n\u00e9p\u00e9t. <br \/>Hogy ha \u00fagy f\u00e1j sz\u00edve t\u00e1ja, Te legy\u00e9l a v\u00e9gs\u0151 v\u00e1gya!<\/li>\n<li>Adjon Isten b\u00e9kess\u00e9get, szent haz\u00e1nkba csendess\u00e9get,<br \/>hogy lakhassunk b\u00e9kess\u00e9gben, szent nevednek v\u00e9delm\u00e9ben.<\/li>\n<\/ol>\n<\/li>\n<\/ol>\n<\/li>\n<\/ol>\n<p style=\"padding-left: 120px;\"><em>4.versszak: Golarits Istv\u00e1nt\u00f3l, 1988, Z\u00fcrich<br \/>5.versszak: N\u00e9metorsz\u00e1gb\u00f3l (Kempten)<br \/><\/em><\/p>\n<p style=\"padding-left: 120px;\"><em>Eredeti sz\u00f6vege kb . 1350-b\u0151l (Cs\u00edksomly\u00f3i M\u00e1ria-siralom). Ut\u00e1na tal\u00e1n a XX. sz\u00e1zad 20- as \u00e9veiben valaki &#8211; ismeretlen szerz\u0151 &#8211; korszer\u0171sithette a sz\u00f6veget. A n\u00e9p ajk\u00e1n sz\u00e1ll\u00f3 sz\u00f6vegek eset\u00e9ben ez term\u00e9szetes.<br \/>A dallamot nem Bart\u00f3k B\u00e9la \u00edrta (hanem 1350-b\u0151l val\u00f3), \u0151 lejegyezte a Cs\u00edki-medenc\u00e9ben ezt a dallamot az emberekt\u0151l, kiknek eml\u00e9k\u00e9ben \u00e9lt. Ez\u00e9rt hasonl\u00edt a Bart\u00f3k B\u00e9la \u00e1ltal \u00edrt &#8222;Egy este a sz\u00e9kelyekn\u00e9l&#8220; c. zenem\u0171 nyit\u00e1ny\u00e1hoz (hallgasd meg <a href=\"https:\/\/youtu.be\/QvdJSVmi404\">ide kattintva\u2026<\/a>)<br \/>A dalt meghallgathatjuk a K\u00e1rp\u00e1tia egy\u00fcttes sz\u00e9p el\u0151ad\u00e1s\u00e1ban (plussz verszakokkal is) <a href=\"https:\/\/youtu.be\/CCmYORWU4OY\">ide kattintva\u2026<\/a><br \/><\/em><\/p>\n<p><strong><span style=\"color: #0000ff;\">\u00a0I.2. Az aty\u00e1k v\u00e1lasz\u00e1nak \u00f6sszegz\u00e9se<\/span><\/strong><\/p>\n<p>\u00c1ltal\u00e1noss\u00e1gban \u00e9rezhet\u0151, hogy a probl\u00e9m\u00e1t m\u00e1r r\u00e9g\u00f3ta \u00e9rz\u00e9kelik \u00e9s \u00e9rdekes megold\u00e1sok sz\u00fclettek a sz\u00e9kelyhimnusz \u00e9nekl\u00e9s\u00e9re.<\/p>\n<ul>\n<li style=\"list-style-type: none;\">\n<ul>\n<li>Kev\u00e9s helyen \u00e9neklik a sz\u00e9kely himnuszt gyakran: Passauban \u00e9s a stuttgarti mis\u00e9z\u0151helyeken is \u00fajabban (Tempfli atya nyugd\u00edjaz\u00e1sa ut\u00e1n).<\/li>\n<li>Van, ahol egy\u00e1ltal\u00e1n nem \u00e9neklik: Pr\u00e1g\u00e1ban, R\u00f3m\u00e1ban, Mil\u00e1n\u00f3ban<\/li>\n<li>Nagyon ritk\u00e1n \u00e9neklik, egy \u00e9vben egyszer-k\u00e9tszer (csak magyar \u00fcnnepen): Br\u00fcsszelben, M\u00fcnchenben, B\u00e9csben (P\u00e1zm\u00e1neum)<\/li>\n<\/ul>\n<\/li>\n<\/ul>\n<p>A n\u00e9metorsz\u00e1gi magyar lelk\u00e9szek t\u00f6bb \u00e9vvel ezel\u0151tt majd egy \u00e9vig tanakodtak err\u0151l, a Magyar Katolikus P\u00fcsp\u00f6ki Kart is bekapcsolt\u00e1k tan\u00e1csot k\u00e9rve. \u00cdgy alakult ki az, hogy a magyar \u00fcnnepeken \u00e9neklik csak \u00e1ltal\u00e1ban. S\u0151t meglep\u0151 tal\u00e1n m\u00e9g az \u00e1ltal\u00e1nos konkl\u00fazi\u00f3: \u201aA magyar himnuszt sem kell t\u00fal gyakran \u00e9nekelni, mert akkor nem \u00e9neklik az emberek a sok sz\u00e9p m\u00e1sf\u00e9le \u00e9neket (pl. Hozsanna stb), m\u00e1sr\u00e9szt amit mindig \u00e9nekl\u00fcnk, az elsil\u00e1nyul \u2013 meg kell adni a m\u00e9lt\u00f3s\u00e1g\u00e1t \u00e9s \u00fcnnep\u00e9lyess\u00e9g\u00e9t a himnusznak.\u201d Egy m\u00e1sik f\u0151lelk\u00e9sz: \u201eLiturgikusan sem \u00e9s pedag\u00f3giailag sem szerencs\u00e9s &#8211; megl\u00e1t\u00e1som szerint &#8211; a himnuszt el\u00e9nekelni minden magyar szentmise v\u00e9g\u00e9n.\u201c<\/p>\n<p>A magyar himnusz \u00e9nekl\u00e9s\u00e9r\u0151l:<\/p>\n<ul>\n<li style=\"list-style-type: none;\">\n<ul>\n<li>Kev\u00e9s helyen \u00e9neklik a magyar himnuszt gyakran: Passauban \u00e9s a stuttgarti mis\u00e9z\u0151helyeken is \u00fajabban (Tempfli atya nyugd\u00edjaz\u00e1sa ut\u00e1n).<\/li>\n<li>csak nemzeti \u00fcnnepen: Br\u00fcsszelben<\/li>\n<li>nagyobb egyh\u00e1zi \u00fcnnepeken is: M\u00fcnchenben, Pr\u00e1g\u00e1ban, R\u00f3ma, Mil\u00e1n\u00f3, B\u00e9cs (P\u00e1zm\u00e1neum)<\/li>\n<\/ul>\n<\/li>\n<\/ul>\n<p><strong><span style=\"color: #0000ff;\">\u00a0I.3. Egy\u00e9b v\u00e9lem\u00e9nyek<\/span><\/strong><\/p>\n<p>Meglepett m\u00e9g egy nem misszi\u00f3s atya v\u00e9lem\u00e9nye, akit az\u00e9rt k\u00e9rdeztem, mivel erd\u00e9lyi \u00e9s zen\u00e9sz \u00e9s liturgiai szakember: Illy\u00e9s Zsolt. Hat\u00e1rozottan elmondta, hogy a katolikus szentmis\u00e9kn\u00e9l ne \u00e9nekelj\u00fck az \u00faj sz\u00e9kelyhimnuszt. Ez az \u00e9nek nem kereszt\u00e9ny lelkis\u00e9g\u0171 (mi nem v\u00e9gzetben, hanem Gondvisel\u00e9sben hisz\u00fcnk; nem Csaba kir\u00e1lyfit k\u00e9rj\u00fck, hanem az Urat seg\u00edts\u00e9g\u00fcl), s\u0151t zeneileg egy m\u0171dal, \u00e9rt\u00e9ke meg sem k\u00f6zel\u00edti a r\u00e9gi sz\u00e9kelyhimnuszt, amire Bart\u00f3k B\u00e9la is felfigyelt. Elmondta, hogy \u0151 megsz\u00fcntette teh\u00e1t az \u00e9nekl\u00e9s\u00e9t szentmis\u00e9k alkalm\u00e1val, \u00e9s sokan tudj\u00e1k is ezt Erd\u00e9lyben.<br \/>Ugyanezt a v\u00e9lem\u00e9nyt fogalmazta meg Dobszay L\u00e1szl\u00f3 elismert magyar zen\u00e9sz is \u00fajs\u00e1gcikkj\u00e9ben (<a href=\"https:\/\/hvg.hu\/velemeny\/200631HVGFriss170\">linkje itt,<\/a> vagy<a href=\"https:\/\/magyar-misszio.ch\/wp-content\/uploads\/2023\/05\/Dobszay-Laszlo-az-ujabb-szekely-himnuszrol.pdf\" target=\"_blank\" rel=\"noopener\"> let\u00f6lthet\u0151 itt\u2026<\/a>), csak \u0151 sokkal kem\u00e9nyebben: \u201eSok minden\u00e9rt sajn\u00e1lom a sz\u00e9kelyeket, de legjobban tal\u00e1n a mostan\u00e1ban egyre t\u00f6bb politikai rendezv\u00e9nyen is elhangz\u00f3 &#8222;sz\u00e9kely himnusz\u00e9rt&#8220;. Enn\u00e9l biztosan jobbat \u00e9rdemeltek.\u201c<\/p>\n<h4><strong><span style=\"color: #0000ff;\">II. A Z\u00fcrichi Magyar Misszi\u00f3 d\u00f6nt\u00e9se<\/span><\/strong><\/h4>\n<p>Egyh\u00e1ztan\u00e1csunk 2022. okt\u00f3ber\u00e9ben kezdett el ezzel a k\u00e9rd\u00e9ssel foglalkozni, \u00e9s 2023. m\u00e1j. 12-i gy\u0171l\u00e9s\u00fcnk\u00f6n r\u00e9szletesen besz\u00e9lgett\u00fcnk r\u00f3la.<\/p>\n<p>Mivel katolikus k\u00f6z\u00f6ss\u00e9g vagyunk ez\u00e9rt:<\/p>\n<ul>\n<li style=\"list-style-type: none;\">\n<ul>\n<li>szeretn\u00e9nk az eredeti, r\u00e9gi im\u00e1ds\u00e1gos sz\u00e9kelyhimnusznak t\u00f6bb teret adni, de az \u00fajat is id\u0151nk\u00e9nt \u00e9nekelni.<\/li>\n<li>Fontosnak tartjuk az \u00f6kumen\u00e9t \u00e9s minden magyart, akik megszerett\u00e9k az \u00faj sz\u00e9kely himnuszt is.<\/li>\n<li>szeretn\u00e9nk a magyar katolikus egyh\u00e1z szok\u00e1sa szerint a p\u00e1pai himnuszt is \u00e9nekelni \u00fcnnepeken (kattints ide\u2026.)<\/li>\n<\/ul>\n<\/li>\n<\/ul>\n<p>\u00cdgy a himnuszokra vonatkoz\u00f3lag a k\u00f6vetkez\u0151 d\u00f6nt\u00e9s sz\u00fcletett (ellenszavazat \u00e9s tart\u00f3zkod\u00e1s n\u00e9lk\u00fcl):<\/p>\n<ol>\n<li style=\"list-style-type: none;\">\n<ol>\n<li>p\u00e1pai himnusz: \u00e9vente n\u00e9gyszer (kar\u00e1csony, h\u00fasv\u00e9t, p\u00fcnk\u00f6sd, P\u00e9ter-P\u00e1l nap)<\/li>\n<li>magyar himnusz: mivel im\u00e1ds\u00e1gk\u00e9nt gondolunk r\u00e1 a nemzeti \u00e9rz\u00fclet mellett,ez\u00e9rt nem v\u00e1ltoztatunk a rendszeres \u00e9nekl\u00e9s\u00e9n<\/li>\n<\/ol>\n<\/li>\n<\/ol>\n<ol>\n<li style=\"list-style-type: none;\">\n<ol start=\"3\">\n<li>r\u00e9gi sz\u00e9kely himnusz (\u201e\u00d3, \u00e9n \u00e9des j\u00f3 Istenem\u201d): havonta egyszer, minden h\u00f3nap els\u0151 szentmis\u00e9j\u00e9n (a k\u00f6z\u00f6ss\u00e9g\u00fcnk\u00e9rt van felaj\u00e1nlva)<\/li>\n<li>\u00faj sz\u00e9kely himnusz (\u201eKi tudja, merre\u201d): magyar nemzeti \u00fcnnepeken, \u00f6kumenikus alkalmakkor<\/li>\n<\/ol>\n<\/li>\n<\/ol>\n<p>\u00a0<\/p>\n<p style=\"text-align: right;\">Szeretettel:<\/p>\n<p style=\"text-align: right;\">Varga P\u00e9ter atya<\/p>\n<p style=\"text-align: right;\">Z\u00fcrich, 2023. p\u00fcnk\u00f6sdj\u00e9n<\/p>\n<p style=\"text-align: right;\">\u00a0<\/p>\n<p>\u00a0<\/p>\t\t\t\t\t\t\t\t<\/div>\n\t\t\t\t<\/div>\n\t\t\t\t\t<\/div>\n\t\t<\/div>\n\t\t\t\t\t<\/div>\n\t\t<\/section>\n\t\t\t\t<\/div>\n\t\t","protected":false},"excerpt":{"rendered":"<p>\u00daj \u00e9s r\u00e9gi sz\u00e9kelyhimnuszr\u00f3l, magyar himnuszr\u00f3l (online dial\u00f3gus oldalunk itt tal\u00e1lhat\u00f3) Sok \u00e9vvel ezel\u0151tt minden vas\u00e1rnap \u00e9nekelt\u00e9k a h\u00edvek a most sz\u00e9kely himnusznak ismert dalt, majd a h\u00edvek k\u00e9r\u00e9s\u00e9re \u00fagy d\u00f6nt\u00f6tt a misszi\u00f3, hogy csak havonta egyszer. Amikor \u00e9n ide \u00e9rkeztem, azt l\u00e1ttam, hogy egy idje valamilyen okn\u00e1l fogva ism\u00e9t s\u0171r\u0171bben \u00e9nekelt\u00e9k. Majd a kovid &hellip; <\/p>\n<p class=\"link-more\"><a href=\"https:\/\/magyar-misszio.ch\/?page_id=5124\" class=\"more-link\"><span class=\"screen-reader-text\">\u201ehimnuszokr\u00f3l\u201c<\/span> weiterlesen<\/a><\/p>\n","protected":false},"author":2,"featured_media":0,"parent":0,"menu_order":0,"comment_status":"closed","ping_status":"closed","template":"","meta":{"footnotes":""},"class_list":["post-5124","page","type-page","status-publish","hentry"],"_links":{"self":[{"href":"https:\/\/magyar-misszio.ch\/index.php?rest_route=\/wp\/v2\/pages\/5124","targetHints":{"allow":["GET"]}}],"collection":[{"href":"https:\/\/magyar-misszio.ch\/index.php?rest_route=\/wp\/v2\/pages"}],"about":[{"href":"https:\/\/magyar-misszio.ch\/index.php?rest_route=\/wp\/v2\/types\/page"}],"author":[{"embeddable":true,"href":"https:\/\/magyar-misszio.ch\/index.php?rest_route=\/wp\/v2\/users\/2"}],"replies":[{"embeddable":true,"href":"https:\/\/magyar-misszio.ch\/index.php?rest_route=%2Fwp%2Fv2%2Fcomments&post=5124"}],"version-history":[{"count":40,"href":"https:\/\/magyar-misszio.ch\/index.php?rest_route=\/wp\/v2\/pages\/5124\/revisions"}],"predecessor-version":[{"id":6512,"href":"https:\/\/magyar-misszio.ch\/index.php?rest_route=\/wp\/v2\/pages\/5124\/revisions\/6512"}],"wp:attachment":[{"href":"https:\/\/magyar-misszio.ch\/index.php?rest_route=%2Fwp%2Fv2%2Fmedia&parent=5124"}],"curies":[{"name":"wp","href":"https:\/\/api.w.org\/{rel}","templated":true}]}}