{"id":5218,"date":"2023-05-27T19:01:10","date_gmt":"2023-05-27T19:01:10","guid":{"rendered":"https:\/\/magyar-misszio.ch\/?page_id=5218"},"modified":"2024-05-08T11:09:42","modified_gmt":"2024-05-08T11:09:42","slug":"jezus-tud-boldogitani-teged","status":"publish","type":"page","link":"https:\/\/magyar-misszio.ch\/?page_id=5218","title":{"rendered":"J\u00e9zus tud boldog\u00edtani t\u00e9ged"},"content":{"rendered":"\t\t<div data-elementor-type=\"wp-page\" data-elementor-id=\"5218\" class=\"elementor elementor-5218\" data-elementor-post-type=\"page\">\n\t\t\t\t\t\t<section class=\"elementor-section elementor-top-section elementor-element elementor-element-8bcc2d1 elementor-section-boxed elementor-section-height-default elementor-section-height-default\" data-id=\"8bcc2d1\" data-element_type=\"section\">\n\t\t\t\t\t\t<div class=\"elementor-container elementor-column-gap-default\">\n\t\t\t\t\t<div class=\"elementor-column elementor-col-100 elementor-top-column elementor-element elementor-element-5e1ffc04\" data-id=\"5e1ffc04\" data-element_type=\"column\">\n\t\t\t<div class=\"elementor-widget-wrap elementor-element-populated\">\n\t\t\t\t\t\t<div class=\"elementor-element elementor-element-6284425d elementor-widget elementor-widget-text-editor\" data-id=\"6284425d\" data-element_type=\"widget\" data-widget_type=\"text-editor.default\">\n\t\t\t\t<div class=\"elementor-widget-container\">\n\t\t\t\t\t\t\t\t\t\t\t\t\t\t\t\t\t<\/div>\n\t\t\t\t<\/div>\n\t\t\t\t\t<\/div>\n\t\t<\/div>\n\t\t\t\t\t<\/div>\n\t\t<\/section>\n\t\t\t\t<section class=\"elementor-section elementor-top-section elementor-element elementor-element-3e2abf4 elementor-section-boxed elementor-section-height-default elementor-section-height-default\" data-id=\"3e2abf4\" data-element_type=\"section\">\n\t\t\t\t\t\t<div class=\"elementor-container elementor-column-gap-default\">\n\t\t\t\t\t<div class=\"elementor-column elementor-col-100 elementor-top-column elementor-element elementor-element-7871b85\" data-id=\"7871b85\" data-element_type=\"column\">\n\t\t\t<div class=\"elementor-widget-wrap elementor-element-populated\">\n\t\t\t\t\t\t<div class=\"elementor-element elementor-element-f1f7aa5 elementor-widget elementor-widget-text-editor\" data-id=\"f1f7aa5\" data-element_type=\"widget\" data-widget_type=\"text-editor.default\">\n\t\t\t\t<div class=\"elementor-widget-container\">\n\t\t\t\t\t\t\t\t\t<h2 style=\"text-align: center;\"><span style=\"color: #0000ff;\"><strong>J\u00e9zus boldogg\u00e1 tud t\u00e9ged tenni<\/strong><\/span><\/h2>\n<h3 style=\"text-align: center;\">m\u00e1r itt a f\u00f6ld\u00f6n is<br \/>elhiszed?<\/h3>\t\t\t\t\t\t\t\t<\/div>\n\t\t\t\t<\/div>\n\t\t\t\t\t<\/div>\n\t\t<\/div>\n\t\t\t\t\t<\/div>\n\t\t<\/section>\n\t\t\t\t<section class=\"elementor-section elementor-top-section elementor-element elementor-element-fb4c13c elementor-section-boxed elementor-section-height-default elementor-section-height-default\" data-id=\"fb4c13c\" data-element_type=\"section\">\n\t\t\t\t\t\t<div class=\"elementor-container elementor-column-gap-default\">\n\t\t\t\t\t<div class=\"elementor-column elementor-col-100 elementor-top-column elementor-element elementor-element-43204d6\" data-id=\"43204d6\" data-element_type=\"column\">\n\t\t\t<div class=\"elementor-widget-wrap elementor-element-populated\">\n\t\t\t\t\t\t<div class=\"elementor-element elementor-element-d9e07ca elementor-widget elementor-widget-text-editor\" data-id=\"d9e07ca\" data-element_type=\"widget\" data-widget_type=\"text-editor.default\">\n\t\t\t\t<div class=\"elementor-widget-container\">\n\t\t\t\t\t\t\t\t\t<pre>(online dial\u00f3gus oldalunk<a href=\"https:\/\/magyar-misszio.ch\/?page_id=2465&amp;preview_id=2465\" target=\"_blank\" rel=\"noopener\"> itt tal\u00e1lhat\u00f3<\/a>)<\/pre>\t\t\t\t\t\t\t\t<\/div>\n\t\t\t\t<\/div>\n\t\t\t\t\t<\/div>\n\t\t<\/div>\n\t\t\t\t\t<\/div>\n\t\t<\/section>\n\t\t\t\t<section class=\"elementor-section elementor-top-section elementor-element elementor-element-bd22545 elementor-section-boxed elementor-section-height-default elementor-section-height-default\" data-id=\"bd22545\" data-element_type=\"section\">\n\t\t\t\t\t\t<div class=\"elementor-container elementor-column-gap-default\">\n\t\t\t\t\t<div class=\"elementor-column elementor-col-66 elementor-top-column elementor-element elementor-element-db54619\" data-id=\"db54619\" data-element_type=\"column\">\n\t\t\t<div class=\"elementor-widget-wrap elementor-element-populated\">\n\t\t\t\t\t\t<div class=\"elementor-element elementor-element-9293289 elementor-widget elementor-widget-text-editor\" data-id=\"9293289\" data-element_type=\"widget\" data-widget_type=\"text-editor.default\">\n\t\t\t\t<div class=\"elementor-widget-container\">\n\t\t\t\t\t\t\t\t\t<h3><strong><span style=\"color: #0000ff;\"><img decoding=\"async\" class=\"alignright wp-image-5230 size-thumbnail\" src=\"https:\/\/magyar-misszio.ch\/wp-content\/uploads\/2023\/05\/Ferenc_papa-150x150.jpg\" alt=\"\" width=\"150\" height=\"150\" data-id=\"5230\" srcset=\"https:\/\/magyar-misszio.ch\/wp-content\/uploads\/2023\/05\/Ferenc_papa-150x150.jpg 150w, https:\/\/magyar-misszio.ch\/wp-content\/uploads\/2023\/05\/Ferenc_papa-100x100.jpg 100w\" sizes=\"(max-width: 150px) 100vw, 150px\" \/>Pr\u00e9dik\u00e1ci\u00f3: <span style=\"color: #000000;\">J\u00e9zusnak van hatalma, hogy boldogg\u00e1 tegyen m\u00e1r ezen a f\u00f6ld\u00f6n!<\/span><\/span><\/strong><\/h3>\n<h3><strong>+ c\u00f6lib\u00e1tusr\u00f3l, papi n\u0151tlens\u00e9gr\u0151l gondolatok<\/strong><\/h3>\n<p><audio class=\"wp-audio-shortcode\" id=\"audio-5218-1\" preload=\"none\" style=\"width: 100%;\" controls=\"controls\"><source type=\"audio\/mpeg\" src=\"https:\/\/magyar-misszio.ch\/wp-content\/uploads\/2023\/05\/2023husv7.mp3?_=1\" \/><a href=\"https:\/\/magyar-misszio.ch\/wp-content\/uploads\/2023\/05\/2023husv7.mp3\">https:\/\/magyar-misszio.ch\/wp-content\/uploads\/2023\/05\/2023husv7.mp3<\/a><\/audio><\/p>\n<h3>H\u00fasv\u00e9t 7. vas\u00e1rnapj\u00e1nak evang\u00e9liuma (A \u00e9v):<\/h3>\n<p><audio class=\"wp-audio-shortcode\" id=\"audio-5218-2\" preload=\"none\" style=\"width: 100%;\" controls=\"controls\"><source type=\"audio\/mpeg\" src=\"https:\/\/magyar-misszio.ch\/wp-content\/uploads\/2023\/05\/2023husv7evang.mp3?_=2\" \/><a href=\"https:\/\/magyar-misszio.ch\/wp-content\/uploads\/2023\/05\/2023husv7evang.mp3\">https:\/\/magyar-misszio.ch\/wp-content\/uploads\/2023\/05\/2023husv7evang.mp3<\/a><\/audio><\/p>\t\t\t\t\t\t\t\t<\/div>\n\t\t\t\t<\/div>\n\t\t\t\t\t<\/div>\n\t\t<\/div>\n\t\t\t\t<div class=\"elementor-column elementor-col-33 elementor-top-column elementor-element elementor-element-f71d55d\" data-id=\"f71d55d\" data-element_type=\"column\">\n\t\t\t<div class=\"elementor-widget-wrap elementor-element-populated\">\n\t\t\t\t\t\t<div class=\"elementor-element elementor-element-b083c82 elementor-widget elementor-widget-text-editor\" data-id=\"b083c82\" data-element_type=\"widget\" data-widget_type=\"text-editor.default\">\n\t\t\t\t<div class=\"elementor-widget-container\">\n\t\t\t\t\t\t\t\t\t<h3><strong><span style=\"color: #3366ff;\">Facebook oldalunkon hozz\u00e1 lehet sz\u00f3lni:<\/span><\/strong><\/h3>\n<p>kattints a k\u00e9pre, Facebook-ikonra: <a href=\"https:\/\/www.facebook.com\/MagyarMisszioZurich\/posts\/pfbid02nJ6bd3QNaiga1drrGDqcj8MHgEga1i9s47D5B5RU7CE9XxET8M1vX5AD3i5eoymdl?__cft__[0]=AZW1E2uJWoI1iDE1WRhcpmUv4qzch3pgJTfrrcNjizyEARpde4z9UQl9K9xMYqwTWTEAkp1d1E2AhUNXT_nAjcNwbmCWwZeyMpWarVZamBPNMFwBdtImQyi90KN8mzTJWEUE2ZXOCy1hPX5Si_ePeJnZ-Z-1e97LYn4EvNvH0HfEVQ&amp;__tn__=%2CO%2CP-R\" target=\"_blank\" rel=\"noopener\"><img decoding=\"async\" class=\"size-medium wp-image-4977 alignright\" src=\"https:\/\/magyar-misszio.ch\/wp-content\/uploads\/2023\/04\/facebook-logonk.jpg-300x79.jpg\" alt=\"\" width=\"300\" height=\"79\" data-id=\"4977\" srcset=\"https:\/\/magyar-misszio.ch\/wp-content\/uploads\/2023\/04\/facebook-logonk.jpg-300x79.jpg 300w, https:\/\/magyar-misszio.ch\/wp-content\/uploads\/2023\/04\/facebook-logonk.jpg-1024x268.jpg 1024w, https:\/\/magyar-misszio.ch\/wp-content\/uploads\/2023\/04\/facebook-logonk.jpg-768x201.jpg 768w, https:\/\/magyar-misszio.ch\/wp-content\/uploads\/2023\/04\/facebook-logonk.jpg-1536x402.jpg 1536w, https:\/\/magyar-misszio.ch\/wp-content\/uploads\/2023\/04\/facebook-logonk.jpg-1080x283.jpg 1080w, https:\/\/magyar-misszio.ch\/wp-content\/uploads\/2023\/04\/facebook-logonk.jpg.jpg 1731w\" sizes=\"(max-width: 300px) 100vw, 300px\" \/><\/a><\/p>\n<p>\u00a0<\/p>\n<p><span style=\"color: #ff0000;\">ez a facebook oldal m\u00e1r nem m\u0171k\u00f6dik<\/span><\/p>\t\t\t\t\t\t\t\t<\/div>\n\t\t\t\t<\/div>\n\t\t\t\t\t<\/div>\n\t\t<\/div>\n\t\t\t\t\t<\/div>\n\t\t<\/section>\n\t\t\t\t<section class=\"elementor-section elementor-top-section elementor-element elementor-element-3712674 elementor-section-boxed elementor-section-height-default elementor-section-height-default\" data-id=\"3712674\" data-element_type=\"section\">\n\t\t\t\t\t\t<div class=\"elementor-container elementor-column-gap-default\">\n\t\t\t\t\t<div class=\"elementor-column elementor-col-100 elementor-top-column elementor-element elementor-element-61319dc\" data-id=\"61319dc\" data-element_type=\"column\">\n\t\t\t<div class=\"elementor-widget-wrap elementor-element-populated\">\n\t\t\t\t\t\t\t<\/div>\n\t\t<\/div>\n\t\t\t\t\t<\/div>\n\t\t<\/section>\n\t\t\t\t<\/div>\n\t\t","protected":false},"excerpt":{"rendered":"<p>J\u00e9zus boldogg\u00e1 tud t\u00e9ged tenni m\u00e1r itt a f\u00f6ld\u00f6n iselhiszed? (online dial\u00f3gus oldalunk itt tal\u00e1lhat\u00f3) Pr\u00e9dik\u00e1ci\u00f3: J\u00e9zusnak van hatalma, hogy boldogg\u00e1 tegyen m\u00e1r ezen a f\u00f6ld\u00f6n! + c\u00f6lib\u00e1tusr\u00f3l, papi n\u0151tlens\u00e9gr\u0151l gondolatok H\u00fasv\u00e9t 7. vas\u00e1rnapj\u00e1nak evang\u00e9liuma (A \u00e9v): Facebook oldalunkon hozz\u00e1 lehet sz\u00f3lni: kattints a k\u00e9pre, Facebook-ikonra: \u00a0 ez a facebook oldal m\u00e1r nem m\u0171k\u00f6dik<\/p>\n","protected":false},"author":2,"featured_media":0,"parent":0,"menu_order":0,"comment_status":"closed","ping_status":"closed","template":"","meta":{"footnotes":""},"class_list":["post-5218","page","type-page","status-publish","hentry"],"_links":{"self":[{"href":"https:\/\/magyar-misszio.ch\/index.php?rest_route=\/wp\/v2\/pages\/5218","targetHints":{"allow":["GET"]}}],"collection":[{"href":"https:\/\/magyar-misszio.ch\/index.php?rest_route=\/wp\/v2\/pages"}],"about":[{"href":"https:\/\/magyar-misszio.ch\/index.php?rest_route=\/wp\/v2\/types\/page"}],"author":[{"embeddable":true,"href":"https:\/\/magyar-misszio.ch\/index.php?rest_route=\/wp\/v2\/users\/2"}],"replies":[{"embeddable":true,"href":"https:\/\/magyar-misszio.ch\/index.php?rest_route=%2Fwp%2Fv2%2Fcomments&post=5218"}],"version-history":[{"count":13,"href":"https:\/\/magyar-misszio.ch\/index.php?rest_route=\/wp\/v2\/pages\/5218\/revisions"}],"predecessor-version":[{"id":6516,"href":"https:\/\/magyar-misszio.ch\/index.php?rest_route=\/wp\/v2\/pages\/5218\/revisions\/6516"}],"wp:attachment":[{"href":"https:\/\/magyar-misszio.ch\/index.php?rest_route=%2Fwp%2Fv2%2Fmedia&parent=5218"}],"curies":[{"name":"wp","href":"https:\/\/api.w.org\/{rel}","templated":true}]}}