{"id":53,"date":"2017-12-01T14:55:28","date_gmt":"2017-12-01T14:55:28","guid":{"rendered":"http:\/\/magyar-misszio.ch\/?page_id=53"},"modified":"2022-04-28T17:02:13","modified_gmt":"2022-04-28T17:02:13","slug":"linkek","status":"publish","type":"page","link":"https:\/\/magyar-misszio.ch\/?page_id=53","title":{"rendered":"linkek"},"content":{"rendered":"<h3>N\u00e9h\u00e1ny sv\u00e1cji magyar link <span style=\"color: #0000ff;\"><a style=\"color: #0000ff;\" href=\"#magyar\">ide kattintva&#8230;<\/a><\/span><br \/>\n\u00dcld\u00f6z\u00f6tt kereszt\u00e9nyekr\u0151l h\u00edrek<span style=\"color: #0000ff;\"> <a style=\"color: #0000ff;\" href=\"#uldozott\">ide kattintva..<\/a><\/span><\/h3>\n<p><a name=\"magyar\"><\/a><\/p>\n<h3 style=\"text-align: center;\"><strong><span style=\"font-family: arial, helvetica, sans-serif;\">Magyar Iskola \u2013 \u00d3voda Z\u00fcrich<\/span><br \/>\n<\/strong><a href=\"http:\/\/www.magyar-iskola.ch\/\">http:\/\/www.magyar-iskola.ch\/<\/a><\/h3>\n<hr \/>\n<h3 style=\"text-align: center;\"><strong><span style=\"font-family: arial, helvetica, sans-serif;\">Dal\u00f6lel\u0151<\/span><\/strong><\/h3>\n<p style=\"text-align: center;\">A Dal\u00f6lel\u0151 egy fajta Zeneovi. Id\u0151k\u00f6z\u00f6nk\u00e9nt \u00f6sszej\u00f6v\u00fcnk &#8211; sz\u00fcl\u0151k \u00e9s gyerekek egy\u00fctt &#8211; feleleven\u00edtj\u00fck a magyar n\u00e9pdalokat, mond\u00f3k\u00e1kat, \u00f6lb\u00e9li j\u00e1t\u00e9kokat, \u00e9s k\u00f6rj\u00e1t\u00e9kokat&#8230;<br \/>\n<a href=\"https:\/\/www.facebook.com\/groups\/430881617015022\/about\/\">B\u0151vebben: Facebook &#8211; Dal\u00f6lel\u0151 Klub<\/a><\/p>\n<hr \/>\n<h3 style=\"text-align: center;\"><strong>\u00a0<span style=\"font-family: arial, helvetica, sans-serif;\">Thurgaui Magyarok Egyes\u00fclete<\/span><br \/>\n<\/strong><span style=\"font-family: arial, helvetica, sans-serif;\"><strong>Magyar H\u00e9tv\u00e9gi \u2013 \u00a0Iskola \u2013 \u00d3voda Kreuzlingen<br \/>\n<\/strong><strong>(Bodensee, Konstanz melletti hat\u00e1rv\u00e1ros)<br \/>\n<\/strong><\/span><strong><span style=\"font-family: arial, helvetica, sans-serif;\">Ungarische Schule \u2013 Kindergarten Kreuzlingen<\/span><br \/>\n<\/strong><a title=\"Magyar iskola ovoda kreuzlingen\" href=\"http:\/\/ungarischervereinthurgau.ch\/\">http:\/\/ungarischervereinthurgau.ch\/<\/a><br \/>\n<img fetchpriority=\"high\" decoding=\"async\" class=\"alignnone size-medium wp-image-54\" src=\"https:\/\/magyar-misszio.ch\/wp-content\/uploads\/2017\/12\/Kreuzl-isk_ov-300x225.jpg\" alt=\"\" width=\"300\" height=\"225\" srcset=\"https:\/\/magyar-misszio.ch\/wp-content\/uploads\/2017\/12\/Kreuzl-isk_ov-300x225.jpg 300w, https:\/\/magyar-misszio.ch\/wp-content\/uploads\/2017\/12\/Kreuzl-isk_ov.jpg 737w\" sizes=\"(max-width: 300px) 100vw, 300px\" \/><\/h3>\n<hr \/>\n<h3 style=\"text-align: center;\"><span style=\"font-family: arial, helvetica, sans-serif;\"><strong>Z\u00fcrichi Magyar Egyes\u00fclet \u2013 Z\u00fcrich Ungarn-Verein<\/strong><\/span><br \/>\n<a href=\"http:\/\/magyarhaz.ch\/\">http:\/\/magyarhaz.ch\/<\/a><\/h3>\n<hr \/>\n<h3 style=\"text-align: center;\"><strong><span style=\"font-family: arial, helvetica, sans-serif;\">Baseli Magyarok<\/span><br \/>\n<\/strong><a href=\"http:\/\/www.ungarnmission.ch\/\">http:\/\/www.ungarnmission.ch\/<\/a><\/h3>\n<hr \/>\n<hr \/>\n<p><a name=\"uldozott\"><\/a><\/p>\n<p><span style=\"color: #0000ff;\"><strong><u>\u00dcld\u00f6z\u00f6tt kereszt\u00e9nyekr\u0151l h\u00edrek:<\/u><\/strong><\/span><\/p>\n<p><span style=\"color: #0000ff;\"><strong><u><img decoding=\"async\" class=\"alignleft wp-image-658 size-thumbnail\" src=\"https:\/\/magyar-misszio.ch\/wp-content\/uploads\/2018\/10\/uldozott.jpg-150x150.jpg\" alt=\"\" width=\"150\" height=\"150\" data-id=\"658\" srcset=\"https:\/\/magyar-misszio.ch\/wp-content\/uploads\/2018\/10\/uldozott.jpg-150x150.jpg 150w, https:\/\/magyar-misszio.ch\/wp-content\/uploads\/2018\/10\/uldozott.jpg-100x100.jpg 100w\" sizes=\"(max-width: 150px) 100vw, 150px\" \/><\/u><\/strong><\/span>A www.katholisch.de oldalon <span style=\"color: #3366ff;\"><a style=\"color: #3366ff;\" href=\"https:\/\/www.katholisch.de\/aktuelles\/themenseiten\/christenverfolgung\" target=\"_blank\" rel=\"noopener\">ide kattintva&#8230;<\/a><\/span><\/p>\n","protected":false},"excerpt":{"rendered":"<p>N\u00e9h\u00e1ny sv\u00e1cji magyar link ide kattintva&#8230; \u00dcld\u00f6z\u00f6tt kereszt\u00e9nyekr\u0151l h\u00edrek ide kattintva.. Magyar Iskola \u2013 \u00d3voda Z\u00fcrich http:\/\/www.magyar-iskola.ch\/ Dal\u00f6lel\u0151 A Dal\u00f6lel\u0151 egy fajta Zeneovi. Id\u0151k\u00f6z\u00f6nk\u00e9nt \u00f6sszej\u00f6v\u00fcnk &#8211; sz\u00fcl\u0151k \u00e9s gyerekek egy\u00fctt &#8211; feleleven\u00edtj\u00fck a magyar n\u00e9pdalokat, mond\u00f3k\u00e1kat, \u00f6lb\u00e9li j\u00e1t\u00e9kokat, \u00e9s k\u00f6rj\u00e1t\u00e9kokat&#8230; B\u0151vebben: Facebook &#8211; Dal\u00f6lel\u0151 Klub \u00a0Thurgaui Magyarok Egyes\u00fclete Magyar H\u00e9tv\u00e9gi \u2013 \u00a0Iskola \u2013 \u00d3voda Kreuzlingen &hellip; <\/p>\n<p class=\"link-more\"><a href=\"https:\/\/magyar-misszio.ch\/?page_id=53\" class=\"more-link\"><span class=\"screen-reader-text\">\u201elinkek\u201c<\/span> weiterlesen<\/a><\/p>\n","protected":false},"author":1,"featured_media":0,"parent":0,"menu_order":0,"comment_status":"closed","ping_status":"closed","template":"","meta":{"footnotes":""},"class_list":["post-53","page","type-page","status-publish","hentry"],"_links":{"self":[{"href":"https:\/\/magyar-misszio.ch\/index.php?rest_route=\/wp\/v2\/pages\/53","targetHints":{"allow":["GET"]}}],"collection":[{"href":"https:\/\/magyar-misszio.ch\/index.php?rest_route=\/wp\/v2\/pages"}],"about":[{"href":"https:\/\/magyar-misszio.ch\/index.php?rest_route=\/wp\/v2\/types\/page"}],"author":[{"embeddable":true,"href":"https:\/\/magyar-misszio.ch\/index.php?rest_route=\/wp\/v2\/users\/1"}],"replies":[{"embeddable":true,"href":"https:\/\/magyar-misszio.ch\/index.php?rest_route=%2Fwp%2Fv2%2Fcomments&post=53"}],"version-history":[{"count":10,"href":"https:\/\/magyar-misszio.ch\/index.php?rest_route=\/wp\/v2\/pages\/53\/revisions"}],"predecessor-version":[{"id":3876,"href":"https:\/\/magyar-misszio.ch\/index.php?rest_route=\/wp\/v2\/pages\/53\/revisions\/3876"}],"wp:attachment":[{"href":"https:\/\/magyar-misszio.ch\/index.php?rest_route=%2Fwp%2Fv2%2Fmedia&parent=53"}],"curies":[{"name":"wp","href":"https:\/\/api.w.org\/{rel}","templated":true}]}}