{"id":5449,"date":"2023-07-21T19:57:03","date_gmt":"2023-07-21T19:57:03","guid":{"rendered":"https:\/\/magyar-misszio.ch\/?page_id=5449"},"modified":"2023-07-21T20:09:15","modified_gmt":"2023-07-21T20:09:15","slug":"hirlevel2022mitfilebird","status":"publish","type":"page","link":"https:\/\/magyar-misszio.ch\/?page_id=5449","title":{"rendered":"hirlevel2022mitFilebird"},"content":{"rendered":"\t\t<div data-elementor-type=\"wp-page\" data-elementor-id=\"5449\" class=\"elementor elementor-5449\" data-elementor-post-type=\"page\">\n\t\t\t\t\t\t<section class=\"elementor-section elementor-top-section elementor-element elementor-element-3c926c30 elementor-section-boxed elementor-section-height-default elementor-section-height-default\" data-id=\"3c926c30\" data-element_type=\"section\">\n\t\t\t\t\t\t<div class=\"elementor-container elementor-column-gap-default\">\n\t\t\t\t\t<div class=\"elementor-column elementor-col-100 elementor-top-column elementor-element elementor-element-53424fd\" data-id=\"53424fd\" data-element_type=\"column\">\n\t\t\t<div class=\"elementor-widget-wrap elementor-element-populated\">\n\t\t\t\t\t\t<div class=\"elementor-element elementor-element-759c4ef6 elementor-widget elementor-widget-text-editor\" data-id=\"759c4ef6\" data-element_type=\"widget\" data-widget_type=\"text-editor.default\">\n\t\t\t\t<div class=\"elementor-widget-container\">\n\t\t\t\t\t\t\t\t\t\t\t\t\t\t\t\t\t<\/div>\n\t\t\t\t<\/div>\n\t\t\t\t\t<\/div>\n\t\t<\/div>\n\t\t\t\t\t<\/div>\n\t\t<\/section>\n\t\t\t\t<section class=\"elementor-section elementor-top-section elementor-element elementor-element-17b8fc1 elementor-section-boxed elementor-section-height-default elementor-section-height-default\" data-id=\"17b8fc1\" data-element_type=\"section\">\n\t\t\t\t\t\t<div class=\"elementor-container elementor-column-gap-default\">\n\t\t\t\t\t<div class=\"elementor-column elementor-col-100 elementor-top-column elementor-element elementor-element-c6d4b1b\" data-id=\"c6d4b1b\" data-element_type=\"column\">\n\t\t\t<div class=\"elementor-widget-wrap elementor-element-populated\">\n\t\t\t\t\t\t<div class=\"elementor-element elementor-element-bba358a elementor-widget elementor-widget-text-editor\" data-id=\"bba358a\" data-element_type=\"widget\" data-widget_type=\"text-editor.default\">\n\t\t\t\t<div class=\"elementor-widget-container\">\n\t\t\t\t\t\t\t\t\t<h1><span style=\"color: #33cccc;\"><strong>H\u00edrleveleink 2022-ben<\/strong><\/span><\/h1>\n<p>Enn\u00e9l r\u00e9szletesebben inform\u00e1l\u00f3dhat email-h\u00edrleveleinkb\u0151l (<a href=\"https:\/\/magyar-misszio.ch\/?page_id=101\" target=\"_blank\" rel=\"noopener\">kattints ide&#8230;<\/a>.)<\/p>\n<p><span style=\"color: #ff0000;\">A h\u00edrlevelek \u00f6sszefoglal\u00f3 tartalma 2022-ben <a href=\"https:\/\/magyar-misszio.ch\/wp-content\/uploads\/2023\/07\/Hirleveleink-tartalma-2022.pdf\" target=\"_blank\" rel=\"noopener\">ide kattintva&#8230;<\/a><\/span><br \/><div id=\"filebird-document-library\"><div class=\"njt-fbdl\" data-json=\"{&quot;request&quot;:{&quot;pagination&quot;:{&quot;current&quot;:1,&quot;limit&quot;:15},&quot;search&quot;:&quot;&quot;,&quot;orderBy&quot;:&quot;post_title&quot;,&quot;orderType&quot;:&quot;DESC&quot;,&quot;selectedFolder&quot;:[&quot;wjTcqSotmbIxRtOn927sRA==&quot;]},&quot;title&quot;:&quot;2022. h\\u00edrlevelek&quot;,&quot;column&quot;:3,&quot;layout&quot;:&quot;grid&quot;}\"><\/div><\/div><\/p>\n<h1><strong><span style=\"color: #ff0000;\">Kor\u00e1bbi\u00a0 h\u00edrlevelekhez <\/span><\/strong><a href=\"https:\/\/magyar-misszio.ch\/?page_id=5563\" target=\"_blank\" rel=\"noopener\"><span style=\"color: #ff0000;\">kattintson ide&#8230;<\/span><\/a><\/h1>\t\t\t\t\t\t\t\t<\/div>\n\t\t\t\t<\/div>\n\t\t\t\t\t<\/div>\n\t\t<\/div>\n\t\t\t\t\t<\/div>\n\t\t<\/section>\n\t\t\t\t<\/div>\n\t\t","protected":false},"excerpt":{"rendered":"<p>H\u00edrleveleink 2022-ben Enn\u00e9l r\u00e9szletesebben inform\u00e1l\u00f3dhat email-h\u00edrleveleinkb\u0151l (kattints ide&#8230;.) A h\u00edrlevelek \u00f6sszefoglal\u00f3 tartalma 2022-ben ide kattintva&#8230; Kor\u00e1bbi\u00a0 h\u00edrlevelekhez kattintson ide&#8230;<\/p>\n","protected":false},"author":2,"featured_media":0,"parent":0,"menu_order":0,"comment_status":"closed","ping_status":"closed","template":"","meta":{"footnotes":""},"class_list":["post-5449","page","type-page","status-publish","hentry"],"_links":{"self":[{"href":"https:\/\/magyar-misszio.ch\/index.php?rest_route=\/wp\/v2\/pages\/5449","targetHints":{"allow":["GET"]}}],"collection":[{"href":"https:\/\/magyar-misszio.ch\/index.php?rest_route=\/wp\/v2\/pages"}],"about":[{"href":"https:\/\/magyar-misszio.ch\/index.php?rest_route=\/wp\/v2\/types\/page"}],"author":[{"embeddable":true,"href":"https:\/\/magyar-misszio.ch\/index.php?rest_route=\/wp\/v2\/users\/2"}],"replies":[{"embeddable":true,"href":"https:\/\/magyar-misszio.ch\/index.php?rest_route=%2Fwp%2Fv2%2Fcomments&post=5449"}],"version-history":[{"count":7,"href":"https:\/\/magyar-misszio.ch\/index.php?rest_route=\/wp\/v2\/pages\/5449\/revisions"}],"predecessor-version":[{"id":5570,"href":"https:\/\/magyar-misszio.ch\/index.php?rest_route=\/wp\/v2\/pages\/5449\/revisions\/5570"}],"wp:attachment":[{"href":"https:\/\/magyar-misszio.ch\/index.php?rest_route=%2Fwp%2Fv2%2Fmedia&parent=5449"}],"curies":[{"name":"wp","href":"https:\/\/api.w.org\/{rel}","templated":true}]}}