{"id":5582,"date":"2023-07-21T20:14:41","date_gmt":"2023-07-21T20:14:41","guid":{"rendered":"https:\/\/magyar-misszio.ch\/?page_id=5582"},"modified":"2023-07-21T20:18:36","modified_gmt":"2023-07-21T20:18:36","slug":"hirlevelarchivum_mitfilebird","status":"publish","type":"page","link":"https:\/\/magyar-misszio.ch\/?page_id=5582","title":{"rendered":"hirlevelarchivum_mitFilebird"},"content":{"rendered":"\t\t<div data-elementor-type=\"wp-page\" data-elementor-id=\"5582\" class=\"elementor elementor-5582\" data-elementor-post-type=\"page\">\n\t\t\t\t\t\t<section class=\"elementor-section elementor-top-section elementor-element elementor-element-fbce28f elementor-section-boxed elementor-section-height-default elementor-section-height-default\" data-id=\"fbce28f\" data-element_type=\"section\">\n\t\t\t\t\t\t<div class=\"elementor-container elementor-column-gap-default\">\n\t\t\t\t\t<div class=\"elementor-column elementor-col-100 elementor-top-column elementor-element elementor-element-1f0a4b4f\" data-id=\"1f0a4b4f\" data-element_type=\"column\">\n\t\t\t<div class=\"elementor-widget-wrap elementor-element-populated\">\n\t\t\t\t\t\t<div class=\"elementor-element elementor-element-17fc1105 elementor-widget elementor-widget-text-editor\" data-id=\"17fc1105\" data-element_type=\"widget\" data-widget_type=\"text-editor.default\">\n\t\t\t\t<div class=\"elementor-widget-container\">\n\t\t\t\t\t\t\t\t\t\t\t\t\t\t\t\t\t<\/div>\n\t\t\t\t<\/div>\n\t\t\t\t\t<\/div>\n\t\t<\/div>\n\t\t\t\t\t<\/div>\n\t\t<\/section>\n\t\t\t\t<section class=\"elementor-section elementor-top-section elementor-element elementor-element-5b0dda8 elementor-section-boxed elementor-section-height-default elementor-section-height-default\" data-id=\"5b0dda8\" data-element_type=\"section\">\n\t\t\t\t\t\t<div class=\"elementor-container elementor-column-gap-default\">\n\t\t\t\t\t<div class=\"elementor-column elementor-col-100 elementor-top-column elementor-element elementor-element-edf215a\" data-id=\"edf215a\" data-element_type=\"column\">\n\t\t\t<div class=\"elementor-widget-wrap elementor-element-populated\">\n\t\t\t\t\t\t<div class=\"elementor-element elementor-element-a4d74a2 elementor-widget elementor-widget-heading\" data-id=\"a4d74a2\" data-element_type=\"widget\" data-widget_type=\"heading.default\">\n\t\t\t\t<div class=\"elementor-widget-container\">\n\t\t\t\t\t<h2 class=\"elementor-heading-title elementor-size-default\">H\u00edrleveleink archivuma<\/h2>\t\t\t\t<\/div>\n\t\t\t\t<\/div>\n\t\t\t\t\t<\/div>\n\t\t<\/div>\n\t\t\t\t\t<\/div>\n\t\t<\/section>\n\t\t\t\t<section class=\"elementor-section elementor-top-section elementor-element elementor-element-1e977dd elementor-section-boxed elementor-section-height-default elementor-section-height-default\" data-id=\"1e977dd\" data-element_type=\"section\">\n\t\t\t\t\t\t<div class=\"elementor-container elementor-column-gap-default\">\n\t\t\t\t\t<div class=\"elementor-column elementor-col-50 elementor-top-column elementor-element elementor-element-94ffa38\" data-id=\"94ffa38\" data-element_type=\"column\">\n\t\t\t<div class=\"elementor-widget-wrap elementor-element-populated\">\n\t\t\t\t\t\t<div class=\"elementor-element elementor-element-21de8e1 elementor-widget elementor-widget-text-editor\" data-id=\"21de8e1\" data-element_type=\"widget\" data-widget_type=\"text-editor.default\">\n\t\t\t\t<div class=\"elementor-widget-container\">\n\t\t\t\t\t\t\t\t\t<h6 style=\"text-align: center;\"><a href=\"https:\/\/magyar-misszio.ch\/?page_id=4532\">2023.<\/a> <br \/>\u00e9s \u00f6sszefoglal\u00f3 tartalmuk<\/h6>\t\t\t\t\t\t\t\t<\/div>\n\t\t\t\t<\/div>\n\t\t\t\t\t<\/div>\n\t\t<\/div>\n\t\t\t\t<div class=\"elementor-column elementor-col-50 elementor-top-column elementor-element elementor-element-4bdd1ed\" data-id=\"4bdd1ed\" data-element_type=\"column\">\n\t\t\t<div class=\"elementor-widget-wrap elementor-element-populated\">\n\t\t\t\t\t\t<div class=\"elementor-element elementor-element-b548987 elementor-widget elementor-widget-text-editor\" data-id=\"b548987\" data-element_type=\"widget\" data-widget_type=\"text-editor.default\">\n\t\t\t\t<div class=\"elementor-widget-container\">\n\t\t\t\t\t\t\t\t\t<h6 style=\"text-align: center;\"><a href=\"https:\/\/magyar-misszio.ch\/?page_id=5449\">2022.<\/a> <br \/>\u00e9s <a href=\"https:\/\/magyar-misszio.ch\/wp-content\/uploads\/2023\/07\/Hirleveleink-tartalma-2022.pdf\">\u00f6sszefoglal\u00f3 tartalmuk<\/a><\/h6>\t\t\t\t\t\t\t\t<\/div>\n\t\t\t\t<\/div>\n\t\t\t\t\t<\/div>\n\t\t<\/div>\n\t\t\t\t\t<\/div>\n\t\t<\/section>\n\t\t\t\t<section class=\"elementor-section elementor-top-section elementor-element elementor-element-9d8d849 elementor-section-boxed elementor-section-height-default elementor-section-height-default\" data-id=\"9d8d849\" data-element_type=\"section\">\n\t\t\t\t\t\t<div class=\"elementor-container elementor-column-gap-default\">\n\t\t\t\t\t<div class=\"elementor-column elementor-col-50 elementor-top-column elementor-element elementor-element-2ad26c0\" data-id=\"2ad26c0\" data-element_type=\"column\">\n\t\t\t<div class=\"elementor-widget-wrap elementor-element-populated\">\n\t\t\t\t\t\t<div class=\"elementor-element elementor-element-344fd78 elementor-widget elementor-widget-text-editor\" data-id=\"344fd78\" data-element_type=\"widget\" data-widget_type=\"text-editor.default\">\n\t\t\t\t<div class=\"elementor-widget-container\">\n\t\t\t\t\t\t\t\t\t<h6 style=\"text-align: center;\"><a href=\"https:\/\/magyar-misszio.ch\/?page_id=5563\">2021.<\/a> <br \/>\u00e9s <a href=\"https:\/\/magyar-misszio.ch\/wp-content\/uploads\/2022\/11\/Hirleveleink-tartalma-2021.pdf\">\u00f6sszefoglal\u00f3 tartalmuk<\/a><\/h6>\t\t\t\t\t\t\t\t<\/div>\n\t\t\t\t<\/div>\n\t\t\t\t\t<\/div>\n\t\t<\/div>\n\t\t\t\t<div class=\"elementor-column elementor-col-50 elementor-top-column elementor-element elementor-element-9ee7ec7\" data-id=\"9ee7ec7\" data-element_type=\"column\">\n\t\t\t<div class=\"elementor-widget-wrap elementor-element-populated\">\n\t\t\t\t\t\t<div class=\"elementor-element elementor-element-2c71896 elementor-widget elementor-widget-text-editor\" data-id=\"2c71896\" data-element_type=\"widget\" data-widget_type=\"text-editor.default\">\n\t\t\t\t<div class=\"elementor-widget-container\">\n\t\t\t\t\t\t\t\t\t<h6 style=\"text-align: center;\"><a href=\"https:\/\/magyar-misszio.ch\/?page_id=5571\">2017-21. k\u00f6z\u00f6tt<\/a><br \/>\u00e9s<a href=\"https:\/\/magyar-misszio.ch\/wp-content\/uploads\/2022\/11\/Hirleveleink-tartalma-1-100.pdf\"> \u00f6sszefoglal\u00f3 tartalmuk<\/a><\/h6>\t\t\t\t\t\t\t\t<\/div>\n\t\t\t\t<\/div>\n\t\t\t\t\t<\/div>\n\t\t<\/div>\n\t\t\t\t\t<\/div>\n\t\t<\/section>\n\t\t\t\t<\/div>\n\t\t","protected":false},"excerpt":{"rendered":"<p>H\u00edrleveleink archivuma 2023. \u00e9s \u00f6sszefoglal\u00f3 tartalmuk 2022. \u00e9s \u00f6sszefoglal\u00f3 tartalmuk 2021. \u00e9s \u00f6sszefoglal\u00f3 tartalmuk 2017-21. k\u00f6z\u00f6tt\u00e9s \u00f6sszefoglal\u00f3 tartalmuk<\/p>\n","protected":false},"author":2,"featured_media":0,"parent":0,"menu_order":0,"comment_status":"closed","ping_status":"closed","template":"","meta":{"footnotes":""},"class_list":["post-5582","page","type-page","status-publish","hentry"],"_links":{"self":[{"href":"https:\/\/magyar-misszio.ch\/index.php?rest_route=\/wp\/v2\/pages\/5582","targetHints":{"allow":["GET"]}}],"collection":[{"href":"https:\/\/magyar-misszio.ch\/index.php?rest_route=\/wp\/v2\/pages"}],"about":[{"href":"https:\/\/magyar-misszio.ch\/index.php?rest_route=\/wp\/v2\/types\/page"}],"author":[{"embeddable":true,"href":"https:\/\/magyar-misszio.ch\/index.php?rest_route=\/wp\/v2\/users\/2"}],"replies":[{"embeddable":true,"href":"https:\/\/magyar-misszio.ch\/index.php?rest_route=%2Fwp%2Fv2%2Fcomments&post=5582"}],"version-history":[{"count":7,"href":"https:\/\/magyar-misszio.ch\/index.php?rest_route=\/wp\/v2\/pages\/5582\/revisions"}],"predecessor-version":[{"id":5593,"href":"https:\/\/magyar-misszio.ch\/index.php?rest_route=\/wp\/v2\/pages\/5582\/revisions\/5593"}],"wp:attachment":[{"href":"https:\/\/magyar-misszio.ch\/index.php?rest_route=%2Fwp%2Fv2%2Fmedia&parent=5582"}],"curies":[{"name":"wp","href":"https:\/\/api.w.org\/{rel}","templated":true}]}}