{"id":5710,"date":"2023-09-14T08:18:00","date_gmt":"2023-09-14T08:18:00","guid":{"rendered":"https:\/\/magyar-misszio.ch\/?page_id=5710"},"modified":"2023-09-22T11:47:51","modified_gmt":"2023-09-22T11:47:51","slug":"az-egyhaz-komolyan-veszi","status":"publish","type":"page","link":"https:\/\/magyar-misszio.ch\/?page_id=5710","title":{"rendered":"Az egyh\u00e1z komolyan veszi"},"content":{"rendered":"\t\t<div data-elementor-type=\"wp-page\" data-elementor-id=\"5710\" class=\"elementor elementor-5710\" data-elementor-post-type=\"page\">\n\t\t\t\t\t\t<section class=\"elementor-section elementor-top-section elementor-element elementor-element-70e7e1a1 elementor-section-boxed elementor-section-height-default elementor-section-height-default\" data-id=\"70e7e1a1\" data-element_type=\"section\">\n\t\t\t\t\t\t<div class=\"elementor-container elementor-column-gap-default\">\n\t\t\t\t\t<div class=\"elementor-column elementor-col-100 elementor-top-column elementor-element elementor-element-30752732\" data-id=\"30752732\" data-element_type=\"column\">\n\t\t\t<div class=\"elementor-widget-wrap elementor-element-populated\">\n\t\t\t\t\t\t<div class=\"elementor-element elementor-element-bd1c12 elementor-widget elementor-widget-text-editor\" data-id=\"bd1c12\" data-element_type=\"widget\" data-widget_type=\"text-editor.default\">\n\t\t\t\t<div class=\"elementor-widget-container\">\n\t\t\t\t\t\t\t\t\t\t\t\t\t\t\t\t\t<\/div>\n\t\t\t\t<\/div>\n\t\t\t\t\t<\/div>\n\t\t<\/div>\n\t\t\t\t\t<\/div>\n\t\t<\/section>\n\t\t\t\t<section class=\"elementor-section elementor-top-section elementor-element elementor-element-4ea4812 elementor-section-boxed elementor-section-height-default elementor-section-height-default\" data-id=\"4ea4812\" data-element_type=\"section\">\n\t\t\t\t\t\t<div class=\"elementor-container elementor-column-gap-default\">\n\t\t\t\t\t<div class=\"elementor-column elementor-col-100 elementor-top-column elementor-element elementor-element-b13db1e\" data-id=\"b13db1e\" data-element_type=\"column\">\n\t\t\t<div class=\"elementor-widget-wrap elementor-element-populated\">\n\t\t\t\t\t\t<div class=\"elementor-element elementor-element-cb5b7ff elementor-widget elementor-widget-text-editor\" data-id=\"cb5b7ff\" data-element_type=\"widget\" data-widget_type=\"text-editor.default\">\n\t\t\t\t<div class=\"elementor-widget-container\">\n\t\t\t\t\t\t\t\t\t<h1 style=\"text-align: center;\"><strong><span style=\"color: #ff0000;\">Az egyh\u00e1z komolyan veszi<\/span><\/strong><br \/>a\u00a0 szexu\u00e1lis vissza\u00e9l\u00e9seket<\/h1>\t\t\t\t\t\t\t\t<\/div>\n\t\t\t\t<\/div>\n\t\t\t\t\t<\/div>\n\t\t<\/div>\n\t\t\t\t\t<\/div>\n\t\t<\/section>\n\t\t\t\t<section class=\"elementor-section elementor-top-section elementor-element elementor-element-e038bba elementor-section-boxed elementor-section-height-default elementor-section-height-default\" data-id=\"e038bba\" data-element_type=\"section\">\n\t\t\t\t\t\t<div class=\"elementor-container elementor-column-gap-default\">\n\t\t\t\t\t<div class=\"elementor-column elementor-col-100 elementor-top-column elementor-element elementor-element-921fa4a\" data-id=\"921fa4a\" data-element_type=\"column\">\n\t\t\t<div class=\"elementor-widget-wrap elementor-element-populated\">\n\t\t\t\t\t\t<div class=\"elementor-element elementor-element-b076581 elementor-widget elementor-widget-text-editor\" data-id=\"b076581\" data-element_type=\"widget\" data-widget_type=\"text-editor.default\">\n\t\t\t\t<div class=\"elementor-widget-container\">\n\t\t\t\t\t\t\t\t\t<h3><strong>A szexualit\u00e1s a teremt\u0151 aj\u00e1nd\u00e9ka,<\/strong> \u0150 \u201etal\u00e1lta ki\u201d az emberek \u00f6r\u00f6m\u00e9re \u00e9s boldogs\u00e1g\u00e1hoz. De sajnos mindennel vissza lehet \u00e9lni. Az eg\u00e9sz vil\u00e1gon vissza\u00e9lnek a teremt\u0151 aj\u00e1nd\u00e9kaival, nagyon sok szexu\u00e1lis b\u0171nt k\u00f6vetnek el az emberek \u00e9s \u00edgy \u00f6nmaguk \u00e9s k\u00f6rnyezet\u00fck boldogs\u00e1g\u00e1t \u00e1ss\u00e1k al\u00e1. Vannak sz\u00e9les k\u00f6rben elterjedt szexu\u00e1lis b\u0171n\u00f6k \u00e9s vannak kir\u00edv\u00f3 esetek.<\/h3>\n<h3>Kiemelked\u0151en szomor\u00fa, amikor gyermekek ellen t\u00f6rt\u00e9nnek szexu\u00e1lis vissza\u00e9l\u00e9sek. <strong>A m\u00e9dia<\/strong> seg\u00edts\u00e9g\u00e9vel ma m\u00e1r jobban fel lehet t\u00e1rni ezt a sz\u00e9les k\u00f6rben elterjedt b\u0171nt. A m\u00e9dia azonban kev\u00e9s helyen bar\u00e1tja az egyh\u00e1zaknak, \u00edgy ar\u00e1nytalanul kiemelten foglalkoznak az egyh\u00e1zi emberek \u00e1ltal elk\u00f6vetett b\u0171n\u00f6kkel. Nagyon sok ter\u00fcleten t\u00e1madj\u00e1k egyh\u00e1zunkat az\u00e9rt is, mivel az isteni erk\u00f6lcsi akaratot k\u00e9pviselj\u00fck szemben az emberi szabadoss\u00e1ggal.<\/h3>\n<h3><strong>Els\u0151 reakci\u00f3nk<\/strong> mindenk\u00e9ppen az, hogy az egyh\u00e1zon bel\u00fcl m\u00e9g minim\u00e1lis sz\u00e1m\u00fa vissza\u00e9l\u00e9st sem szabad engedni, mert \u00e9ppen mi hirdetj\u00fck Isten szeretet\u00e9t.<br \/><strong>Szomor\u00fa reakci\u00f3nk az is,<\/strong> hogy a m\u00e9dia nem eml\u00edti meg, hogy az egyh\u00e1zon k\u00edv\u00fcli int\u00e9zm\u00e9nyekben (\u00e9s legt\u00f6bbsz\u00f6r csal\u00e1dokban) enn\u00e9l j\u00f3val nagyobb ar\u00e1nyban vannak szexu\u00e1lis vissza\u00e9l\u00e9sek gyermekek ellen, \u00edgy sokakban helytelen k\u00e9p alakulhat ki az egyh\u00e1zzal szemben, sok egyh\u00e1zellenes ember c\u00e9lja \u00e9ppen ez: megingatni az embereket az egyh\u00e1zakkal szembeni bizalomban, m\u00edg m\u00e1s gyermekekkel kapcsolatban l\u00e9v\u0151 munkak\u00f6r\u00f6kn\u00e9l (vagy csal\u00e1dokban), ahol ez nagyobb ar\u00e1nyban probl\u00e9ma &#8211; ott ezt a t\u00e9m\u00e1t ker\u00fclik.<\/h3>\n<h3>Els\u0151 reakci\u00f3nknak megfelel\u0151en <strong>mindent meg kell tenn\u00fcnk<\/strong> ennek a b\u0171nnek a visszaszor\u00edt\u00e1s\u00e1ra.<\/h3>\n<h3>Az els\u0151 teend\u0151 Istent\u0151l \u00e9s az emberekt\u0151l val\u00f3 bocs\u00e1natk\u00e9r\u00e9s \u00e9s az <strong><span style=\"color: #0000ff;\">im\u00e1ds\u00e1g<\/span><\/strong>. Im\u00e1dkoznunk kell egyh\u00e1zunk\u00e9rt is. M\u00e9g most sincs elk\u00e9sve p\u00e9ld\u00e1ul h\u00e1rom kezdem\u00e9nyez\u00e9s:<br \/>&#8211;<a href=\"https:\/\/www.magyarkurir.hu\/hirek\/imalanccal-tamogatjak-hivek-papokat-erdelyben\" target=\"_blank\" rel=\"noopener\"> Imal\u00e1nccal<\/a> t\u00e1mogatj\u00e1k a h\u00edvek a papokat Erd\u00e9lyben<br \/>&#8211; Magyarorsz\u00e1gon: a Ter\u00e9z-misszi\u00f3 tagjai naponta im\u00e1dkoznak egy \u00e1ltaluk nem ismert<a href=\"http:\/\/egyekiplebania.hu\/terez-misszio-egyeken\/\" target=\"_blank\" rel=\"noopener\"> papn\u00f6vend\u00e9k\u00e9rt, pap\u00e9rt vagy szerzetes\u00e9rt.<\/a><br \/>&#8211; N\u00e9metorsz\u00e1gban lehet csatlakozni ahhoz a kezdem\u00e9nyez\u00e9shez, hogy <a href=\"https:\/\/betenfuerbischoefe.de\/\" target=\"_blank\" rel=\"noopener\">im\u00e1dkozz egy p\u00fcsp\u00f6k\u00e9rt<\/a> a 69 n\u00e9met p\u00fcsp\u00f6k k\u00f6z\u00fcl<br \/>&#8211; Vedd komolyabban az \u00e9vi hivat\u00e1sok vas\u00e1rnapj\u00e1nak \u00fczeneteit, hogy im\u00e1dkozz min\u00e9l t\u00f6bb papi \u00e9s szerzeti hivat\u00e1s\u00e9rt<br \/>&#8211; Vegy\u00e9l r\u00e9szt a helyi kezdem\u00e9nyez\u00e9seken, p\u00e9ld\u00e1ul mi is sokszor im\u00e1dkozunk szentmis\u00e9k el\u0151tt, most okt\u00f3berben is<\/span><\/h3>\n<h3><span style=\"color: #0000ff;\"><strong>T\u00e1j\u00e9koz\u00f3djunk<\/strong><\/span> ebben az \u00fcgyben, ehhez n\u00e9h\u00e1ny informat\u00edv lehet\u0151s\u00e9g a z\u00fcrichi kanton\u00e1lis egyh\u00e1zt\u00f3l:<\/h3>\n<h3><strong><u>A szexu\u00e1lis vissza\u00e9l\u00e9sek tudom\u00e1nyos kutat\u00e1sa \u00e9s feldolgoz\u00e1sa a sv\u00e1jci katolikus egyh\u00e1zban<br \/><\/u><\/strong><a href=\"https:\/\/emea01.safelinks.protection.outlook.com\/?url=https%3A%2F%2Fwww.missbrauch-kath-info.ch%2F&amp;data=05%7C01%7C%7C653954078e3e48184e6f08dbb4ee9695%7C84df9e7fe9f640afb435aaaaaaaaaaaa%7C1%7C0%7C638302709946591901%7CUnknown%7CTWFpbGZsb3d8eyJWIjoiMC4wLjAwMDAiLCJQIjoiV2luMzIiLCJBTiI6Ik1haWwiLCJXVCI6Mn0%3D%7C3000%7C%7C%7C&amp;sdata=DHWu6Luqo6wTlCMdPRvBEU4z9cX%2B1wY0nSdRySCrMGc%3D&amp;reserved=0\">https:\/\/www.missbrauch-kath-info.ch\/<\/a><\/h3>\n<h3><strong><u>A 2023. szept. 12-i m\u00e9diakonferencia az egyh\u00e1zi vissza\u00e9l\u00e9sekr\u0151l:<br \/><\/u><\/strong>Deutsch: <a style=\"font-size: 1.125rem;\" href=\"https:\/\/emea01.safelinks.protection.outlook.com\/?url=https%3A%2F%2Fyoutube.com%2Flive%2FAUy3aBeS3tA&amp;data=05%7C01%7C%7C653954078e3e48184e6f08dbb4ee9695%7C84df9e7fe9f640afb435aaaaaaaaaaaa%7C1%7C0%7C638302709946748155%7CUnknown%7CTWFpbGZsb3d8eyJWIjoiMC4wLjAwMDAiLCJQIjoiV2luMzIiLCJBTiI6Ik1haWwiLCJXVCI6Mn0%3D%7C3000%7C%7C%7C&amp;sdata=I58z7P89zUh3nz%2BjVN5AHeCmzOFzfVzk9afV0MxsWTk%3D&amp;reserved=0\">https:\/\/youtube.com\/live\/AUy3aBeS3tA<\/a><\/h3>\n<h3><strong><u>Raphael Meyer (Synodalrat eln\u00f6ke) \u00e9s Luis Varandas (p\u00fcsp\u00f6ki gener\u00e1lvik\u00e1r) vide\u00f3nyilatkozatai:<br \/><\/u><\/strong><a href=\"https:\/\/emea01.safelinks.protection.outlook.com\/?url=https%3A%2F%2Fwww.youtube.com%2Fwatch%3Fv%3DDv2OFjTpapo&amp;data=05%7C01%7C%7C653954078e3e48184e6f08dbb4ee9695%7C84df9e7fe9f640afb435aaaaaaaaaaaa%7C1%7C0%7C638302709946748155%7CUnknown%7CTWFpbGZsb3d8eyJWIjoiMC4wLjAwMDAiLCJQIjoiV2luMzIiLCJBTiI6Ik1haWwiLCJXVCI6Mn0%3D%7C3000%7C%7C%7C&amp;sdata=NeyT5Q3RLO8F34R5D7zmTodKoUgOIpYpXmIBub9IRUI%3D&amp;reserved=0\">https:\/\/www.youtube.com\/watch?v=Dv2OFjTpapo<\/a><br \/><a href=\"https:\/\/emea01.safelinks.protection.outlook.com\/?url=https%3A%2F%2Fwww.youtube.com%2Fwatch%3Fv%3DnGTX-PxerZY&amp;data=05%7C01%7C%7C653954078e3e48184e6f08dbb4ee9695%7C84df9e7fe9f640afb435aaaaaaaaaaaa%7C1%7C0%7C638302709946748155%7CUnknown%7CTWFpbGZsb3d8eyJWIjoiMC4wLjAwMDAiLCJQIjoiV2luMzIiLCJBTiI6Ik1haWwiLCJXVCI6Mn0%3D%7C3000%7C%7C%7C&amp;sdata=bfJXRoZPLMWShQRkUX1nAkrf3OVdOUurx2T0X%2FjPS5E%3D&amp;reserved=0\">https:\/\/www.youtube.com\/watch?v=nGTX-PxerZY<\/a><\/h3>\n<h3><a href=\"https:\/\/zhkath.kircheschauthin.ch\/\" target=\"_blank\" rel=\"noopener\"><img decoding=\"async\" class=\"wp-image-5712  alignleft\" style=\"font-size: 1.125rem;\" src=\"https:\/\/magyar-misszio.ch\/wp-content\/uploads\/kircheschauthin.jpg-150x150.jpg\" alt=\"\" width=\"115\" height=\"115\" data-id=\"5712\" srcset=\"https:\/\/magyar-misszio.ch\/wp-content\/uploads\/kircheschauthin.jpg-150x150.jpg 150w, https:\/\/magyar-misszio.ch\/wp-content\/uploads\/kircheschauthin.jpg-300x300.jpg 300w, https:\/\/magyar-misszio.ch\/wp-content\/uploads\/kircheschauthin.jpg-100x100.jpg 100w, https:\/\/magyar-misszio.ch\/wp-content\/uploads\/kircheschauthin.jpg.jpg 418w\" sizes=\"(max-width: 115px) 100vw, 115px\" \/><\/a><strong><u>Anon\u00edm bejelent\u00e9si lehet\u0151s\u00e9gek gyan\u00fa eset\u00e9n: <\/u><\/strong><a href=\"https:\/\/emea01.safelinks.protection.outlook.com\/?url=https%3A%2F%2Fzhkath.kircheschauthin.ch%2F&amp;data=05%7C01%7C%7C653954078e3e48184e6f08dbb4ee9695%7C84df9e7fe9f640afb435aaaaaaaaaaaa%7C1%7C0%7C638302709946748155%7CUnknown%7CTWFpbGZsb3d8eyJWIjoiMC4wLjAwMDAiLCJQIjoiV2luMzIiLCJBTiI6Ik1haWwiLCJXVCI6Mn0%3D%7C3000%7C%7C%7C&amp;sdata=frtWxyFINAtWvJKx2F4HczI46csUuB%2F%2BDQdF%2Fmsxzc0%3D&amp;reserved=0\">https:\/\/zhkath.kircheschauthin.ch\/\u00a0<\/a><\/h3>\n<h3><strong><u>A Z\u00fcrichi Katolikus Kanton\u00e1lis egyh\u00e1z m\u00e9dia-felel\u0151se ebben az \u00fcgyben: <\/u><\/strong><\/h3>\n<h3>Simon Spengler, Leiter Kommunikation, Telefon 044 266 12 35, Mobil 079 667 27 75, <a href=\"mailto:simon.spengler@zhkath.ch\">simon.spengler@zhkath.ch<\/a><\/h3>\t\t\t\t\t\t\t\t<\/div>\n\t\t\t\t<\/div>\n\t\t\t\t\t<\/div>\n\t\t<\/div>\n\t\t\t\t\t<\/div>\n\t\t<\/section>\n\t\t\t\t<\/div>\n\t\t","protected":false},"excerpt":{"rendered":"<p>Az egyh\u00e1z komolyan veszia\u00a0 szexu\u00e1lis vissza\u00e9l\u00e9seket A szexualit\u00e1s a teremt\u0151 aj\u00e1nd\u00e9ka, \u0150 \u201etal\u00e1lta ki\u201d az emberek \u00f6r\u00f6m\u00e9re \u00e9s boldogs\u00e1g\u00e1hoz. De sajnos mindennel vissza lehet \u00e9lni. Az eg\u00e9sz vil\u00e1gon vissza\u00e9lnek a teremt\u0151 aj\u00e1nd\u00e9kaival, nagyon sok szexu\u00e1lis b\u0171nt k\u00f6vetnek el az emberek \u00e9s \u00edgy \u00f6nmaguk \u00e9s k\u00f6rnyezet\u00fck boldogs\u00e1g\u00e1t \u00e1ss\u00e1k al\u00e1. Vannak sz\u00e9les k\u00f6rben elterjedt szexu\u00e1lis b\u0171n\u00f6k \u00e9s &hellip; <\/p>\n<p class=\"link-more\"><a href=\"https:\/\/magyar-misszio.ch\/?page_id=5710\" class=\"more-link\"><span class=\"screen-reader-text\">\u201eAz egyh\u00e1z komolyan veszi\u201c<\/span> weiterlesen<\/a><\/p>\n","protected":false},"author":2,"featured_media":0,"parent":0,"menu_order":0,"comment_status":"closed","ping_status":"closed","template":"","meta":{"footnotes":""},"class_list":["post-5710","page","type-page","status-publish","hentry"],"_links":{"self":[{"href":"https:\/\/magyar-misszio.ch\/index.php?rest_route=\/wp\/v2\/pages\/5710","targetHints":{"allow":["GET"]}}],"collection":[{"href":"https:\/\/magyar-misszio.ch\/index.php?rest_route=\/wp\/v2\/pages"}],"about":[{"href":"https:\/\/magyar-misszio.ch\/index.php?rest_route=\/wp\/v2\/types\/page"}],"author":[{"embeddable":true,"href":"https:\/\/magyar-misszio.ch\/index.php?rest_route=\/wp\/v2\/users\/2"}],"replies":[{"embeddable":true,"href":"https:\/\/magyar-misszio.ch\/index.php?rest_route=%2Fwp%2Fv2%2Fcomments&post=5710"}],"version-history":[{"count":19,"href":"https:\/\/magyar-misszio.ch\/index.php?rest_route=\/wp\/v2\/pages\/5710\/revisions"}],"predecessor-version":[{"id":5736,"href":"https:\/\/magyar-misszio.ch\/index.php?rest_route=\/wp\/v2\/pages\/5710\/revisions\/5736"}],"wp:attachment":[{"href":"https:\/\/magyar-misszio.ch\/index.php?rest_route=%2Fwp%2Fv2%2Fmedia&parent=5710"}],"curies":[{"name":"wp","href":"https:\/\/api.w.org\/{rel}","templated":true}]}}