{"id":5818,"date":"2023-10-12T11:01:13","date_gmt":"2023-10-12T11:01:13","guid":{"rendered":"https:\/\/magyar-misszio.ch\/?page_id=5818"},"modified":"2023-12-02T16:57:35","modified_gmt":"2023-12-02T16:57:35","slug":"karitasz-noel","status":"publish","type":"page","link":"https:\/\/magyar-misszio.ch\/?page_id=5818","title":{"rendered":"karitasz-Noel"},"content":{"rendered":"\t\t<div data-elementor-type=\"wp-page\" data-elementor-id=\"5818\" class=\"elementor elementor-5818\" data-elementor-post-type=\"page\">\n\t\t\t\t\t\t<section class=\"elementor-section elementor-top-section elementor-element elementor-element-71b9b8d7 elementor-section-boxed elementor-section-height-default elementor-section-height-default\" data-id=\"71b9b8d7\" data-element_type=\"section\">\n\t\t\t\t\t\t<div class=\"elementor-container elementor-column-gap-default\">\n\t\t\t\t\t<div class=\"elementor-column elementor-col-100 elementor-top-column elementor-element elementor-element-4ccdde14\" data-id=\"4ccdde14\" data-element_type=\"column\">\n\t\t\t<div class=\"elementor-widget-wrap elementor-element-populated\">\n\t\t\t\t\t\t<div class=\"elementor-element elementor-element-25f53cf6 elementor-widget elementor-widget-text-editor\" data-id=\"25f53cf6\" data-element_type=\"widget\" data-widget_type=\"text-editor.default\">\n\t\t\t\t<div class=\"elementor-widget-container\">\n\t\t\t\t\t\t\t\t\t<h2 style=\"text-align: center;\"><span style=\"color: #0000ff;\"><strong><img decoding=\"async\" class=\"alignleft wp-image-5821 size-thumbnail\" src=\"https:\/\/magyar-misszio.ch\/wp-content\/uploads\/noel_20230731_191604-150x150.jpg\" alt=\"\" width=\"150\" height=\"150\" data-id=\"5821\" srcset=\"https:\/\/magyar-misszio.ch\/wp-content\/uploads\/noel_20230731_191604-150x150.jpg 150w, https:\/\/magyar-misszio.ch\/wp-content\/uploads\/noel_20230731_191604-100x100.jpg 100w\" sizes=\"(max-width: 150px) 100vw, 150px\" \/><\/strong><\/span><\/h2><h2>Besz\u00e1mol\u00f3nkat l\u00e1d a 2023.11-es h\u00edrlev\u00e9lben. K\u00f6sz\u00f6nj\u00fck a seg\u00edts\u00e9geket!<\/h2><h2 style=\"text-align: center;\"><span style=\"color: #0000ff;\"><strong>Seg\u00edts\u00fcnk Noelnek, egy beteg kisfi\u00fa gy\u00f3gy\u00edt\u00e1s\u00e1hoz<br \/><\/strong><\/span><span style=\"color: #0000ff;\">(misszi\u00f3nk gy\u0171jt\u00e9si akci\u00f3ja)<\/span><\/h2><div><p><em>A veszpr\u00e9m megyei Sz\u00e1p\u00e1r kicsi faluban egy pici gyermeknek van sz\u00fcks\u00e9ge seg\u00edts\u00e9gre, mert a gyermek\u00e9t egyed\u00fcl nevel\u0151 anyuka neh\u00e9z helyzetben van. Id\u00e9zet t\u0151le:\u00a0 <\/em><em>\u201eEgy 3 \u00e9ves gy\u00f6ny\u00f6r\u0171 kisfi\u00fa \u00e9desanyja vagyok! Noel 2019.12.18-\u00e1n t\u00f6bb rendelleness\u00e9ggel sz\u00fcletett. A diagn\u00f3zis: dongal\u00e1b, v\u00e9gtaghi\u00e1ny, z\u00e1rt ujjak mind k\u00e9t k\u00e9zfej\u00e9n \u00e9s letapadt nyelvvel j\u00f6tt a vil\u00e1gra.\u00a0\u00a0\u00a0 <br \/>Id\u00e9n ny\u00e1ron m\u00e1r nem kellett gipszben lennie, de novembert\u0151l k\u00f6vetkez\u0151 ny\u00e1rig ism\u00e9t. Nemr\u00e9g volt egy \u00fajabb sz\u00e1jm\u0171t\u00e9tje \u00e9s egy nagyobb l\u00e1b- \u00e9s sz\u00e1jm\u0171t\u00e9t m\u00e9g j\u00f6v\u0151re is v\u00e1r r\u00e1. Anyagilag az is gondot jelent sokszor, hogy Budapestre gyakran felutazzunk az ell\u00e1t\u00e1sra, mert ott tudj\u00e1k kezelni.<img decoding=\"async\" class=\"alignright wp-image-5822\" src=\"https:\/\/magyar-misszio.ch\/wp-content\/uploads\/noel_1697106710473-300x292.jpeg\" alt=\"\" width=\"200\" height=\"195\" data-id=\"5822\" srcset=\"https:\/\/magyar-misszio.ch\/wp-content\/uploads\/noel_1697106710473-300x292.jpeg 300w, https:\/\/magyar-misszio.ch\/wp-content\/uploads\/noel_1697106710473-768x747.jpeg 768w, https:\/\/magyar-misszio.ch\/wp-content\/uploads\/noel_1697106710473.jpeg 952w\" sizes=\"(max-width: 200px) 100vw, 200px\" \/> <\/em><\/p><p><em>Noel egy \u00e9letvid\u00e1m, szellemileg teljesen \u00e9p kisfi\u00fa. B\u00e1rmilyen seg\u00edts\u00e9gnek nagyon \u00f6r\u00fcln\u00e9nk!\u201d<\/em><\/p><\/div><p><span style=\"color: #ff0000;\">T\u00e1mogat\u00e1sunk k\u00f6zvetlen\u00fcl azokhoz ker\u00fcl<\/span> akik a legjobban r\u00e1szorulnak. (Karit\u00e1szunkn\u00e1l nincs logisztikai levon\u00e1s&#8230;)<\/p><p>Plak\u00e1tunk<a href=\"https:\/\/magyar-misszio.ch\/wp-content\/uploads\/gyujtesi_plakat2023noel.pdf\"> let\u00f6lthet\u0151 itt&#8230;<\/a><\/p><p><span style=\"color: #ff0000;\"><strong><span style=\"font-size: 18pt;\"><span style=\"color: #339966;\">Milyen m\u00f3dokon tud seg\u00edteni?<\/span><span style=\"color: #800080;\">\u00a0<\/span><\/span><\/strong><\/span><\/p><ol><li>2023. nov.\u00a019. \u00e9s 26-i perselyadom\u00e1ny\u00e1val,<\/li><li>Nov. 24-ig: \u00c1tutal\u00e1ssal a St. Stephan Verein sz\u00e1ml\u00e1j\u00e1ra, pl.&#8220;Noel&#8220; vagy &#8222;karit\u00e1sz-seg\u00e9ly&#8220; megjel\u00f6l\u00e9ssel (Verein St. Stephan, Z\u00fcrich 8057, Winterthurerstrasse 135, IBAN: CH59 0070 0112 8001 3211 1).<\/li><li>Mobiltelefonja seg\u00edts\u00e9g\u00e9vel (a fenti sz\u00e1mlasz\u00e1mhoz tartoz\u00f3 ) k\u00f6vetkez\u0151 QR-k\u00f3ddal (\u00edrja oda pl.\u00a0 &#8222;karit\u00e1sz, Noel&#8230;&#8220; c\u00e9lt):<\/li><\/ol><p><img fetchpriority=\"high\" decoding=\"async\" src=\"https:\/\/magyar-misszio.ch\/wp-content\/uploads\/2022\/11\/qr-kod-bankszamlank.jpg-300x300.jpg\" alt=\"\" width=\"300\" height=\"300\" data-id=\"4465\" \/><\/p><p><img loading=\"lazy\" decoding=\"async\" src=\"https:\/\/magyar-misszio.ch\/wp-content\/uploads\/2018\/08\/egyutt-300x146.jpg\" alt=\"\" width=\"300\" height=\"146\" data-id=\"519\" \/><span style=\"font-size: 14pt;\"><span style=\"color: #ff0000;\"><strong>K\u00f6z\u00f6ss\u00e9g\u00fcnk karit\u00e1sz-csoportj\u00e1r\u00f3l\/strong&gt;<\/strong><\/span>, c\u00e9lokr\u00f3l, \u00f6szefog\u00e1sokr\u00f3l l\u00e1sd karit\u00e1sz-oldalunkat <a href=\"https:\/\/magyar-misszio.ch\/?page_id=783\">ide kattintva&#8230;.<\/a><\/span><\/p>\t\t\t\t\t\t\t\t<\/div>\n\t\t\t\t<\/div>\n\t\t\t\t\t<\/div>\n\t\t<\/div>\n\t\t\t\t\t<\/div>\n\t\t<\/section>\n\t\t\t\t<\/div>\n\t\t","protected":false},"excerpt":{"rendered":"<p>Besz\u00e1mol\u00f3nkat l\u00e1d a 2023.11-es h\u00edrlev\u00e9lben. K\u00f6sz\u00f6nj\u00fck a seg\u00edts\u00e9geket! Seg\u00edts\u00fcnk Noelnek, egy beteg kisfi\u00fa gy\u00f3gy\u00edt\u00e1s\u00e1hoz(misszi\u00f3nk gy\u0171jt\u00e9si akci\u00f3ja) A veszpr\u00e9m megyei Sz\u00e1p\u00e1r kicsi faluban egy pici gyermeknek van sz\u00fcks\u00e9ge seg\u00edts\u00e9gre, mert a gyermek\u00e9t egyed\u00fcl nevel\u0151 anyuka neh\u00e9z helyzetben van. Id\u00e9zet t\u0151le:\u00a0 \u201eEgy 3 \u00e9ves gy\u00f6ny\u00f6r\u0171 kisfi\u00fa \u00e9desanyja vagyok! Noel 2019.12.18-\u00e1n t\u00f6bb rendelleness\u00e9ggel sz\u00fcletett. A diagn\u00f3zis: dongal\u00e1b, v\u00e9gtaghi\u00e1ny, &hellip; <\/p>\n<p class=\"link-more\"><a href=\"https:\/\/magyar-misszio.ch\/?page_id=5818\" class=\"more-link\"><span class=\"screen-reader-text\">\u201ekaritasz-Noel\u201c<\/span> weiterlesen<\/a><\/p>\n","protected":false},"author":2,"featured_media":0,"parent":0,"menu_order":0,"comment_status":"closed","ping_status":"closed","template":"","meta":{"footnotes":""},"class_list":["post-5818","page","type-page","status-publish","hentry"],"_links":{"self":[{"href":"https:\/\/magyar-misszio.ch\/index.php?rest_route=\/wp\/v2\/pages\/5818","targetHints":{"allow":["GET"]}}],"collection":[{"href":"https:\/\/magyar-misszio.ch\/index.php?rest_route=\/wp\/v2\/pages"}],"about":[{"href":"https:\/\/magyar-misszio.ch\/index.php?rest_route=\/wp\/v2\/types\/page"}],"author":[{"embeddable":true,"href":"https:\/\/magyar-misszio.ch\/index.php?rest_route=\/wp\/v2\/users\/2"}],"replies":[{"embeddable":true,"href":"https:\/\/magyar-misszio.ch\/index.php?rest_route=%2Fwp%2Fv2%2Fcomments&post=5818"}],"version-history":[{"count":10,"href":"https:\/\/magyar-misszio.ch\/index.php?rest_route=\/wp\/v2\/pages\/5818\/revisions"}],"predecessor-version":[{"id":6245,"href":"https:\/\/magyar-misszio.ch\/index.php?rest_route=\/wp\/v2\/pages\/5818\/revisions\/6245"}],"wp:attachment":[{"href":"https:\/\/magyar-misszio.ch\/index.php?rest_route=%2Fwp%2Fv2%2Fmedia&parent=5818"}],"curies":[{"name":"wp","href":"https:\/\/api.w.org\/{rel}","templated":true}]}}