{"id":5905,"date":"2023-11-17T15:25:46","date_gmt":"2023-11-17T15:25:46","guid":{"rendered":"https:\/\/magyar-misszio.ch\/?page_id=5905"},"modified":"2023-11-21T16:38:38","modified_gmt":"2023-11-21T16:38:38","slug":"szterzsebet_konyv","status":"publish","type":"page","link":"https:\/\/magyar-misszio.ch\/?page_id=5905","title":{"rendered":"SztErzsebet_konyv"},"content":{"rendered":"\t\t<div data-elementor-type=\"wp-page\" data-elementor-id=\"5905\" class=\"elementor elementor-5905\" data-elementor-post-type=\"page\">\n\t\t\t\t\t\t<section class=\"elementor-section elementor-top-section elementor-element elementor-element-9ce58c5 elementor-section-boxed elementor-section-height-default elementor-section-height-default\" data-id=\"9ce58c5\" data-element_type=\"section\">\n\t\t\t\t\t\t<div class=\"elementor-container elementor-column-gap-default\">\n\t\t\t\t\t<div class=\"elementor-column elementor-col-50 elementor-top-column elementor-element elementor-element-9ec14f9\" data-id=\"9ec14f9\" data-element_type=\"column\">\n\t\t\t<div class=\"elementor-widget-wrap elementor-element-populated\">\n\t\t\t\t\t\t<div class=\"elementor-element elementor-element-645afd3 elementor-widget elementor-widget-image\" data-id=\"645afd3\" data-element_type=\"widget\" data-widget_type=\"image.default\">\n\t\t\t\t<div class=\"elementor-widget-container\">\n\t\t\t\t\t\t\t\t\t\t\t\t\t\t\t<img fetchpriority=\"high\" decoding=\"async\" width=\"736\" height=\"508\" src=\"https:\/\/magyar-misszio.ch\/wp-content\/uploads\/kezdokep.jpg\" class=\"attachment-large size-large wp-image-5869\" alt=\"\" srcset=\"https:\/\/magyar-misszio.ch\/wp-content\/uploads\/kezdokep.jpg 736w, https:\/\/magyar-misszio.ch\/wp-content\/uploads\/kezdokep-300x207.jpg 300w\" sizes=\"100vw\" \/>\t\t\t\t\t\t\t\t\t\t\t\t\t\t\t<\/div>\n\t\t\t\t<\/div>\n\t\t\t\t\t<\/div>\n\t\t<\/div>\n\t\t\t\t<div class=\"elementor-column elementor-col-50 elementor-top-column elementor-element elementor-element-31bd6fc\" data-id=\"31bd6fc\" data-element_type=\"column\">\n\t\t\t<div class=\"elementor-widget-wrap elementor-element-populated\">\n\t\t\t\t\t\t<div class=\"elementor-element elementor-element-55f63ae elementor-widget elementor-widget-text-editor\" data-id=\"55f63ae\" data-element_type=\"widget\" data-widget_type=\"text-editor.default\">\n\t\t\t\t<div class=\"elementor-widget-container\">\n\t\t\t\t\t\t\t\t\t<h4><span style=\"color: #0000ff;\">\u00c1rp\u00e1dh\u00e1zi Szent Erzs\u00e9bet &#8211;\u00a0k\u00f6nyv 4 nyelven<\/span><\/h4><p>20 \u00e9vvel eme gazdag k\u00f6nyv kiadat\u00e1sa ut\u00e1n (2023-ban) el\u0151sz\u00f6r itt tudjuk k\u00f6zkinccs\u00e9 tenni a Szent Erzs\u00e9betr\u0151l k\u00e9sz\u00fclt k\u00e9pekben gazdag \u00e9s \u00e9lett\u00f6rt\u00e9n\u00e9t r\u00e9szletesen tartalmaz\u00f3 k\u00f6nyvet. (\u00c9s \u00f6r\u00f6m\u00fcnkre nemsok\u00e1ra a P\u00e1zm\u00e1ny P\u00e9ter Elektronikus K\u00f6nyvt\u00e1rb\u00f3l is el\u00e9rhet\u0151 lesz. \u00c9rdemes ott is keresgetni j\u00f3 k\u00f6nyvek ut\u00e1n: <a href=\"http:\/\/www.ppek.hu\/\" target=\"_blank\" rel=\"noopener\">www.ppek.hu<\/a>)\u00a0<\/p><p>A k\u00e9peket Golarits Istv\u00e1n k\u00e9sz\u00edtett, Szent Erzs\u00e9bet \u00e9let\u00e9t dr. Prokopp M\u00e1ria \u00edrta. A k\u00f6nyv let\u00f6lthet\u0151 v\u00e1ltozat\u00e1t enged\u00e9lyezte: Golarits Istv\u00e1n \u00f6zvegye, Golarits Gy\u00f6ngyi \u00e9s dr. Prokopp M\u00e1ria.<\/p><p><a href=\"http:\/\/magyar-misszio.ch\/x.olvasni\/SztErzs\/Golarits_Istvan-Arpad-hazi_Szent_Erzsebet.pdf\" target=\"_blank\" rel=\"noopener\">Kattintson ide\u00a0 <span style=\"color: #ff0000;\">az olvas\u00e1shoz vagy\u00a0 let\u00f6lt\u00e9shez&#8230;.<\/span><\/a><\/p>\t\t\t\t\t\t\t\t<\/div>\n\t\t\t\t<\/div>\n\t\t\t\t\t<\/div>\n\t\t<\/div>\n\t\t\t\t\t<\/div>\n\t\t<\/section>\n\t\t\t\t<section class=\"elementor-section elementor-top-section elementor-element elementor-element-c2ae69e elementor-section-boxed elementor-section-height-default elementor-section-height-default\" data-id=\"c2ae69e\" data-element_type=\"section\">\n\t\t\t\t\t\t<div class=\"elementor-container elementor-column-gap-default\">\n\t\t\t\t\t<div class=\"elementor-column elementor-col-100 elementor-top-column elementor-element elementor-element-a9189a8\" data-id=\"a9189a8\" data-element_type=\"column\">\n\t\t\t<div class=\"elementor-widget-wrap elementor-element-populated\">\n\t\t\t\t\t\t<div class=\"elementor-element elementor-element-ac2252f elementor-widget elementor-widget-text-editor\" data-id=\"ac2252f\" data-element_type=\"widget\" data-widget_type=\"text-editor.default\">\n\t\t\t\t<div class=\"elementor-widget-container\">\n\t\t\t\t\t\t\t\t\t<p>A k\u00f6nyv k\u00e9peit k\u00fcl\u00f6n <a href=\"https:\/\/magyar-misszio.ch\/?page_id=5922\"><span style=\"text-decoration: underline;\">ide kattintva<\/span><\/a> tekintheti meg&#8230;<\/p><p>Az \u00e9letrajzot csak magyarul\u00a0 <a href=\"https:\/\/magyar-misszio.ch\/wp-content\/uploads\/szterzs_hu.pdf\"><span style=\"text-decoration: underline;\">ide kattintva<\/span><\/a> olvashatja&#8230;.<\/p>\t\t\t\t\t\t\t\t<\/div>\n\t\t\t\t<\/div>\n\t\t\t\t\t<\/div>\n\t\t<\/div>\n\t\t\t\t\t<\/div>\n\t\t<\/section>\n\t\t\t\t<section class=\"elementor-section elementor-top-section elementor-element elementor-element-abe4145 elementor-section-boxed elementor-section-height-default elementor-section-height-default\" data-id=\"abe4145\" data-element_type=\"section\">\n\t\t\t\t\t\t<div class=\"elementor-container elementor-column-gap-default\">\n\t\t\t\t\t<div class=\"elementor-column elementor-col-100 elementor-top-column elementor-element elementor-element-f6bc33f\" data-id=\"f6bc33f\" data-element_type=\"column\">\n\t\t\t<div class=\"elementor-widget-wrap elementor-element-populated\">\n\t\t\t\t\t\t<div class=\"elementor-element elementor-element-a456cbf elementor-widget elementor-widget-text-editor\" data-id=\"a456cbf\" data-element_type=\"widget\" data-widget_type=\"text-editor.default\">\n\t\t\t\t<div class=\"elementor-widget-container\">\n\t\t\t\t\t\t\t\t\t<p>Ha szentmis\u00e9nken nem volt jelen, itt al\u00e1bb tal\u00e1lhat\u00f3 a kiosztott szentk\u00e9p\u00fcnk \u00fczenete:<\/p>\t\t\t\t\t\t\t\t<\/div>\n\t\t\t\t<\/div>\n\t\t\t\t\t<\/div>\n\t\t<\/div>\n\t\t\t\t\t<\/div>\n\t\t<\/section>\n\t\t\t\t<section class=\"elementor-section elementor-top-section elementor-element elementor-element-fcee2e9 elementor-section-boxed elementor-section-height-default elementor-section-height-default\" data-id=\"fcee2e9\" data-element_type=\"section\">\n\t\t\t\t\t\t<div class=\"elementor-container elementor-column-gap-default\">\n\t\t\t\t\t<div class=\"elementor-column elementor-col-50 elementor-top-column elementor-element elementor-element-6c7adc0\" data-id=\"6c7adc0\" data-element_type=\"column\">\n\t\t\t<div class=\"elementor-widget-wrap elementor-element-populated\">\n\t\t\t\t\t\t<div class=\"elementor-element elementor-element-3dacc0a elementor-widget elementor-widget-image\" data-id=\"3dacc0a\" data-element_type=\"widget\" data-widget_type=\"image.default\">\n\t\t\t\t<div class=\"elementor-widget-container\">\n\t\t\t\t\t\t\t\t\t\t\t\t\t\t\t<img decoding=\"async\" width=\"648\" height=\"908\" src=\"https:\/\/magyar-misszio.ch\/wp-content\/uploads\/szterzsebet_kep.jpg.jpg\" class=\"attachment-large size-large wp-image-5907\" alt=\"\" srcset=\"https:\/\/magyar-misszio.ch\/wp-content\/uploads\/szterzsebet_kep.jpg.jpg 648w, https:\/\/magyar-misszio.ch\/wp-content\/uploads\/szterzsebet_kep.jpg-214x300.jpg 214w\" sizes=\"100vw\" \/>\t\t\t\t\t\t\t\t\t\t\t\t\t\t\t<\/div>\n\t\t\t\t<\/div>\n\t\t\t\t\t<\/div>\n\t\t<\/div>\n\t\t\t\t<div class=\"elementor-column elementor-col-50 elementor-top-column elementor-element elementor-element-f935a89\" data-id=\"f935a89\" data-element_type=\"column\">\n\t\t\t<div class=\"elementor-widget-wrap elementor-element-populated\">\n\t\t\t\t\t\t<div class=\"elementor-element elementor-element-67183d4 elementor-widget elementor-widget-text-editor\" data-id=\"67183d4\" data-element_type=\"widget\" data-widget_type=\"text-editor.default\">\n\t\t\t\t<div class=\"elementor-widget-container\">\n\t\t\t\t\t\t\t\t\t<p>Min\u00e9l t\u00f6bbet adsz, min\u00e9l jobban szeretsz, ann\u00e1l boldogabb leszel! J\u00e9zus jelenl\u00e9t\u00e9nek \u00f6r\u00f6me egyre ink\u00e1bb \u00e1t fog j\u00e1rni t\u00e9ged!<\/p><p>J\u00e9zus els\u0151 k\u00e9rd\u00e9se a hal\u00e1lod ut\u00e1n nem az lesz, hogy milyen er\u0151s volt a hited, hanem az, hogy mennyi j\u00f3t tett\u00e9l! Mert ezt mondja: <em>\u00c9hes voltam, szomjas voltam, idegen voltam, meztelen voltam, beteg voltam, b\u00f6rt\u00f6nben voltam.\u00a0 \u00c1men, mondom nektek: amit a legkisebb testv\u00e9reim k\u00f6z\u00fcl egynek is tettetek, nekem tett\u00e9tek. \u00d6r\u00f6k \u00e9let v\u00e1r r\u00e1d!<\/em> (ld. Mt 25,31-40.45)<\/p><p>A Szent Erzs\u00e9betr\u0151l k\u00e9sz\u00fcl k\u00f6nyv el\u00e9rhet\u0151 honlapunk olvasnival\u00f3k men\u00fc-pontj\u00e1n\u00e1l. www.magyar-misszio.ch<\/p>\t\t\t\t\t\t\t\t<\/div>\n\t\t\t\t<\/div>\n\t\t\t\t\t<\/div>\n\t\t<\/div>\n\t\t\t\t\t<\/div>\n\t\t<\/section>\n\t\t\t\t<section class=\"elementor-section elementor-top-section elementor-element elementor-element-7d3d5f5 elementor-section-boxed elementor-section-height-default elementor-section-height-default\" data-id=\"7d3d5f5\" data-element_type=\"section\">\n\t\t\t\t\t\t<div class=\"elementor-container elementor-column-gap-default\">\n\t\t\t\t\t<div class=\"elementor-column elementor-col-100 elementor-top-column elementor-element elementor-element-6db9ed4\" data-id=\"6db9ed4\" data-element_type=\"column\">\n\t\t\t<div class=\"elementor-widget-wrap elementor-element-populated\">\n\t\t\t\t\t\t<div class=\"elementor-element elementor-element-29efec8 elementor-widget elementor-widget-text-editor\" data-id=\"29efec8\" data-element_type=\"widget\" data-widget_type=\"text-editor.default\">\n\t\t\t\t<div class=\"elementor-widget-container\">\n\t\t\t\t\t\t\t\t\t<p>Az oldal n\u00e9met verzi\u00f3j\u00e1t <a href=\"https:\/\/magyar-misszio.ch\/?page_id=5892\">ide kattintva<\/a> \u00e9rheti el&#8230;.<\/p>\t\t\t\t\t\t\t\t<\/div>\n\t\t\t\t<\/div>\n\t\t\t\t\t<\/div>\n\t\t<\/div>\n\t\t\t\t\t<\/div>\n\t\t<\/section>\n\t\t\t\t<\/div>\n\t\t","protected":false},"excerpt":{"rendered":"<p>\u00c1rp\u00e1dh\u00e1zi Szent Erzs\u00e9bet &#8211;\u00a0k\u00f6nyv 4 nyelven 20 \u00e9vvel eme gazdag k\u00f6nyv kiadat\u00e1sa ut\u00e1n (2023-ban) el\u0151sz\u00f6r itt tudjuk k\u00f6zkinccs\u00e9 tenni a Szent Erzs\u00e9betr\u0151l k\u00e9sz\u00fclt k\u00e9pekben gazdag \u00e9s \u00e9lett\u00f6rt\u00e9n\u00e9t r\u00e9szletesen tartalmaz\u00f3 k\u00f6nyvet. (\u00c9s \u00f6r\u00f6m\u00fcnkre nemsok\u00e1ra a P\u00e1zm\u00e1ny P\u00e9ter Elektronikus K\u00f6nyvt\u00e1rb\u00f3l is el\u00e9rhet\u0151 lesz. \u00c9rdemes ott is keresgetni j\u00f3 k\u00f6nyvek ut\u00e1n: www.ppek.hu)\u00a0 A k\u00e9peket Golarits Istv\u00e1n k\u00e9sz\u00edtett, Szent &hellip; <\/p>\n<p class=\"link-more\"><a href=\"https:\/\/magyar-misszio.ch\/?page_id=5905\" class=\"more-link\"><span class=\"screen-reader-text\">\u201eSztErzsebet_konyv\u201c<\/span> weiterlesen<\/a><\/p>\n","protected":false},"author":2,"featured_media":0,"parent":0,"menu_order":0,"comment_status":"closed","ping_status":"closed","template":"","meta":{"footnotes":""},"class_list":["post-5905","page","type-page","status-publish","hentry"],"_links":{"self":[{"href":"https:\/\/magyar-misszio.ch\/index.php?rest_route=\/wp\/v2\/pages\/5905","targetHints":{"allow":["GET"]}}],"collection":[{"href":"https:\/\/magyar-misszio.ch\/index.php?rest_route=\/wp\/v2\/pages"}],"about":[{"href":"https:\/\/magyar-misszio.ch\/index.php?rest_route=\/wp\/v2\/types\/page"}],"author":[{"embeddable":true,"href":"https:\/\/magyar-misszio.ch\/index.php?rest_route=\/wp\/v2\/users\/2"}],"replies":[{"embeddable":true,"href":"https:\/\/magyar-misszio.ch\/index.php?rest_route=%2Fwp%2Fv2%2Fcomments&post=5905"}],"version-history":[{"count":19,"href":"https:\/\/magyar-misszio.ch\/index.php?rest_route=\/wp\/v2\/pages\/5905\/revisions"}],"predecessor-version":[{"id":6079,"href":"https:\/\/magyar-misszio.ch\/index.php?rest_route=\/wp\/v2\/pages\/5905\/revisions\/6079"}],"wp:attachment":[{"href":"https:\/\/magyar-misszio.ch\/index.php?rest_route=%2Fwp%2Fv2%2Fmedia&parent=5905"}],"curies":[{"name":"wp","href":"https:\/\/api.w.org\/{rel}","templated":true}]}}