{"id":604,"date":"2018-10-05T10:42:49","date_gmt":"2018-10-05T10:42:49","guid":{"rendered":"http:\/\/magyar-misszio.ch\/?page_id=604"},"modified":"2022-12-10T16:12:10","modified_gmt":"2022-12-10T16:12:10","slug":"kiallunk","status":"publish","type":"page","link":"https:\/\/magyar-misszio.ch\/?page_id=604","title":{"rendered":"kiallunk"},"content":{"rendered":"\t\t<div data-elementor-type=\"wp-page\" data-elementor-id=\"604\" class=\"elementor elementor-604\" data-elementor-post-type=\"page\">\n\t\t\t\t\t\t<section class=\"elementor-section elementor-top-section elementor-element elementor-element-2be49133 elementor-section-boxed elementor-section-height-default elementor-section-height-default\" data-id=\"2be49133\" data-element_type=\"section\">\n\t\t\t\t\t\t<div class=\"elementor-container elementor-column-gap-default\">\n\t\t\t\t\t<div class=\"elementor-column elementor-col-100 elementor-top-column elementor-element elementor-element-277dbbf8\" data-id=\"277dbbf8\" data-element_type=\"column\">\n\t\t\t<div class=\"elementor-widget-wrap elementor-element-populated\">\n\t\t\t\t\t\t<div class=\"elementor-element elementor-element-742d6d8c elementor-widget elementor-widget-text-editor\" data-id=\"742d6d8c\" data-element_type=\"widget\" data-widget_type=\"text-editor.default\">\n\t\t\t\t<div class=\"elementor-widget-container\">\n\t\t\t\t\t\t\t\t\t<p><span style=\"font-size: 18pt; color: #ff0000;\">Ki\u00e1llunk az igazs\u00e1gok\u00e9rt! &#8211; Te is ?<\/span><\/p><p style=\"text-align: justify;\"><span style=\"font-size: 14pt; color: #0000ff;\"><img fetchpriority=\"high\" decoding=\"async\" class=\"size-medium wp-image-602 alignright\" src=\"https:\/\/magyar-misszio.ch\/wp-content\/uploads\/2018\/10\/abort_tunt-300x181-300x181.jpg\" alt=\"\" width=\"300\" height=\"181\" data-id=\"602\" \/>\u00dcnnepelni szoktuk a szabads\u00e1g\u00e9rt k\u00fczd\u0151ket, \u00e9s ez j\u00f3l van \u00edgy. Sokszor elgondolkoztam azon, hogy milyen sokszor vannak a vil\u00e1g sz\u00e1mos pontj\u00e1n t\u00fcntet\u00e9sek, hogy az emberek az otthon k\u00e9nyelm\u00e9b\u0151l felkelve kimennek az utc\u00e1ra \u00e9s hallatj\u00e1k hangjukat. K\u00fcl\u00f6n\u00f6s tisztelet t\u00e1mad bennem, amikor j\u00f3 \u00fcgyek\u00e9rt vannak t\u00fcntet\u00e9sek: pl. aborsztuszok ellen az \u00e9let mellett, valaki kiszabad\u00edt\u00e1s\u00e1\u00e9rt, \u00f6sszefog\u00e1s a csal\u00e1dok\u00e9rt stb. Egy j\u00f3 kereszt\u00e9ny nem n\u00e9zheti t\u00e9tlen\u00fcl az igazs\u00e1g \u00e9s a hit elnyom\u00e1s\u00e1t. Nyugati t\u00e1rsadalmunkban annyi a lelki s\u00e9r\u00fclt \u00e9s s\u00e9r\u00fclt gondolkod\u00e1s\u00fa ember! Legyen az ak\u00e1r politikus vagy b\u00edr\u00f3. Ha nem \u00fagy gondolkodik, mint az Isten, akkor t\u00e9ved\u00e9sben \u00e9l. Arra h\u00edvlak, kedves kereszt\u00e9ny testv\u00e9rem, hogy ha nem is vonulsz utc\u00e1ra megv\u00e9deni az igazs\u00e1got, igaz erk\u00f6lcs\u00f6t, legal\u00e1bb \u00e1llj ki az igazs\u00e1g\u00e9rt! Itt tal\u00e1lsz olyan felh\u00edv\u00e1sokat is, amit egyszer\u0171 sz\u00e1m\u00edt\u00f3g\u00e9pes kattint\u00e1ssal &#8222;al\u00e1\u00edrhatsz&#8220;, \u00edgy megvallhatod az igazs\u00e1got te is.<\/span><\/p><p style=\"text-align: right;\"><span style=\"color: #0000ff;\">P\u00e9ter atya<\/span><\/p><table style=\"width: 100%;\"><tbody><tr><td style=\"text-align: center; width: 99.6551%;\" colspan=\"3\"><p>\u00a0<\/p><p style=\"text-align: justify;\"><img decoding=\"async\" class=\"alignleft\" src=\"https:\/\/magyar-misszio.ch\/wp-content\/uploads\/2021\/03\/Nein_Ehe_fuer_alle-300x103.jpg\" \/><span style=\"color: #ff0000;\">Meg kell v\u00e9den\u00fcnk az Isten \u00e1ltal kital\u00e1lt boldogs\u00e1g \u00fatj\u00e1t: a f\u00e9rfi \u00e9s n\u0151 \u00e9s gyermekek \u00e1ltal alkotott csal\u00e1dok \u00fatj\u00e1t.<\/span><\/p><ul><li style=\"text-align: justify;\">A Szent J\u00f3zsef \u00e9vben (2020-21) k\u00e9rj\u00fck ehhez Szent J\u00f3zsef <img decoding=\"async\" class=\"alignright\" src=\"https:\/\/magyar-misszio.ch\/wp-content\/uploads\/2021\/03\/stjoseph2.jpg\" width=\"76\" height=\"103\" \/>seg\u00edts\u00e9g\u00e9t! Hogy a minket \u00e9rt t\u00e1mad\u00e1sok ne gy\u0151zedelmeskedjenek!\u00a0 (oldalunk <a href=\"https:\/\/magyar-misszio.ch\/?page_id=2890\" target=\"_blank\" rel=\"noopener\">itt&#8230;<\/a>)<br \/><br \/><\/li><li style=\"text-align: justify;\"><strong><span style=\"color: #ff0000;\">T\u00e1mogassuk pl. a CitizenGo csapat sz\u00e1mos kezdem\u00e9nyez\u00e9s\u00e9t<\/span><\/strong> (internetes al\u00e1\u00edr\u00e1sainkkal) a h\u00e1zass\u00e1g \u00e9s helyes szexualit\u00e1s v\u00e9delm\u00e9\u00e9rt, a kereszt\u00e9ny erk\u00f6lcsis\u00e9g megv\u00e9d\u00e9s\u00e9\u00e9rt.<br \/>Magyar nyelv\u0171 oldal <a href=\"https:\/\/citizengo.org\/hu\" target=\"_blank\" rel=\"noopener\">ide kattintva&#8230;<\/a>Bar\u00e1tainak kiv\u00e1laszthatja ott a t\u00f6bbi nyelvet is, \u00e9s terjesztheti.<br \/><img decoding=\"async\" class=\"alignnone size-medium wp-image-4585\" src=\"https:\/\/magyar-misszio.ch\/wp-content\/uploads\/2022\/12\/citizengo2.jpg-300x88.jpg\" alt=\"\" width=\"300\" height=\"88\" data-id=\"4585\" srcset=\"https:\/\/magyar-misszio.ch\/wp-content\/uploads\/2022\/12\/citizengo2.jpg-300x88.jpg 300w, https:\/\/magyar-misszio.ch\/wp-content\/uploads\/2022\/12\/citizengo2.jpg-1024x301.jpg 1024w, https:\/\/magyar-misszio.ch\/wp-content\/uploads\/2022\/12\/citizengo2.jpg-768x225.jpg 768w, https:\/\/magyar-misszio.ch\/wp-content\/uploads\/2022\/12\/citizengo2.jpg-1536x451.jpg 1536w, https:\/\/magyar-misszio.ch\/wp-content\/uploads\/2022\/12\/citizengo2.jpg-2048x601.jpg 2048w, https:\/\/magyar-misszio.ch\/wp-content\/uploads\/2022\/12\/citizengo2.jpg-1080x317.jpg 1080w\" sizes=\"(max-width: 300px) 100vw, 300px\" \/><br \/><span style=\"font-size: 14pt; color: #ff0000;\"><strong>\u00a0<\/strong><\/span><\/li><\/ul><\/td><\/tr><tr><td style=\"text-align: center;\" colspan=\"3\"><img loading=\"lazy\" decoding=\"async\" class=\" wp-image-3270 alignright\" src=\"https:\/\/magyar-misszio.ch\/wp-content\/uploads\/2021\/07\/citizengo.jpg-300x191.jpg\" alt=\"\" width=\"218\" height=\"139\" data-id=\"3270\" srcset=\"https:\/\/magyar-misszio.ch\/wp-content\/uploads\/2021\/07\/citizengo.jpg-300x191.jpg 300w, https:\/\/magyar-misszio.ch\/wp-content\/uploads\/2021\/07\/citizengo.jpg-768x490.jpg 768w, https:\/\/magyar-misszio.ch\/wp-content\/uploads\/2021\/07\/citizengo.jpg.jpg 900w\" sizes=\"(max-width: 218px) 100vw, 218px\" \/><p><span style=\"font-size: 14pt;\"><em><span style=\"font-size: 14pt;\">2022. dec.<\/span><\/em><\/span><span style=\"font-size: 14pt; color: #ff0000;\"><strong><br \/><span style=\"color: #0000ff;\"><span style=\"font-size: 14pt;\"><span style=\"color: #ff00ff;\">2022-es sikerek a kereszt\u00e9ny \u00e9rt\u00e9kek v\u00e9delm\u00e9ben<\/span><br \/><\/span><\/span><span style=\"color: #993300;\">&#8211; a CitizenGo besz\u00e1mol\u00f3ja<\/span><br \/><\/strong><a href=\"https:\/\/magyar-misszio.ch\/wp-content\/uploads\/2022\/12\/citizengo2022.pdf\" target=\"_blank\" rel=\"noopener\"><span style=\"color: #000000;\">kattints ide&#8230;<\/span><\/a><\/span><\/p><\/td><\/tr><tr><td style=\"text-align: center;\" colspan=\"3\"><span style=\"font-size: 14pt; color: #ff0000;\"><strong><em><span style=\"font-size: 14pt;\"><img loading=\"lazy\" decoding=\"async\" class=\"alignleft wp-image-3681 size-thumbnail\" src=\"https:\/\/magyar-misszio.ch\/wp-content\/uploads\/2022\/01\/bortonnel-cna.jpg-150x150.jpg\" alt=\"\" width=\"150\" height=\"150\" data-id=\"3681\" srcset=\"https:\/\/magyar-misszio.ch\/wp-content\/uploads\/2022\/01\/bortonnel-cna.jpg-150x150.jpg 150w, https:\/\/magyar-misszio.ch\/wp-content\/uploads\/2022\/01\/bortonnel-cna.jpg-100x100.jpg 100w\" sizes=\"(max-width: 150px) 100vw, 150px\" \/><\/span><\/em><\/strong><\/span><span style=\"font-size: 14pt;\"><em><span style=\"font-size: 14pt;\">2022. jan.<\/span><\/em><\/span><span style=\"font-size: 14pt; color: #ff0000;\"><strong><br \/><span style=\"color: #0000ff;\"><span style=\"font-size: 14pt;\">B\u00f6rt\u00f6nnel fenyegetve bibliai id\u00e9zet miatt Eur\u00f3p\u00e1ban<\/span><\/span><br \/><\/strong><a href=\"https:\/\/magyar-misszio.ch\/?page_id=3679\" target=\"_blank\" rel=\"noopener\"><span style=\"color: #000000;\">kattints ide&#8230;<\/span><\/a><\/span><\/td><\/tr><tr><td style=\"text-align: center;\" colspan=\"3\"><span style=\"font-size: 14pt; color: #ff0000;\"><strong><img loading=\"lazy\" decoding=\"async\" class=\" wp-image-2858 alignleft\" src=\"https:\/\/magyar-misszio.ch\/wp-content\/uploads\/2021\/03\/Nein_Ehe_fuer_alle-300x103.jpg\" alt=\"\" width=\"259\" height=\"89\" data-id=\"2858\" srcset=\"https:\/\/magyar-misszio.ch\/wp-content\/uploads\/2021\/03\/Nein_Ehe_fuer_alle-300x103.jpg 300w, https:\/\/magyar-misszio.ch\/wp-content\/uploads\/2021\/03\/Nein_Ehe_fuer_alle.jpg 557w\" sizes=\"(max-width: 259px) 100vw, 259px\" \/><\/strong><\/span><em><span style=\"font-size: 14pt;\">2021.m\u00e1rc.<\/span><\/em><span style=\"font-size: 14pt; color: #ff0000;\"><strong><br \/><\/strong><\/span><span style=\"font-size: 14pt; color: #ff0000;\"><strong>Igen a h\u00e1zass\u00e1gra,<br \/>nem az \u201eEhe f\u00fcr alle\u201d-ra<br \/><\/strong><a href=\"https:\/\/magyar-misszio.ch\/?page_id=2860\" target=\"_blank\" rel=\"noopener\"><span style=\"color: #000000;\">kattints ide&#8230;<\/span><\/a><\/span><span style=\"color: #ff0000; font-size: 14pt;\">\u00a0<\/span><\/td><\/tr><tr><td style=\"text-align: center; width: 99.6551%;\" colspan=\"3\"><span style=\"font-size: 14pt;\">2018. szept.<\/span><span style=\"color: #ff0000; font-size: 14pt;\"><br \/>Tudsz r\u00f3la?<br \/><span style=\"color: #0000ff;\">Okt. 7-\u00e9n rom\u00e1n alkotm\u00e1nym\u00f3dos\u00edt\u00f3 szavaz\u00e1s a h\u00e1zass\u00e1g\u00e9rt?<\/span><a href=\"https:\/\/www.citizengo.org\/hu\/fm\/165883-alljanak-ki-az-erdelyi-magyar-partok-hazassag-mellett\"><img loading=\"lazy\" decoding=\"async\" class=\"size-medium wp-image-626 aligncenter\" src=\"https:\/\/magyar-misszio.ch\/wp-content\/uploads\/2018\/10\/politikan_felul1.jpg-300x86.jpg\" alt=\"\" width=\"300\" height=\"86\" data-id=\"626\" srcset=\"https:\/\/magyar-misszio.ch\/wp-content\/uploads\/2018\/10\/politikan_felul1.jpg-300x86.jpg 300w, https:\/\/magyar-misszio.ch\/wp-content\/uploads\/2018\/10\/politikan_felul1.jpg.jpg 333w\" sizes=\"(max-width: 300px) 100vw, 300px\" \/><\/a><a href=\"https:\/\/www.citizengo.org\/hu\/fm\/165883-alljanak-ki-az-erdelyi-magyar-partok-hazassag-mellett\"><img loading=\"lazy\" decoding=\"async\" class=\"size-medium wp-image-627 aligncenter\" src=\"https:\/\/magyar-misszio.ch\/wp-content\/uploads\/2018\/10\/politikan_felul2.jpg-294x300.jpg\" alt=\"\" width=\"294\" height=\"300\" data-id=\"627\" srcset=\"https:\/\/magyar-misszio.ch\/wp-content\/uploads\/2018\/10\/politikan_felul2.jpg-294x300.jpg 294w, https:\/\/magyar-misszio.ch\/wp-content\/uploads\/2018\/10\/politikan_felul2.jpg.jpg 340w\" sizes=\"(max-width: 294px) 100vw, 294px\" \/><\/a><br \/><\/span><span style=\"color: #333333; font-size: 12pt;\">kattints a k\u00e9pre<\/span><\/td><\/tr><tr><td style=\"text-align: center; width: 39.1379%;\"><span style=\"color: #ff0000; font-size: 14pt;\">Az abortuszra \u00edt\u00e9lt gyermekek v\u00e9delemre v\u00e1rnak<\/span><br \/><a href=\"https:\/\/magyar-misszio.ch\/?page_id=610\"><img loading=\"lazy\" decoding=\"async\" class=\"size-full wp-image-605 aligncenter\" src=\"https:\/\/magyar-misszio.ch\/wp-content\/uploads\/2018\/10\/gyermekeletvedo1_0.png\" alt=\"\" width=\"220\" height=\"119\" data-id=\"605\" \/><\/a>kattints a k\u00e9pre<\/td><td style=\"text-align: center; width: 23.9655%;\"><span style=\"color: #ff0000; font-size: 14pt;\">A csal\u00e1d v\u00e9delm\u00e9\u00e9rt:<br \/>anya-apa-gyerekek<\/span><a href=\"https:\/\/magyar-misszio.ch\/?page_id=614\"><img loading=\"lazy\" decoding=\"async\" class=\"size-full wp-image-606 aligncenter\" src=\"https:\/\/magyar-misszio.ch\/wp-content\/uploads\/2018\/10\/anyaapagyerekek_r.jpg\" alt=\"\" width=\"252\" height=\"253\" data-id=\"606\" srcset=\"https:\/\/magyar-misszio.ch\/wp-content\/uploads\/2018\/10\/anyaapagyerekek_r.jpg 252w, https:\/\/magyar-misszio.ch\/wp-content\/uploads\/2018\/10\/anyaapagyerekek_r-150x150.jpg 150w, https:\/\/magyar-misszio.ch\/wp-content\/uploads\/2018\/10\/anyaapagyerekek_r-100x100.jpg 100w\" sizes=\"(max-width: 252px) 100vw, 252px\" \/><\/a>kattints a k\u00e9pre<\/td><td style=\"width: 36.5517%;\"><p style=\"text-align: center;\"><span style=\"font-size: 14pt; color: #ff0000;\">A Down-szindr\u00f3m\u00e1s gyermekek jogai\u00e9rt<\/span><\/p><p><a href=\"https:\/\/magyar-misszio.ch\/?page_id=616\"><img loading=\"lazy\" decoding=\"async\" class=\"size-medium wp-image-607 aligncenter\" src=\"https:\/\/magyar-misszio.ch\/wp-content\/uploads\/2018\/10\/gyermeked.jpg-300x170-300x170.jpg\" alt=\"\" width=\"300\" height=\"170\" data-id=\"607\" \/><\/a>kattints a k\u00e9pre<\/p><\/td><\/tr><tr><td style=\"width: 39.1379%;\">\u00a0<\/td><td style=\"width: 23.9655%;\">\u00a0<\/td><td style=\"width: 36.5517%;\">\u00a0<\/td><\/tr><tr><td style=\"width: 39.1379%;\">\u00a0<\/td><td style=\"width: 23.9655%;\">\u00a0<\/td><td style=\"width: 36.5517%;\">\u00a0<\/td><\/tr><\/tbody><\/table><p><span style=\"font-size: 14pt;\">Inspir\u00e1l\u00f3 m\u00e1sik oldalunk:\u00a0<span style=\"color: #ff0000;\"> <span style=\"color: #ff0000;\"><strong>Vil\u00e1gszerte 260 milli\u00f3 kereszt\u00e9ny szenved \u00fcld\u00f6ztet\u00e9st\u00a0<\/strong><\/span> <span style=\"color: #0000ff;\">&#8211; <a href=\"https:\/\/magyar-misszio.ch\/?page_id=2409\">katt ide&#8230;<\/a><\/span><\/span><\/span>[\/et_pb_text][\/et_pb_column]<br \/>[\/et_pb_row]<br \/>[\/et_pb_section]<\/p>\t\t\t\t\t\t\t\t<\/div>\n\t\t\t\t<\/div>\n\t\t\t\t\t<\/div>\n\t\t<\/div>\n\t\t\t\t\t<\/div>\n\t\t<\/section>\n\t\t\t\t<\/div>\n\t\t","protected":false},"excerpt":{"rendered":"<p>Ki\u00e1llunk az igazs\u00e1gok\u00e9rt! &#8211; Te is ? \u00dcnnepelni szoktuk a szabads\u00e1g\u00e9rt k\u00fczd\u0151ket, \u00e9s ez j\u00f3l van \u00edgy. Sokszor elgondolkoztam azon, hogy milyen sokszor vannak a vil\u00e1g sz\u00e1mos pontj\u00e1n t\u00fcntet\u00e9sek, hogy az emberek az otthon k\u00e9nyelm\u00e9b\u0151l felkelve kimennek az utc\u00e1ra \u00e9s hallatj\u00e1k hangjukat. K\u00fcl\u00f6n\u00f6s tisztelet t\u00e1mad bennem, amikor j\u00f3 \u00fcgyek\u00e9rt vannak t\u00fcntet\u00e9sek: pl. aborsztuszok ellen az &hellip; <\/p>\n<p class=\"link-more\"><a href=\"https:\/\/magyar-misszio.ch\/?page_id=604\" class=\"more-link\"><span class=\"screen-reader-text\">\u201ekiallunk\u201c<\/span> weiterlesen<\/a><\/p>\n","protected":false},"author":2,"featured_media":0,"parent":0,"menu_order":0,"comment_status":"closed","ping_status":"closed","template":"","meta":{"footnotes":""},"class_list":["post-604","page","type-page","status-publish","hentry"],"_links":{"self":[{"href":"https:\/\/magyar-misszio.ch\/index.php?rest_route=\/wp\/v2\/pages\/604","targetHints":{"allow":["GET"]}}],"collection":[{"href":"https:\/\/magyar-misszio.ch\/index.php?rest_route=\/wp\/v2\/pages"}],"about":[{"href":"https:\/\/magyar-misszio.ch\/index.php?rest_route=\/wp\/v2\/types\/page"}],"author":[{"embeddable":true,"href":"https:\/\/magyar-misszio.ch\/index.php?rest_route=\/wp\/v2\/users\/2"}],"replies":[{"embeddable":true,"href":"https:\/\/magyar-misszio.ch\/index.php?rest_route=%2Fwp%2Fv2%2Fcomments&post=604"}],"version-history":[{"count":22,"href":"https:\/\/magyar-misszio.ch\/index.php?rest_route=\/wp\/v2\/pages\/604\/revisions"}],"predecessor-version":[{"id":4604,"href":"https:\/\/magyar-misszio.ch\/index.php?rest_route=\/wp\/v2\/pages\/604\/revisions\/4604"}],"wp:attachment":[{"href":"https:\/\/magyar-misszio.ch\/index.php?rest_route=%2Fwp%2Fv2%2Fmedia&parent=604"}],"curies":[{"name":"wp","href":"https:\/\/api.w.org\/{rel}","templated":true}]}}