{"id":616,"date":"2018-10-05T10:50:24","date_gmt":"2018-10-05T10:50:24","guid":{"rendered":"http:\/\/magyar-misszio.ch\/?page_id=616"},"modified":"2018-10-05T11:05:07","modified_gmt":"2018-10-05T11:05:07","slug":"down-szindromas","status":"publish","type":"page","link":"https:\/\/magyar-misszio.ch\/?page_id=616","title":{"rendered":"Down-szindromas"},"content":{"rendered":"<p style=\"text-align: center;\"><a href=\"https:\/\/magyar-misszio.ch\/?page_id=604\"><img decoding=\"async\" class=\"size-full wp-image-611 alignright\" src=\"https:\/\/magyar-misszio.ch\/wp-content\/uploads\/2018\/10\/vissza_kiallunkoldal.jpg\" alt=\"\" width=\"211\" height=\"58\" data-id=\"611\" \/><\/a><\/p>\n<p style=\"text-align: center;\"><span style=\"font-size: 18pt; color: #ff0000;\">A Down-szindr\u00f3m\u00e1s gyermek\u00e9rt<br \/>\n<\/span><\/p>\n<p style=\"text-align: justify;\"><span style=\"font-size: 14pt;\"><em>Ezeket a gyermekeket legt\u00f6bb esetben sz\u00fclet\u00e9s\u00fck el\u0151tt meg\u00f6lik. Aki ismer ilyen gyermekeket, az tudja, hogy milyen szeretet-tart\u00e1lyok \u0151k \u00e9s milyen boldogok tudnak lenni. Egy t\u00f6bbgyermekes \u00e9desapa mondta nekem: miut\u00e1n megsz\u00fcletett a beteg kisl\u00e1nyunk is, most tudjuk csak igaz\u00e1n, hogy milyen az igazi szeretet. Isten nem selejtnek tervezte \u0151ket!<\/em><\/span><\/p>\n<p style=\"text-align: right;\"><span style=\"font-size: 14pt;\"><em>P\u00e9ter atya<\/em><\/span><\/p>\n<p style=\"text-align: left;\"><span style=\"font-size: 14pt; color: #0000ff;\">Mi\u00e9rt tiltott\u00e1k be Franciaorsz\u00e1gban a d\u00edjnyertes kisfilmet?<\/span><\/p>\n<p style=\"text-align: left;\"><span style=\"font-size: 14pt;\"><a href=\"https:\/\/www.youtube.com\/watch?v=v9svkO0BfT8\" target=\"_blank\" rel=\"noopener\"><img fetchpriority=\"high\" decoding=\"async\" class=\"size-medium wp-image-2331 alignright\" src=\"http:\/\/www.augsburgimisszio.de\/wp-content\/uploads\/2016\/11\/gyermeked.jpg-300x170.jpg\" alt=\"gyermeked-jpg\" width=\"300\" height=\"170\" \/><\/a>Mondvacsin\u00e1lt hazugs\u00e1ggal \u00e9lnek a francia jog\u00e1szok \u00e9s egy csod\u00e1latos kisfilmet cenz\u00far\u00e1znak ma, a XXI. sz\u00e1zadban \u00e9s a szabads\u00e1g kimondott\u00a0orsz\u00e1g\u00e1ban! V\u00e9dj\u00fck meg ezen gyermekek jogait! N\u00e9zze meg a kisfilmet,olvassa tov\u00e1bb a besz\u00e1mol\u00f3t a CitizenGO honlapj\u00e1n, \u00e9s \u00edrja al\u00e1 a tiltakoz\u00e1st, hogy hallassuk a kereszt\u00e9ny hangot! Kattintson a k\u00e9pre a vide\u00f3\u00e9rt (a magyar feliratot be lehet \u00e1ll\u00edtani),\u00a0<a href=\"http:\/\/www.citizengo.org\/hu\/lf\/39185-betiltottak-dijnyertes-kisfilmet-amit-pedig-mindenkinek-latni-kellene\" target=\"_blank\" rel=\"noopener\">ide pedig az inform\u00e1ci\u00f3k\u00e9rt&#8230;<\/a><\/span><\/p>\n","protected":false},"excerpt":{"rendered":"<p>A Down-szindr\u00f3m\u00e1s gyermek\u00e9rt Ezeket a gyermekeket legt\u00f6bb esetben sz\u00fclet\u00e9s\u00fck el\u0151tt meg\u00f6lik. Aki ismer ilyen gyermekeket, az tudja, hogy milyen szeretet-tart\u00e1lyok \u0151k \u00e9s milyen boldogok tudnak lenni. Egy t\u00f6bbgyermekes \u00e9desapa mondta nekem: miut\u00e1n megsz\u00fcletett a beteg kisl\u00e1nyunk is, most tudjuk csak igaz\u00e1n, hogy milyen az igazi szeretet. Isten nem selejtnek tervezte \u0151ket! P\u00e9ter atya Mi\u00e9rt tiltott\u00e1k &hellip; <\/p>\n<p class=\"link-more\"><a href=\"https:\/\/magyar-misszio.ch\/?page_id=616\" class=\"more-link\"><span class=\"screen-reader-text\">\u201eDown-szindromas\u201c<\/span> weiterlesen<\/a><\/p>\n","protected":false},"author":2,"featured_media":0,"parent":0,"menu_order":0,"comment_status":"closed","ping_status":"closed","template":"","meta":{"footnotes":""},"class_list":["post-616","page","type-page","status-publish","hentry"],"_links":{"self":[{"href":"https:\/\/magyar-misszio.ch\/index.php?rest_route=\/wp\/v2\/pages\/616","targetHints":{"allow":["GET"]}}],"collection":[{"href":"https:\/\/magyar-misszio.ch\/index.php?rest_route=\/wp\/v2\/pages"}],"about":[{"href":"https:\/\/magyar-misszio.ch\/index.php?rest_route=\/wp\/v2\/types\/page"}],"author":[{"embeddable":true,"href":"https:\/\/magyar-misszio.ch\/index.php?rest_route=\/wp\/v2\/users\/2"}],"replies":[{"embeddable":true,"href":"https:\/\/magyar-misszio.ch\/index.php?rest_route=%2Fwp%2Fv2%2Fcomments&post=616"}],"version-history":[{"count":2,"href":"https:\/\/magyar-misszio.ch\/index.php?rest_route=\/wp\/v2\/pages\/616\/revisions"}],"predecessor-version":[{"id":625,"href":"https:\/\/magyar-misszio.ch\/index.php?rest_route=\/wp\/v2\/pages\/616\/revisions\/625"}],"wp:attachment":[{"href":"https:\/\/magyar-misszio.ch\/index.php?rest_route=%2Fwp%2Fv2%2Fmedia&parent=616"}],"curies":[{"name":"wp","href":"https:\/\/api.w.org\/{rel}","templated":true}]}}