{"id":6322,"date":"2023-12-15T15:31:38","date_gmt":"2023-12-15T15:31:38","guid":{"rendered":"https:\/\/magyar-misszio.ch\/?page_id=6322"},"modified":"2023-12-15T16:07:02","modified_gmt":"2023-12-15T16:07:02","slug":"hetk-lelkgy","status":"publish","type":"page","link":"https:\/\/magyar-misszio.ch\/?page_id=6322","title":{"rendered":"H\u00e9tk.lelkgy"},"content":{"rendered":"\t\t<div data-elementor-type=\"wp-page\" data-elementor-id=\"6322\" class=\"elementor elementor-6322\" data-elementor-post-type=\"page\">\n\t\t\t\t\t\t<section class=\"elementor-section elementor-top-section elementor-element elementor-element-47f846d elementor-section-boxed elementor-section-height-default elementor-section-height-default\" data-id=\"47f846d\" data-element_type=\"section\">\n\t\t\t\t\t\t<div class=\"elementor-container elementor-column-gap-default\">\n\t\t\t\t\t<div class=\"elementor-column elementor-col-100 elementor-top-column elementor-element elementor-element-d6bfc70\" data-id=\"d6bfc70\" data-element_type=\"column\">\n\t\t\t<div class=\"elementor-widget-wrap elementor-element-populated\">\n\t\t\t\t\t\t<div class=\"elementor-element elementor-element-9953a93 elementor-widget elementor-widget-image\" data-id=\"9953a93\" data-element_type=\"widget\" data-widget_type=\"image.default\">\n\t\t\t\t<div class=\"elementor-widget-container\">\n\t\t\t\t\t\t\t\t\t\t\t\t\t\t\t<img decoding=\"async\" src=\"https:\/\/magyar-misszio.ch\/wp-content\/uploads\/elementor\/thumbs\/hl_cim-re0pmhr42jqwbzpn3btpallyvz4gchhigagwd04bw8.jpg\" title=\"hl_cim.jpg\" alt=\"hl_cim.jpg\" loading=\"lazy\" \/>\t\t\t\t\t\t\t\t\t\t\t\t\t\t\t<\/div>\n\t\t\t\t<\/div>\n\t\t\t\t\t<\/div>\n\t\t<\/div>\n\t\t\t\t\t<\/div>\n\t\t<\/section>\n\t\t\t\t<section class=\"elementor-section elementor-top-section elementor-element elementor-element-391f9d3 elementor-section-boxed elementor-section-height-default elementor-section-height-default\" data-id=\"391f9d3\" data-element_type=\"section\">\n\t\t\t\t\t\t<div class=\"elementor-container elementor-column-gap-default\">\n\t\t\t\t\t<div class=\"elementor-column elementor-col-100 elementor-top-column elementor-element elementor-element-e240439\" data-id=\"e240439\" data-element_type=\"column\">\n\t\t\t<div class=\"elementor-widget-wrap elementor-element-populated\">\n\t\t\t\t\t\t<div class=\"elementor-element elementor-element-a2b0e7f elementor-widget elementor-widget-text-editor\" data-id=\"a2b0e7f\" data-element_type=\"widget\" data-widget_type=\"text-editor.default\">\n\t\t\t\t<div class=\"elementor-widget-container\">\n\t\t\t\t\t\t\t\t\t<p><em><img decoding=\"async\" class=\"wp-image-6325 alignleft\" src=\"https:\/\/magyar-misszio.ch\/wp-content\/uploads\/hl_konyv-222x300.jpg\" alt=\"\" width=\"120\" height=\"162\" data-id=\"6325\" srcset=\"https:\/\/magyar-misszio.ch\/wp-content\/uploads\/hl_konyv-222x300.jpg 222w, https:\/\/magyar-misszio.ch\/wp-content\/uploads\/hl_konyv.jpg 338w\" sizes=\"(max-width: 120px) 100vw, 120px\" \/>Van egy kis id\u0151d lelked fejl\u0151d\u00e9s\u00e9hez \u00e9s a lelki eg\u00e9szs\u00e9ghez? Legy\u00e9l vel\u00fcnk!&#8230;.<\/em><\/p><p>Hallott\u00e1l m\u00e1r a jezsuit\u00e1k \u00e1ltal n\u00e9pszer\u0171v\u00e9 v\u00e1lt \u201eH\u00e9tk\u00f6znapok lelkigyakorlat\u00e1r\u00f3l\u201d? <strong>Mi is ez? <\/strong>N\u00e9h\u00e1ny este tal\u00e1lkozunk, besz\u00e9lget\u00fcnk, im\u00e1dkozunk, \u00e9nekl\u00fcnk \u00e9s otthona adunk egy kis f\u00fczetet napi kis feladatokkal (melyek nem ig\u00e9nyelnek sok id\u0151t). Mi misszi\u00f3s m\u00f3don tudjuk ezt megtenni, teh\u00e1t a t\u00e1vols\u00e1gok miatt rugalmasabbak vagyunk, ha nem siker\u00fcl egy h\u00f3nap alattl, akkor nem heti, hanem k\u00e9theti tal\u00e1lkoz\u00e1st szervez\u00fcnk.\u00a0<\/p><p><img decoding=\"async\" class=\"alignright wp-image-6326\" src=\"https:\/\/magyar-misszio.ch\/wp-content\/uploads\/hl_jezs-297x300.png\" alt=\"\" width=\"130\" height=\"131\" data-id=\"6326\" srcset=\"https:\/\/magyar-misszio.ch\/wp-content\/uploads\/hl_jezs-297x300.png 297w, https:\/\/magyar-misszio.ch\/wp-content\/uploads\/hl_jezs-150x150.png 150w, https:\/\/magyar-misszio.ch\/wp-content\/uploads\/hl_jezs-100x100.png 100w, https:\/\/magyar-misszio.ch\/wp-content\/uploads\/hl_jezs.png 374w\" sizes=\"(max-width: 130px) 100vw, 130px\" \/>Ezek a tal\u00e1lkoz\u00e1sokon jezsuita lelkis\u00e9ggel pr\u00f3b\u00e1lunk meg imam\u00f3dot, besz\u00e9lget\u00e9st, ak\u00e1r liturgikus t\u00e1ncot is.\u00a0<\/p><p>Az els\u0151 ilyen lelkigyakorlatunk 2022-ben nagyszer\u0171 t\u00e9m\u00e1val folglalkozott: sz\u00e1mtalan m\u00f3don lehet im\u00e1dkozni (k\u00e9ppel, zen\u00e9vel, bibli\u00e1val stb.) \u00e9s min\u00e9l sz\u00ednesebb a kapcsolatunk Istennel, ann\u00e1l \u00f6r\u00f6mtelibb\u00e9 v\u00e1lik kereszt\u00e9ny \u00e9let\u00fcnk.<br \/>2023-ban a d\u00f6nt\u00e9seink \u00e9s Isten vezet\u00e9se voltak a f\u00f3kuszban.\u00a0<\/p><p>Van kedved r\u00e9szt venni egy ilyen egyszer\u0171 &#8222;lelkigyakorlaton&#8220;? <strong>\u00d6r\u00f6mmel v\u00e1rjuk jelentkez\u00e9sedet!<\/strong> Eddig a legalkalmasabb id\u0151pontok az okt\u00f3ber-november-december voltak, de a legjobb ak\u00e1r h\u00f3napokkal el\u0151tte is jelentkezni, \u00e9s jobban tudunk tervezni&#8230;.<\/p><p>\u00c9s hogy kedvet csin\u00e1ljunk m\u00e9g hozz\u00e1, megosztjuk az egyik <strong>t\u00e1ncmedit\u00e1ci\u00f3nk zen\u00e9j\u00e9t,<\/strong> ami egy finn kereszt\u00e9ny himnusz 1982-b\u0151l, ami abba szeretne az emberi lelket beleringatni, hogy J\u00e9zus az \u00f6r\u00f6mh\u00edr \u00e9s a megold\u00e1s \u00e9s ez\u00e9rt dics\u00e9rj\u00fck is \u0150t. M\u00e1r a dal magyarra \u00e1t\u00fclt\u00e9se is \u00f6r\u00f6m volt sz\u00e1momra, ezt tet\u00e9zte\u00a0 k\u00f3rusvezet\u0151nk seg\u00edts\u00e9ge a zen\u00e9vel \u00e9s \u00e9nekkel, \u00e9s vil\u00e1gi eln\u00f6k\u00fcnk, Gy\u00f6ngyi\u00a0 t\u00e1ncl\u00e9p\u00e9sei. Olvasd csak el a<span style=\"text-decoration: underline;\"><a href=\"https:\/\/magyar-misszio.ch\/wp-content\/uploads\/enekszoeveg-es-kotta-ot-dicserem-1.pdf\" target=\"_blank\" rel=\"noopener\"> sz\u00f6veg\u00e9t ide kattintva<\/a><\/span>, hallgasd meg a dalt itt alul&#8230;<\/p><p><em>Szeretettel: P\u00e9ter atya<\/em><\/p><p><audio class=\"wp-audio-shortcode\" id=\"audio-6322-1\" preload=\"none\" style=\"width: 100%;\" controls=\"controls\"><source type=\"audio\/mpeg\" src=\"https:\/\/magyar-misszio.ch\/wp-content\/uploads\/enek-oet-dicserem-1.mp3?_=1\" \/><a href=\"https:\/\/magyar-misszio.ch\/wp-content\/uploads\/enek-oet-dicserem-1.mp3\">https:\/\/magyar-misszio.ch\/wp-content\/uploads\/enek-oet-dicserem-1.mp3<\/a><\/audio><\/p>\t\t\t\t\t\t\t\t<\/div>\n\t\t\t\t<\/div>\n\t\t\t\t\t<\/div>\n\t\t<\/div>\n\t\t\t\t\t<\/div>\n\t\t<\/section>\n\t\t\t\t<\/div>\n\t\t","protected":false},"excerpt":{"rendered":"<p>Van egy kis id\u0151d lelked fejl\u0151d\u00e9s\u00e9hez \u00e9s a lelki eg\u00e9szs\u00e9ghez? Legy\u00e9l vel\u00fcnk!&#8230;. Hallott\u00e1l m\u00e1r a jezsuit\u00e1k \u00e1ltal n\u00e9pszer\u0171v\u00e9 v\u00e1lt \u201eH\u00e9tk\u00f6znapok lelkigyakorlat\u00e1r\u00f3l\u201d? Mi is ez? N\u00e9h\u00e1ny este tal\u00e1lkozunk, besz\u00e9lget\u00fcnk, im\u00e1dkozunk, \u00e9nekl\u00fcnk \u00e9s otthona adunk egy kis f\u00fczetet napi kis feladatokkal (melyek nem ig\u00e9nyelnek sok id\u0151t). Mi misszi\u00f3s m\u00f3don tudjuk ezt megtenni, teh\u00e1t a t\u00e1vols\u00e1gok miatt rugalmasabbak &hellip; <\/p>\n<p class=\"link-more\"><a href=\"https:\/\/magyar-misszio.ch\/?page_id=6322\" class=\"more-link\"><span class=\"screen-reader-text\">\u201eH\u00e9tk.lelkgy\u201c<\/span> weiterlesen<\/a><\/p>\n","protected":false},"author":2,"featured_media":0,"parent":0,"menu_order":0,"comment_status":"closed","ping_status":"closed","template":"","meta":{"footnotes":""},"class_list":["post-6322","page","type-page","status-publish","hentry"],"_links":{"self":[{"href":"https:\/\/magyar-misszio.ch\/index.php?rest_route=\/wp\/v2\/pages\/6322","targetHints":{"allow":["GET"]}}],"collection":[{"href":"https:\/\/magyar-misszio.ch\/index.php?rest_route=\/wp\/v2\/pages"}],"about":[{"href":"https:\/\/magyar-misszio.ch\/index.php?rest_route=\/wp\/v2\/types\/page"}],"author":[{"embeddable":true,"href":"https:\/\/magyar-misszio.ch\/index.php?rest_route=\/wp\/v2\/users\/2"}],"replies":[{"embeddable":true,"href":"https:\/\/magyar-misszio.ch\/index.php?rest_route=%2Fwp%2Fv2%2Fcomments&post=6322"}],"version-history":[{"count":25,"href":"https:\/\/magyar-misszio.ch\/index.php?rest_route=\/wp\/v2\/pages\/6322\/revisions"}],"predecessor-version":[{"id":6363,"href":"https:\/\/magyar-misszio.ch\/index.php?rest_route=\/wp\/v2\/pages\/6322\/revisions\/6363"}],"wp:attachment":[{"href":"https:\/\/magyar-misszio.ch\/index.php?rest_route=%2Fwp%2Fv2%2Fmedia&parent=6322"}],"curies":[{"name":"wp","href":"https:\/\/api.w.org\/{rel}","templated":true}]}}