{"id":642,"date":"2018-10-19T17:34:04","date_gmt":"2018-10-19T17:34:04","guid":{"rendered":"http:\/\/magyar-misszio.ch\/?page_id=642"},"modified":"2022-10-28T12:05:43","modified_gmt":"2022-10-28T12:05:43","slug":"magunkrol","status":"publish","type":"page","link":"https:\/\/magyar-misszio.ch\/?page_id=642","title":{"rendered":"magunkr\u00f3l"},"content":{"rendered":"\t\t<div data-elementor-type=\"wp-page\" data-elementor-id=\"642\" class=\"elementor elementor-642\" data-elementor-post-type=\"page\">\n\t\t\t\t\t\t<section class=\"elementor-section elementor-top-section elementor-element elementor-element-209773bc elementor-section-boxed elementor-section-height-default elementor-section-height-default\" data-id=\"209773bc\" data-element_type=\"section\">\n\t\t\t\t\t\t<div class=\"elementor-container elementor-column-gap-default\">\n\t\t\t\t\t<div class=\"elementor-column elementor-col-100 elementor-top-column elementor-element elementor-element-b2b511\" data-id=\"b2b511\" data-element_type=\"column\">\n\t\t\t<div class=\"elementor-widget-wrap elementor-element-populated\">\n\t\t\t\t\t\t<div class=\"elementor-element elementor-element-485df096 elementor-widget elementor-widget-text-editor\" data-id=\"485df096\" data-element_type=\"widget\" data-widget_type=\"text-editor.default\">\n\t\t\t\t<div class=\"elementor-widget-container\">\n\t\t\t\t\t\t\t\t\t<p><span style=\"font-size: 18pt; color: #0000ff;\"><strong>Magunkr\u00f3l<\/strong><\/span><\/p><p style=\"text-align: justify;\"><span style=\"font-size: 14pt;\">M\u00e1r a 40-es \u00e9vekben, a 2. vil\u00e1gh\u00e1bor\u00fa ut\u00e1n, j\u00f6ttek magyar menek\u00fcltek Sv\u00e1jcba, amely ahhoz az ig\u00e9nyhez vezetett, hogy anyanyelv\u00fck\u00f6n is im\u00e1dkozhassanak a h\u00edvek. \u00cdgy a mai misszi\u00f3nk t\u00f6rt\u00e9nete k\u00f6zel 80 \u00e9vre ny\u00falik vissza.\u00a0 Olvasd tov\u00e1bb a t\u00f6rt\u00e9net\u00fcnket <a href=\"https:\/\/magyar-misszio.ch\/wp-content\/uploads\/2022\/10\/2022_toertenetuenk.pdf\">ide kattintva&#8230;<\/a><\/span><\/p><p style=\"text-align: justify;\"><span style=\"font-size: 14pt;\"><a href=\"https:\/\/magyar-misszio.ch\/wp-content\/uploads\/2022\/10\/flyer.pdf\" target=\"_blank\" rel=\"noopener noreferrer\"><img fetchpriority=\"high\" decoding=\"async\" class=\"size-medium wp-image-2448 alignright\" src=\"https:\/\/magyar-misszio.ch\/wp-content\/uploads\/2020\/11\/flyer.jpg-300x211.jpg\" alt=\"\" width=\"300\" height=\"211\" data-id=\"2448\" srcset=\"https:\/\/magyar-misszio.ch\/wp-content\/uploads\/2020\/11\/flyer.jpg-300x211.jpg 300w, https:\/\/magyar-misszio.ch\/wp-content\/uploads\/2020\/11\/flyer.jpg.jpg 638w\" sizes=\"(max-width: 300px) 100vw, 300px\" \/><\/a><\/span><\/p><p><span style=\"font-size: 14pt;\">Bemutatkoz\u00f3 sz\u00f3r\u00f3lapunkat, flyer-\u00fcnket a k\u00e9pre kattintva let\u00f6ltheti.<\/span><\/p><p><span style=\"color: #0000ff;\"><strong><span style=\"font-size: 18pt;\">Szab\u00e1lyzatunk<\/span><\/strong><\/span><\/p><p style=\"text-align: justify;\"><span style=\"font-size: 14pt;\">2018. okt. 11. \u00f3ta \u00faj szab\u00e1lyzatunk (Statut) van, amit <a href=\"https:\/\/magyar-misszio.ch\/wp-content\/uploads\/2018\/10\/STATUT.pdf\" target=\"_blank\" rel=\"noopener noreferrer\">ide kattintva<\/a> olvashatunk&#8230; (Egyel\u0151re n\u00e9met nyelven tudjuk k\u00f6zre adni, nincs m\u00e9g magyarra leford\u00edtva. Magyarul az ezzel szorosan \u00f6sszekapcsol\u00f3d\u00f3 sz\u00f3r\u00f3lapunkat tal\u00e1lja meg <a href=\"https:\/\/magyar-misszio.ch\/wp-content\/uploads\/2022\/10\/flyer.pdf\" target=\"_blank\" rel=\"noopener noreferrer\">ide kattintva&#8230;<\/a>)<\/span><\/p><p><span style=\"color: #0000ff;\"><strong><span style=\"font-size: 18pt;\">El\u00e9rhet\u0151s\u00e9geink<\/span><\/strong><\/span><\/p><p><span style=\"font-size: 14pt;\">L\u00e1sd a kapcsolat oldalt <a href=\"https:\/\/magyar-misszio.ch\/?page_id=50\">ide kattintva&#8230;<\/a><\/span><\/p><p><span style=\"color: #0000ff;\"><strong><span style=\"font-size: 18pt;\">P\u00e9nz\u00fcgyi t\u00e1mogat\u00e1sokr\u00f3l<\/span><\/strong><\/span><\/p><p><span style=\"font-size: 14pt;\">L\u00e1sd <a href=\"https:\/\/magyar-misszio.ch\/?page_id=3824\">ide kattintva&#8230;<\/a><\/span><\/p>\t\t\t\t\t\t\t\t<\/div>\n\t\t\t\t<\/div>\n\t\t\t\t\t<\/div>\n\t\t<\/div>\n\t\t\t\t\t<\/div>\n\t\t<\/section>\n\t\t\t\t<\/div>\n\t\t","protected":false},"excerpt":{"rendered":"<p>Magunkr\u00f3l M\u00e1r a 40-es \u00e9vekben, a 2. vil\u00e1gh\u00e1bor\u00fa ut\u00e1n, j\u00f6ttek magyar menek\u00fcltek Sv\u00e1jcba, amely ahhoz az ig\u00e9nyhez vezetett, hogy anyanyelv\u00fck\u00f6n is im\u00e1dkozhassanak a h\u00edvek. \u00cdgy a mai misszi\u00f3nk t\u00f6rt\u00e9nete k\u00f6zel 80 \u00e9vre ny\u00falik vissza.\u00a0 Olvasd tov\u00e1bb a t\u00f6rt\u00e9net\u00fcnket ide kattintva&#8230; Bemutatkoz\u00f3 sz\u00f3r\u00f3lapunkat, flyer-\u00fcnket a k\u00e9pre kattintva let\u00f6ltheti. Szab\u00e1lyzatunk 2018. okt. 11. \u00f3ta \u00faj szab\u00e1lyzatunk (Statut) &hellip; <\/p>\n<p class=\"link-more\"><a href=\"https:\/\/magyar-misszio.ch\/?page_id=642\" class=\"more-link\"><span class=\"screen-reader-text\">\u201emagunkr\u00f3l\u201c<\/span> weiterlesen<\/a><\/p>\n","protected":false},"author":2,"featured_media":0,"parent":0,"menu_order":0,"comment_status":"closed","ping_status":"closed","template":"","meta":{"footnotes":""},"class_list":["post-642","page","type-page","status-publish","hentry"],"_links":{"self":[{"href":"https:\/\/magyar-misszio.ch\/index.php?rest_route=\/wp\/v2\/pages\/642","targetHints":{"allow":["GET"]}}],"collection":[{"href":"https:\/\/magyar-misszio.ch\/index.php?rest_route=\/wp\/v2\/pages"}],"about":[{"href":"https:\/\/magyar-misszio.ch\/index.php?rest_route=\/wp\/v2\/types\/page"}],"author":[{"embeddable":true,"href":"https:\/\/magyar-misszio.ch\/index.php?rest_route=\/wp\/v2\/users\/2"}],"replies":[{"embeddable":true,"href":"https:\/\/magyar-misszio.ch\/index.php?rest_route=%2Fwp%2Fv2%2Fcomments&post=642"}],"version-history":[{"count":14,"href":"https:\/\/magyar-misszio.ch\/index.php?rest_route=\/wp\/v2\/pages\/642\/revisions"}],"predecessor-version":[{"id":4408,"href":"https:\/\/magyar-misszio.ch\/index.php?rest_route=\/wp\/v2\/pages\/642\/revisions\/4408"}],"wp:attachment":[{"href":"https:\/\/magyar-misszio.ch\/index.php?rest_route=%2Fwp%2Fv2%2Fmedia&parent=642"}],"curies":[{"name":"wp","href":"https:\/\/api.w.org\/{rel}","templated":true}]}}