{"id":6435,"date":"2024-04-20T10:30:02","date_gmt":"2024-04-20T10:30:02","guid":{"rendered":"https:\/\/magyar-misszio.ch\/?page_id=6435"},"modified":"2026-02-24T18:18:06","modified_gmt":"2026-02-24T18:18:06","slug":"predikacio-irgalmassag-uennepe","status":"publish","type":"page","link":"https:\/\/magyar-misszio.ch\/?page_id=6435","title":{"rendered":"pr\u00e9dik\u00e1ci\u00f3-irgalmass\u00e1g \u00fcnnepe"},"content":{"rendered":"\t\t<div data-elementor-type=\"wp-page\" data-elementor-id=\"6435\" class=\"elementor elementor-6435\" data-elementor-post-type=\"page\">\n\t\t\t\t\t\t<section class=\"elementor-section elementor-top-section elementor-element elementor-element-83e5358 elementor-section-boxed elementor-section-height-default elementor-section-height-default\" data-id=\"83e5358\" data-element_type=\"section\">\n\t\t\t\t\t\t<div class=\"elementor-container elementor-column-gap-default\">\n\t\t\t\t\t<div class=\"elementor-column elementor-col-100 elementor-top-column elementor-element elementor-element-c1299eb\" data-id=\"c1299eb\" data-element_type=\"column\">\n\t\t\t<div class=\"elementor-widget-wrap elementor-element-populated\">\n\t\t\t\t\t\t<div class=\"elementor-element elementor-element-e1d1ee2 elementor-widget elementor-widget-text-editor\" data-id=\"e1d1ee2\" data-element_type=\"widget\" data-widget_type=\"text-editor.default\">\n\t\t\t\t<div class=\"elementor-widget-container\">\n\t\t\t\t\t\t\t\t\t<h4 style=\"text-align: center;\"><strong><span style=\"color: #ff0000;\">Szem\u00e9lyes besz\u00e1mol\u00f3 \u00e9s pr\u00e9dik\u00e1ci\u00f3\u00a0<\/span><\/strong><br \/><strong><span style=\"color: #ff0000;\">az irgalmass\u00e1g \u00fcnnep\u00e9r\u0151l<\/span><\/strong><\/h4>\t\t\t\t\t\t\t\t<\/div>\n\t\t\t\t<\/div>\n\t\t\t\t\t<\/div>\n\t\t<\/div>\n\t\t\t\t\t<\/div>\n\t\t<\/section>\n\t\t\t\t<section class=\"elementor-section elementor-top-section elementor-element elementor-element-6543506 elementor-section-boxed elementor-section-height-default elementor-section-height-default\" data-id=\"6543506\" data-element_type=\"section\">\n\t\t\t\t\t\t<div class=\"elementor-container elementor-column-gap-default\">\n\t\t\t\t\t<div class=\"elementor-column elementor-col-100 elementor-top-column elementor-element elementor-element-a7f8fc3\" data-id=\"a7f8fc3\" data-element_type=\"column\">\n\t\t\t<div class=\"elementor-widget-wrap elementor-element-populated\">\n\t\t\t\t\t\t<div class=\"elementor-element elementor-element-de9d5a3 elementor-widget elementor-widget-text-editor\" data-id=\"de9d5a3\" data-element_type=\"widget\" data-widget_type=\"text-editor.default\">\n\t\t\t\t<div class=\"elementor-widget-container\">\n\t\t\t\t\t\t\t\t\t<p>\u201eA nev\u00e9ben megt\u00e9r\u00e9st kell hirdetni a b\u0171n\u00f6k bocs\u00e1nat\u00e1ra Jeruzs\u00e1lemt\u0151l kezdve minden n\u00e9pnek. Ti tan\u00fai vagytok ezeknek.\u201c &#8211; J\u00e9zus irgalm\u00e1r\u00f3l sz\u00f3l a mai evang\u00e9lium is. A m\u00falt h\u00e9ten volt az irgalmass\u00e1g vas\u00e1rnapja.<\/p><p><img fetchpriority=\"high\" decoding=\"async\" class=\"size-medium wp-image-6438 alignright\" src=\"https:\/\/magyar-misszio.ch\/wp-content\/uploads\/image1-204x300.jpeg\" alt=\"\" width=\"204\" height=\"300\" data-id=\"6438\" srcset=\"https:\/\/magyar-misszio.ch\/wp-content\/uploads\/image1-204x300.jpeg 204w, https:\/\/magyar-misszio.ch\/wp-content\/uploads\/image1.jpeg 319w\" sizes=\"(max-width: 204px) 100vw, 204px\" \/>Err\u0151l az \u00fcnnepr\u0151l <span style=\"color: #3366ff;\"><strong>sok sv\u00e1jci h\u00edv\u0151 \u00e9s tal\u00e1n sok magyar h\u00edv\u0151 is alig tud<\/strong>.<\/span> Ez engem elszomor\u00edt. Szent II. J\u00e1nos P\u00e1l p\u00e1pa 2000. \u00e1prilis 30-\u00e1n kihirdette az isteni irgalmass\u00e1g \u00fcnnep\u00e9t, amit addig csak egy-egy helyen \u00fcnnepeltek, de innent\u0151l a p\u00e1pai rendelkez\u00e9s \u00e9rtelm\u00e9ben az eg\u00e9sz vil\u00e1gon \u00fcnnepelni kell h\u00fasv\u00e9t 2. Vas\u00e1rnapj\u00e1n (m\u00falt h\u00e9ten). \u00c9s itt Sv\u00e1jcban azt l\u00e1tom, hogy csak kev\u00e9s helyen teszik meg. B\u00e1r hivatalosan \u00e1tvette a sv\u00e1jci egyh\u00e1z (ld. direkt\u00f3rium), de az emberek tudat\u00e1ba alig \u00e9rkezik ez meg. Mi\u00e9rt? T\u00f6bb okot l\u00e1tok:<\/p><ul><li>M\u00e9g mindig \u00e9l\u00e9nken \u00e9l az a hagyom\u00e1ny, hogy h\u00fasv\u00e9t ut\u00e1ni vas\u00e1rnap els\u0151\u00e1ldoz\u00e1sokat tartanak. \u0150si neve ennek a vas\u00e1rnapnap: feh\u00e9rvas\u00e1rnap, mert az \u00fajjonan kereszteltek m\u00e9g ekkor felvett\u00e9k a mis\u00e9re a hossz\u00fa feh\u00e9r ruh\u00e1t. Azt\u00e1n elkezdtek a k\u00f6z\u00e9pkorban gyermekels\u0151\u00e1ldoz\u00e1sokat tartani. H\u00e1la Istennek, Magyarorsz\u00e1gon ink\u00e1bb m\u00e1jusban tartj\u00e1k ezt nem a sokszor m\u00e9g hideg h\u00fasv\u00e9ti napokban. Ez a r\u00e9gi, itt is \u00e9l\u0151 szok\u00e1s megakad\u00e1lyozza az egyh\u00e1zi \u00fcnnepet.<\/li><li>M\u00e1s oka is van, hogy itt kev\u00e9sb\u00e9 tartj\u00e1k. P\u00e9nz\u00fcgyi felettes\u00fcnk, aki sv\u00e1jci g\u00e1rdista is volt R\u00f3m\u00e1ban, ezt mondta nekem (Christof Eberle): sokak sz\u00e1m\u00e1ra ez t\u00fal r\u00f3mai \u00fcnnep itt Sv\u00e1jcban. Glattbruggban az egyik h\u00edv\u0151 \u00edgy tet\u00e9zte: t\u00fal lengyel, t\u00fal konzervat\u00edv\u2026<\/li><\/ul><p><span style=\"color: #3366ff;\"><strong><img decoding=\"async\" class=\"size-medium wp-image-6439 alignleft\" src=\"https:\/\/magyar-misszio.ch\/wp-content\/uploads\/image2-169x300.jpeg\" alt=\"\" width=\"169\" height=\"300\" data-id=\"6439\" srcset=\"https:\/\/magyar-misszio.ch\/wp-content\/uploads\/image2-169x300.jpeg 169w, https:\/\/magyar-misszio.ch\/wp-content\/uploads\/image2.jpeg 397w\" sizes=\"(max-width: 169px) 100vw, 169px\" \/>Nem mondhatom azt \u00e9n sem<\/strong><\/span>, hogy azonnal megszerettem volna ezt az \u00fcnnepet. De miut\u00e1n megismertem ezt a lelkis\u00e9get, azut\u00e1n m\u00e1r megszerettem. Hadd besz\u00e9ljek egy kicsit err\u0151l, hogy egy kicsit engem is jobban ismerjenek a kedves testv\u00e9rek. Nem szeretem a giccseket, nem szeretem a t\u00fal konzervat\u00edv dolgokat. M\u00e9gis nagyon szeretem a n\u00e9pi vall\u00e1soss\u00e1got, amit itt konzervat\u00edvnak tartanak, \u00e9s mindazt, ami ehhez tartozik: a k\u00f6rmeneteket, a lit\u00e1ni\u00e1kat, a r\u00f3zsaf\u00fcz\u00e9rt stb. De nagyon szeretem a modern form\u00e1kat is: a k\u00f6tetlen szentmis\u00e9ket, amikor kev\u00e9s emberrel szabadon im\u00e1dkozunk, a szentlelkes szentmis\u00e9ket, a Krisztusf\u00fcz\u00e9rt stb.stb.<br \/>T\u00e1vol \u00e1ll t\u0151lem pl. a J\u00e9zus Sz\u00edve tiszteletnek az a r\u00e9sze, amikor J\u00e9zust (vagy M\u00e1ri\u00e1t is) kitett sz\u00edvvel festik meg. Szerintem ez a kor\u00e1bbi sz\u00e1zadok sz\u00e1m\u00e1ra volt autentikus lelkis\u00e9g.<\/p><p><strong>Az isteni irgalmass\u00e1g lelkis\u00e9ge moderniz\u00e1lja a J\u00e9zus Sz\u00edve lelkis\u00e9get<\/strong>. Majdnem ugyanaz a mondanival\u00f3ja, csak egy szempontot m\u00e9g jobban hangs\u00falyoz: <strong>J\u00e9zus k\u00e9sz minden b\u0171n megbocs\u00e1t\u00e1s\u00e1ra, csak v\u00e1rja, hogy hozz\u00e1 forduljunk. \u00c9s ez a lelkis\u00e9g l\u00e9nyege is.<\/strong><\/p><p>Mondtam, hogy nekem is id\u0151 kellett, m\u00edg ezt a lelkis\u00e9get megszerettem:<\/p><ul><li>amikor a p\u00e1pa kihirdette 2000-ben ezt az \u00fcnnepet, akkor m\u00e9g nagyon \u00faj volt nekem is, m\u00e9lyen nem \u00e9rintett meg<\/li><li><img decoding=\"async\" class=\"size-medium wp-image-6440 alignleft\" src=\"https:\/\/magyar-misszio.ch\/wp-content\/uploads\/image3-225x300.jpeg\" alt=\"\" width=\"225\" height=\"300\" data-id=\"6440\" srcset=\"https:\/\/magyar-misszio.ch\/wp-content\/uploads\/image3-225x300.jpeg 225w, https:\/\/magyar-misszio.ch\/wp-content\/uploads\/image3.jpeg 393w\" sizes=\"(max-width: 225px) 100vw, 225px\" \/>6 \u00e9vvel k\u00e9s\u0151bb vecs\u00e9si pl\u00e9b\u00e1nos lettem. <span style=\"color: #3366ff;\"><strong>Vecs\u00e9sen <\/strong><\/span>van az orsz\u00e1g legszebb Irgalmas <strong>J\u00e9zus olt\u00e1ra \u00e9s k\u00e9pe.<\/strong> M\u00e9g az olt\u00e1r is ugyanolyan mint az eredeti Krakk\u00f3ban, Lengyelorsz\u00e1gban. Onnan hozt\u00e1k a k\u00e9pet lengyel b\u00e1ny\u00e1szok egy busszal \u00e9s d\u00edszruh\u00e1ban adt\u00e1k \u00e1t \u00fagy, hogy leborultak a f\u00f6ldre. Az emberek annyira megszerett\u00e9k ezt a lelkis\u00e9get, hogy <strong>minden p\u00e9nteken<\/strong> irgalmass\u00e1g \u00f3r\u00e1j\u00e1ra \u00f6sszegy\u0171lnek, mint sok m\u00e1s pl\u00e9b\u00e1ni\u00e1n is. \u00c9s \u00e9n is minden p\u00e9nteken odat\u00e9rdeltem \u00e9s egy\u00fctt im\u00e1dkoztuk. Irgalmass\u00e1g <strong>\u00fcnnep\u00e9n<\/strong> az eg\u00e9sz orsz\u00e1gb\u00f3l j\u00f6ttek zar\u00e1ndokok a templomhoz, melyet t\u00e9v\u00e9 \u00e9s r\u00e1di\u00f3 is k\u00f6zvet\u00edtett. \u00c9veken kereszt\u00fcl <strong>a M\u00e1ria R\u00e1di\u00f3 h\u00e9tr\u0151l h\u00e9tre<\/strong> k\u00f6zvet\u00edtette t\u0151l\u00fcnk az irgalmass\u00e1g \u00f3r\u00e1j\u00e1t.<\/li><li>Magyarorsz\u00e1gon \u00e9s Eur\u00f3pa sok orsz\u00e1g\u00e1ban nagyon sz\u00e9pen \u00fcnneplik ezt az \u00fcnnepet. S\u0151t t\u00f6bb napos <strong>konferenci\u00e1kat<\/strong> tartanak err\u0151l \u00e9vr\u0151l-\u00e9vre. Sokszor volt ilyen Magyarorsz\u00e1gon is, amelyen \u00e9n is r\u00e9szt vettem. Vannak nemzetk\u00f6zi konferenci\u00e1k, a nemzetk\u00f6zi felel\u0151se ennek a b\u00e9csi b\u00edboros: Christof Sch\u00f6nborn<\/li><li>Ferenc p\u00e1pa pedig p\u00e1pas\u00e1ga m\u00e1sodik \u00e9v\u00e9ben meg akarta er\u0151s\u00edteni ezt a lelkis\u00e9get \u00e9s kihirdette <span style=\"color: #3366ff;\"><strong>az irgalmass\u00e1g \u00e9v\u00e9t<\/strong>,<\/span> mely egyh\u00e1zunkban 2015-2016 k\u00f6z\u00f6tt volt. Az irgalmass\u00e1g rendk\u00edv\u00fcli szent\u00e9ve a 30. szent\u00e9v a r\u00f3mai katolikus egyh\u00e1z t\u00f6rt\u00e9net\u00e9ben. Ne feledj\u00fck: j\u00f6v\u0151re is lesz szent\u00e9v, de err\u0151l m\u00e1skor.<\/li><\/ul><p>Volt teh\u00e1t lehet\u0151s\u00e9gem meg\u00e9rteni, hogy <span style=\"color: #ff0000;\"><strong>mi a l\u00e9nyege ennek az \u00fcnnepnek \u00e9s lelkis\u00e9gnek:<\/strong><\/span><\/p><ul><li><strong>Isten hat\u00e1rtalan szeretet\u00e9r\u0151l<\/strong> sz\u00f3l, amit megmutatott J\u00e9zus \u00e9let\u00e9vel \u00e9s hal\u00e1l\u00e1val<\/li><li>Ez a hat\u00e1rtalan szeretet <strong>m\u00e9g most is \u00e9rv\u00e9nyes<\/strong>, ez\u00e9rt jelent meg J\u00e9zus <strong>Fausztina <\/strong>lengyel n\u0151v\u00e9rnek, az 1930-as \u00e9vekben t\u00f6bbsz\u00f6r, hogy ezt az \u00fczenetet terjessze. Isten, J\u00e9zus szeretet\u00e9t m\u00e1sk\u00e9ppen irgalmass\u00e1gnak h\u00edvhatjuk \u00e9s ez a legfontosabb tulajdons\u00e1ga Istennek.<\/li><li>J\u00e9zus mindenki b\u0171neit <strong>megbocs\u00e1tja, csak j\u00f6jjenek<\/strong> hozz\u00e1 az emberek \u00e9s \u0151 el\u00e1rasztja \u0151ket f\u00f6ld\u00f6nt\u00fali b\u00e9k\u00e9vel \u00e9s boldogs\u00e1ggal.<\/li><\/ul><p><strong>2000-ben a p\u00e1pa<\/strong> elrendelte ezt az \u00fcnnepet. M\u00e1r nagyp\u00e9nteken elkezdve kilenceddel lehet r\u00e1 k\u00e9sz\u00fclni. Szeretn\u00e9m, ha sosem felejten\u00e9nk el ezt misszi\u00f3nkban. L\u00e1ttuk kivet\u00edtve is az irgalmass\u00e1g k\u00e9pet, id\u0151nk\u00e9nt im\u00e1dkozzuk a mise el\u0151tt az irgalmass\u00e1g r\u00f3zsaf\u00fcz\u00e9r\u00e9t is (\u00e9nekelve is megtanulhatjuk majd).<\/p><p>Szent II. J\u00e1nos P\u00e1l p\u00e1pa boldogan tette ezt, \u00f6r\u00f6mmel avatta szentt\u00e9 ezt a <strong>Fausztina ap\u00e1c\u00e1t<\/strong> is, \u00e9s \u0151 szentelte fel ennek bazilik\u00e1j\u00e1t is <strong>Krakk\u00f3<\/strong>ban, amely egy l\u00e9legzetel\u00e1ll\u00edt\u00f3 szent\u00e9ly, ahol m\u00e1r j\u00e1rtam, de szeretn\u00e9m l\u00e1tni ennek f\u0151\u00fcnnepekor is majd az egyik \u00e9vben odautazva.<\/p><ol><li><img loading=\"lazy\" decoding=\"async\" class=\"size-medium wp-image-6442 alignleft\" src=\"https:\/\/magyar-misszio.ch\/wp-content\/uploads\/image5-300x139.jpeg\" alt=\"\" width=\"300\" height=\"139\" data-id=\"6442\" srcset=\"https:\/\/magyar-misszio.ch\/wp-content\/uploads\/image5-300x139.jpeg 300w, https:\/\/magyar-misszio.ch\/wp-content\/uploads\/image5.jpeg 673w\" sizes=\"(max-width: 300px) 100vw, 300px\" \/>J\u00e1nos P\u00e1l p\u00e1pa kedvenc templom\u00e1nak nevezt\u00e9k a Szent P\u00e9ter bazilik\u00e1hoz k\u00f6zeli <strong>Szentl\u00e9lek templom<\/strong>ot, amelyet kinevezett az Irgalmass\u00e1g tisztelet\u00e9nek r\u00f3mai k\u00f6zpontj\u00e1v\u00e1, \u00e9s lengyel ap\u00e1c\u00e1kra b\u00edzta a templom gondoz\u00e1s\u00e1t.<\/li><\/ol><p><strong>Az elm\u00falt \u00e9vekben<\/strong> igyekeztem t\u00f6bb sz\u00e9p templomba eljutni, aminek nagyobb k\u00f6ze van ehhez a lelkis\u00e9ghez, \u00e9s \u00e9ppen akkor, amikor ennek az \u00fcnnepe van: \u00edgy j\u00e1rtam Zalakaroson, Gy\u0151rben \u00e9s id\u00e9n R\u00f3m\u00e1ban (\u00e9s majd Krakk\u00f3). K\u00f6sz\u00f6n\u00f6m a kedves h\u00edveknek, hogy elfogadt\u00e1k, hogy nem voltam emiatt itt.<\/p><ul><li>Ez teh\u00e1t a Szentl\u00e9lek templom:<img loading=\"lazy\" decoding=\"async\" class=\"size-medium wp-image-6443 alignright\" src=\"https:\/\/magyar-misszio.ch\/wp-content\/uploads\/image6-300x139.jpeg\" alt=\"\" width=\"300\" height=\"139\" data-id=\"6443\" srcset=\"https:\/\/magyar-misszio.ch\/wp-content\/uploads\/image6-300x139.jpeg 300w, https:\/\/magyar-misszio.ch\/wp-content\/uploads\/image6-768x355.jpeg 768w, https:\/\/magyar-misszio.ch\/wp-content\/uploads\/image6.jpeg 970w\" sizes=\"(max-width: 300px) 100vw, 300px\" \/><\/li><li>Amikor meg\u00e9rkeztem, pedig id\u0151ben j\u00f6ttem, akkor m\u00e1r t\u00f6mve volt a templom<\/li><li>Erre az alkalomra kihelyezt\u00e9k az irgalmas J\u00e9zus k\u00e9pet, a szentmise ut\u00e1n ezzel a k\u00e9ppel vezett\u00e9k a k\u00f6rmenetet<\/li><li>Egy bens\u0151s\u00e9ges, gy\u00f6ny\u00f6r\u0171 szentmise volt, sz\u00e9p \u00e9nekekkel \u00e9s im\u00e1kkal<br \/><img loading=\"lazy\" decoding=\"async\" class=\"size-medium wp-image-6444 aligncenter\" src=\"https:\/\/magyar-misszio.ch\/wp-content\/uploads\/image7-300x139.jpeg\" alt=\"\" width=\"300\" height=\"139\" data-id=\"6444\" srcset=\"https:\/\/magyar-misszio.ch\/wp-content\/uploads\/image7-300x139.jpeg 300w, https:\/\/magyar-misszio.ch\/wp-content\/uploads\/image7-768x355.jpeg 768w, https:\/\/magyar-misszio.ch\/wp-content\/uploads\/image7.jpeg 827w\" sizes=\"(max-width: 300px) 100vw, 300px\" \/><\/li><\/ul><ul><li><img loading=\"lazy\" decoding=\"async\" class=\"size-medium wp-image-6445 alignleft\" src=\"https:\/\/magyar-misszio.ch\/wp-content\/uploads\/image8-300x138.jpeg\" alt=\"\" width=\"300\" height=\"138\" data-id=\"6445\" srcset=\"https:\/\/magyar-misszio.ch\/wp-content\/uploads\/image8-300x138.jpeg 300w, https:\/\/magyar-misszio.ch\/wp-content\/uploads\/image8-768x354.jpeg 768w, https:\/\/magyar-misszio.ch\/wp-content\/uploads\/image8.jpeg 986w\" sizes=\"(max-width: 300px) 100vw, 300px\" \/>Majd a Szent P\u00e9ter t\u00e9rre vonultunk, ahol Ferenc p\u00e1p\u00e1ra v\u00e1rtunk \u00e9s az \u00darangyal\u00e1ra. Oly sz\u00e9p gondolatokat mondott, hogy az m\u00e9g m\u00e1skor elmondom.<\/li><\/ul><p>A mai evang\u00e9liumban is J\u00e9zus irgalmass\u00e1g\u00e1nak t\u00f6bb von\u00e1s\u00e1t is hallhattuk:<\/p><ul><li><img loading=\"lazy\" decoding=\"async\" class=\"size-medium wp-image-6446 alignleft\" src=\"https:\/\/magyar-misszio.ch\/wp-content\/uploads\/image9-139x300.jpeg\" alt=\"\" width=\"139\" height=\"300\" data-id=\"6446\" srcset=\"https:\/\/magyar-misszio.ch\/wp-content\/uploads\/image9-139x300.jpeg 139w, https:\/\/magyar-misszio.ch\/wp-content\/uploads\/image9.jpeg 352w\" sizes=\"(max-width: 139px) 100vw, 139px\" \/>J\u00e9zus lehajl\u00f3 szeretettel akarja megnyugtatni az apostolokat, \u00e9s mutatja a sebeit, hogy l\u00e1ss\u00e1k, \u0150 nem hallucin\u00e1ci\u00f3<\/li><li>De m\u00e9g \u00edgy is alig akarnak hinni, akkor ism\u00e9t irgalmas \u00e9s gyeng\u00e9d szeretettel j\u00f6n egy \u00f6tlete: eszik valamit, hogy el tudj\u00e1k hinni, hogy val\u00f3ban \u00e9l<\/li><li>Majd azt mondja nekik: hirdess\u00e9tek a b\u0171n\u00f6k bocs\u00e1nat\u00e1t. Mit kell els\u0151sorban hirdetni\u00fck? A b\u0171n\u00f6k bocs\u00e1nat\u00e1t! Isten irgalmass\u00e1g\u00e1t!<\/li><\/ul><p>Mi is j\u00e1ruljunk el\u00e9, \u00e9s most az irgalmass\u00e1g r\u00f3zsaf\u00fcz\u00e9r\u00e9nek egy tized\u00e9vel fejezz\u00fck be:<br \/><img loading=\"lazy\" decoding=\"async\" class=\"aligncenter wp-image-6447 size-full\" src=\"https:\/\/magyar-misszio.ch\/wp-content\/uploads\/image10.png\" alt=\"\" width=\"562\" height=\"314\" data-id=\"6447\" srcset=\"https:\/\/magyar-misszio.ch\/wp-content\/uploads\/image10.png 562w, https:\/\/magyar-misszio.ch\/wp-content\/uploads\/image10-300x168.png 300w\" sizes=\"(max-width: 562px) 100vw, 562px\" \/><\/p><h4><span style=\"color: #ff00ff;\"><a style=\"color: #ff00ff;\" href=\"https:\/\/photos.app.goo.gl\/3NTi8kuV7wmDRj4m7\">A k\u00e9palbumot itt tal\u00e1ljuk&#8230;.<\/a><\/span><\/h4>\t\t\t\t\t\t\t\t<\/div>\n\t\t\t\t<\/div>\n\t\t\t\t\t<\/div>\n\t\t<\/div>\n\t\t\t\t\t<\/div>\n\t\t<\/section>\n\t\t\t\t<\/div>\n\t\t","protected":false},"excerpt":{"rendered":"<p>Szem\u00e9lyes besz\u00e1mol\u00f3 \u00e9s pr\u00e9dik\u00e1ci\u00f3\u00a0az irgalmass\u00e1g \u00fcnnep\u00e9r\u0151l \u201eA nev\u00e9ben megt\u00e9r\u00e9st kell hirdetni a b\u0171n\u00f6k bocs\u00e1nat\u00e1ra Jeruzs\u00e1lemt\u0151l kezdve minden n\u00e9pnek. Ti tan\u00fai vagytok ezeknek.\u201c &#8211; J\u00e9zus irgalm\u00e1r\u00f3l sz\u00f3l a mai evang\u00e9lium is. A m\u00falt h\u00e9ten volt az irgalmass\u00e1g vas\u00e1rnapja. Err\u0151l az \u00fcnnepr\u0151l sok sv\u00e1jci h\u00edv\u0151 \u00e9s tal\u00e1n sok magyar h\u00edv\u0151 is alig tud. Ez engem elszomor\u00edt. Szent &hellip; <\/p>\n<p class=\"link-more\"><a href=\"https:\/\/magyar-misszio.ch\/?page_id=6435\" class=\"more-link\"><span class=\"screen-reader-text\">\u201epr\u00e9dik\u00e1ci\u00f3-irgalmass\u00e1g \u00fcnnepe\u201c<\/span> weiterlesen<\/a><\/p>\n","protected":false},"author":2,"featured_media":0,"parent":0,"menu_order":0,"comment_status":"closed","ping_status":"closed","template":"","meta":{"footnotes":""},"class_list":["post-6435","page","type-page","status-publish","hentry"],"_links":{"self":[{"href":"https:\/\/magyar-misszio.ch\/index.php?rest_route=\/wp\/v2\/pages\/6435","targetHints":{"allow":["GET"]}}],"collection":[{"href":"https:\/\/magyar-misszio.ch\/index.php?rest_route=\/wp\/v2\/pages"}],"about":[{"href":"https:\/\/magyar-misszio.ch\/index.php?rest_route=\/wp\/v2\/types\/page"}],"author":[{"embeddable":true,"href":"https:\/\/magyar-misszio.ch\/index.php?rest_route=\/wp\/v2\/users\/2"}],"replies":[{"embeddable":true,"href":"https:\/\/magyar-misszio.ch\/index.php?rest_route=%2Fwp%2Fv2%2Fcomments&post=6435"}],"version-history":[{"count":13,"href":"https:\/\/magyar-misszio.ch\/index.php?rest_route=\/wp\/v2\/pages\/6435\/revisions"}],"predecessor-version":[{"id":7673,"href":"https:\/\/magyar-misszio.ch\/index.php?rest_route=\/wp\/v2\/pages\/6435\/revisions\/7673"}],"wp:attachment":[{"href":"https:\/\/magyar-misszio.ch\/index.php?rest_route=%2Fwp%2Fv2%2Fmedia&parent=6435"}],"curies":[{"name":"wp","href":"https:\/\/api.w.org\/{rel}","templated":true}]}}