{"id":68,"date":"2017-12-01T15:24:14","date_gmt":"2017-12-01T15:24:14","guid":{"rendered":"http:\/\/magyar-misszio.ch\/?page_id=68"},"modified":"2023-12-06T14:12:06","modified_gmt":"2023-12-06T14:12:06","slug":"szentmisek_m","status":"publish","type":"page","link":"https:\/\/magyar-misszio.ch\/?page_id=68","title":{"rendered":"szentmis\u00e9k_menu-miatt-dupl"},"content":{"rendered":"\t\t<div data-elementor-type=\"wp-post\" data-elementor-id=\"68\" class=\"elementor elementor-68\" data-elementor-post-type=\"page\">\n\t\t\t\t\t\t<section class=\"elementor-section elementor-top-section elementor-element elementor-element-346213a7 elementor-section-boxed elementor-section-height-default elementor-section-height-default\" data-id=\"346213a7\" data-element_type=\"section\">\n\t\t\t\t\t\t<div class=\"elementor-container elementor-column-gap-default\">\n\t\t\t\t\t<div class=\"elementor-column elementor-col-100 elementor-top-column elementor-element elementor-element-4017325e\" data-id=\"4017325e\" data-element_type=\"column\">\n\t\t\t<div class=\"elementor-widget-wrap elementor-element-populated\">\n\t\t\t\t\t\t<div class=\"elementor-element elementor-element-3eae492c elementor-widget elementor-widget-text-editor\" data-id=\"3eae492c\" data-element_type=\"widget\" data-widget_type=\"text-editor.default\">\n\t\t\t\t<div class=\"elementor-widget-container\">\n\t\t\t\t\t\t\t\t\t<p><div id=\"image-map-pro-5361\"><\/div><\/p><p><span style=\"font-size: 18pt;\"><span style=\"color: #0000ff;\"><strong>Elt\u00e9r\u0151 id\u0151pontok: <\/strong><\/span>a\u00a0kiv\u00e9telek megjelennek h\u00edrleveleinkben vagy iratkozzon fel a megfelel\u0151 v\u00e1ros szentmis\u00e9j\u00e9hez tartoz\u00f3 email-h\u00edrlev\u00e9lre (ld. h\u00edrlev\u00e9l-men\u00fcpont).<\/span><\/p><p><span style=\"font-size: 18pt;\">A szentmis\u00e9k helysz\u00edneihez, <span style=\"text-decoration: underline;\"><a href=\"https:\/\/magyar-misszio.ch\/?page_id=1820\" target=\"_blank\" rel=\"noopener\">t\u00e9rk\u00e9pekhez kattints ide&#8230;<\/a><\/span><\/span><\/p><h2><strong>\u00a0 \u00a0<span style=\"text-decoration: underline;\"> \u00a0 <span style=\"color: #0000ff; text-decoration: underline;\"><em><a style=\"color: #0000ff; text-decoration: underline;\" href=\"https:\/\/magyar-misszio.ch\/?page_id=159\">\u00a0Vissza a men\u00fcvel ell\u00e1tott oldalakra&#8230;<\/a><\/em><\/span><\/span><\/strong><\/h2>\t\t\t\t\t\t\t\t<\/div>\n\t\t\t\t<\/div>\n\t\t\t\t\t<\/div>\n\t\t<\/div>\n\t\t\t\t\t<\/div>\n\t\t<\/section>\n\t\t\t\t<\/div>\n\t\t","protected":false},"excerpt":{"rendered":"<p>Elt\u00e9r\u0151 id\u0151pontok: a\u00a0kiv\u00e9telek megjelennek h\u00edrleveleinkben vagy iratkozzon fel a megfelel\u0151 v\u00e1ros szentmis\u00e9j\u00e9hez tartoz\u00f3 email-h\u00edrlev\u00e9lre (ld. h\u00edrlev\u00e9l-men\u00fcpont). A szentmis\u00e9k helysz\u00edneihez, t\u00e9rk\u00e9pekhez kattints ide&#8230; \u00a0 \u00a0 \u00a0 \u00a0Vissza a men\u00fcvel ell\u00e1tott oldalakra&#8230;<\/p>\n","protected":false},"author":1,"featured_media":0,"parent":0,"menu_order":0,"comment_status":"closed","ping_status":"closed","template":"blank-slate-template.php","meta":{"footnotes":""},"class_list":["post-68","page","type-page","status-publish","hentry"],"_links":{"self":[{"href":"https:\/\/magyar-misszio.ch\/index.php?rest_route=\/wp\/v2\/pages\/68","targetHints":{"allow":["GET"]}}],"collection":[{"href":"https:\/\/magyar-misszio.ch\/index.php?rest_route=\/wp\/v2\/pages"}],"about":[{"href":"https:\/\/magyar-misszio.ch\/index.php?rest_route=\/wp\/v2\/types\/page"}],"author":[{"embeddable":true,"href":"https:\/\/magyar-misszio.ch\/index.php?rest_route=\/wp\/v2\/users\/1"}],"replies":[{"embeddable":true,"href":"https:\/\/magyar-misszio.ch\/index.php?rest_route=%2Fwp%2Fv2%2Fcomments&post=68"}],"version-history":[{"count":32,"href":"https:\/\/magyar-misszio.ch\/index.php?rest_route=\/wp\/v2\/pages\/68\/revisions"}],"predecessor-version":[{"id":6294,"href":"https:\/\/magyar-misszio.ch\/index.php?rest_route=\/wp\/v2\/pages\/68\/revisions\/6294"}],"wp:attachment":[{"href":"https:\/\/magyar-misszio.ch\/index.php?rest_route=%2Fwp%2Fv2%2Fmedia&parent=68"}],"curies":[{"name":"wp","href":"https:\/\/api.w.org\/{rel}","templated":true}]}}