{"id":6810,"date":"2024-07-05T18:11:55","date_gmt":"2024-07-05T18:11:55","guid":{"rendered":"https:\/\/magyar-misszio.ch\/?page_id=6810"},"modified":"2024-07-05T18:50:14","modified_gmt":"2024-07-05T18:50:14","slug":"tematikus-evek","status":"publish","type":"page","link":"https:\/\/magyar-misszio.ch\/?page_id=6810","title":{"rendered":"tematikus \u00e9vek"},"content":{"rendered":"\t\t<div data-elementor-type=\"wp-page\" data-elementor-id=\"6810\" class=\"elementor elementor-6810\" data-elementor-post-type=\"page\">\n\t\t\t\t\t\t<section class=\"elementor-section elementor-top-section elementor-element elementor-element-3102b5b elementor-section-boxed elementor-section-height-default elementor-section-height-default\" data-id=\"3102b5b\" data-element_type=\"section\">\n\t\t\t\t\t\t<div class=\"elementor-container elementor-column-gap-default\">\n\t\t\t\t\t<div class=\"elementor-column elementor-col-100 elementor-top-column elementor-element elementor-element-2d1ad56\" data-id=\"2d1ad56\" data-element_type=\"column\">\n\t\t\t<div class=\"elementor-widget-wrap elementor-element-populated\">\n\t\t\t\t\t\t<div class=\"elementor-element elementor-element-551bb39 elementor-widget elementor-widget-text-editor\" data-id=\"551bb39\" data-element_type=\"widget\" data-widget_type=\"text-editor.default\">\n\t\t\t\t<div class=\"elementor-widget-container\">\n\t\t\t\t\t\t\t\t\t<h2 class=\"elementor-heading-title elementor-size-default elementor-inline-editing pen\" style=\"text-align: center;\" contenteditable=\"true\" data-elementor-setting-key=\"title\" data-pen-placeholder=\"Eingabe hier...\"><span style=\"color: #ff0000;\"><strong>Egyh\u00e1zunk tematikus \u00e9vei<\/strong><\/span><\/h2>\t\t\t\t\t\t\t\t<\/div>\n\t\t\t\t<\/div>\n\t\t\t\t\t<\/div>\n\t\t<\/div>\n\t\t\t\t\t<\/div>\n\t\t<\/section>\n\t\t\t\t<section class=\"elementor-section elementor-top-section elementor-element elementor-element-9a94b97 elementor-section-boxed elementor-section-height-default elementor-section-height-default\" data-id=\"9a94b97\" data-element_type=\"section\">\n\t\t\t\t\t\t<div class=\"elementor-container elementor-column-gap-default\">\n\t\t\t\t\t<div class=\"elementor-column elementor-col-50 elementor-top-column elementor-element elementor-element-ec8c433\" data-id=\"ec8c433\" data-element_type=\"column\">\n\t\t\t<div class=\"elementor-widget-wrap elementor-element-populated\">\n\t\t\t\t\t\t<div class=\"elementor-element elementor-element-795ee61 elementor-widget elementor-widget-image\" data-id=\"795ee61\" data-element_type=\"widget\" data-widget_type=\"image.default\">\n\t\t\t\t<div class=\"elementor-widget-container\">\n\t\t\t\t\t\t\t\t\t\t\t\t\t\t\t<img decoding=\"async\" width=\"150\" height=\"150\" src=\"https:\/\/magyar-misszio.ch\/wp-content\/uploads\/logo-magyar-150x150.png\" class=\"attachment-thumbnail size-thumbnail wp-image-6722\" alt=\"\" srcset=\"https:\/\/magyar-misszio.ch\/wp-content\/uploads\/logo-magyar-150x150.png 150w, https:\/\/magyar-misszio.ch\/wp-content\/uploads\/logo-magyar-100x100.png 100w\" sizes=\"100vw\" \/>\t\t\t\t\t\t\t\t\t\t\t\t\t\t\t<\/div>\n\t\t\t\t<\/div>\n\t\t\t\t\t<\/div>\n\t\t<\/div>\n\t\t\t\t<div class=\"elementor-column elementor-col-50 elementor-top-column elementor-element elementor-element-e1caa6e\" data-id=\"e1caa6e\" data-element_type=\"column\">\n\t\t\t<div class=\"elementor-widget-wrap elementor-element-populated\">\n\t\t\t\t\t\t<div class=\"elementor-element elementor-element-0530d73 elementor-widget elementor-widget-text-editor\" data-id=\"0530d73\" data-element_type=\"widget\" data-widget_type=\"text-editor.default\">\n\t\t\t\t<div class=\"elementor-widget-container\">\n\t\t\t\t\t\t\t\t\t<h4><span style=\"color: #339966;\"><b>2025-\u00f6s szent\u00e9v<\/b><\/span><\/h4><p><a href=\"https:\/\/magyar-misszio.ch\/?page_id=6645\" target=\"_blank\" rel=\"noopener\">(kattints ide)<\/a><\/p>\t\t\t\t\t\t\t\t<\/div>\n\t\t\t\t<\/div>\n\t\t\t\t\t<\/div>\n\t\t<\/div>\n\t\t\t\t\t<\/div>\n\t\t<\/section>\n\t\t\t\t<section class=\"elementor-section elementor-top-section elementor-element elementor-element-058f23c elementor-section-boxed elementor-section-height-default elementor-section-height-default\" data-id=\"058f23c\" data-element_type=\"section\">\n\t\t\t\t\t\t<div class=\"elementor-container elementor-column-gap-default\">\n\t\t\t\t\t<div class=\"elementor-column elementor-col-50 elementor-top-column elementor-element elementor-element-0a05a5d\" data-id=\"0a05a5d\" data-element_type=\"column\">\n\t\t\t<div class=\"elementor-widget-wrap elementor-element-populated\">\n\t\t\t\t\t\t<div class=\"elementor-element elementor-element-c916f18 elementor-widget elementor-widget-image\" data-id=\"c916f18\" data-element_type=\"widget\" data-widget_type=\"image.default\">\n\t\t\t\t<div class=\"elementor-widget-container\">\n\t\t\t\t\t\t\t\t\t\t\t\t\t\t\t<img decoding=\"async\" width=\"150\" height=\"150\" src=\"https:\/\/magyar-misszio.ch\/wp-content\/uploads\/2024imaeve-150x150.jpg\" class=\"attachment-thumbnail size-thumbnail wp-image-6816\" alt=\"\" srcset=\"https:\/\/magyar-misszio.ch\/wp-content\/uploads\/2024imaeve-150x150.jpg 150w, https:\/\/magyar-misszio.ch\/wp-content\/uploads\/2024imaeve-100x100.jpg 100w\" sizes=\"100vw\" \/>\t\t\t\t\t\t\t\t\t\t\t\t\t\t\t<\/div>\n\t\t\t\t<\/div>\n\t\t\t\t\t<\/div>\n\t\t<\/div>\n\t\t\t\t<div class=\"elementor-column elementor-col-50 elementor-top-column elementor-element elementor-element-5392f52\" data-id=\"5392f52\" data-element_type=\"column\">\n\t\t\t<div class=\"elementor-widget-wrap elementor-element-populated\">\n\t\t\t\t\t\t<div class=\"elementor-element elementor-element-270a997 elementor-widget elementor-widget-text-editor\" data-id=\"270a997\" data-element_type=\"widget\" data-widget_type=\"text-editor.default\">\n\t\t\t\t<div class=\"elementor-widget-container\">\n\t\t\t\t\t\t\t\t\t<h4><span style=\"color: #339966;\"><b>2024. im\u00e1ds\u00e1g \u00e9ve (el\u0151k\u00e9sz\u00fcleti \u00e9v)<\/b><\/span><\/h4><p><a href=\"https:\/\/magyar-misszio.ch\/?page_id=6645#imaeve\" target=\"_blank\" rel=\"noopener\">(kattints ide)<\/a><\/p>\t\t\t\t\t\t\t\t<\/div>\n\t\t\t\t<\/div>\n\t\t\t\t\t<\/div>\n\t\t<\/div>\n\t\t\t\t\t<\/div>\n\t\t<\/section>\n\t\t\t\t<section class=\"elementor-section elementor-top-section elementor-element elementor-element-0be8545 elementor-section-boxed elementor-section-height-default elementor-section-height-default\" data-id=\"0be8545\" data-element_type=\"section\">\n\t\t\t\t\t\t<div class=\"elementor-container elementor-column-gap-default\">\n\t\t\t\t\t<div class=\"elementor-column elementor-col-100 elementor-top-column elementor-element elementor-element-44e54e2\" data-id=\"44e54e2\" data-element_type=\"column\">\n\t\t\t<div class=\"elementor-widget-wrap\">\n\t\t\t\t\t\t\t<\/div>\n\t\t<\/div>\n\t\t\t\t\t<\/div>\n\t\t<\/section>\n\t\t\t\t<section class=\"elementor-section elementor-top-section elementor-element elementor-element-1da2c82 elementor-section-boxed elementor-section-height-default elementor-section-height-default\" data-id=\"1da2c82\" data-element_type=\"section\">\n\t\t\t\t\t\t<div class=\"elementor-container elementor-column-gap-default\">\n\t\t\t\t\t<div class=\"elementor-column elementor-col-50 elementor-top-column elementor-element elementor-element-dc9f511\" data-id=\"dc9f511\" data-element_type=\"column\">\n\t\t\t<div class=\"elementor-widget-wrap elementor-element-populated\">\n\t\t\t\t\t\t<div class=\"elementor-element elementor-element-f8d6187 elementor-widget elementor-widget-image\" data-id=\"f8d6187\" data-element_type=\"widget\" data-widget_type=\"image.default\">\n\t\t\t\t<div class=\"elementor-widget-container\">\n\t\t\t\t\t\t\t\t\t\t\t\t\t\t\t<img decoding=\"async\" width=\"150\" height=\"150\" src=\"https:\/\/magyar-misszio.ch\/wp-content\/uploads\/zsinat-150x150.jpg\" class=\"attachment-thumbnail size-thumbnail wp-image-6829\" alt=\"\" srcset=\"https:\/\/magyar-misszio.ch\/wp-content\/uploads\/zsinat-150x150.jpg 150w, https:\/\/magyar-misszio.ch\/wp-content\/uploads\/zsinat-100x100.jpg 100w\" sizes=\"100vw\" \/>\t\t\t\t\t\t\t\t\t\t\t\t\t\t\t<\/div>\n\t\t\t\t<\/div>\n\t\t\t\t\t<\/div>\n\t\t<\/div>\n\t\t\t\t<div class=\"elementor-column elementor-col-50 elementor-top-column elementor-element elementor-element-2a36de1\" data-id=\"2a36de1\" data-element_type=\"column\">\n\t\t\t<div class=\"elementor-widget-wrap elementor-element-populated\">\n\t\t\t\t\t\t<div class=\"elementor-element elementor-element-43e4d52 elementor-widget elementor-widget-text-editor\" data-id=\"43e4d52\" data-element_type=\"widget\" data-widget_type=\"text-editor.default\">\n\t\t\t\t<div class=\"elementor-widget-container\">\n\t\t\t\t\t\t\t\t\t<h4><span style=\"color: #339966;\"><b>2023. A zsinat \u00e9ve (el\u0151k\u00e9sz\u00fcleti \u00e9v)<\/b><\/span><\/h4><p><a href=\"https:\/\/magyar-misszio.ch\/?page_id=6830\" target=\"_blank\" rel=\"noopener\">(kattints ide)<\/a><\/p>\t\t\t\t\t\t\t\t<\/div>\n\t\t\t\t<\/div>\n\t\t\t\t\t<\/div>\n\t\t<\/div>\n\t\t\t\t\t<\/div>\n\t\t<\/section>\n\t\t\t\t<section class=\"elementor-section elementor-top-section elementor-element elementor-element-73d4223 elementor-section-boxed elementor-section-height-default elementor-section-height-default\" data-id=\"73d4223\" data-element_type=\"section\">\n\t\t\t\t\t\t<div class=\"elementor-container elementor-column-gap-default\">\n\t\t\t\t\t<div class=\"elementor-column elementor-col-50 elementor-top-column elementor-element elementor-element-315bbe3\" data-id=\"315bbe3\" data-element_type=\"column\">\n\t\t\t<div class=\"elementor-widget-wrap elementor-element-populated\">\n\t\t\t\t\t\t<div class=\"elementor-element elementor-element-43c5900 elementor-widget elementor-widget-image\" data-id=\"43c5900\" data-element_type=\"widget\" data-widget_type=\"image.default\">\n\t\t\t\t<div class=\"elementor-widget-container\">\n\t\t\t\t\t\t\t\t\t\t\t\t\t\t\t<img loading=\"lazy\" decoding=\"async\" width=\"150\" height=\"150\" src=\"https:\/\/magyar-misszio.ch\/wp-content\/uploads\/2021\/03\/csaladeve.jpg-150x150.jpg\" class=\"attachment-thumbnail size-thumbnail wp-image-2895\" alt=\"\" srcset=\"https:\/\/magyar-misszio.ch\/wp-content\/uploads\/2021\/03\/csaladeve.jpg-150x150.jpg 150w, https:\/\/magyar-misszio.ch\/wp-content\/uploads\/2021\/03\/csaladeve.jpg-100x100.jpg 100w\" sizes=\"100vw\" \/>\t\t\t\t\t\t\t\t\t\t\t\t\t\t\t<\/div>\n\t\t\t\t<\/div>\n\t\t\t\t\t<\/div>\n\t\t<\/div>\n\t\t\t\t<div class=\"elementor-column elementor-col-50 elementor-top-column elementor-element elementor-element-0eb3327\" data-id=\"0eb3327\" data-element_type=\"column\">\n\t\t\t<div class=\"elementor-widget-wrap elementor-element-populated\">\n\t\t\t\t\t\t<div class=\"elementor-element elementor-element-f87685e elementor-widget elementor-widget-text-editor\" data-id=\"f87685e\" data-element_type=\"widget\" data-widget_type=\"text-editor.default\">\n\t\t\t\t<div class=\"elementor-widget-container\">\n\t\t\t\t\t\t\t\t\t<h4><span style=\"color: #339966;\"><b><span style=\"color: #0000ff;\">2021-22. A csal\u00e1di szeretet \u00f6r\u00f6m\u00e9nek \u00e9ve<\/span><br \/><span style=\"color: #999999;\">(2021.m\u00e1rc.19.-2022.j\u00fan.26.)<\/span><\/b><\/span><\/h4><p><a href=\"https:\/\/magyar-misszio.ch\/?page_id=2890\" target=\"_blank\" rel=\"noopener\">(kattints ide)<\/a><\/p>\t\t\t\t\t\t\t\t<\/div>\n\t\t\t\t<\/div>\n\t\t\t\t\t<\/div>\n\t\t<\/div>\n\t\t\t\t\t<\/div>\n\t\t<\/section>\n\t\t\t\t<section class=\"elementor-section elementor-top-section elementor-element elementor-element-8574d61 elementor-section-boxed elementor-section-height-default elementor-section-height-default\" data-id=\"8574d61\" data-element_type=\"section\">\n\t\t\t\t\t\t<div class=\"elementor-container elementor-column-gap-default\">\n\t\t\t\t\t<div class=\"elementor-column elementor-col-50 elementor-top-column elementor-element elementor-element-92bd5dc\" data-id=\"92bd5dc\" data-element_type=\"column\">\n\t\t\t<div class=\"elementor-widget-wrap elementor-element-populated\">\n\t\t\t\t\t\t<div class=\"elementor-element elementor-element-b76f054 elementor-widget elementor-widget-image\" data-id=\"b76f054\" data-element_type=\"widget\" data-widget_type=\"image.default\">\n\t\t\t\t<div class=\"elementor-widget-container\">\n\t\t\t\t\t\t\t\t\t\t\t\t\t\t\t<img loading=\"lazy\" decoding=\"async\" width=\"150\" height=\"150\" src=\"https:\/\/magyar-misszio.ch\/wp-content\/uploads\/2021\/11\/koenyv-magyar-Szent-Jozsef-ideje-elerkezett.jpg-150x150.jpg\" class=\"attachment-thumbnail size-thumbnail wp-image-3531\" alt=\"\" srcset=\"https:\/\/magyar-misszio.ch\/wp-content\/uploads\/2021\/11\/koenyv-magyar-Szent-Jozsef-ideje-elerkezett.jpg-150x150.jpg 150w, https:\/\/magyar-misszio.ch\/wp-content\/uploads\/2021\/11\/koenyv-magyar-Szent-Jozsef-ideje-elerkezett.jpg-100x100.jpg 100w\" sizes=\"100vw\" \/>\t\t\t\t\t\t\t\t\t\t\t\t\t\t\t<\/div>\n\t\t\t\t<\/div>\n\t\t\t\t\t<\/div>\n\t\t<\/div>\n\t\t\t\t<div class=\"elementor-column elementor-col-50 elementor-top-column elementor-element elementor-element-bb6a553\" data-id=\"bb6a553\" data-element_type=\"column\">\n\t\t\t<div class=\"elementor-widget-wrap elementor-element-populated\">\n\t\t\t\t\t\t<div class=\"elementor-element elementor-element-6d3c12c elementor-widget elementor-widget-text-editor\" data-id=\"6d3c12c\" data-element_type=\"widget\" data-widget_type=\"text-editor.default\">\n\t\t\t\t<div class=\"elementor-widget-container\">\n\t\t\t\t\t\t\t\t\t<h4><span style=\"color: #339966;\"><b><span style=\"color: #0000ff;\">2020-21. Szent J\u00f3zsef \u00e9v<\/span><br \/><span style=\"color: #999999;\">(2020.dec.8-2021.dec.8)<\/span><\/b><\/span><\/h4><p><a href=\"https:\/\/magyar-misszio.ch\/?page_id=2890\" target=\"_blank\" rel=\"noopener\">(kattints ide)<\/a><\/p>\t\t\t\t\t\t\t\t<\/div>\n\t\t\t\t<\/div>\n\t\t\t\t\t<\/div>\n\t\t<\/div>\n\t\t\t\t\t<\/div>\n\t\t<\/section>\n\t\t\t\t<section class=\"elementor-section elementor-top-section elementor-element elementor-element-8170c6a elementor-section-boxed elementor-section-height-default elementor-section-height-default\" data-id=\"8170c6a\" data-element_type=\"section\">\n\t\t\t\t\t\t<div class=\"elementor-container elementor-column-gap-default\">\n\t\t\t\t\t<div class=\"elementor-column elementor-col-100 elementor-top-column elementor-element elementor-element-4472cec\" data-id=\"4472cec\" data-element_type=\"column\">\n\t\t\t<div class=\"elementor-widget-wrap\">\n\t\t\t\t\t\t\t<\/div>\n\t\t<\/div>\n\t\t\t\t\t<\/div>\n\t\t<\/section>\n\t\t\t\t<\/div>\n\t\t","protected":false},"excerpt":{"rendered":"<p>Egyh\u00e1zunk tematikus \u00e9vei 2025-\u00f6s szent\u00e9v (kattints ide) 2024. im\u00e1ds\u00e1g \u00e9ve (el\u0151k\u00e9sz\u00fcleti \u00e9v) (kattints ide) 2023. A zsinat \u00e9ve (el\u0151k\u00e9sz\u00fcleti \u00e9v) (kattints ide) 2021-22. A csal\u00e1di szeretet \u00f6r\u00f6m\u00e9nek \u00e9ve(2021.m\u00e1rc.19.-2022.j\u00fan.26.) (kattints ide) 2020-21. Szent J\u00f3zsef \u00e9v(2020.dec.8-2021.dec.8) (kattints ide)<\/p>\n","protected":false},"author":2,"featured_media":0,"parent":0,"menu_order":0,"comment_status":"closed","ping_status":"closed","template":"","meta":{"footnotes":""},"class_list":["post-6810","page","type-page","status-publish","hentry"],"_links":{"self":[{"href":"https:\/\/magyar-misszio.ch\/index.php?rest_route=\/wp\/v2\/pages\/6810","targetHints":{"allow":["GET"]}}],"collection":[{"href":"https:\/\/magyar-misszio.ch\/index.php?rest_route=\/wp\/v2\/pages"}],"about":[{"href":"https:\/\/magyar-misszio.ch\/index.php?rest_route=\/wp\/v2\/types\/page"}],"author":[{"embeddable":true,"href":"https:\/\/magyar-misszio.ch\/index.php?rest_route=\/wp\/v2\/users\/2"}],"replies":[{"embeddable":true,"href":"https:\/\/magyar-misszio.ch\/index.php?rest_route=%2Fwp%2Fv2%2Fcomments&post=6810"}],"version-history":[{"count":25,"href":"https:\/\/magyar-misszio.ch\/index.php?rest_route=\/wp\/v2\/pages\/6810\/revisions"}],"predecessor-version":[{"id":6844,"href":"https:\/\/magyar-misszio.ch\/index.php?rest_route=\/wp\/v2\/pages\/6810\/revisions\/6844"}],"wp:attachment":[{"href":"https:\/\/magyar-misszio.ch\/index.php?rest_route=%2Fwp%2Fv2%2Fmedia&parent=6810"}],"curies":[{"name":"wp","href":"https:\/\/api.w.org\/{rel}","templated":true}]}}