{"id":7497,"date":"2025-10-09T17:58:54","date_gmt":"2025-10-09T17:58:54","guid":{"rendered":"https:\/\/magyar-misszio.ch\/?page_id=7497"},"modified":"2025-10-09T18:04:43","modified_gmt":"2025-10-09T18:04:43","slug":"szandek-kosar","status":"publish","type":"page","link":"https:\/\/magyar-misszio.ch\/?page_id=7497","title":{"rendered":"sz\u00e1nd\u00e9k-kos\u00e1r"},"content":{"rendered":"\t\t<div data-elementor-type=\"wp-page\" data-elementor-id=\"7497\" class=\"elementor elementor-7497\" data-elementor-post-type=\"page\">\n\t\t\t\t\t\t<section class=\"elementor-section elementor-top-section elementor-element elementor-element-075dc11 elementor-section-boxed elementor-section-height-default elementor-section-height-default\" data-id=\"075dc11\" data-element_type=\"section\">\n\t\t\t\t\t\t<div class=\"elementor-container elementor-column-gap-default\">\n\t\t\t\t\t<div class=\"elementor-column elementor-col-100 elementor-top-column elementor-element elementor-element-8da10d2\" data-id=\"8da10d2\" data-element_type=\"column\">\n\t\t\t<div class=\"elementor-widget-wrap elementor-element-populated\">\n\t\t\t\t\t\t<div class=\"elementor-element elementor-element-ae4e961 elementor-widget elementor-widget-heading\" data-id=\"ae4e961\" data-element_type=\"widget\" data-widget_type=\"heading.default\">\n\t\t\t\t<div class=\"elementor-widget-container\">\n\t\t\t\t\t<h2 class=\"elementor-heading-title elementor-size-default\">Imasz\u00e1nd\u00e9kait az \u00dar el\u00e9 vissz\u00fck<\/h2>\t\t\t\t<\/div>\n\t\t\t\t<\/div>\n\t\t\t\t\t<\/div>\n\t\t<\/div>\n\t\t\t\t\t<\/div>\n\t\t<\/section>\n\t\t\t\t<section class=\"elementor-section elementor-top-section elementor-element elementor-element-6d70919 elementor-section-boxed elementor-section-height-default elementor-section-height-default\" data-id=\"6d70919\" data-element_type=\"section\">\n\t\t\t\t\t\t<div class=\"elementor-container elementor-column-gap-default\">\n\t\t\t\t\t<div class=\"elementor-column elementor-col-100 elementor-top-column elementor-element elementor-element-81f8993\" data-id=\"81f8993\" data-element_type=\"column\">\n\t\t\t<div class=\"elementor-widget-wrap elementor-element-populated\">\n\t\t\t\t\t\t<div class=\"elementor-element elementor-element-24acdd9 elementor-widget elementor-widget-text-editor\" data-id=\"24acdd9\" data-element_type=\"widget\" data-widget_type=\"text-editor.default\">\n\t\t\t\t<div class=\"elementor-widget-container\">\n\t\t\t\t\t\t\t\t\t<p>Misszi\u00f3nk els\u0151dleges c\u00e9lja, hogy egy\u00e9nenk\u00e9nt \u00e9s k\u00f6z\u00f6ss\u00e9gben egyre k\u00f6zelebb lehess\u00fcnk az \u00darhoz.<br \/>Az \u0150 k\u00f6zels\u00e9ge meggy\u00f3gy\u00edt \u00e9s seg\u00edt. Ha egym\u00e1s\u00e9rt im\u00e1dkozunk, m\u00e9g t\u00f6bb kegyelmet kapunk:<br \/>az, akinek sz\u00fcks\u00e9ge van r\u00e1, \u00e9s az is, aki im\u00e1dkozik.<br \/>Ez\u00e9rt sz\u00edvesen im\u00e1dkozunk sz\u00e1nd\u00e9kaira!<br \/><span style=\"color: #339966;\"><strong>&#8211; szentmise el\u0151tt h\u00e1tul egy kos\u00e1rba dobhatja sz\u00e1nd\u00e9k\u00e1t<br \/><\/strong><strong>&#8211; mise el\u0151tt 10 perccel\u00a0az olt\u00e1rhoz vissz\u00fck<\/strong><\/span><\/p><p style=\"text-align: center;\"><strong>Imasz\u00e1nd\u00e9k\u00e1ra imak\u00f6z\u00f6ss\u00e9g\u00fcnkben im\u00e1dkozunk,<br \/>a szentmis\u00e9ben az olt\u00e1r, az \u00dar el\u0151tt van!<\/strong><\/p><p><img fetchpriority=\"high\" decoding=\"async\" class=\"size-medium wp-image-7503 aligncenter\" src=\"https:\/\/magyar-misszio.ch\/wp-content\/uploads\/imakosar-300x300.png\" alt=\"\" width=\"300\" height=\"300\" srcset=\"https:\/\/magyar-misszio.ch\/wp-content\/uploads\/imakosar-300x300.png 300w, https:\/\/magyar-misszio.ch\/wp-content\/uploads\/imakosar-150x150.png 150w, https:\/\/magyar-misszio.ch\/wp-content\/uploads\/imakosar-768x768.png 768w, https:\/\/magyar-misszio.ch\/wp-content\/uploads\/imakosar-100x100.png 100w, https:\/\/magyar-misszio.ch\/wp-content\/uploads\/imakosar.png 1024w\" sizes=\"(max-width: 300px) 100vw, 300px\" \/><\/p><p>Sz\u00f3r\u00f3lapunkat <a href=\"https:\/\/magyar-misszio.ch\/wp-content\/uploads\/szandek-kosar-szorolap.pdf\"><span style=\"text-decoration: underline;\">let\u00f6ltheti innen&#8230;<\/span><\/a><\/p><div id=\"gtx-trans\" style=\"position: absolute; left: 145px; top: 697.875px;\"><div class=\"gtx-trans-icon\">\u00a0<\/div><\/div>\t\t\t\t\t\t\t\t<\/div>\n\t\t\t\t<\/div>\n\t\t\t\t\t<\/div>\n\t\t<\/div>\n\t\t\t\t\t<\/div>\n\t\t<\/section>\n\t\t\t\t<\/div>\n\t\t","protected":false},"excerpt":{"rendered":"<p>Imasz\u00e1nd\u00e9kait az \u00dar el\u00e9 vissz\u00fck Misszi\u00f3nk els\u0151dleges c\u00e9lja, hogy egy\u00e9nenk\u00e9nt \u00e9s k\u00f6z\u00f6ss\u00e9gben egyre k\u00f6zelebb lehess\u00fcnk az \u00darhoz.Az \u0150 k\u00f6zels\u00e9ge meggy\u00f3gy\u00edt \u00e9s seg\u00edt. Ha egym\u00e1s\u00e9rt im\u00e1dkozunk, m\u00e9g t\u00f6bb kegyelmet kapunk:az, akinek sz\u00fcks\u00e9ge van r\u00e1, \u00e9s az is, aki im\u00e1dkozik.Ez\u00e9rt sz\u00edvesen im\u00e1dkozunk sz\u00e1nd\u00e9kaira!&#8211; szentmise el\u0151tt h\u00e1tul egy kos\u00e1rba dobhatja sz\u00e1nd\u00e9k\u00e1t&#8211; mise el\u0151tt 10 perccel\u00a0az olt\u00e1rhoz vissz\u00fck Imasz\u00e1nd\u00e9k\u00e1ra &hellip; <\/p>\n<p class=\"link-more\"><a href=\"https:\/\/magyar-misszio.ch\/?page_id=7497\" class=\"more-link\"><span class=\"screen-reader-text\">\u201esz\u00e1nd\u00e9k-kos\u00e1r\u201c<\/span> weiterlesen<\/a><\/p>\n","protected":false},"author":2,"featured_media":0,"parent":0,"menu_order":0,"comment_status":"closed","ping_status":"closed","template":"","meta":{"footnotes":""},"class_list":["post-7497","page","type-page","status-publish","hentry"],"_links":{"self":[{"href":"https:\/\/magyar-misszio.ch\/index.php?rest_route=\/wp\/v2\/pages\/7497","targetHints":{"allow":["GET"]}}],"collection":[{"href":"https:\/\/magyar-misszio.ch\/index.php?rest_route=\/wp\/v2\/pages"}],"about":[{"href":"https:\/\/magyar-misszio.ch\/index.php?rest_route=\/wp\/v2\/types\/page"}],"author":[{"embeddable":true,"href":"https:\/\/magyar-misszio.ch\/index.php?rest_route=\/wp\/v2\/users\/2"}],"replies":[{"embeddable":true,"href":"https:\/\/magyar-misszio.ch\/index.php?rest_route=%2Fwp%2Fv2%2Fcomments&post=7497"}],"version-history":[{"count":8,"href":"https:\/\/magyar-misszio.ch\/index.php?rest_route=\/wp\/v2\/pages\/7497\/revisions"}],"predecessor-version":[{"id":7508,"href":"https:\/\/magyar-misszio.ch\/index.php?rest_route=\/wp\/v2\/pages\/7497\/revisions\/7508"}],"wp:attachment":[{"href":"https:\/\/magyar-misszio.ch\/index.php?rest_route=%2Fwp%2Fv2%2Fmedia&parent=7497"}],"curies":[{"name":"wp","href":"https:\/\/api.w.org\/{rel}","templated":true}]}}