{"id":763,"date":"2019-02-08T17:30:45","date_gmt":"2019-02-08T17:30:45","guid":{"rendered":"http:\/\/magyar-misszio.ch\/?page_id=763"},"modified":"2023-10-06T11:41:34","modified_gmt":"2023-10-06T11:41:34","slug":"felnott-katekezis","status":"publish","type":"page","link":"https:\/\/magyar-misszio.ch\/?page_id=763","title":{"rendered":"feln\u0151tt katek\u00e9zis"},"content":{"rendered":"<p style=\"text-align: center;\"><span style=\"font-size: 18pt; color: #ff0000;\"><strong>Ha sz\u00edvesen j\u00f6nn\u00e9l feln\u0151tt hittanra<br \/>\n<\/strong><\/span><span style=\"font-size: 18pt; color: #ff0000;\"><strong>(katolikus katek\u00e9zisre),<br \/>\nakkor v\u00e1runk!<\/strong><\/span><\/p>\n<p style=\"text-align: justify;\"><span style=\"font-size: 14pt;\"><strong><img fetchpriority=\"high\" decoding=\"async\" class=\"alignleft wp-image-769 size-medium\" style=\"filter: invert(0);\" src=\"https:\/\/magyar-misszio.ch\/wp-content\/uploads\/2019\/02\/katekezis1-300x225.jpg\" alt=\"\" width=\"300\" height=\"225\" data-id=\"769\" srcset=\"https:\/\/magyar-misszio.ch\/wp-content\/uploads\/2019\/02\/katekezis1-300x225.jpg 300w, https:\/\/magyar-misszio.ch\/wp-content\/uploads\/2019\/02\/katekezis1-768x576.jpg 768w, https:\/\/magyar-misszio.ch\/wp-content\/uploads\/2019\/02\/katekezis1.jpg 800w\" sizes=\"(max-width: 300px) 100vw, 300px\" \/><\/strong><\/span><\/p>\n<p style=\"text-align: justify;\"><span style=\"font-size: 14pt;\">Mikor?: <span style=\"font-size: 12pt;\">\u00e1ltal\u00e1ban az egyik h\u00e9tk\u00f6znap este 7 \u00f3rakor,<\/span><br \/>\n<\/span><span style=\"font-size: 1rem;\">helysz\u00edn: misszi\u00f3nk nagyterme. <\/span><\/p>\n<p><span style=\"font-size: 14pt;\"><strong>Els\u0151 alkalmunkr\u00f3l <a href=\"https:\/\/magyar-misszio.ch\/?page_id=1086\" target=\"_blank\" rel=\"noopener noreferrer\">kattints ide<\/a> a k\u00e9pvet\u00edt\u00e9shez:&#8230;<\/strong><\/span><\/p>\n<p><span style=\"font-size: 14pt;\"><strong>Inform\u00e1ci\u00f3k:<\/strong><\/span><\/p>\n<p><span style=\"font-size: 14pt; color: #0000ff;\"><strong>Keresed a hit \u00f6r\u00f6m\u00e9t?<br \/>\nBiztosan j\u00f3l ismered a katolikus hitet?<br \/>\n+ Feln\u0151ttk\u00e9nt is lehetsz els\u0151\u00e1ldoz\u00f3, b\u00e9rm\u00e1lkoz\u00f3<\/strong><\/span><\/p>\n<p style=\"text-align: justify;\">H\u00edvom a feln\u0151tt testv\u00e9reket, fiatalokat \u00e9s id\u0151seket is, hogy havonta legal\u00e1bb egyszer foglalkozzunk kereszt\u00e9ny hit\u00fcnk legfontosabb t\u00e9m\u00e1ival, tal\u00e1lkozzunk feln\u0151tt hittanon, besz\u00e9lget\u00e9seken. Aki nem \u00e9rzi a hit boldogs\u00e1g\u00e1t, vagy egyh\u00e1za szeretet\u00e9t, az ismerje meg jobban! Ehhez h\u00edvom azokat is, akik sz\u00edvesen lenn\u00e9nek feln\u0151ttk\u00e9nt els\u0151\u00e1ldoz\u00f3k, b\u00e9rm\u00e1lkoz\u00f3k (ak\u00e1r kereszts\u00e9gr\u0151l is lehet sz\u00f3), \u00e9s sok tal\u00e1lkoz\u00e1s \u00e1ltal egy\u00fctt tudunk erre is k\u00e9sz\u00fclni.\u00a0\u00a0 V\u00e1rom a jelentkez\u00e9seket, \u00e9s majd egy\u00fctt tal\u00e1lunk r\u00e1 id\u0151pontot.<\/p>\n<p><u>48. <\/u>h\u00edrlev\u00e9lb\u0151l:<\/p>\n<p style=\"text-align: justify;\">Hit\u00fcnk legfontosabb t\u00e9m\u00e1i mellett <strong>izgalmas k\u00e9rd\u00e9sekkel is<\/strong> foglalkozni fogunk a feln\u0151tt hittanok alkalmain, pl.:<br \/>\n<em>&#8211; \u00c1ldozhat-e az, aki nem katolikus? Mikor nem \u00e9s mikor igen? J\u00f3-e, ha egy katolikus r\u00e9szes\u00fcl a reform\u00e1tus \u00farvacsor\u00e1ban? Mi a k\u00fcl\u00f6nbs\u00e9g a vall\u00e1sok k\u00f6z\u00f6tt \u00e9s melyek a saj\u00e1t er\u0151ss\u00e9geink?<br \/>\n&#8211; melyek a m\u00e9lyebb okai annak, hogy sok megkeresztelt m\u00e1r nem j\u00f6n szentmis\u00e9kre eur\u00f3paszerte<br \/>\n&#8211; mikor kezd el egy egyh\u00e1zi k\u00f6z\u00f6ss\u00e9g haldokolni vagy veget\u00e1lni?<br \/>\n&#8211; hogyan gondolkodjunk a p\u00e1pa n\u00e9h\u00e1ny legut\u00f3bbi kijelent\u00e9s\u00e9r\u0151l: abortusz mint gyilkoss\u00e1gi megb\u00edz\u00e1s (Auftragsmord), vagy \u00e9ppen a homoszexualit\u00e1s b\u0171n\u00e9r\u0151l a kijelent\u00e9sei<br \/>\n&#8211; Milyen folyamat zajlik most az egyh\u00e1zban az elv\u00e1ltak \u00e9s \u00fajrah\u00e1zasodottak \u00fcgy\u00e9ben? \u201eAmoris leatitia\u201d vil\u00e1gh\u00edr\u0171v\u00e9 v\u00e1lt p\u00e1pai irat. \u00c1ldozhatnak-e az \u00fajrah\u00e1zasultak? Van-e engedm\u00e9ny?<\/em><\/p>\n<p style=\"text-align: justify;\">A m\u00falt h\u00e9ten is mondtam, hogy <strong>t\u00f6bb oka van<\/strong>, hogy el kell kezden\u00fcnk a feln\u0151tt hittanokat.\u00a0 \u2013 hogy hit\u00fcnk \u00f6r\u00f6mteliv\u00e9 v\u00e1ljon, mert a vas\u00e1rnapi mise ehhez kev\u00e9s, &#8211; v\u00e1runk feln\u0151tteket, akik els\u0151\u00e1ldoz\u00f3k vagy b\u00e9rm\u00e1lkoz\u00f3k lehetn\u00e9nek\u00a0 (ehhez fontos tudni: a vil\u00e1g katolikus egyh\u00e1zk\u00f6zs\u00e9geinek misszi\u00f3s fokm\u00e9r\u0151je: h\u00e1ny feln\u0151tt keresztelkedik \u00e9s\/vagy\u00a0 els\u0151\u00e1ldozik \u00e9s b\u00e9rm\u00e1lkozik. Alapvet\u0151en a h\u00edvek tudj\u00e1k megsz\u00f3l\u00edtani erre a k\u00f6rnyezet\u00fckben l\u00e9v\u0151 feln\u0151tteket.)<\/p>\n<p style=\"text-align: justify;\">49. h\u00edrlev\u00e9lb\u0151l:<\/p>\n<p><span style=\"font-size: 14pt; color: #0000ff;\"><strong>Feln\u0151tteket v\u00e1runk hittanos tal\u00e1lkoz\u00e1sokra -3.<br \/>\n<\/strong><strong><em>avagy: Keresed a hit \u00f6r\u00f6m\u00e9t? Biztosan j\u00f3l ismered a katolikus hitet? <\/em><\/strong><\/span><\/p>\n<p style=\"text-align: justify;\">H\u00edvjuk a feln\u0151tt fiatalokat \u00e9s id\u0151seket is, hogy havonta legal\u00e1bb egyszer foglalkozzunk kereszt\u00e9ny hit\u00fcnk legfontosabb t\u00e9m\u00e1ival, tal\u00e1lkozzunk feln\u0151tt hittanon, besz\u00e9lget\u00e9seken. Aki nem \u00e9rzi a hit boldogs\u00e1g\u00e1t, vagy egyh\u00e1za\u00a0szeretet\u00e9t, azt h\u00edvjuk, hogy ismerje meg jobban!<\/p>\n<p><span style=\"font-size: 14pt; color: #0000ff;\"><strong><em>Feln\u0151ttk\u00e9nt is lehetsz els\u0151\u00e1ldoz\u00f3, b\u00e9rm\u00e1lkoz\u00f3<br \/>\nvagy megkeresztelkedhesz<\/em><\/strong><\/span><\/p>\n<p style=\"text-align: justify;\"><strong><img decoding=\"async\" class=\"alignleft wp-image-770 size-medium\" style=\"filter: invert(0);\" src=\"https:\/\/magyar-misszio.ch\/wp-content\/uploads\/2019\/02\/katekezis2.jpg-300x194.jpg\" alt=\"\" width=\"300\" height=\"194\" data-id=\"770\" srcset=\"https:\/\/magyar-misszio.ch\/wp-content\/uploads\/2019\/02\/katekezis2.jpg-300x194.jpg 300w, https:\/\/magyar-misszio.ch\/wp-content\/uploads\/2019\/02\/katekezis2.jpg.jpg 572w\" sizes=\"(max-width: 300px) 100vw, 300px\" \/>V\u00e1rjuk <\/strong>azokat is, akik sz\u00edvesen lenn\u00e9nek feln\u0151ttk\u00e9nt els\u0151\u00e1ldoz\u00f3k, b\u00e9rm\u00e1lkoz\u00f3k (ak\u00e1r kereszts\u00e9gr\u0151l is lehet sz\u00f3), \u00e9s sok tal\u00e1lkoz\u00e1s \u00e1ltal egy\u00fctt tudunk erre is k\u00e9sz\u00fclni. A katolikus egyh\u00e1z visszavezette az els\u0151 sz\u00e1zadok k\u00e9sz\u00fcl\u00e9si m\u00f3dszereit, az \u00fan. katekumen\u00e1tusi k\u00e9sz\u00fcletet:<br \/>\n&#8211; feln\u0151tt hittanos el\u0151ad\u00e1sok \u00e9s besz\u00e9lget\u00e9sek<br \/>\n&#8211; k\u00f6z\u00f6ss\u00e9gben k\u00e9sz\u00fcl\u00e9s!, seg\u00edt\u0151k megk\u00e9r\u00e9se, befogad\u00f3 csoport, a h\u00edvek rendszeres im\u00e1j\u00e1val\u2026<br \/>\nEgyh\u00e1zunk ehhez magyarra leford\u00edtott seg\u00edts\u00e9get is ad:<br \/>\n&#8211; Katekumen\u00e1tusi k\u00e9zik\u00f6nyv<br \/>\n&#8211; Feln\u0151ttek beavat\u00e1sa a kereszt\u00e9ny \u00e9letbe (besz\u00e9des c\u00edm!)<\/p>\n<p style=\"text-align: justify;\"><strong><em><span style=\"color: #0000ff;\">Sz\u00f3l\u00edts meg m\u00e1sokat is!<\/span><br \/>\n<\/em><\/strong>Ahhoz hogy egy feln\u0151tt katolikus szents\u00e9geket k\u00e9rjen, a legt\u00f6bbsz\u00f6r sz\u00fcks\u00e9g\u00fck van m\u00e1sok b\u00e1tor\u00edt\u00e1s\u00e1ra. T\u0151led is f\u00fcgg, hogy misszi\u00f3nk tud-e \u201cmisszi\u00f3n\u00e1lni\u201d, hit\u00fcnket terjeszteni! Aj\u00e1nld a k\u00f6rnyezetedben olyanoknak, akikn\u00e9l nyitotts\u00e1got l\u00e1tsz! Vagy elh\u00edvhatod, hogy veled egy\u00fctt j\u00f6jj\u00f6n\u2026 Tudtad, hogy a vil\u00e1g katolikus egyh\u00e1zk\u00f6zs\u00e9geinek misszi\u00f3s fokm\u00e9r\u0151je: h\u00e1ny feln\u0151tt keresztelkedik \u00e9s\/vagy\u00a0 els\u0151\u00e1ldozik \u00e9s b\u00e9rm\u00e1lkozik?<\/p>\n<p>Egy\u00fcttleteinket havi egy vagy k\u00e9t alkalomra (est\u00e9re) tervezz\u00fck, \u00e9s a jelentkez\u0151kkel egy\u00fctt alak\u00edtjuk ki az id\u0151pontj\u00e1t. V\u00e1rom a jelentkez\u00e9seket, \u00e9s majd egy\u00fctt tal\u00e1lunk r\u00e1 id\u0151pontot.<\/p>\n<p>50. h\u00edrlev\u00e9lb\u0151l<\/p>\n<p><span style=\"color: #0000ff; font-size: 14pt;\"><strong>Evezz a m\u00e9lyre! &#8211; Duc in altum &#8211;\u00a0<\/strong><strong><em>vas\u00e1rnapi \u00fczenet<\/em><\/strong><\/span><\/p>\n<p style=\"text-align: justify;\"><img decoding=\"async\" class=\"size-medium wp-image-771 alignleft\" style=\"filter: invert(0);\" src=\"https:\/\/magyar-misszio.ch\/wp-content\/uploads\/2019\/02\/katekezis3.jpg-300x199.jpg\" alt=\"\" width=\"300\" height=\"199\" data-id=\"771\" srcset=\"https:\/\/magyar-misszio.ch\/wp-content\/uploads\/2019\/02\/katekezis3.jpg-300x199.jpg 300w, https:\/\/magyar-misszio.ch\/wp-content\/uploads\/2019\/02\/katekezis3.jpg-768x510.jpg 768w, https:\/\/magyar-misszio.ch\/wp-content\/uploads\/2019\/02\/katekezis3.jpg.jpg 844w\" sizes=\"(max-width: 300px) 100vw, 300px\" \/>Amikor \u00e1tl\u00e9pt\u00fcnk az \u00faj \u00e9vezredbe, Szent II. J\u00e1nos P\u00e1l p\u00e1p\u00e1nk egy csod\u00e1latos iratot aj\u00e1nd\u00e9kozott nek\u00fcnk: <em>\u201eAz \u00faj \u00e9vezred kezdet\u00e9n\u201d<\/em> c\u00edmmel. Ezt azzal a gondolattal kezdte, amit \u00e9ppen a mai evang\u00e9liumban hallottunk, ahogy J\u00e9zus mondja a leend\u0151 apostolainak (P\u00e9ternek, J\u00e1nosnak \u00e9s Jakabnak): <em>\u201eEvezzetek a m\u00e9lyre!\u201d<\/em> Arr\u00f3l elm\u00e9lkedhet\u00fcnk ebben az \u00edr\u00e1sban, hogy <em>\u201eegy \u00faj \u00e9vezred \u00e1ll az egyh\u00e1z el\u0151tt, mint egy nagy \u00f3ce\u00e1n, amelyre kievez\u00fcnk\u2026\u201d<\/em> Az a feladatunk, hogy egyre jobban elm\u00e9ly\u00fclj\u00fcnk hit\u00fcnkben \u00e9s kutassuk J\u00e9zus arc\u00e1nak titk\u00e1t. <em>\u201eEme titok f\u00fcrk\u00e9sz\u00e9se nem \u00e9r v\u00e9g\u00e9t, mert kimer\u00edthetetlen m\u00e9lys\u00e9ge van.\u201d\u00a0\u00a0\u00a0\u00a0\u00a0\u00a0 <\/em><br \/>\n<em>\u201eAz Egyh\u00e1zat a <\/em><em>k\u00f6z\u00f6ss\u00e9gek iskol\u00e1j\u00e1nak <\/em><em>h\u00e1z\u00e1v\u00e1 kell tenn\u00fcnk.., ha val\u00f3ban meg akarunk felelni Isten terv\u00e9nek.\u201d<\/em> \u2013 vall meggy\u0151z\u0151d\u00e9s\u00e9r\u0151l a p\u00e1pa.<\/p>\n<p style=\"text-align: justify;\"><span style=\"color: #ff0000;\"><strong><em>\u00c9s Te?<\/em><\/strong><\/span> Megel\u00e9gedsz csup\u00e1n az im\u00e1ds\u00e1ggal vagy a szentmis\u00e9vel? H\u00edv\u00fcnk k\u00f6z\u00f6ss\u00e9gi csoportjainkba, amit mi eddig tenni tudunk: \u00e9nekkarok, munkacsoportok, feln\u0151tthittan\u2026<\/p>\n<p><strong>B\u00e1rmilyen m\u00f3don \u00f6r\u00fcl\u00fcnk a jelentkez\u00e9snek<\/strong>, seg\u00edts\u00e9g\u00fcl l\u00e1sd a <a href=\"http:\/\/magyar-misszio.ch\/?page_id=50\">kapcsolat men\u00fcpont<\/a>n\u00e1l (II. pont)\u2026<\/p>\n","protected":false},"excerpt":{"rendered":"<p>Ha sz\u00edvesen j\u00f6nn\u00e9l feln\u0151tt hittanra (katolikus katek\u00e9zisre), akkor v\u00e1runk! Mikor?: \u00e1ltal\u00e1ban az egyik h\u00e9tk\u00f6znap este 7 \u00f3rakor, helysz\u00edn: misszi\u00f3nk nagyterme. Els\u0151 alkalmunkr\u00f3l kattints ide a k\u00e9pvet\u00edt\u00e9shez:&#8230; Inform\u00e1ci\u00f3k: Keresed a hit \u00f6r\u00f6m\u00e9t? Biztosan j\u00f3l ismered a katolikus hitet? + Feln\u0151ttk\u00e9nt is lehetsz els\u0151\u00e1ldoz\u00f3, b\u00e9rm\u00e1lkoz\u00f3 H\u00edvom a feln\u0151tt testv\u00e9reket, fiatalokat \u00e9s id\u0151seket is, hogy havonta legal\u00e1bb egyszer &hellip; <\/p>\n<p class=\"link-more\"><a href=\"https:\/\/magyar-misszio.ch\/?page_id=763\" class=\"more-link\"><span class=\"screen-reader-text\">\u201efeln\u0151tt katek\u00e9zis\u201c<\/span> weiterlesen<\/a><\/p>\n","protected":false},"author":2,"featured_media":0,"parent":0,"menu_order":0,"comment_status":"closed","ping_status":"closed","template":"","meta":{"footnotes":""},"class_list":["post-763","page","type-page","status-publish","hentry"],"_links":{"self":[{"href":"https:\/\/magyar-misszio.ch\/index.php?rest_route=\/wp\/v2\/pages\/763","targetHints":{"allow":["GET"]}}],"collection":[{"href":"https:\/\/magyar-misszio.ch\/index.php?rest_route=\/wp\/v2\/pages"}],"about":[{"href":"https:\/\/magyar-misszio.ch\/index.php?rest_route=\/wp\/v2\/types\/page"}],"author":[{"embeddable":true,"href":"https:\/\/magyar-misszio.ch\/index.php?rest_route=\/wp\/v2\/users\/2"}],"replies":[{"embeddable":true,"href":"https:\/\/magyar-misszio.ch\/index.php?rest_route=%2Fwp%2Fv2%2Fcomments&post=763"}],"version-history":[{"count":16,"href":"https:\/\/magyar-misszio.ch\/index.php?rest_route=\/wp\/v2\/pages\/763\/revisions"}],"predecessor-version":[{"id":5811,"href":"https:\/\/magyar-misszio.ch\/index.php?rest_route=\/wp\/v2\/pages\/763\/revisions\/5811"}],"wp:attachment":[{"href":"https:\/\/magyar-misszio.ch\/index.php?rest_route=%2Fwp%2Fv2%2Fmedia&parent=763"}],"curies":[{"name":"wp","href":"https:\/\/api.w.org\/{rel}","templated":true}]}}