{"id":783,"date":"2019-02-10T19:21:42","date_gmt":"2019-02-10T19:21:42","guid":{"rendered":"http:\/\/magyar-misszio.ch\/?page_id=783"},"modified":"2025-06-12T11:24:27","modified_gmt":"2025-06-12T11:24:27","slug":"karitasz","status":"publish","type":"page","link":"https:\/\/magyar-misszio.ch\/?page_id=783","title":{"rendered":"karitasz"},"content":{"rendered":"\t\t<div data-elementor-type=\"wp-page\" data-elementor-id=\"783\" class=\"elementor elementor-783\" data-elementor-post-type=\"page\">\n\t\t\t\t\t\t<section class=\"elementor-section elementor-top-section elementor-element elementor-element-134c7c6e elementor-section-boxed elementor-section-height-default elementor-section-height-default\" data-id=\"134c7c6e\" data-element_type=\"section\">\n\t\t\t\t\t\t<div class=\"elementor-container elementor-column-gap-default\">\n\t\t\t\t\t<div class=\"elementor-column elementor-col-100 elementor-top-column elementor-element elementor-element-5d1ca1fe\" data-id=\"5d1ca1fe\" data-element_type=\"column\">\n\t\t\t<div class=\"elementor-widget-wrap elementor-element-populated\">\n\t\t\t\t\t\t<div class=\"elementor-element elementor-element-5819a2e2 elementor-widget elementor-widget-text-editor\" data-id=\"5819a2e2\" data-element_type=\"widget\" data-widget_type=\"text-editor.default\">\n\t\t\t\t<div class=\"elementor-widget-container\">\n\t\t\t\t\t\t\t\t\t<table class=\" aligncenter\" style=\"height: 100%; width: 99.622%;\" align=\"center\"><tbody><tr style=\"height: 38px;\"><td class=\"auto-style1\" style=\"width: 99.622%; height: 38px; text-align: center;\" colspan=\"2\"><p><span style=\"color: #ff0000;\"><strong><em><span style=\"font-size: 18pt;\">Karit\u00e1sz-csoportunk<\/span><\/em><\/strong><\/span><\/p><p style=\"text-align: justify;\"><strong><span style=\"color: #339966;\">Karit\u00e1sz-csoportunk r\u00e9sze a Magyar Misszi\u00f3nak, annak &#8222;keze&#8220;.\u00a0Hissz\u00fck, hogy a j\u00f3cselekedetekre ugyanannyira (n\u00e9ha m\u00e9g jobban is) sz\u00fcks\u00e9ge van az aj\u00e1nd\u00e9koz\u00f3nak, mint a megaj\u00e1nd\u00e9kozottaknak.\u00a0 Ez\u00e9rt h\u00edvunk: seg\u00edts\u00fcnk egy\u00fctt, seg\u00edts, hogy Te is m\u00e9g jobb ember lehess!<\/span><\/strong><\/p><p style=\"text-align: justify; padding-left: 80px;\"><em><span style=\"font-size: 12pt;\">2018-ban egy kis munkacsoportot alak\u00edtottunk: a misszi\u00f3 karit\u00e1sz-csoportj\u00e1t. Ezzel szerett\u00fck volna jelezni, hogy amit a magyar katolikus egyh\u00e1z hangs\u00falyoz, azt mi is szeretn\u00e9nk megval\u00f3s\u00edtani: az egyh\u00e1zk\u00f6zs\u00e9gek h\u00edvei fogjanak \u00f6ssze k\u00fcl\u00f6nb\u00f6z\u0151 seg\u00edts\u00e9gny\u00fajt\u00e1sokban.\u00a0 Ez a modell sok orsz\u00e1gban j\u00f3l m\u0171k\u00f6dik: ezer \u00e9s ezer kicsi kis csoport az egyh\u00e1zi k\u00f6z\u00f6ss\u00e9gekben; \u00e9s erre \u00e9p\u00fcl az egyh\u00e1zmegyei \u00e9s orsz\u00e1gos vezet\u00e9s. Sv\u00e1jcban mintha csak region\u00e1lis ir\u00e1ny\u00edt\u00e1s lenne\u2026 M\u00e1sk\u00e9nt gondoljunk teh\u00e1t a misszi\u00f3 karit\u00e1sz-csoportj\u00e1ra, mint a sv\u00e1jci karit\u00e1szra! Amit tenni pr\u00f3b\u00e1lunk (ah\u00e1nyan vagyunk): k\u00f6sz\u00f6ntj\u00fck az id\u0151s sz\u00fclet\u00e9snaposokat, betegl\u00e1togat\u00e1sok, programjainkon szolg\u00e1latok, csoporttal\u00e1lkoz\u00e1saink alkalm\u00e1val egym\u00e1st er\u0151s\u00edtj\u00fck. \u00c9s meghirdet\u00fcnk p\u00e9nz\u00fcgyi \u00f6sszefog\u00e1sokat is.<br \/><\/span><\/em><\/p><p style=\"padding-left: 80px; text-align: justify;\"><em>A t\u00f6bbi mint 160 orsz\u00e1gban m\u0171k\u00f6d\u0151 nemzeti karit\u00e1sz szervezetet a r\u00f3mai k\u00f6zpont fogja \u00f6ssze. A karit\u00e1sz a katolikus egyh\u00e1z seg\u00e9lyszervezete teh\u00e1t (caritas.org). Ferenc p\u00e1pa szavaival: az egyh\u00e1z l\u00e9nyegi r\u00e9sze a karit\u00e1sz, az egyh\u00e1z a karitat\u00edv cselekedetek n\u00e9lk\u00fcl nem is egyh\u00e1z.<\/em><\/p><\/td><\/tr><tr><td style=\"text-align: center; width: 40%;\"><h2 class=\"elementor-heading-title elementor-size-default\"><span style=\"color: #3366ff;\"><img fetchpriority=\"high\" decoding=\"async\" class=\"size-medium wp-image-7360 aligncenter\" src=\"https:\/\/magyar-misszio.ch\/wp-content\/uploads\/arviz-parajdi_sobanya-300x200.jpg\" alt=\"\" width=\"300\" height=\"200\" data-id=\"7360\" srcset=\"https:\/\/magyar-misszio.ch\/wp-content\/uploads\/arviz-parajdi_sobanya-300x200.jpg 300w, https:\/\/magyar-misszio.ch\/wp-content\/uploads\/arviz-parajdi_sobanya-768x511.jpg 768w, https:\/\/magyar-misszio.ch\/wp-content\/uploads\/arviz-parajdi_sobanya.jpg 1000w\" sizes=\"(max-width: 300px) 100vw, 300px\" \/><\/span><\/h2><\/td><td style=\"width: 59.622%;\">2025. j\u00falius:\u00a0 \u00d6sszefog\u00e1s az <strong><span style=\"color: #0000ff;\">a parajdi s\u00f3b\u00e1ny\u00e1n\u00e1l az \u00e1rv\u00edzzel s\u00fajtott csal\u00e1dok\u00e9rt<\/span><\/strong>:<br \/>&#8211; gy\u0171jt\u00e9s meghirdet\u00e9se <a href=\"https:\/\/magyar-misszio.ch\/wp-content\/uploads\/gyujtesi_plakat2025arviz_Parajd.pdf\" target=\"_blank\" rel=\"noopener\"><span style=\"text-decoration: underline;\">kattints ide<\/span><\/a><br \/><br \/><\/td><\/tr><tr><td style=\"text-align: center; width: 40%;\"><h2 class=\"elementor-heading-title elementor-size-default\"><span style=\"color: #3366ff;\"><img decoding=\"async\" class=\"aligncenter wp-image-6899 size-thumbnail\" src=\"https:\/\/magyar-misszio.ch\/wp-content\/uploads\/haboru-aldozatainak.jpg-150x150.jpg\" alt=\"\" width=\"150\" height=\"150\" data-id=\"6899\" srcset=\"https:\/\/magyar-misszio.ch\/wp-content\/uploads\/haboru-aldozatainak.jpg-150x150.jpg 150w, https:\/\/magyar-misszio.ch\/wp-content\/uploads\/haboru-aldozatainak.jpg-100x100.jpg 100w\" sizes=\"(max-width: 150px) 100vw, 150px\" \/><\/span><\/h2><\/td><td style=\"width: 59.622%;\">2024. november:\u00a0 \u00d6sszefog\u00e1s az <strong><span style=\"color: #0000ff;\">ukrajnai h\u00e1bor\u00fa \u00e1ldozatai szenved\u00e9seik enyh\u00edt\u00e9s\u00e9re<\/span><\/strong>, szeg\u00e9ny csal\u00e1doknak:<br \/>&#8211; gy\u0171jt\u00e9s meghirdet\u00e9se <a href=\"https:\/\/magyar-misszio.ch\/wp-content\/uploads\/gyujtesi_plakat2024.pdf\" target=\"_blank\" rel=\"noopener\">kattints ide<\/a><br \/>&#8211; k\u00f6sz\u00f6n\u0151 lev\u00e9l a ferencesek alap\u00edtv\u00e1ny\u00e1t\u00f3l &#8211; <a href=\"https:\/\/magyar-misszio.ch\/wp-content\/uploads\/20241219-igazolas-von-Alapitvany.pdf\">ide kattints<\/a><br \/>&#8211; besz\u00e1mol\u00f3nk a 2024\/11. h\u00edrlev\u00e9lben &#8211; <a href=\"https:\/\/magyar-misszio.ch\/wp-content\/uploads\/2024-11.-dec.8.pdf\">ide kattints&#8230;<\/a><\/td><\/tr><tr><td style=\"text-align: center; width: 40%;\"><h2 class=\"elementor-heading-title elementor-size-default\"><span style=\"color: #3366ff;\"><img decoding=\"async\" class=\"aligncenter wp-image-7054 size-thumbnail\" src=\"https:\/\/magyar-misszio.ch\/wp-content\/uploads\/2024spanyolarviz.jpg-150x150.jpg\" alt=\"\" width=\"150\" height=\"150\" data-id=\"7054\" srcset=\"https:\/\/magyar-misszio.ch\/wp-content\/uploads\/2024spanyolarviz.jpg-150x150.jpg 150w, https:\/\/magyar-misszio.ch\/wp-content\/uploads\/2024spanyolarviz.jpg-100x100.jpg 100w\" sizes=\"(max-width: 150px) 100vw, 150px\" \/><\/span><\/h2><\/td><td style=\"width: 59.622%;\">2024. november:\u00a0<span style=\"color: #0000ff;\"><strong> spanyol \u00e1rv\u00edzkatasztr\u00f3fa elszenved\u0151inek<\/strong><\/span><br \/>&#8211; k\u00f6sz\u00f6n\u0151 lev\u00e9l a spanyol p\u00fcsp\u00f6kt\u0151l misszi\u00f3nknak magyarul is &#8211; <a href=\"https:\/\/magyar-misszio.ch\/wp-content\/uploads\/koszonet_ersektol.pdf\">ide kattints<\/a><br \/>&#8211; besz\u00e1mol\u00f3nk a 2024\/11. h\u00edrlev\u00e9lben &#8211; <a href=\"https:\/\/magyar-misszio.ch\/wp-content\/uploads\/2024-11.-dec.8.pdf\">ide kattints&#8230;<\/a><\/td><\/tr><tr><td style=\"text-align: center; width: 40%;\"><h2 class=\"elementor-heading-title elementor-size-default\"><span style=\"color: #3366ff;\"><img loading=\"lazy\" decoding=\"async\" class=\"aligncenter wp-image-5822 size-thumbnail\" src=\"https:\/\/magyar-misszio.ch\/wp-content\/uploads\/noel_1697106710473-150x150.jpeg\" alt=\"\" width=\"150\" height=\"150\" data-id=\"5822\" srcset=\"https:\/\/magyar-misszio.ch\/wp-content\/uploads\/noel_1697106710473-150x150.jpeg 150w, https:\/\/magyar-misszio.ch\/wp-content\/uploads\/noel_1697106710473-100x100.jpeg 100w\" sizes=\"(max-width: 150px) 100vw, 150px\" \/><\/span><\/h2><\/td><td style=\"width: 59.622%;\">2023. november:\u00a0 Seg\u00edts\u00fcnk <span style=\"color: #0000ff;\"><strong>Noelnek, egy beteg kisfi\u00fa gy\u00f3gy\u00edt\u00e1s\u00e1hoz<\/strong><\/span> (<a href=\"https:\/\/magyar-misszio.ch\/?page_id=5818\" target=\"_blank\" rel=\"noopener\">kattints ide<\/a>)<\/td><\/tr><tr><td style=\"text-align: center; width: 40%;\"><h2 class=\"elementor-heading-title elementor-size-default\"><span style=\"color: #3366ff;\"><img loading=\"lazy\" decoding=\"async\" class=\"aligncenter wp-image-4760 size-thumbnail\" src=\"https:\/\/magyar-misszio.ch\/wp-content\/uploads\/2023\/02\/torok-szir-foldrenges-mentes-150x150.jpg\" alt=\"\" width=\"150\" height=\"150\" data-id=\"4760\" srcset=\"https:\/\/magyar-misszio.ch\/wp-content\/uploads\/2023\/02\/torok-szir-foldrenges-mentes-150x150.jpg 150w, https:\/\/magyar-misszio.ch\/wp-content\/uploads\/2023\/02\/torok-szir-foldrenges-mentes-100x100.jpg 100w, https:\/\/magyar-misszio.ch\/wp-content\/uploads\/2023\/02\/torok-szir-foldrenges-mentes-440x440.jpg 440w\" sizes=\"(max-width: 150px) 100vw, 150px\" \/><\/span><\/h2><\/td><td style=\"width: 59.622%;\">2023. nagyb\u00f6jt:\u00a0 Seg\u00edts\u00fck <span style=\"color: #0000ff;\"><strong>a t\u00f6r\u00f6k-sz\u00edr f\u00f6ldreng\u00e9s \u00e1ldozatait!\u00a0<\/strong><\/span> (<a href=\"https:\/\/magyar-misszio.ch\/?page_id=4759\" target=\"_blank\" rel=\"noopener\">kattints ide<\/a>)<\/td><\/tr><tr><td style=\"text-align: center; width: 40%;\"><h2 class=\"elementor-heading-title elementor-size-default\"><span style=\"color: #3366ff;\"><img loading=\"lazy\" decoding=\"async\" class=\"aligncenter wp-image-4477 size-thumbnail\" src=\"https:\/\/magyar-misszio.ch\/wp-content\/uploads\/2022\/11\/tekenye1-150x150.png\" alt=\"\" width=\"150\" height=\"150\" data-id=\"4477\" srcset=\"https:\/\/magyar-misszio.ch\/wp-content\/uploads\/2022\/11\/tekenye1-150x150.png 150w, https:\/\/magyar-misszio.ch\/wp-content\/uploads\/2022\/11\/tekenye1-100x100.png 100w\" sizes=\"(max-width: 150px) 100vw, 150px\" \/><\/span><\/h2><\/td><td style=\"width: 59.622%;\">2022. karit\u00e1sz-h\u00f3nap, november: a tekenyei kistelep\u00fcl\u00e9s templom\u00e1\u00e9rt\u00a0 (<a href=\"https:\/\/magyar-misszio.ch\/?page_id=4460\" target=\"_blank\" rel=\"noopener\">kattints ide<\/a>)<\/td><\/tr><tr><td style=\"text-align: center; width: 40%;\"><h2 class=\"elementor-heading-title elementor-size-default\"><span style=\"color: #3366ff;\"><img loading=\"lazy\" decoding=\"async\" class=\"aligncenter wp-image-3757 size-thumbnail\" src=\"https:\/\/magyar-misszio.ch\/wp-content\/uploads\/2022\/03\/caritas_hungarica_ukrajnaert-150x150.png\" alt=\"\" width=\"150\" height=\"150\" data-id=\"3757\" srcset=\"https:\/\/magyar-misszio.ch\/wp-content\/uploads\/2022\/03\/caritas_hungarica_ukrajnaert-150x150.png 150w, https:\/\/magyar-misszio.ch\/wp-content\/uploads\/2022\/03\/caritas_hungarica_ukrajnaert-100x100.png 100w\" sizes=\"(max-width: 150px) 100vw, 150px\" \/><\/span><\/h2><\/td><td style=\"width: 59.622%;\">2022. nagyb\u00f6jt: az ukrajnai h\u00e1bor\u00fa menek\u00fcltjeinek (<a href=\"https:\/\/magyar-misszio.ch\/?page_id=3756\" target=\"_blank\" rel=\"noopener\">kattints ide<\/a>)<\/td><\/tr><tr><td style=\"text-align: center; width: 40%;\"><h2 class=\"elementor-heading-title elementor-size-default\"><span style=\"color: #3366ff;\">Kov\u00e1sznai <\/span><br \/><span style=\"color: #3366ff;\">k\u00f6z\u00f6ss\u00e9gi h\u00e1zra<\/span><\/h2><\/td><td style=\"width: 59.622%;\">2021. tele: T\u00e1mogat\u00e1si k\u00e9relem az erd\u00e9lyi kov\u00e1sznai k\u00f6z\u00f6ss\u00e9gi h\u00e1zhoz (<a href=\"https:\/\/magyar-misszio.ch\/?page_id=3551\" target=\"_blank\" rel=\"noopener\">kattints ide<\/a>)<\/td><\/tr><tr><td style=\"text-align: center; width: 40%;\"><img loading=\"lazy\" decoding=\"async\" class=\"aligncenter wp-image-3259 size-full\" src=\"https:\/\/magyar-misszio.ch\/wp-content\/uploads\/2021\/07\/Bild1.png\" alt=\"\" width=\"122\" height=\"112\" data-id=\"3259\" \/><\/td><td style=\"width: 59.622%;\">2021. nyara: erd\u00e9lyi aty\u00e1k t\u00e1mogat\u00e1sa a budapesti Eucharisztikus Kongresszuson val\u00f3 r\u00e9szv\u00e9thez (<a href=\"https:\/\/magyar-misszio.ch\/?page_id=3260\" target=\"_blank\" rel=\"noopener\">kattints ide<\/a>)<\/td><\/tr><tr><td style=\"text-align: center; width: 40%;\"><img loading=\"lazy\" decoding=\"async\" class=\"aligncenter wp-image-2762 size-thumbnail\" src=\"https:\/\/magyar-misszio.ch\/wp-content\/uploads\/2021\/02\/remenysugar2-150x150.jpg\" alt=\"\" width=\"150\" height=\"150\" data-id=\"2762\" srcset=\"https:\/\/magyar-misszio.ch\/wp-content\/uploads\/2021\/02\/remenysugar2-150x150.jpg 150w, https:\/\/magyar-misszio.ch\/wp-content\/uploads\/2021\/02\/remenysugar2-100x100.jpg 100w\" sizes=\"(max-width: 150px) 100vw, 150px\" \/><\/td><td style=\"width: 59.622%;\">2021. nagyb\u00f6jt: egy s\u00falyosan beteg gyermekeket gondoz\u00f3 magyar otthon t\u00e1mogat\u00e1sa<a href=\"https:\/\/magyar-misszio.ch\/?page_id=2760\" target=\"_blank\" rel=\"noopener\"> (Rem\u00e9nysug\u00e1r)<\/a><\/td><\/tr><tr><td style=\"text-align: center; width: 40%;\"><a href=\"https:\/\/magyar-misszio.ch\/?page_id=1571\" target=\"_blank\" rel=\"noopener noreferrer\"><img loading=\"lazy\" decoding=\"async\" class=\"alignnone size-medium wp-image-1578\" src=\"https:\/\/magyar-misszio.ch\/wp-content\/uploads\/2020\/04\/tunderv.jpg-300x135.jpg\" alt=\"\" width=\"300\" height=\"135\" data-id=\"1578\" srcset=\"https:\/\/magyar-misszio.ch\/wp-content\/uploads\/2020\/04\/tunderv.jpg-300x135.jpg 300w, https:\/\/magyar-misszio.ch\/wp-content\/uploads\/2020\/04\/tunderv.jpg-768x346.jpg 768w, https:\/\/magyar-misszio.ch\/wp-content\/uploads\/2020\/04\/tunderv.jpg.jpg 812w\" sizes=\"(max-width: 300px) 100vw, 300px\" \/><\/a><\/td><td style=\"width: 59.622%;\"><a href=\"https:\/\/magyar-misszio.ch\/?page_id=1571\" target=\"_blank\" rel=\"noopener noreferrer\">2020. T\u00fcnd\u00e9rv\u00e1r-projekt<\/a><\/td><\/tr><tr><td style=\"text-align: center; width: 40%;\"><img loading=\"lazy\" decoding=\"async\" class=\"aligncenter wp-image-1374 size-thumbnail\" src=\"https:\/\/magyar-misszio.ch\/wp-content\/uploads\/2019\/10\/mszmihalyi_templom_1.jpg-150x150.jpg\" alt=\"\" width=\"150\" height=\"150\" data-id=\"1374\" srcset=\"https:\/\/magyar-misszio.ch\/wp-content\/uploads\/2019\/10\/mszmihalyi_templom_1.jpg-150x150.jpg 150w, https:\/\/magyar-misszio.ch\/wp-content\/uploads\/2019\/10\/mszmihalyi_templom_1.jpg-100x100.jpg 100w\" sizes=\"(max-width: 150px) 100vw, 150px\" \/><\/td><td style=\"width: 59.622%;\"><a href=\"https:\/\/magyar-misszio.ch\/?page_id=1372\">2019. T\u00e1mogassuk a magyarszentmih\u00e1lyi templomot!<\/a><\/td><\/tr><tr><td style=\"text-align: center; width: 40%;\"><img loading=\"lazy\" decoding=\"async\" class=\"aligncenter wp-image-1270 size-thumbnail\" src=\"https:\/\/magyar-misszio.ch\/wp-content\/uploads\/2019\/09\/szterzs-konyv.jpg-150x150.jpg\" alt=\"\" width=\"150\" height=\"150\" data-id=\"1270\" srcset=\"https:\/\/magyar-misszio.ch\/wp-content\/uploads\/2019\/09\/szterzs-konyv.jpg-150x150.jpg 150w, https:\/\/magyar-misszio.ch\/wp-content\/uploads\/2019\/09\/szterzs-konyv.jpg-100x100.jpg 100w\" sizes=\"(max-width: 150px) 100vw, 150px\" \/><\/td><td style=\"width: 59.622%;\"><p><a href=\"https:\/\/magyar-misszio.ch\/wp-content\/uploads\/2019\/09\/cikk_Gyongyi.pdf\" target=\"_blank\" rel=\"noopener noreferrer\">cikk karit\u00e1sz-vezet\u0151nkkel, Gy\u00f6ngyivel<\/a><\/p><p>(A karitat\u00edv \u00e9letst\u00edlus fontoss\u00e1ga)<\/p><\/td><\/tr><tr><td style=\"text-align: center; width: 40%;\"><img loading=\"lazy\" decoding=\"async\" class=\"aligncenter wp-image-793 size-medium\" src=\"https:\/\/magyar-misszio.ch\/wp-content\/uploads\/2019\/02\/ferko2-300x225.jpg\" alt=\"\" width=\"300\" height=\"225\" data-id=\"793\" srcset=\"https:\/\/magyar-misszio.ch\/wp-content\/uploads\/2019\/02\/ferko2-300x225.jpg 300w, https:\/\/magyar-misszio.ch\/wp-content\/uploads\/2019\/02\/ferko2.jpg 647w\" sizes=\"(max-width: 300px) 100vw, 300px\" \/><\/td><td style=\"width: 59.622%;\"><a href=\"https:\/\/magyar-misszio.ch\/?page_id=788\">2019. T\u00e1mogassuk a &#8222;Virrant\u00f3t!&#8220;<\/a><\/td><\/tr><tr style=\"height: 96px;\"><td class=\"auto-style1\" style=\"text-align: center; height: 96px; width: 40%;\"><a href=\"https:\/\/magyar-misszio.ch\/?page_id=728\"><img loading=\"lazy\" decoding=\"async\" class=\"aligncenter wp-image-519 size-medium\" src=\"https:\/\/magyar-misszio.ch\/wp-content\/uploads\/2018\/08\/egyutt-300x146.jpg\" alt=\"\" width=\"300\" height=\"146\" data-id=\"519\" srcset=\"https:\/\/magyar-misszio.ch\/wp-content\/uploads\/2018\/08\/egyutt-300x146.jpg 300w, https:\/\/magyar-misszio.ch\/wp-content\/uploads\/2018\/08\/egyutt.jpg 576w\" sizes=\"(max-width: 300px) 100vw, 300px\" \/><\/a><\/td><td style=\"width: 59.622%; height: 96px;\"><a href=\"https:\/\/magyar-misszio.ch\/?page_id=728\">c\u00e9ljainkr\u00f3l diavet\u00edt\u00e9s<\/a><\/td><\/tr><tr><td style=\"text-align: center; width: 40%;\"><img loading=\"lazy\" decoding=\"async\" class=\"alignnone size-medium wp-image-1018\" src=\"https:\/\/magyar-misszio.ch\/wp-content\/uploads\/2019\/03\/B\u00f6jte2019..jpg-300x202.jpg\" alt=\"\" width=\"300\" height=\"202\" data-id=\"1018\" srcset=\"https:\/\/magyar-misszio.ch\/wp-content\/uploads\/2019\/03\/B\u00f6jte2019..jpg-300x202.jpg 300w, https:\/\/magyar-misszio.ch\/wp-content\/uploads\/2019\/03\/B\u00f6jte2019..jpg.jpg 747w\" sizes=\"(max-width: 300px) 100vw, 300px\" \/><\/td><td style=\"width: 59.622%;\"><a href=\"https:\/\/magyar-misszio.ch\/?page_id=1020\" target=\"_blank\" rel=\"noopener noreferrer\">2019. febr.<\/a><br \/>B\u00f6jte Csaba atya k\u00f6zt\u00fcnk<\/td><\/tr><tr><td style=\"text-align: center; width: 40%;\"><img loading=\"lazy\" decoding=\"async\" class=\"wp-image-799 size-medium aligncenter\" src=\"https:\/\/magyar-misszio.ch\/wp-content\/uploads\/2019\/02\/arviz2.jpg-300x189.jpg\" alt=\"\" width=\"300\" height=\"189\" data-id=\"799\" srcset=\"https:\/\/magyar-misszio.ch\/wp-content\/uploads\/2019\/02\/arviz2.jpg-300x189.jpg 300w, https:\/\/magyar-misszio.ch\/wp-content\/uploads\/2019\/02\/arviz2.jpg.jpg 578w\" sizes=\"(max-width: 300px) 100vw, 300px\" \/><\/td><td style=\"width: 59.622%;\"><a href=\"https:\/\/magyar-misszio.ch\/?page_id=801\">2018. Indiai \u00e1rviz miatt bajbajutott kereszt\u00e9nyeken seg\u00edt\u00fcnk<\/a><\/td><\/tr><tr style=\"height: 96px;\"><td class=\"auto-style1\" style=\"text-align: center; height: 96px; width: 40%;\"><img loading=\"lazy\" decoding=\"async\" class=\"aligncenter wp-image-786 size-full\" src=\"https:\/\/magyar-misszio.ch\/wp-content\/uploads\/2019\/02\/olvasni.jpg\" alt=\"\" width=\"266\" height=\"190\" data-id=\"786\" \/><\/td><td style=\"width: 59.622%; height: 96px;\">Az olvasnival\u00f3 men\u00fcpontunkn\u00e1l (<a href=\"https:\/\/magyar-misszio.ch\/?page_id=198\">l\u00e1sd itt..<\/a>.) t\u00f6bb karitat\u00edv \u00fczenetet tal\u00e1lunk.<\/td><\/tr><tr style=\"height: 25px;\"><td class=\"auto-style1\" style=\"height: 25px; width: 40%;\">\u00a0<\/td><td style=\"width: 59.622%; height: 25px;\">\u00a0<\/td><\/tr><tr style=\"height: 25px;\"><td class=\"auto-style1\" style=\"height: 25px; width: 40%;\">\u00a0<\/td><td style=\"width: 59.622%; height: 25px;\">\u00a0<\/td><\/tr><\/tbody><\/table><div id=\"gtx-trans\" style=\"position: absolute; left: 467px; top: 1112.29px;\"><div class=\"gtx-trans-icon\">\u00a0<\/div><\/div>\t\t\t\t\t\t\t\t<\/div>\n\t\t\t\t<\/div>\n\t\t\t\t\t<\/div>\n\t\t<\/div>\n\t\t\t\t\t<\/div>\n\t\t<\/section>\n\t\t\t\t<\/div>\n\t\t","protected":false},"excerpt":{"rendered":"<p>Karit\u00e1sz-csoportunk Karit\u00e1sz-csoportunk r\u00e9sze a Magyar Misszi\u00f3nak, annak &#8222;keze&#8220;.\u00a0Hissz\u00fck, hogy a j\u00f3cselekedetekre ugyanannyira (n\u00e9ha m\u00e9g jobban is) sz\u00fcks\u00e9ge van az aj\u00e1nd\u00e9koz\u00f3nak, mint a megaj\u00e1nd\u00e9kozottaknak.\u00a0 Ez\u00e9rt h\u00edvunk: seg\u00edts\u00fcnk egy\u00fctt, seg\u00edts, hogy Te is m\u00e9g jobb ember lehess! 2018-ban egy kis munkacsoportot alak\u00edtottunk: a misszi\u00f3 karit\u00e1sz-csoportj\u00e1t. Ezzel szerett\u00fck volna jelezni, hogy amit a magyar katolikus egyh\u00e1z hangs\u00falyoz, azt &hellip; <\/p>\n<p class=\"link-more\"><a href=\"https:\/\/magyar-misszio.ch\/?page_id=783\" class=\"more-link\"><span class=\"screen-reader-text\">\u201ekaritasz\u201c<\/span> weiterlesen<\/a><\/p>\n","protected":false},"author":2,"featured_media":0,"parent":0,"menu_order":0,"comment_status":"closed","ping_status":"closed","template":"","meta":{"footnotes":""},"class_list":["post-783","page","type-page","status-publish","hentry"],"_links":{"self":[{"href":"https:\/\/magyar-misszio.ch\/index.php?rest_route=\/wp\/v2\/pages\/783","targetHints":{"allow":["GET"]}}],"collection":[{"href":"https:\/\/magyar-misszio.ch\/index.php?rest_route=\/wp\/v2\/pages"}],"about":[{"href":"https:\/\/magyar-misszio.ch\/index.php?rest_route=\/wp\/v2\/types\/page"}],"author":[{"embeddable":true,"href":"https:\/\/magyar-misszio.ch\/index.php?rest_route=\/wp\/v2\/users\/2"}],"replies":[{"embeddable":true,"href":"https:\/\/magyar-misszio.ch\/index.php?rest_route=%2Fwp%2Fv2%2Fcomments&post=783"}],"version-history":[{"count":34,"href":"https:\/\/magyar-misszio.ch\/index.php?rest_route=\/wp\/v2\/pages\/783\/revisions"}],"predecessor-version":[{"id":7367,"href":"https:\/\/magyar-misszio.ch\/index.php?rest_route=\/wp\/v2\/pages\/783\/revisions\/7367"}],"wp:attachment":[{"href":"https:\/\/magyar-misszio.ch\/index.php?rest_route=%2Fwp%2Fv2%2Fmedia&parent=783"}],"curies":[{"name":"wp","href":"https:\/\/api.w.org\/{rel}","templated":true}]}}