{"id":788,"date":"2019-02-10T19:46:58","date_gmt":"2019-02-10T19:46:58","guid":{"rendered":"http:\/\/magyar-misszio.ch\/?page_id=788"},"modified":"2019-02-13T09:37:51","modified_gmt":"2019-02-13T09:37:51","slug":"virranto","status":"publish","type":"page","link":"https:\/\/magyar-misszio.ch\/?page_id=788","title":{"rendered":"Virrant\u00f3"},"content":{"rendered":"<p><strong><span style=\"font-size: 14pt; color: #ff0000;\">T\u00e1mogassuk a \u201eVirrant\u00f3t\u201d!<\/span><\/strong><\/p>\n<p><a href=\"#virranto\">Mi is a &#8222;Virrant\u00f3&#8220;?<\/a><br \/>\n<a href=\"#hogyan\">Hogyan ismert\u00fck meg?<\/a><br \/>\n<a href=\"#segit\">Hogyan seg\u00edthet\u00fcnk?<\/a><br \/>\n<a href=\"#biciklivel\">Biciklivel a cs\u00e1ng\u00f3 szentmis\u00e9k\u00e9rt&#8230;<\/a><br \/>\n<a name=\"virranto\"><\/a><\/p>\n<p style=\"text-align: justify;\"><strong>Mi is a &#8222;Virrant\u00f3&#8220;?<\/strong><br \/>\n<a href=\"https:\/\/youtu.be\/rC019Fzr05Y\" target=\"_blank\" rel=\"noopener\"><img fetchpriority=\"high\" decoding=\"async\" class=\"size-medium wp-image-793 alignright\" src=\"https:\/\/magyar-misszio.ch\/wp-content\/uploads\/2019\/02\/ferko2-300x225.jpg\" alt=\"\" width=\"300\" height=\"225\" data-id=\"793\" srcset=\"https:\/\/magyar-misszio.ch\/wp-content\/uploads\/2019\/02\/ferko2-300x225.jpg 300w, https:\/\/magyar-misszio.ch\/wp-content\/uploads\/2019\/02\/ferko2.jpg 647w\" sizes=\"(max-width: 300px) 100vw, 300px\" \/><\/a>R\u00f6viden \u00f6sszefoglalva:\u00a0nem m\u00e1s, mint egy nagy aut\u00f3buszban berendezett mobil iskola \u00e9s j\u00e1tsz\u00f3h\u00e1z, amellyel a K\u00e1rp\u00e1t-medence sz\u00f3rv\u00e1nymagyar telep\u00fcl\u00e9seit j\u00e1rja, magyar nyelv\u0171 oktat\u00e1st \u00e9s j\u00e1t\u00e9kot sz\u00e1ll\u00edtva a gyerekeknek.<br \/>\nTekintse meg <span style=\"color: #0000ff;\"><em>a vide\u00f3t a k\u00e9pre kattintva!<\/em><\/span><\/p>\n<p><span style=\"color: #0000ff;\"><em>Sz\u00f3r\u00f3lap, flyer<\/em><\/span> <a href=\"https:\/\/magyar-misszio.ch\/wp-content\/uploads\/2019\/02\/virrantoflyer.pdf\">ide kattintva&#8230;<\/a><br \/>\nHonlapjukat itt \u00e9rhetj\u00fck el:\u00a0<a href=\"https:\/\/virranto.com\/\" target=\"_blank\" rel=\"noopener\">https:\/\/virranto.com\/<\/a><br \/>\nFacebook:\u00a0<a href=\"https:\/\/www.facebook.com\/pg\/virranto\/about\/\" target=\"_blank\" rel=\"noopener\">https:\/\/www.facebook.com\/pg\/virranto\/about\/<\/a><br \/>\nPrezi (online prezent\u00e1ci\u00f3) <a href=\"https:\/\/prezi.com\/cc1nza1a1wj4\/virranto\/?utm_campaign=share&amp;utm_medium=copy\" target=\"_blank\" rel=\"noopener\">ide kattintva&#8230;<\/a><br \/>\n<a name=\"hogyan\"><\/a><\/p>\n<p style=\"text-align: justify;\"><span style=\"text-decoration: underline;\"><strong>Hogyan ismert\u00fck meg?<\/strong><\/span><br \/>\nFerk\u00f3 Zolt\u00e1n KCSP-s (K\u0151r\u00f6si Csoma S\u00e1ndor Program) \u00f6szt\u00f6nd\u00edjas egyszer megeml\u00edtette, hogy l\u00e9trehozott seg\u00edt\u0151 sz\u00e1nd\u00e9kkal egy projektet, hogy a szeg\u00e9nyebb magyar telep\u00fcl\u00e9sek gyermekeinek foglalkoz\u00e1sokat k\u00edn\u00e1ljanak. Megk\u00e9rt\u00fck \u0151t, hogy tartson egy bemutat\u00f3t err\u0151l nek\u00fcnk misszi\u00f3nk h\u00e1z\u00e1ban, mely nagyon j\u00f3l siker\u00fclt \u00e9s sokakat meg\u00e9rintett. R\u00f6gt\u00f6n h\u00e1rman odaj\u00f6ttek hozz\u00e1m, hogy t\u00e1mogassuk ezt a c\u00e9lt. Karit\u00e1sz csoportunk is d\u00f6nt\u00f6tt emellett, \u00edgy szeretettel h\u00edvjuk minden j\u00f3\u00e9rz\u00e9s\u0171 magyar testv\u00e9r\u00fcnket, hogy seg\u00edts\u00fcnk egy\u00fctt!<\/p>\n<p><a name=\"segit\"><\/a><\/p>\n<p style=\"text-align: justify;\"><span style=\"text-decoration: underline;\"><strong>Hogyan seg\u00edthet\u00fcnk?<\/strong><\/span><br \/>\nGy\u0171jt\u00e9si akci\u00f3nk <span style=\"color: #0000ff;\"><strong>h\u00fasv\u00e9tig<\/strong> <\/span>tart: ha b\u00e1rki erre a c\u00e9lra karit\u00e1szunknak adom\u00e1nyt ad, ezt \u00f6sszegy\u0171jtve \u00e1tadjuk erre a c\u00e9lra, mint j\u00f3\u00e9rz\u00e9s\u0171 Sv\u00e1jban \u00e9l\u0151 magyarok seg\u00edts\u00e9g\u00e9t a neh\u00e9zsors\u00fa magyar gyermekek\u00e9rt.<br \/>\nAki\u00a0 sz\u00edvesen seg\u00edt, a k\u00f6vetkez\u0151 m\u00f3don is megteheti: sz\u00e1mlasz\u00e1munkra utalva a k\u00f6vetkez\u0151 megjegyz\u00e9ssel: Virrant\u00f3. <strong>Sz\u00e1mlasz\u00e1munk<\/strong>: \u00a0Verein St. Stephan, Z\u00fcrich 8057, Winterthurerstrasse 135, IBAN: CH59 0070 0112 8001 3211 1. M\u00e9g egyszer: Virrant\u00f3 \u2013 megjegyz\u00e9ssel ker\u00fcl erre a c\u00e9lra! Minden kis seg\u00edts\u00e9g sz\u00e1m\u00edt, sok kicsi sokra megy.<\/p>\n<p><a name=\"biciklivel\"><\/a><\/p>\n<p style=\"text-align: justify;\"><span style=\"text-decoration: underline;\"><strong>Biciklivel a cs\u00e1ng\u00f3 szentmis\u00e9k\u00e9rt&#8230;<\/strong><\/span><br \/>\nFerk\u00f3 Zolt\u00e1nnak egy kor\u00e1bbi projektj\u00e9t is\u00a0 \u00e9rdemes megismerni. 4000 kilom\u00e9rt biciklizett (eg\u00e9szen a Vatik\u00e1nig), az\u00e9rt, hogy felh\u00edvja a figyelmet arra, hogy a cs\u00e1ng\u00f3 magyars\u00e1gnak sz\u00fcks\u00e9ge van magyar nyelv\u0171 szentmis\u00e9kre! Err\u0151l megtekinthet\u00fcnk egy f\u00e9nyk\u00e9pes \u00f6ssze\u00e1ll\u00edt\u00e1st, <em><span style=\"color: #0000ff;\">vide\u00f3t a k\u00e9pre kattintva.<\/span><\/em><\/p>\n<p><a href=\"https:\/\/youtu.be\/7J_x1YLF3_s\" target=\"_blank\" rel=\"noopener\"><img decoding=\"async\" class=\"size-medium wp-image-791 aligncenter\" src=\"https:\/\/magyar-misszio.ch\/wp-content\/uploads\/2019\/02\/ferko-300x200.jpg\" alt=\"\" width=\"300\" height=\"200\" data-id=\"791\" srcset=\"https:\/\/magyar-misszio.ch\/wp-content\/uploads\/2019\/02\/ferko-300x200.jpg 300w, https:\/\/magyar-misszio.ch\/wp-content\/uploads\/2019\/02\/ferko-768x512.jpg 768w, https:\/\/magyar-misszio.ch\/wp-content\/uploads\/2019\/02\/ferko.jpg 960w\" sizes=\"(max-width: 300px) 100vw, 300px\" \/><\/a><\/p>\n<p><em>Ferk\u00f3 Zolt\u00e1nr\u00f3l tov\u00e1bb t\u00e1j\u00e9koz\u00f3dhatunk: <\/em><\/p>\n<ul>\n<li><em>a Magyar F\u00f3rum \u00fajs\u00e1gban, mely <a href=\"http:\/\/magyarforum.hu\/cikk\/4857\/%E2%80%8BLegy-potolhatatlan\/\">ide kattintva<\/a> olvashat\u00f3<\/em><\/li>\n<li><em>tov\u00e1bbi h\u00edrek <a href=\"https:\/\/noklapja.nlcafe.hu\/noklapja\/2017\/04\/08\/a-segitseg-negy-kereken-erkezik-ferko-zoltan-elettortenete\/\"> ide kattintva<\/a>, <a href=\"http:\/\/www.miercureaciuc.ro\/#!en\/h1\/2\/324\/csikszeredabanjartferkozoltan.html\">vagy ide<\/a>\u2026<\/em><\/li>\n<li><em>k\u00f6nyv <a href=\"http:\/\/www.konyv7.hu\/index.php?menuId=1160\">ide kattintva<\/a><\/em><\/li>\n<li><em>kis vide\u00f3 <a href=\"https:\/\/www.youtube.com\/watch?v=TkSSbxf33xQ\">ide kattintva<\/a><\/em><\/li>\n<\/ul>\n<p>&nbsp;<\/p>\n","protected":false},"excerpt":{"rendered":"<p>T\u00e1mogassuk a \u201eVirrant\u00f3t\u201d! Mi is a &#8222;Virrant\u00f3&#8220;? Hogyan ismert\u00fck meg? Hogyan seg\u00edthet\u00fcnk? Biciklivel a cs\u00e1ng\u00f3 szentmis\u00e9k\u00e9rt&#8230; Mi is a &#8222;Virrant\u00f3&#8220;? R\u00f6viden \u00f6sszefoglalva:\u00a0nem m\u00e1s, mint egy nagy aut\u00f3buszban berendezett mobil iskola \u00e9s j\u00e1tsz\u00f3h\u00e1z, amellyel a K\u00e1rp\u00e1t-medence sz\u00f3rv\u00e1nymagyar telep\u00fcl\u00e9seit j\u00e1rja, magyar nyelv\u0171 oktat\u00e1st \u00e9s j\u00e1t\u00e9kot sz\u00e1ll\u00edtva a gyerekeknek. Tekintse meg a vide\u00f3t a k\u00e9pre kattintva! Sz\u00f3r\u00f3lap, flyer &hellip; <\/p>\n<p class=\"link-more\"><a href=\"https:\/\/magyar-misszio.ch\/?page_id=788\" class=\"more-link\"><span class=\"screen-reader-text\">\u201eVirrant\u00f3\u201c<\/span> weiterlesen<\/a><\/p>\n","protected":false},"author":2,"featured_media":0,"parent":0,"menu_order":0,"comment_status":"closed","ping_status":"closed","template":"","meta":{"footnotes":""},"class_list":["post-788","page","type-page","status-publish","hentry"],"_links":{"self":[{"href":"https:\/\/magyar-misszio.ch\/index.php?rest_route=\/wp\/v2\/pages\/788","targetHints":{"allow":["GET"]}}],"collection":[{"href":"https:\/\/magyar-misszio.ch\/index.php?rest_route=\/wp\/v2\/pages"}],"about":[{"href":"https:\/\/magyar-misszio.ch\/index.php?rest_route=\/wp\/v2\/types\/page"}],"author":[{"embeddable":true,"href":"https:\/\/magyar-misszio.ch\/index.php?rest_route=\/wp\/v2\/users\/2"}],"replies":[{"embeddable":true,"href":"https:\/\/magyar-misszio.ch\/index.php?rest_route=%2Fwp%2Fv2%2Fcomments&post=788"}],"version-history":[{"count":8,"href":"https:\/\/magyar-misszio.ch\/index.php?rest_route=\/wp\/v2\/pages\/788\/revisions"}],"predecessor-version":[{"id":873,"href":"https:\/\/magyar-misszio.ch\/index.php?rest_route=\/wp\/v2\/pages\/788\/revisions\/873"}],"wp:attachment":[{"href":"https:\/\/magyar-misszio.ch\/index.php?rest_route=%2Fwp%2Fv2%2Fmedia&parent=788"}],"curies":[{"name":"wp","href":"https:\/\/api.w.org\/{rel}","templated":true}]}}