{"id":801,"date":"2019-02-10T20:25:13","date_gmt":"2019-02-10T20:25:13","guid":{"rendered":"http:\/\/magyar-misszio.ch\/?page_id=801"},"modified":"2021-01-24T15:47:17","modified_gmt":"2021-01-24T15:47:17","slug":"karitasz-arviz2018","status":"publish","type":"page","link":"https:\/\/magyar-misszio.ch\/?page_id=801","title":{"rendered":"karitasz-arviz2018"},"content":{"rendered":"<p><span style=\"font-size: 14pt; color: #ff0000;\">Az indiai Keral\u00e1ban,\u00a0 Indi\u00e1nak legkereszt\u00e9nyibb r\u00e9sz\u00e9ben hatalmas \u00e1rv\u00edz puszt\u00edtott. Seg\u00edt\u00fcnk.<\/span><\/p>\n<table>\n<tbody>\n<tr style=\"height: 26px;\">\n<td style=\"height: 26px; width: 47.7586%;\"><span style=\"font-family: arial, helvetica, sans-serif;\"><strong><span style=\"color: #0000ff;\">indiai \u00e1rv\u00edzr\u0151l &#8211; <\/span><\/strong><span style=\"color: #000000;\">Benvin Sebastian SVD atya<\/span><\/span><\/p>\n<p>Az \u00e1rv\u00edzr\u0151l egy m\u00e1sik vide\u00f3:\u00a0<a href=\"https:\/\/youtu.be\/Bi5SfuvMqvI\" target=\"_blank\" rel=\"noopener\">https:\/\/youtu.be\/Bi5SfuvMqvI<\/a><\/p>\n<p>Level\u00e9t ld. az olvasnival\u00f3k men\u00fcpontn\u00e1l, vagy <a href=\"https:\/\/magyar-misszio.ch\/wp-content\/uploads\/2018\/08\/arviz_Sebastian-atya-levele.pdf\" target=\"_blank\" rel=\"noopener\">ide kattintva&#8230;.<\/a><\/p>\n<p>&nbsp;<\/td>\n<td style=\"height: 26px; width: 52.069%;\"><iframe src=\"https:\/\/www.youtube.com\/embed\/nSoY8cXZo2Y\" width=\"560\" height=\"315\" frameborder=\"0\" allowfullscreen=\"allowfullscreen\" data-mce-fragment=\"1\"><\/iframe><\/td>\n<\/tr>\n<\/tbody>\n<\/table>\n","protected":false},"excerpt":{"rendered":"<p>Az indiai Keral\u00e1ban,\u00a0 Indi\u00e1nak legkereszt\u00e9nyibb r\u00e9sz\u00e9ben hatalmas \u00e1rv\u00edz puszt\u00edtott. Seg\u00edt\u00fcnk. indiai \u00e1rv\u00edzr\u0151l &#8211; Benvin Sebastian SVD atya Az \u00e1rv\u00edzr\u0151l egy m\u00e1sik vide\u00f3:\u00a0https:\/\/youtu.be\/Bi5SfuvMqvI Level\u00e9t ld. az olvasnival\u00f3k men\u00fcpontn\u00e1l, vagy ide kattintva&#8230;. &nbsp;<\/p>\n","protected":false},"author":2,"featured_media":0,"parent":0,"menu_order":0,"comment_status":"closed","ping_status":"closed","template":"","meta":{"footnotes":""},"class_list":["post-801","page","type-page","status-publish","hentry"],"_links":{"self":[{"href":"https:\/\/magyar-misszio.ch\/index.php?rest_route=\/wp\/v2\/pages\/801","targetHints":{"allow":["GET"]}}],"collection":[{"href":"https:\/\/magyar-misszio.ch\/index.php?rest_route=\/wp\/v2\/pages"}],"about":[{"href":"https:\/\/magyar-misszio.ch\/index.php?rest_route=\/wp\/v2\/types\/page"}],"author":[{"embeddable":true,"href":"https:\/\/magyar-misszio.ch\/index.php?rest_route=\/wp\/v2\/users\/2"}],"replies":[{"embeddable":true,"href":"https:\/\/magyar-misszio.ch\/index.php?rest_route=%2Fwp%2Fv2%2Fcomments&post=801"}],"version-history":[{"count":2,"href":"https:\/\/magyar-misszio.ch\/index.php?rest_route=\/wp\/v2\/pages\/801\/revisions"}],"predecessor-version":[{"id":2732,"href":"https:\/\/magyar-misszio.ch\/index.php?rest_route=\/wp\/v2\/pages\/801\/revisions\/2732"}],"wp:attachment":[{"href":"https:\/\/magyar-misszio.ch\/index.php?rest_route=%2Fwp%2Fv2%2Fmedia&parent=801"}],"curies":[{"name":"wp","href":"https:\/\/api.w.org\/{rel}","templated":true}]}}