{"id":817,"date":"2019-02-11T10:22:33","date_gmt":"2019-02-11T10:22:33","guid":{"rendered":"http:\/\/magyar-misszio.ch\/?page_id=817"},"modified":"2019-05-29T17:10:22","modified_gmt":"2019-05-29T17:10:22","slug":"cserkeszek","status":"publish","type":"page","link":"https:\/\/magyar-misszio.ch\/?page_id=817","title":{"rendered":"cserk\u00e9szek"},"content":{"rendered":"<p style=\"text-align: justify;\"><strong><img fetchpriority=\"high\" decoding=\"async\" class=\"alignright wp-image-818 size-medium\" src=\"https:\/\/magyar-misszio.ch\/wp-content\/uploads\/2019\/02\/cserkesz1-300x255.jpg\" alt=\"\" width=\"300\" height=\"255\" data-id=\"818\" srcset=\"https:\/\/magyar-misszio.ch\/wp-content\/uploads\/2019\/02\/cserkesz1-300x255.jpg 300w, https:\/\/magyar-misszio.ch\/wp-content\/uploads\/2019\/02\/cserkesz1-768x653.jpg 768w, https:\/\/magyar-misszio.ch\/wp-content\/uploads\/2019\/02\/cserkesz1.jpg 1024w\" sizes=\"(max-width: 300px) 100vw, 300px\" \/><span style=\"font-size: 14pt; color: #0000ff;\">Cserk\u00e9szek<\/span><\/strong><\/p>\n<p style=\"text-align: justify;\">A Z\u00fcrichi Magyar Katolikus Misszi\u00f3 \u00f6r\u00f6mmel ad otthont a Z\u00fcrichi Magyar Cserk\u00e9szcsapatoknak.\u00a0Tessz\u00fck ezt k\u00e9t okb\u00f3l: egyr\u00e9szt a magyar gyermekek \u00e9s fiatalok ir\u00e1nti elk\u00f6telezetts\u00e9gb\u0151l, m\u00e1sr\u00e9szt ahogyan a Magyar Cserk\u00e9szsz\u00f6vets\u00e9g honlapj\u00e1n is olvashat\u00f3, hogy vall\u00e1sos alapon seg\u00edtj\u00fck a feln\u00f6vekv\u0151 nemzed\u00e9ket:\u00a0\u00a0<em>&#8222;A cserk\u00e9szet \u00f6nk\u00e9ntes, vall\u00e1sos, p\u00e1rtpolitik\u00e1t\u00f3l f\u00fcggetlen ifj\u00fas\u00e1gi mozgalom, amely nyitott mindenki sz\u00e1m\u00e1ra sz\u00e1rmaz\u00e1st\u00f3l, nemt\u0151l, t\u00e1rsadalmi \u00e9s vagyoni helyzett\u0151l, valamint vall\u00e1si meggy\u0151z\u0151d\u00e9st\u0151l f\u00fcggetlen\u00fcl. A cserk\u00e9szet a vil\u00e1g legnagyobb gyermek- \u00e9s ifj\u00fas\u00e1gi mozgalma. A vil\u00e1g t\u00f6bb, mint 200 orsz\u00e1g\u00e1ban 38 milli\u00f3 cserk\u00e9sz dolgozik egy k\u00f6z\u00f6s c\u00e9l\u00e9rt: seg\u00edteni a gyermekeket \u00e9s fiatalokat, hogy akt\u00edv \u00e9s elk\u00f6telezett feln\u0151ttekk\u00e9 v\u00e1ljanak.&#8220; <\/em>(Acserk\u00e9sz-mozgalom \u00e1ltal\u00e1nos bemutat\u00e1s\u00e1t az id\u00e9zett honlapon lehet tov\u00e1bbolvasni:\u00a0 <a href=\"https:\/\/www.cserkesz.hu\/latogatok\">www.cserkesz.hu\/latogatok<\/a>)<\/p>\n<p><strong><span style=\"font-size: 14pt; color: #0000ff;\">A z\u00fcrichi cserk\u00e9szcsapatok bemutatkoz\u00e1sa<\/span><\/strong><\/p>\n<p><strong style=\"font-size: 1rem;\"><img decoding=\"async\" class=\"size-medium wp-image-1119 alignleft\" src=\"https:\/\/magyar-misszio.ch\/wp-content\/uploads\/2019\/04\/cserkeszek.jpg-300x190.jpg\" alt=\"\" width=\"300\" height=\"190\" data-id=\"1119\" srcset=\"https:\/\/magyar-misszio.ch\/wp-content\/uploads\/2019\/04\/cserkeszek.jpg-300x190.jpg 300w, https:\/\/magyar-misszio.ch\/wp-content\/uploads\/2019\/04\/cserkeszek.jpg.jpg 697w\" sizes=\"(max-width: 300px) 100vw, 300px\" \/>62. Sarolta \u00e9s 78. II. R\u00e1k\u00f3szi Ferenc cserk\u00e9szcsapatok<\/strong><\/p>\n<p style=\"text-align: justify;\"><strong>\u00a0<\/strong>Z\u00fcrichben 1957 \u00f3ta l\u00e9teznek magyar cserk\u00e9szcsapatok. Jelenleg egy le\u00e1ny- \u00e9s egy fi\u00facsapat m\u0171k\u00f6dik szorosan egy\u00fctt, \u00edgy gyakorlatilag egy csapatr\u00f3l besz\u00e9lhet\u00fcnk.<br \/>\nCsapatunk mind a K\u00fclf\u00f6ldi Magyar Cserk\u00e9szsz\u00f6vets\u00e9g, mind pedig a \u201ePfadfinderbewegung Schweiz&#8220; tagja. L\u00e9tsz\u00e1munk 30 \u00e9s 40 f\u0151 k\u00f6z\u00f6tt ingadozik, ezzel a legnagyobb magyar cserk\u00e9szcsapat Sv\u00e1jcban.<strong>\u00a0<\/strong><\/p>\n<p style=\"text-align: justify;\"><strong>Cserk\u00e9szfogadalom:\u00a0<\/strong>&#8222;\u00c9n, \u2026 fogadom, hogy h\u00edven teljes\u00edtem k\u00f6teless\u00e9geimet, melyekkel Istennek, haz\u00e1mnak, embert\u00e1rsaimnak \u00e9s a magyars\u00e1gnak tartozom. Minden lehet\u0151t megteszek, hogy m\u00e1sokon seg\u00edtsek. Ismerem a cserk\u00e9szt\u00f6rv\u00e9nyt, \u00e9s azt mindenkor megtartom.&#8220;<\/p>\n<p style=\"text-align: justify;\">Mi, a 62. sz. Sarolta Le\u00e1ny cs.csapat \u00e9s a 78. sz. II. R\u00e1k\u00f3czi Ferenc Fi\u00fa cs.csapat vezet\u0151i, sz\u00fcl\u0151i fenntart\u00f3 test\u00fclete \u00e9s cserk\u00e9szei a cserk\u00e9sz\u00e9let t\u00f6rv\u00e9nyeinek \u00e9s az avat\u00e1skor tett fogadalom szellem\u00e9ben v\u00e9gezz\u00fck \u00f6nk\u00e9ntes munk\u00e1nkat \u00e1ltal\u00e1ban k\u00e9thetente szombaton eg\u00e9sz d\u00e9lut\u00e1n a Z\u00fcrichi Magyar Katolikus Misszi\u00f3 termeiben. Ett\u0151l f\u00fcggetlen\u00fcl a cserk\u00e9szet nyitott mindenki sz\u00e1m\u00e1ra.<\/p>\n<p style=\"text-align: justify;\">Alapvet\u0151 tudnival\u00f3k<br \/>\n\u2022A cserk\u00e9sz\u00e9v janu\u00e1rban kezd\u0151dik, de \u00e9vk\u00f6zben is lehet csatlakozni.<br \/>\n\u2022\u00c9vente 1-2 h\u00e9tv\u00e9gi kist\u00e1bort rendez\u00fcnk. Ezenk\u00edv\u00fcl a ker\u00fcleti rendezv\u00e9nyeken (ny\u00e1ri t\u00e1bor, akad\u00e1lyverseny, stb.) is r\u00e9szt vehet\u00fcnk.<br \/>\n\u2022A cserk\u00e9szek a magyar \u00fcnneps\u00e9geken is jelen vannak, maguk pedig Mikul\u00e1s-d\u00e9lut\u00e1nt \u00e9s kar\u00e1csonyi \u00fcnneps\u00e9get rendeznek.<br \/>\n\u2022\u0150rsi \u00f6sszej\u00f6veteleket havonta 2-3 alkalommal tartunk, szombat d\u00e9lut\u00e1n, 13.00-t\u00f3l 16.00-ig.<\/p>\n<ul>\n<li style=\"text-align: justify;\">A k\u00f6zeli erd\u0151 lehet\u0151s\u00e9get ny\u00fajt, hogy \u0151rsi \u00f6sszej\u00f6veteleinknek nagy r\u00e9sz\u00e9t a szabadban tartsuk meg.<br \/>\n\u2022Z\u00fcrichen k\u00edv\u00fcl Genfben \u00e9s Bernben is m\u0171k\u00f6dnek magyar cserk\u00e9szcsapatok. Vel\u00fck k\u00f6z\u00f6sen szervezz\u00fck \u00e9s tartjuk meg \u00e9vente a k\u00f6rzeti p\u00fcnk\u00f6sdi t\u00e1bort.<\/li>\n<li style=\"text-align: justify;\">R\u00e9szletesbb inform\u00e1ci\u00f3t a csapatvezet\u0151k sz\u00edvesen adnak.<br \/>\nPilinszky Katalin\u00a0: <a href=\"mailto:maszkot@gmx.ch\">maszkot@gmx.ch<\/a> \u00e9s Magyar Bal\u00e1zs\u00a0: <a href=\"mailto:balazs@glattnet.ch\">balazs@glattnet.ch<\/a><\/li>\n<\/ul>\n<p><span style=\"color: #0000ff;\"><strong><span style=\"font-size: 14pt;\">Egy\u00fcttm\u0171k\u00f6d\u00e9si nyilatkozatok<\/span><\/strong><\/span> (misszi\u00f3t\u00f3l <a href=\"https:\/\/magyar-misszio.ch\/wp-content\/uploads\/2019\/05\/cserk_tamogatoi_nyilatkozat.pdf\" target=\"_blank\" rel=\"noopener noreferrer\">ide kattintva<\/a>, cserk\u00e9szekt\u0151l <a href=\"https:\/\/magyar-misszio.ch\/wp-content\/uploads\/2019\/05\/cserk_nyilatkozat.pdf\" target=\"_blank\" rel=\"noopener noreferrer\">ide kattintva<\/a> &#8211; kieg\u00e9sz\u00edtve a kereszt\u00e9ny nevel\u00e9s szempontjaival)<\/p>\n","protected":false},"excerpt":{"rendered":"<p>Cserk\u00e9szek A Z\u00fcrichi Magyar Katolikus Misszi\u00f3 \u00f6r\u00f6mmel ad otthont a Z\u00fcrichi Magyar Cserk\u00e9szcsapatoknak.\u00a0Tessz\u00fck ezt k\u00e9t okb\u00f3l: egyr\u00e9szt a magyar gyermekek \u00e9s fiatalok ir\u00e1nti elk\u00f6telezetts\u00e9gb\u0151l, m\u00e1sr\u00e9szt ahogyan a Magyar Cserk\u00e9szsz\u00f6vets\u00e9g honlapj\u00e1n is olvashat\u00f3, hogy vall\u00e1sos alapon seg\u00edtj\u00fck a feln\u00f6vekv\u0151 nemzed\u00e9ket:\u00a0\u00a0&#8222;A cserk\u00e9szet \u00f6nk\u00e9ntes, vall\u00e1sos, p\u00e1rtpolitik\u00e1t\u00f3l f\u00fcggetlen ifj\u00fas\u00e1gi mozgalom, amely nyitott mindenki sz\u00e1m\u00e1ra sz\u00e1rmaz\u00e1st\u00f3l, nemt\u0151l, t\u00e1rsadalmi \u00e9s vagyoni &hellip; <\/p>\n<p class=\"link-more\"><a href=\"https:\/\/magyar-misszio.ch\/?page_id=817\" class=\"more-link\"><span class=\"screen-reader-text\">\u201ecserk\u00e9szek\u201c<\/span> weiterlesen<\/a><\/p>\n","protected":false},"author":2,"featured_media":0,"parent":0,"menu_order":0,"comment_status":"closed","ping_status":"closed","template":"","meta":{"footnotes":""},"class_list":["post-817","page","type-page","status-publish","hentry"],"_links":{"self":[{"href":"https:\/\/magyar-misszio.ch\/index.php?rest_route=\/wp\/v2\/pages\/817","targetHints":{"allow":["GET"]}}],"collection":[{"href":"https:\/\/magyar-misszio.ch\/index.php?rest_route=\/wp\/v2\/pages"}],"about":[{"href":"https:\/\/magyar-misszio.ch\/index.php?rest_route=\/wp\/v2\/types\/page"}],"author":[{"embeddable":true,"href":"https:\/\/magyar-misszio.ch\/index.php?rest_route=\/wp\/v2\/users\/2"}],"replies":[{"embeddable":true,"href":"https:\/\/magyar-misszio.ch\/index.php?rest_route=%2Fwp%2Fv2%2Fcomments&post=817"}],"version-history":[{"count":7,"href":"https:\/\/magyar-misszio.ch\/index.php?rest_route=\/wp\/v2\/pages\/817\/revisions"}],"predecessor-version":[{"id":1157,"href":"https:\/\/magyar-misszio.ch\/index.php?rest_route=\/wp\/v2\/pages\/817\/revisions\/1157"}],"wp:attachment":[{"href":"https:\/\/magyar-misszio.ch\/index.php?rest_route=%2Fwp%2Fv2%2Fmedia&parent=817"}],"curies":[{"name":"wp","href":"https:\/\/api.w.org\/{rel}","templated":true}]}}