{"id":823,"date":"2019-02-11T10:56:59","date_gmt":"2019-02-11T10:56:59","guid":{"rendered":"http:\/\/magyar-misszio.ch\/?page_id=823"},"modified":"2025-05-01T17:35:29","modified_gmt":"2025-05-01T17:35:29","slug":"korusok","status":"publish","type":"page","link":"https:\/\/magyar-misszio.ch\/?page_id=823","title":{"rendered":"k\u00f3rusok"},"content":{"rendered":"\t\t<div data-elementor-type=\"wp-page\" data-elementor-id=\"823\" class=\"elementor elementor-823\" data-elementor-post-type=\"page\">\n\t\t\t\t\t\t<section class=\"elementor-section elementor-top-section elementor-element elementor-element-147befda elementor-section-boxed elementor-section-height-default elementor-section-height-default\" data-id=\"147befda\" data-element_type=\"section\">\n\t\t\t\t\t\t<div class=\"elementor-container elementor-column-gap-default\">\n\t\t\t\t\t<div class=\"elementor-column elementor-col-100 elementor-top-column elementor-element elementor-element-614f6fc8\" data-id=\"614f6fc8\" data-element_type=\"column\">\n\t\t\t<div class=\"elementor-widget-wrap elementor-element-populated\">\n\t\t\t\t\t\t<div class=\"elementor-element elementor-element-116a0740 elementor-widget elementor-widget-text-editor\" data-id=\"116a0740\" data-element_type=\"widget\" data-widget_type=\"text-editor.default\">\n\t\t\t\t<div class=\"elementor-widget-container\">\n\t\t\t\t\t\t\t\t\t<p><strong><span style=\"color: #0000ff; font-size: 14pt;\">Nagy \u00f6r\u00f6m\u00fcnkre k\u00e9t k\u00f3rusnak is helyet tudunk biztos\u00edtani.<\/span><\/strong><\/p><p style=\"text-align: justify;\">A kisebbik \u00e9s alkalmi szolg\u00e1latot ny\u00fajt\u00f3<strong><span style=\"color: #ff0000;\"> git\u00e1ros \u00e9s ifj\u00fas\u00e1gi csapatunk<\/span> <\/strong>szentmis\u00e9inket \u00e9s lelkigyakorlatunkat is \u00fajb\u00f3l \u00e9s \u00fajb\u00f3l szebb\u00e9 var\u00e1zsolj\u00e1k. Szeretettel v\u00e1runk ehhez \u00faj tagokat, hogy m\u00e9g jobb kis csapat alakulhasson ki.<\/p><p style=\"text-align: justify;\"><a href=\"https:\/\/www.magyarhaz.ch\/index.php\/53-friss-hirek\/20-zmoeg-korus\" target=\"_blank\" rel=\"noopener noreferrer\"><img fetchpriority=\"high\" decoding=\"async\" class=\"size-medium wp-image-824 alignright\" src=\"https:\/\/magyar-misszio.ch\/wp-content\/uploads\/2019\/02\/korus.jpg-300x229.jpg\" alt=\"\" width=\"300\" height=\"229\" data-id=\"824\" srcset=\"https:\/\/magyar-misszio.ch\/wp-content\/uploads\/2019\/02\/korus.jpg-300x229.jpg 300w, https:\/\/magyar-misszio.ch\/wp-content\/uploads\/2019\/02\/korus.jpg-768x586.jpg 768w, https:\/\/magyar-misszio.ch\/wp-content\/uploads\/2019\/02\/korus.jpg.jpg 987w\" sizes=\"(max-width: 300px) 100vw, 300px\" \/><\/a>A m\u00e1sik egy komoly m\u00falttal rendelkez\u0151 k\u00f3rus, a\u00a0<strong><span style=\"color: #ff0000;\">Z\u00fcrichi Magyar \u00d6kumenikus Golarits-K\u00f3rus<\/span><\/strong>.\u00a0<br \/>A k\u00f3rus <strong><span style=\"color: #0000ff;\">sz\u00f3r\u00f3lapja, flyer<\/span><\/strong> &#8211; <span style=\"text-decoration: underline;\"><a href=\"https:\/\/magyar-misszio.ch\/wp-content\/uploads\/flyer-korus-verzio-20230901-1-1.pdf\" target=\"_blank\" rel=\"noopener\">ide kattintva let\u00f6lthet\u0151<\/a><\/span>, ami j\u00f3l \u00f6sszefoglalja a bemutatkoz\u00e1s\u00e1t, c\u00e9ljait&#8230;<\/p><div id=\"gtx-trans\" style=\"position: absolute; left: 95px; top: 753.333px;\"><div class=\"gtx-trans-icon\">\u00a0<\/div><\/div>\t\t\t\t\t\t\t\t<\/div>\n\t\t\t\t<\/div>\n\t\t\t\t\t<\/div>\n\t\t<\/div>\n\t\t\t\t\t<\/div>\n\t\t<\/section>\n\t\t\t\t<section class=\"elementor-section elementor-top-section elementor-element elementor-element-fd552ec elementor-section-boxed elementor-section-height-default elementor-section-height-default\" data-id=\"fd552ec\" data-element_type=\"section\">\n\t\t\t\t\t\t<div class=\"elementor-container elementor-column-gap-default\">\n\t\t\t\t\t<div class=\"elementor-column elementor-col-50 elementor-top-column elementor-element elementor-element-b0f1438\" data-id=\"b0f1438\" data-element_type=\"column\">\n\t\t\t<div class=\"elementor-widget-wrap elementor-element-populated\">\n\t\t\t\t\t\t<div class=\"elementor-element elementor-element-c8e4eb5 elementor-widget elementor-widget-text-editor\" data-id=\"c8e4eb5\" data-element_type=\"widget\" data-widget_type=\"text-editor.default\">\n\t\t\t\t<div class=\"elementor-widget-container\">\n\t\t\t\t\t\t\t\t\t<p><span style=\"font-family: arial, helvetica, sans-serif;\"><strong><span style=\"color: #0000ff;\">Z\u00fcrichi Magyar \u00d6kumenikus Golarits K\u00f3rus<\/span><\/strong><\/span><\/p><p><span style=\"font-family: arial, helvetica, sans-serif;\"><strong><span style=\"color: #0000ff;\"><br \/><\/span><\/strong><\/span><span style=\"font-family: arial, helvetica, sans-serif;\"><em>(k\u00f6sz\u00f6net a Sv\u00e1jci Magyar H\u00edrmond\u00f3nak)<\/em><\/span><\/p><div id=\"gtx-trans\" style=\"position: absolute; left: -37px; top: 158.139px;\"><div class=\"gtx-trans-icon\">\u00a0<\/div><\/div>\t\t\t\t\t\t\t\t<\/div>\n\t\t\t\t<\/div>\n\t\t\t\t\t<\/div>\n\t\t<\/div>\n\t\t\t\t<div class=\"elementor-column elementor-col-50 elementor-top-column elementor-element elementor-element-4b567fc\" data-id=\"4b567fc\" data-element_type=\"column\">\n\t\t\t<div class=\"elementor-widget-wrap elementor-element-populated\">\n\t\t\t\t\t\t<div class=\"elementor-element elementor-element-8c261cc elementor-widget__width-initial elementor-widget elementor-widget-video\" data-id=\"8c261cc\" data-element_type=\"widget\" data-settings=\"{&quot;youtube_url&quot;:&quot;https:\\\/\\\/youtu.be\\\/LvStIAcYjn0?si=5q1IOfqnCDr-IWvx&quot;,&quot;video_type&quot;:&quot;youtube&quot;,&quot;controls&quot;:&quot;yes&quot;}\" data-widget_type=\"video.default\">\n\t\t\t\t<div class=\"elementor-widget-container\">\n\t\t\t\t\t\t\t<div class=\"elementor-wrapper elementor-open-inline\">\n\t\t\t<div class=\"elementor-video\"><\/div>\t\t<\/div>\n\t\t\t\t\t\t<\/div>\n\t\t\t\t<\/div>\n\t\t\t\t\t<\/div>\n\t\t<\/div>\n\t\t\t\t\t<\/div>\n\t\t<\/section>\n\t\t\t\t<section class=\"elementor-section elementor-top-section elementor-element elementor-element-4aec7cc elementor-section-boxed elementor-section-height-default elementor-section-height-default\" data-id=\"4aec7cc\" data-element_type=\"section\">\n\t\t\t\t\t\t<div class=\"elementor-container elementor-column-gap-default\">\n\t\t\t\t\t<div class=\"elementor-column elementor-col-50 elementor-top-column elementor-element elementor-element-5a4fa31\" data-id=\"5a4fa31\" data-element_type=\"column\">\n\t\t\t<div class=\"elementor-widget-wrap elementor-element-populated\">\n\t\t\t\t\t\t<div class=\"elementor-element elementor-element-c565f9a elementor-widget elementor-widget-text-editor\" data-id=\"c565f9a\" data-element_type=\"widget\" data-widget_type=\"text-editor.default\">\n\t\t\t\t<div class=\"elementor-widget-container\">\n\t\t\t\t\t\t\t\t\t<p><span style=\"color: #0000ff;\"><strong>A f\u00e9nyes Istenarcot<\/strong><\/span>\u00a0<\/p><p>2025.04.13.<\/p>\t\t\t\t\t\t\t\t<\/div>\n\t\t\t\t<\/div>\n\t\t\t\t\t<\/div>\n\t\t<\/div>\n\t\t\t\t<div class=\"elementor-column elementor-col-50 elementor-top-column elementor-element elementor-element-0771a53\" data-id=\"0771a53\" data-element_type=\"column\">\n\t\t\t<div class=\"elementor-widget-wrap elementor-element-populated\">\n\t\t\t\t\t\t<div class=\"elementor-element elementor-element-4f14331 elementor-widget__width-initial elementor-widget elementor-widget-video\" data-id=\"4f14331\" data-element_type=\"widget\" data-settings=\"{&quot;youtube_url&quot;:&quot;https:\\\/\\\/youtu.be\\\/hJCMqni3NSs?si=xRk4sWOxIUGYL_OM&quot;,&quot;video_type&quot;:&quot;youtube&quot;,&quot;controls&quot;:&quot;yes&quot;}\" data-widget_type=\"video.default\">\n\t\t\t\t<div class=\"elementor-widget-container\">\n\t\t\t\t\t\t\t<div class=\"elementor-wrapper elementor-open-inline\">\n\t\t\t<div class=\"elementor-video\"><\/div>\t\t<\/div>\n\t\t\t\t\t\t<\/div>\n\t\t\t\t<\/div>\n\t\t\t\t\t<\/div>\n\t\t<\/div>\n\t\t\t\t\t<\/div>\n\t\t<\/section>\n\t\t\t\t<section class=\"elementor-section elementor-top-section elementor-element elementor-element-b060888 elementor-section-boxed elementor-section-height-default elementor-section-height-default\" data-id=\"b060888\" data-element_type=\"section\">\n\t\t\t\t\t\t<div class=\"elementor-container elementor-column-gap-default\">\n\t\t\t\t\t<div class=\"elementor-column elementor-col-50 elementor-top-column elementor-element elementor-element-cd98d72\" data-id=\"cd98d72\" data-element_type=\"column\">\n\t\t\t<div class=\"elementor-widget-wrap elementor-element-populated\">\n\t\t\t\t\t\t<div class=\"elementor-element elementor-element-fe48f10 elementor-widget elementor-widget-text-editor\" data-id=\"fe48f10\" data-element_type=\"widget\" data-widget_type=\"text-editor.default\">\n\t\t\t\t<div class=\"elementor-widget-container\">\n\t\t\t\t\t\t\t\t\t<p><span style=\"color: #0000ff;\"><strong>Anima Christi <\/strong><\/span><\/p><p>2025.04.13.<\/p><div id=\"gtx-trans\" style=\"position: absolute; left: -40px; top: -24.4444px;\"><div class=\"gtx-trans-icon\">\u00a0<\/div><\/div>\t\t\t\t\t\t\t\t<\/div>\n\t\t\t\t<\/div>\n\t\t\t\t\t<\/div>\n\t\t<\/div>\n\t\t\t\t<div class=\"elementor-column elementor-col-50 elementor-top-column elementor-element elementor-element-317e100\" data-id=\"317e100\" data-element_type=\"column\">\n\t\t\t<div class=\"elementor-widget-wrap elementor-element-populated\">\n\t\t\t\t\t\t<div class=\"elementor-element elementor-element-ede99e4 elementor-widget__width-initial elementor-widget elementor-widget-video\" data-id=\"ede99e4\" data-element_type=\"widget\" data-settings=\"{&quot;youtube_url&quot;:&quot;https:\\\/\\\/youtu.be\\\/mikhWQ2mBN4?si=KqOFeLSVvCAK7C6l&quot;,&quot;video_type&quot;:&quot;youtube&quot;,&quot;controls&quot;:&quot;yes&quot;}\" data-widget_type=\"video.default\">\n\t\t\t\t<div class=\"elementor-widget-container\">\n\t\t\t\t\t\t\t<div class=\"elementor-wrapper elementor-open-inline\">\n\t\t\t<div class=\"elementor-video\"><\/div>\t\t<\/div>\n\t\t\t\t\t\t<\/div>\n\t\t\t\t<\/div>\n\t\t\t\t\t<\/div>\n\t\t<\/div>\n\t\t\t\t\t<\/div>\n\t\t<\/section>\n\t\t\t\t<section class=\"elementor-section elementor-top-section elementor-element elementor-element-7e73899 elementor-section-boxed elementor-section-height-default elementor-section-height-default\" data-id=\"7e73899\" data-element_type=\"section\">\n\t\t\t\t\t\t<div class=\"elementor-container elementor-column-gap-default\">\n\t\t\t\t\t<div class=\"elementor-column elementor-col-50 elementor-top-column elementor-element elementor-element-f766cd3\" data-id=\"f766cd3\" data-element_type=\"column\">\n\t\t\t<div class=\"elementor-widget-wrap elementor-element-populated\">\n\t\t\t\t\t\t<div class=\"elementor-element elementor-element-9ee82c2 elementor-widget elementor-widget-text-editor\" data-id=\"9ee82c2\" data-element_type=\"widget\" data-widget_type=\"text-editor.default\">\n\t\t\t\t<div class=\"elementor-widget-container\">\n\t\t\t\t\t\t\t\t\t<p><strong><span style=\"color: #0000ff;\">Passi\u00f3 r\u00e9szlet &#8211; 1 <\/span><\/strong><\/p><p>2025.04.13.<\/p><div id=\"gtx-trans\" style=\"position: absolute; left: -40px; top: -24.4444px;\"><div class=\"gtx-trans-icon\">\u00a0<\/div><\/div>\t\t\t\t\t\t\t\t<\/div>\n\t\t\t\t<\/div>\n\t\t\t\t\t<\/div>\n\t\t<\/div>\n\t\t\t\t<div class=\"elementor-column elementor-col-50 elementor-top-column elementor-element elementor-element-15ce7ef\" data-id=\"15ce7ef\" data-element_type=\"column\">\n\t\t\t<div class=\"elementor-widget-wrap elementor-element-populated\">\n\t\t\t\t\t\t<div class=\"elementor-element elementor-element-7ea58fe elementor-widget__width-initial elementor-widget elementor-widget-video\" data-id=\"7ea58fe\" data-element_type=\"widget\" data-settings=\"{&quot;youtube_url&quot;:&quot;https:\\\/\\\/youtu.be\\\/sGUjhThrYTk?si=1obD0xoqy3n5c69s&quot;,&quot;video_type&quot;:&quot;youtube&quot;,&quot;controls&quot;:&quot;yes&quot;}\" data-widget_type=\"video.default\">\n\t\t\t\t<div class=\"elementor-widget-container\">\n\t\t\t\t\t\t\t<div class=\"elementor-wrapper elementor-open-inline\">\n\t\t\t<div class=\"elementor-video\"><\/div>\t\t<\/div>\n\t\t\t\t\t\t<\/div>\n\t\t\t\t<\/div>\n\t\t\t\t\t<\/div>\n\t\t<\/div>\n\t\t\t\t\t<\/div>\n\t\t<\/section>\n\t\t\t\t<section class=\"elementor-section elementor-top-section elementor-element elementor-element-9203cf6 elementor-section-boxed elementor-section-height-default elementor-section-height-default\" data-id=\"9203cf6\" data-element_type=\"section\">\n\t\t\t\t\t\t<div class=\"elementor-container elementor-column-gap-default\">\n\t\t\t\t\t<div class=\"elementor-column elementor-col-50 elementor-top-column elementor-element elementor-element-6d6b97d\" data-id=\"6d6b97d\" data-element_type=\"column\">\n\t\t\t<div class=\"elementor-widget-wrap elementor-element-populated\">\n\t\t\t\t\t\t<div class=\"elementor-element elementor-element-07152df elementor-widget elementor-widget-text-editor\" data-id=\"07152df\" data-element_type=\"widget\" data-widget_type=\"text-editor.default\">\n\t\t\t\t<div class=\"elementor-widget-container\">\n\t\t\t\t\t\t\t\t\t<p><strong><span style=\"color: #0000ff;\">Passi\u00f3 r\u00e9szlet &#8211; 2<\/span><\/strong><\/p><p>2025.04.13.<\/p>\t\t\t\t\t\t\t\t<\/div>\n\t\t\t\t<\/div>\n\t\t\t\t\t<\/div>\n\t\t<\/div>\n\t\t\t\t<div class=\"elementor-column elementor-col-50 elementor-top-column elementor-element elementor-element-39a4a8a\" data-id=\"39a4a8a\" data-element_type=\"column\">\n\t\t\t<div class=\"elementor-widget-wrap elementor-element-populated\">\n\t\t\t\t\t\t<div class=\"elementor-element elementor-element-2521e23 elementor-widget__width-initial elementor-widget elementor-widget-video\" data-id=\"2521e23\" data-element_type=\"widget\" data-settings=\"{&quot;youtube_url&quot;:&quot;https:\\\/\\\/youtu.be\\\/gJFh1H8zxA0?si=CP5BTgoXAN-p25m0&quot;,&quot;video_type&quot;:&quot;youtube&quot;,&quot;controls&quot;:&quot;yes&quot;}\" data-widget_type=\"video.default\">\n\t\t\t\t<div class=\"elementor-widget-container\">\n\t\t\t\t\t\t\t<div class=\"elementor-wrapper elementor-open-inline\">\n\t\t\t<div class=\"elementor-video\"><\/div>\t\t<\/div>\n\t\t\t\t\t\t<\/div>\n\t\t\t\t<\/div>\n\t\t\t\t\t<\/div>\n\t\t<\/div>\n\t\t\t\t\t<\/div>\n\t\t<\/section>\n\t\t\t\t<\/div>\n\t\t","protected":false},"excerpt":{"rendered":"<p>Nagy \u00f6r\u00f6m\u00fcnkre k\u00e9t k\u00f3rusnak is helyet tudunk biztos\u00edtani. A kisebbik \u00e9s alkalmi szolg\u00e1latot ny\u00fajt\u00f3 git\u00e1ros \u00e9s ifj\u00fas\u00e1gi csapatunk szentmis\u00e9inket \u00e9s lelkigyakorlatunkat is \u00fajb\u00f3l \u00e9s \u00fajb\u00f3l szebb\u00e9 var\u00e1zsolj\u00e1k. Szeretettel v\u00e1runk ehhez \u00faj tagokat, hogy m\u00e9g jobb kis csapat alakulhasson ki. A m\u00e1sik egy komoly m\u00falttal rendelkez\u0151 k\u00f3rus, a\u00a0Z\u00fcrichi Magyar \u00d6kumenikus Golarits-K\u00f3rus.\u00a0A k\u00f3rus sz\u00f3r\u00f3lapja, flyer &#8211; ide &hellip; <\/p>\n<p class=\"link-more\"><a href=\"https:\/\/magyar-misszio.ch\/?page_id=823\" class=\"more-link\"><span class=\"screen-reader-text\">\u201ek\u00f3rusok\u201c<\/span> weiterlesen<\/a><\/p>\n","protected":false},"author":2,"featured_media":0,"parent":0,"menu_order":0,"comment_status":"closed","ping_status":"closed","template":"","meta":{"footnotes":""},"class_list":["post-823","page","type-page","status-publish","hentry"],"_links":{"self":[{"href":"https:\/\/magyar-misszio.ch\/index.php?rest_route=\/wp\/v2\/pages\/823","targetHints":{"allow":["GET"]}}],"collection":[{"href":"https:\/\/magyar-misszio.ch\/index.php?rest_route=\/wp\/v2\/pages"}],"about":[{"href":"https:\/\/magyar-misszio.ch\/index.php?rest_route=\/wp\/v2\/types\/page"}],"author":[{"embeddable":true,"href":"https:\/\/magyar-misszio.ch\/index.php?rest_route=\/wp\/v2\/users\/2"}],"replies":[{"embeddable":true,"href":"https:\/\/magyar-misszio.ch\/index.php?rest_route=%2Fwp%2Fv2%2Fcomments&post=823"}],"version-history":[{"count":19,"href":"https:\/\/magyar-misszio.ch\/index.php?rest_route=\/wp\/v2\/pages\/823\/revisions"}],"predecessor-version":[{"id":7250,"href":"https:\/\/magyar-misszio.ch\/index.php?rest_route=\/wp\/v2\/pages\/823\/revisions\/7250"}],"wp:attachment":[{"href":"https:\/\/magyar-misszio.ch\/index.php?rest_route=%2Fwp%2Fv2%2Fmedia&parent=823"}],"curies":[{"name":"wp","href":"https:\/\/api.w.org\/{rel}","templated":true}]}}