{"id":826,"date":"2019-02-11T11:07:24","date_gmt":"2019-02-11T11:07:24","guid":{"rendered":"http:\/\/magyar-misszio.ch\/?page_id=826"},"modified":"2019-02-11T11:07:24","modified_gmt":"2019-02-11T11:07:24","slug":"iveloe","status":"publish","type":"page","link":"https:\/\/magyar-misszio.ch\/?page_id=826","title":{"rendered":"ivel\u00f6"},"content":{"rendered":"<p><strong><span style=\"font-size: 14pt; color: #0000ff;\">\u00cdvel\u0151-tal\u00e1lkoz\u00f3k<\/span><\/strong><\/p>\n<p style=\"text-align: justify;\"><img fetchpriority=\"high\" decoding=\"async\" class=\"size-medium wp-image-827 alignright\" src=\"https:\/\/magyar-misszio.ch\/wp-content\/uploads\/2019\/02\/ivelo.jpg-300x172.jpg\" alt=\"\" width=\"300\" height=\"172\" data-id=\"827\" srcset=\"https:\/\/magyar-misszio.ch\/wp-content\/uploads\/2019\/02\/ivelo.jpg-300x172.jpg 300w, https:\/\/magyar-misszio.ch\/wp-content\/uploads\/2019\/02\/ivelo.jpg-768x442.jpg 768w, https:\/\/magyar-misszio.ch\/wp-content\/uploads\/2019\/02\/ivelo.jpg.jpg 887w\" sizes=\"(max-width: 300px) 100vw, 300px\" \/>\u00d6r\u00f6mmel vagyunk h\u00e1zigazd\u00e1i a nyugd\u00edjas testv\u00e9reink \u00f6sszej\u00f6veteleinek (&#8222;\u00e9letkoruk \u00e9s b\u00f6lcsess\u00e9g\u00fck sz\u00e9pen \u00edvel&#8220;). Minden h\u00f3nap els\u0151p\u00e9ntek\u00e9n d\u00e9lut\u00e1n tal\u00e1lkozunk misszi\u00f3nkban egy kis szer\u00e9ny agap\u00e9ra, besz\u00e9lget\u00e9sre. N\u00e9ha egy-k\u00e9t \u00f6tlettel k\u00fcl\u00f6nlegess\u00e9 var\u00e1zsoljuk az egy\u00fcttl\u00e9t\u00fcnket. Szeretettel v\u00e1runk \u00fajakat is!<\/p>\n<p style=\"text-align: justify;\">A tal\u00e1lkoz\u00e1saink\u00a0<span style=\"font-size: 1rem;\">v\u00e9g\u00e9n<\/span><span style=\"font-size: 1rem;\">\u00a0 k\u00fcl\u00f6n\u00f6sen \u00f6r\u00fcl\u00fcnk azoknak, akik az els\u0151p\u00e9nteki szentmis\u00e9n is r\u00e9szt tudnak venni.<\/span><\/p>\n","protected":false},"excerpt":{"rendered":"<p>\u00cdvel\u0151-tal\u00e1lkoz\u00f3k \u00d6r\u00f6mmel vagyunk h\u00e1zigazd\u00e1i a nyugd\u00edjas testv\u00e9reink \u00f6sszej\u00f6veteleinek (&#8222;\u00e9letkoruk \u00e9s b\u00f6lcsess\u00e9g\u00fck sz\u00e9pen \u00edvel&#8220;). Minden h\u00f3nap els\u0151p\u00e9ntek\u00e9n d\u00e9lut\u00e1n tal\u00e1lkozunk misszi\u00f3nkban egy kis szer\u00e9ny agap\u00e9ra, besz\u00e9lget\u00e9sre. N\u00e9ha egy-k\u00e9t \u00f6tlettel k\u00fcl\u00f6nlegess\u00e9 var\u00e1zsoljuk az egy\u00fcttl\u00e9t\u00fcnket. Szeretettel v\u00e1runk \u00fajakat is! A tal\u00e1lkoz\u00e1saink\u00a0v\u00e9g\u00e9n\u00a0 k\u00fcl\u00f6n\u00f6sen \u00f6r\u00fcl\u00fcnk azoknak, akik az els\u0151p\u00e9nteki szentmis\u00e9n is r\u00e9szt tudnak venni.<\/p>\n","protected":false},"author":2,"featured_media":0,"parent":0,"menu_order":0,"comment_status":"closed","ping_status":"closed","template":"","meta":{"footnotes":""},"class_list":["post-826","page","type-page","status-publish","hentry"],"_links":{"self":[{"href":"https:\/\/magyar-misszio.ch\/index.php?rest_route=\/wp\/v2\/pages\/826","targetHints":{"allow":["GET"]}}],"collection":[{"href":"https:\/\/magyar-misszio.ch\/index.php?rest_route=\/wp\/v2\/pages"}],"about":[{"href":"https:\/\/magyar-misszio.ch\/index.php?rest_route=\/wp\/v2\/types\/page"}],"author":[{"embeddable":true,"href":"https:\/\/magyar-misszio.ch\/index.php?rest_route=\/wp\/v2\/users\/2"}],"replies":[{"embeddable":true,"href":"https:\/\/magyar-misszio.ch\/index.php?rest_route=%2Fwp%2Fv2%2Fcomments&post=826"}],"version-history":[{"count":1,"href":"https:\/\/magyar-misszio.ch\/index.php?rest_route=\/wp\/v2\/pages\/826\/revisions"}],"predecessor-version":[{"id":828,"href":"https:\/\/magyar-misszio.ch\/index.php?rest_route=\/wp\/v2\/pages\/826\/revisions\/828"}],"wp:attachment":[{"href":"https:\/\/magyar-misszio.ch\/index.php?rest_route=%2Fwp%2Fv2%2Fmedia&parent=826"}],"curies":[{"name":"wp","href":"https:\/\/api.w.org\/{rel}","templated":true}]}}