{"id":829,"date":"2019-02-11T11:18:50","date_gmt":"2019-02-11T11:18:50","guid":{"rendered":"http:\/\/magyar-misszio.ch\/?page_id=829"},"modified":"2019-02-12T13:41:43","modified_gmt":"2019-02-12T13:41:43","slug":"iskola-ovoda","status":"publish","type":"page","link":"https:\/\/magyar-misszio.ch\/?page_id=829","title":{"rendered":"iskola-ov\u00f3da"},"content":{"rendered":"<p><span style=\"color: #0000ff;\"><strong><span style=\"font-size: 14pt;\">A Z\u00fcrichi Magyar Iskola \u00e9s \u00d3voda<\/span><\/strong><\/span><\/p>\n<p style=\"text-align: justify;\">egy-egy csoportj\u00e1nak is helyet tudunk biztos\u00edtani, melyet \u00f6r\u00f6mmel tesz\u00fcnk, \u00e9s k\u00edv\u00e1njuk a tan\u00e1roknak \u00e9s sz\u00fcl\u0151knek, hogy az Isten \u00e9s az emberer el\u0151tt kedves gyermekeikb\u0151l igazi magyar \u00e9rz\u00e9s\u0171 feln\u0151ttek v\u00e1ljanak a seg\u00edts\u00e9g\u00fckkel. Az otthonunkat biztos\u00edt\u00f3 Bruder Klaus Katholische Pfarrei is sz\u00edvesen ad helyet az iskola nagyobb rendezv\u00e9nyeinek.<\/p>\n<p>Az\u00a0 iskola honlapj\u00e1nak c\u00edme:\u00a0<a href=\"http:\/\/www.magyar-iskola.ch\/\" target=\"_blank\" rel=\"noopener\">www.magyar-iskola.ch<\/a><\/p>\n<p><strong><img fetchpriority=\"high\" decoding=\"async\" class=\"size-medium wp-image-856 alignleft\" src=\"https:\/\/magyar-misszio.ch\/wp-content\/uploads\/2019\/02\/iskola-montazs.jpg-300x219.jpg\" alt=\"\" width=\"300\" height=\"219\" data-id=\"856\" srcset=\"https:\/\/magyar-misszio.ch\/wp-content\/uploads\/2019\/02\/iskola-montazs.jpg-300x219.jpg 300w, https:\/\/magyar-misszio.ch\/wp-content\/uploads\/2019\/02\/iskola-montazs.jpg.jpg 713w\" sizes=\"(max-width: 300px) 100vw, 300px\" \/>A foglalkoz\u00e1sokr\u00f3l egy besz\u00e1mol\u00f3t olvashatunk most itt <\/strong>(a cikk megjelent a Magyarh\u00e1z H\u00edrmond\u00f3 2018-as sz\u00e1m\u00e1ban is):<\/p>\n<p style=\"text-align: justify;\"><em>Magyar iskola \u00e9s \u00f3voda Z\u00fcrichben<strong><br \/>\n<\/strong>A z\u00fcrichi iskol\u00e1kban augusztus 20-\u00e1n kezd\u0151d\u00f6tt id\u00e9n a tan\u00e9v, \u00edgy nem csoda, hogy okt\u00f3ber els\u0151 het\u00e9ben m\u00e1r \u0151szi sz\u00fcnetre engedik a nebul\u00f3kat. Az egy hetes pihen\u0151 el\u0151tti utols\u00f3 tan\u00edt\u00e1si napon l\u00e1togattam el a magyar iskol\u00e1ba, amely minden szombat d\u00e9lel\u0151tt kilenc \u00f3rakor veszi kezdet\u00e9t \u00e9s d\u00e9lut\u00e1n egy \u00f3r\u00e1ig tart a Magyar Misszi\u00f3 \u00e9p\u00fclet\u00e9ben.<\/em><\/p>\n<p style=\"text-align: justify;\"><em>A gyerekek \u00e9letkor szerint h\u00e1rom csoportba osztva tanulnak az erre az alkalomra oszt\u00e1lyteremnek berendezett gy\u00fclekezeti helyis\u00e9gekben. Az asztalok term\u00e9szetesen k\u00f6rben vagy U-alakban vannak elrendezve, \u00edgy az otthon megszokott front\u00e1lis el\u0151ad\u00e1sm\u00f3d helyett mindenhol csoportos foglalkoz\u00e1s zajlik. A legkisebbeket tan\u00edt\u00f3 Demeter Andrea elmondta, hogy a csoportj\u00e1ban tanul\u00f3 12 gyerek k\u00f6z\u00fcl mind\u00f6ssze n\u00e9gy olyan van, akinek mindk\u00e9t sz\u00fcl\u0151je magyar. A t\u00f6bbiek k\u00e9t- vagy h\u00e1rom nyelv\u0171 csal\u00e1db\u00f3l sz\u00e1rmaznak, ahol nem a magyart haszn\u00e1lj\u00e1k a legt\u00f6bbet otthon, \u00edgy a gyerekek sz\u00f3kincse is sz\u0171k\u00f6sebb. Andrea \u00f3r\u00e1in Meixner Ildik\u00f3 diszlexiaprevenci\u00f3s olvas\u00e1stan\u00edt\u00e1s\u00e1t alkalmazza, rengeteg interakt\u00edv j\u00e1t\u00e9kkal, rajzol\u00e1ssal, sz\u00ednez\u00e9ssel t\u00e9ve \u00e1t\u00e9lhet\u0151v\u00e9 a bet\u0171k megismer\u00e9s\u00e9t a gyerekek sz\u00e1m\u00e1ra.<\/em><\/p>\n<p style=\"text-align: justify;\"><em>A z\u00fcrichi magyar iskola \u00e9s \u00f3voda pedag\u00f3gusainak koordin\u00e1tor\u00e1t\u00f3l, Kardos Katalint\u00f3l megtudtam, hogy Z\u00fcrichben egyszerre h\u00e1rom k\u00fcl\u00f6nb\u00f6z\u0151 helyen folyik szombatonk\u00e9nt magyar tan\u00edt\u00e1s 3-14 \u00e9ves gyerekek r\u00e9sz\u00e9re. Ennek oka, hogy nem tal\u00e1ltak olyan helysz\u00ednt, amely egyszerre mind a t\u00edz csoportot be tudn\u00e1 fogadni. Csak az \u00f3vod\u00e1sok h\u00e1rom, egyenk\u00e9nt 20-25 f\u0151s csoportot tesznek ki, \u00e9s jelenleg m\u00e9g heten vannak v\u00e1r\u00f3list\u00e1n. Nagy seg\u00edts\u00e9g, hogy Z\u00fcrich kanton p\u00e1ly\u00e1zatok \u00fatj\u00e1n ingyenesen biztos\u00edt tantermet az idegen anyanyelv\u0171 lakosok \u00e1ltal alap\u00edtott iskol\u00e1k r\u00e9sz\u00e9re. \u00cdgy siker\u00fcl a magyar oszt\u00e1lyok helyig\u00e9ny\u00e9t is kiel\u00e9g\u00edteni.<\/em><\/p>\n<p style=\"text-align: justify;\"><em>A magyar iskol\u00e1t \u00f6n\u00e1ll\u00f3 kezdem\u00e9nyez\u00e9sk\u00e9nt 25 \u00e9vvel ezel\u0151tt alap\u00edtotta h\u00e1rom mag\u00e1nszem\u00e9ly, k\u00f6zt\u00fck Golarits Gy\u00f6ngyi tan\u00edt\u00f3n\u0151, akinek f\u00e9rje a sv\u00e1jci magyars\u00e1g k\u00f6r\u00e9ben k\u00f6zkedvelt Golarits k\u00f3rus atyja volt. Jelenleg \u00f6sszesen mintegy 145 gyermek l\u00e1togatja a szombati magyar \u00f3voda \u00e9s iskola \u00f3r\u00e1it Z\u00fcrichben. Az iskola \u00e1ltal adott \u00e9rdemjegyek beker\u00fclnek a hivatalos kanton\u00e1lis iskolai bizony\u00edtv\u00e1nyba is, a k\u00fcl\u00f6n erre a c\u00e9lra fenntartott anyanyelv \u00e9s kult\u00fara rovatba. A magyar iskola di\u00e1kjai nagyon k\u00fcl\u00f6nb\u00f6z\u0151 csal\u00e1di k\u00f6rnyezetb\u0151l \u00e9rkeznek. Van, aki nemr\u00e9g k\u00f6lt\u00f6z\u00f6tt sz\u00fcleivel Sv\u00e1jcba Magyarorsz\u00e1gr\u00f3l, van, aki m\u00e1r itt sz\u00fcletett magyar sz\u00fcl\u0151kt\u0151l, de van, akinek csal\u00e1dj\u00e1ban csak az egyik sz\u00fcl\u0151 vagy nagysz\u00fcl\u0151 magyar. A k\u00f6z\u00f6s benn\u00fck, hogy otthon fontosnak mindannyian tartj\u00e1k a k\u00f6vetkez\u0151 nemzed\u00e9k megismertet\u00e9s\u00e9t a magyar nyelv \u00e9s kult\u00fara alapjaival. A tanul\u00f3k \u00e9rt\u00e9kel\u00e9se ennek megfelel\u0151en teljesen szem\u00e9lyre szabott, saj\u00e1t egy\u00e9ni fejl\u0151d\u00e9s\u00fckh\u00f6z m\u00e9rt.\u00a0<\/em><\/p>\n<p style=\"text-align: justify;\"><em>Az iskolai \u00e9s f\u0151leg \u00f3vodai t\u00faljelentkez\u00e9s mellett a lemorzsol\u00f3d\u00e1s is \u00e1lland\u00f3. El\u0151fordul, hogy egy-egy csal\u00e1d m\u00e1s kantonba, m\u00e1s orsz\u00e1gba k\u00f6lt\u00f6zik, de legut\u00f3bb arra is volt p\u00e9lda, hogy k\u00e9t csal\u00e1d Magyarorsz\u00e1gon folytatta \u00e9let\u00e9t, pedig a sz\u00fcl\u0151k m\u00e1r Sv\u00e1jcban sz\u00fclettek. A z\u00fcrichi magyar \u00f3vod\u00e1ban \u00e9s iskol\u00e1ban jelenleg tizenh\u00e1rom pedag\u00f3gus foglalkozik a gyerekekkel, k\u00f6z\u00fcl\u00fck mindegyik\u00fck tan\u00e1ri v\u00e9gzetts\u00e9ggel rendelkezik.<\/em><\/p>\n<p style=\"text-align: justify;\"><em>Pontban d\u00e9lut\u00e1n egy \u00f3r\u00e1ra meg\u00e9rkeznek a sz\u00fcl\u0151k, nagysz\u00fcl\u0151k a gyerekek\u00e9rt. A Bruder Klaus pl\u00e9b\u00e1niatemplom gy\u00fclekezeti termei egykett\u0151re ki\u00fcr\u00fclnek, hogy helyet adjanak a d\u00e9lut\u00e1n kezd\u0151d\u0151 cserk\u00e9szfoglalkoz\u00e1soknak. A villamoson az egyik hazafel\u00e9 tart\u00f3 magyar csal\u00e1d foglal helyet m\u00f6g\u00f6ttem. A gyerekek hangosan, felszabadultan mes\u00e9lik \u00e9desanyjuknak, mi mindent tanultak ma a szombati magyar iskol\u00e1ban. P\u00e1r meg\u00e1ll\u00f3 erej\u00e9ig otthonos \u00e9rz\u00e9s fog el. Miut\u00e1n lesz\u00e1llnak, az ill\u00fazi\u00f3 v\u00e9get \u00e9r. A villamos k\u00f6z\u00f6mb\u00f6s hangon jelenti be a k\u00f6vetkez\u0151 meg\u00e1ll\u00f3t.<\/em><br \/>\n<em>A cikk szerz\u0151je:\u00a0 Ferk\u00f3 Zolt\u00e1n<\/em><\/p>\n","protected":false},"excerpt":{"rendered":"<p>A Z\u00fcrichi Magyar Iskola \u00e9s \u00d3voda egy-egy csoportj\u00e1nak is helyet tudunk biztos\u00edtani, melyet \u00f6r\u00f6mmel tesz\u00fcnk, \u00e9s k\u00edv\u00e1njuk a tan\u00e1roknak \u00e9s sz\u00fcl\u0151knek, hogy az Isten \u00e9s az emberer el\u0151tt kedves gyermekeikb\u0151l igazi magyar \u00e9rz\u00e9s\u0171 feln\u0151ttek v\u00e1ljanak a seg\u00edts\u00e9g\u00fckkel. Az otthonunkat biztos\u00edt\u00f3 Bruder Klaus Katholische Pfarrei is sz\u00edvesen ad helyet az iskola nagyobb rendezv\u00e9nyeinek. Az\u00a0 iskola honlapj\u00e1nak &hellip; <\/p>\n<p class=\"link-more\"><a href=\"https:\/\/magyar-misszio.ch\/?page_id=829\" class=\"more-link\"><span class=\"screen-reader-text\">\u201eiskola-ov\u00f3da\u201c<\/span> weiterlesen<\/a><\/p>\n","protected":false},"author":2,"featured_media":0,"parent":0,"menu_order":0,"comment_status":"closed","ping_status":"closed","template":"","meta":{"footnotes":""},"class_list":["post-829","page","type-page","status-publish","hentry"],"_links":{"self":[{"href":"https:\/\/magyar-misszio.ch\/index.php?rest_route=\/wp\/v2\/pages\/829","targetHints":{"allow":["GET"]}}],"collection":[{"href":"https:\/\/magyar-misszio.ch\/index.php?rest_route=\/wp\/v2\/pages"}],"about":[{"href":"https:\/\/magyar-misszio.ch\/index.php?rest_route=\/wp\/v2\/types\/page"}],"author":[{"embeddable":true,"href":"https:\/\/magyar-misszio.ch\/index.php?rest_route=\/wp\/v2\/users\/2"}],"replies":[{"embeddable":true,"href":"https:\/\/magyar-misszio.ch\/index.php?rest_route=%2Fwp%2Fv2%2Fcomments&post=829"}],"version-history":[{"count":4,"href":"https:\/\/magyar-misszio.ch\/index.php?rest_route=\/wp\/v2\/pages\/829\/revisions"}],"predecessor-version":[{"id":857,"href":"https:\/\/magyar-misszio.ch\/index.php?rest_route=\/wp\/v2\/pages\/829\/revisions\/857"}],"wp:attachment":[{"href":"https:\/\/magyar-misszio.ch\/index.php?rest_route=%2Fwp%2Fv2%2Fmedia&parent=829"}],"curies":[{"name":"wp","href":"https:\/\/api.w.org\/{rel}","templated":true}]}}