{"id":832,"date":"2019-02-11T11:25:31","date_gmt":"2019-02-11T11:25:31","guid":{"rendered":"http:\/\/magyar-misszio.ch\/?page_id=832"},"modified":"2019-02-11T11:47:18","modified_gmt":"2019-02-11T11:47:18","slug":"832-2","status":"publish","type":"page","link":"https:\/\/magyar-misszio.ch\/?page_id=832","title":{"rendered":"aper\u00f3"},"content":{"rendered":"<p><strong><span style=\"font-size: 14pt; color: #0000ff;\">Szentmis\u00e9k ut\u00e1ni aper\u00f3&#8230;<\/span><\/strong><\/p>\n<p style=\"text-align: justify;\"><img fetchpriority=\"high\" decoding=\"async\" class=\"size-medium wp-image-833 alignright\" src=\"https:\/\/magyar-misszio.ch\/wp-content\/uploads\/2019\/02\/apero.jpg-300x176.jpg\" alt=\"\" width=\"300\" height=\"176\" data-id=\"833\" srcset=\"https:\/\/magyar-misszio.ch\/wp-content\/uploads\/2019\/02\/apero.jpg-300x176.jpg 300w, https:\/\/magyar-misszio.ch\/wp-content\/uploads\/2019\/02\/apero.jpg-768x452.jpg 768w, https:\/\/magyar-misszio.ch\/wp-content\/uploads\/2019\/02\/apero.jpg.jpg 971w\" sizes=\"(max-width: 300px) 100vw, 300px\" \/>Egyed\u00fcl nem lehet kereszt\u00e9nynek lenni, sz\u00fcks\u00e9ge van mindenkinek egy k\u00f6z\u00f6ss\u00e9gre. Az is t\u00fal kev\u00e9s, hogy csak egy-egy szentmis\u00e9n egy\u00fctt legyek valakivel. Egyik c\u00e9lunk teh\u00e1t, hogy a kedves testv\u00e9rek megtal\u00e1lj\u00e1k a hely\u00fcket valamilyen rendszeres k\u00f6z\u00f6ss\u00e9gi egy\u00fcttl\u00e9tban. M\u00e1r a szentmis\u00e9k ut\u00e1ni aper\u00f3 (k\u00e1v\u00e9z\u00e1s, boroz\u00e1s, \u00fcd\u00edt\u0151z\u00e9s&#8230;) is j\u00f3 alkalom erre, \u00e9s nagy \u00f6r\u00f6m t\u00f6lt el benn\u00fcnket, hogy hol kevesebben, de ink\u00e1bb t\u00f6bben kihaszn\u00e1lj\u00e1k ezt az alkalmat. A l\u00e1that\u00f3 k\u00e9pen k\u00edv\u00fcl m\u00e9g van m\u00e1s kisebb term\u00fcnk is, teh\u00e1t mindenkit szeretettel v\u00e1runk!<\/p>\n","protected":false},"excerpt":{"rendered":"<p>Szentmis\u00e9k ut\u00e1ni aper\u00f3&#8230; Egyed\u00fcl nem lehet kereszt\u00e9nynek lenni, sz\u00fcks\u00e9ge van mindenkinek egy k\u00f6z\u00f6ss\u00e9gre. Az is t\u00fal kev\u00e9s, hogy csak egy-egy szentmis\u00e9n egy\u00fctt legyek valakivel. Egyik c\u00e9lunk teh\u00e1t, hogy a kedves testv\u00e9rek megtal\u00e1lj\u00e1k a hely\u00fcket valamilyen rendszeres k\u00f6z\u00f6ss\u00e9gi egy\u00fcttl\u00e9tban. M\u00e1r a szentmis\u00e9k ut\u00e1ni aper\u00f3 (k\u00e1v\u00e9z\u00e1s, boroz\u00e1s, \u00fcd\u00edt\u0151z\u00e9s&#8230;) is j\u00f3 alkalom erre, \u00e9s nagy \u00f6r\u00f6m t\u00f6lt el &hellip; <\/p>\n<p class=\"link-more\"><a href=\"https:\/\/magyar-misszio.ch\/?page_id=832\" class=\"more-link\"><span class=\"screen-reader-text\">\u201eaper\u00f3\u201c<\/span> weiterlesen<\/a><\/p>\n","protected":false},"author":2,"featured_media":0,"parent":0,"menu_order":0,"comment_status":"closed","ping_status":"closed","template":"","meta":{"footnotes":""},"class_list":["post-832","page","type-page","status-publish","hentry"],"_links":{"self":[{"href":"https:\/\/magyar-misszio.ch\/index.php?rest_route=\/wp\/v2\/pages\/832","targetHints":{"allow":["GET"]}}],"collection":[{"href":"https:\/\/magyar-misszio.ch\/index.php?rest_route=\/wp\/v2\/pages"}],"about":[{"href":"https:\/\/magyar-misszio.ch\/index.php?rest_route=\/wp\/v2\/types\/page"}],"author":[{"embeddable":true,"href":"https:\/\/magyar-misszio.ch\/index.php?rest_route=\/wp\/v2\/users\/2"}],"replies":[{"embeddable":true,"href":"https:\/\/magyar-misszio.ch\/index.php?rest_route=%2Fwp%2Fv2%2Fcomments&post=832"}],"version-history":[{"count":3,"href":"https:\/\/magyar-misszio.ch\/index.php?rest_route=\/wp\/v2\/pages\/832\/revisions"}],"predecessor-version":[{"id":913,"href":"https:\/\/magyar-misszio.ch\/index.php?rest_route=\/wp\/v2\/pages\/832\/revisions\/913"}],"wp:attachment":[{"href":"https:\/\/magyar-misszio.ch\/index.php?rest_route=%2Fwp%2Fv2%2Fmedia&parent=832"}],"curies":[{"name":"wp","href":"https:\/\/api.w.org\/{rel}","templated":true}]}}