{"id":84,"date":"2017-12-01T16:32:45","date_gmt":"2017-12-01T16:32:45","guid":{"rendered":"http:\/\/magyar-misszio.ch\/?page_id=84"},"modified":"2017-12-01T16:48:58","modified_gmt":"2017-12-01T16:48:58","slug":"krisztusfuezer-lelkiseg","status":"publish","type":"page","link":"https:\/\/magyar-misszio.ch\/?page_id=84","title":{"rendered":"Krisztusf\u00fcz\u00e9r-lelkis\u00e9g"},"content":{"rendered":"<p><a href=\"\/wp-content\/uploads\/2015\/07\/krffelirat.jpg\"><img fetchpriority=\"high\" decoding=\"async\" class=\"aligncenter wp-image-90 size-full\" src=\"https:\/\/magyar-misszio.ch\/wp-content\/uploads\/2017\/12\/krffelirat.jpg\" alt=\"\" width=\"993\" height=\"172\" data-id=\"90\" srcset=\"https:\/\/magyar-misszio.ch\/wp-content\/uploads\/2017\/12\/krffelirat.jpg 993w, https:\/\/magyar-misszio.ch\/wp-content\/uploads\/2017\/12\/krffelirat-300x52.jpg 300w, https:\/\/magyar-misszio.ch\/wp-content\/uploads\/2017\/12\/krffelirat-768x133.jpg 768w\" sizes=\"(max-width: 767px) 89vw, (max-width: 1000px) 54vw, (max-width: 1071px) 543px, 580px\" \/><\/a><\/p>\n<p><span style=\"color: #0000ff;\">A Krisztusf\u00fcz\u00e9r egy t\u00f6bb szempontb\u00f3l is <span style=\"color: #993300;\">hi\u00e1nyp\u00f3tl\u00f3 imaf\u00fcz\u00e9r<\/span>:<\/span><br \/>\n<span style=\"color: #0000ff;\">&#8211; seg\u00edt megtanulni elm\u00e9lkedve im\u00e1dkozni (teh\u00e1t nincsenek k\u00f6telez\u0151en mondott im\u00e1k hozz\u00e1)<\/span><br \/>\n<span style=\"color: #0000ff;\">&#8211; seg\u00edt r\u00e1tal\u00e1lni a csendes id\u0151k fontoss\u00e1g\u00e1ra<\/span><br \/>\n<span style=\"color: #0000ff;\">&#8211; a kereszt\u00e9ny hit l\u00e9nyeg\u00e9r\u0151l sz\u00f3l: J\u00e9zussal val\u00f3 kapcsolat meger\u0151s\u00edt\u00e9s\u00e9r\u0151l<\/span><\/p>\n<p><img decoding=\"async\" class=\"alignleft wp-image-88\" src=\"https:\/\/magyar-misszio.ch\/wp-content\/uploads\/2017\/12\/krf_konyv-211x300-150x150.jpg\" alt=\"\" width=\"110\" height=\"157\" data-id=\"88\" \/><\/p>\n<p style=\"text-align: justify;\"><span style=\"color: #0000ff;\">Ez a kezdem\u00e9nyez\u00e9s Sv\u00e9dorsz\u00e1gb\u00f3l indult el. <strong>N\u00e9metorsz\u00e1gban<\/strong> felkarolta a hamburgi katolikus egyh\u00e1zmegye \u00e9s az els\u0151 \u00f6kumenikus orsz\u00e1gos imanapon a kereszt\u00e9ny egyh\u00e1zak sz\u00e1m\u00e1ra aj\u00e1nlott \u00faj imaformak\u00e9nt mutatt\u00e1k be. <\/span><br \/>\n<span style=\"color: #0000ff;\">Magyarorsz\u00e1gon \u00e9s <span style=\"color: #993300;\">a magyar nyelvter\u00fclet sz\u00e1m\u00e1ra magam lettem ennek apostola<\/span>. Aj\u00e1nl\u00e1st \u00edrt k\u00f6nyvemhez Anselm Gr\u00fcn szerzetes, \u00e9s az egyik legakt\u00edvabb magyar p\u00fcsp\u00f6k, dr. Beer Mikl\u00f3s, aki magas egyh\u00e1zi enged\u00e9lyt \u00e9s aj\u00e1nl\u00e1st adott hozz\u00e1 (\u00e9rdemes elolvasni <span style=\"color: #33cccc;\"><a style=\"color: #33cccc;\" href=\"http:\/\/www.krisztusfuzer.hu\/tarhely\/index.php\" target=\"_blank\" rel=\"noopener\">aj\u00e1nl\u00e1s\u00e1t itt&#8230;<\/a><\/span>). Mikl\u00f3s p\u00fcsp\u00f6k atya r\u00f6gt\u00f6n felismerte (m\u00e1r kor\u00e1bban, miel\u0151tt m\u00e9g elkezd\u0151d\u00f6tt volna magyar nyelven is az imaf\u00fcz\u00e9r ismertet\u00e9se), hogy ez egy sz\u00e9p seg\u00edts\u00e9ge az emberi l\u00e9leknek az Isten fel\u00e9, \u00e9s \u0151 nevezte el\u0151sz\u00f6r egy \u00faj lelkis\u00e9gnek is.<\/span><\/p>\n<p><img decoding=\"async\" class=\"alignright wp-image-86\" src=\"https:\/\/magyar-misszio.ch\/wp-content\/uploads\/2017\/12\/krf_cd-300x210-300x210.jpg\" alt=\"\" width=\"264\" height=\"185\" data-id=\"86\" \/><\/p>\n<p style=\"text-align: justify;\"><span style=\"color: #0000ff;\">Ez\u00e9rt pr\u00f3b\u00e1ltam felkarolni magyar nyelven is ezt a lelkis\u00e9get \u00e9s ehhez m\u00e9g egy cd-kiadv\u00e1ny is l\u00e9trej\u00f6tt. Az \u00e9nekekbe belehallgathatunk <span style=\"color: #33cccc;\"><a style=\"color: #33cccc;\" href=\"http:\/\/www.krisztusfuzer.hu\/enekek.php\" target=\"_blank\" rel=\"noopener\">ide kattintva&#8230; <\/a><\/span>Ezen fel\u00fcl egy m\u00e9ly mondanival\u00f3j\u00fa vide\u00f3klippet <span style=\"color: #33cccc;\"><a style=\"color: #33cccc;\" href=\"https:\/\/www.youtube.com\/watch?v=Ckpf33qmTu8&amp;feature=youtu.be\" target=\"_blank\" rel=\"noopener\">itt tal\u00e1ljuk meg<\/a>.<\/span><\/span><\/p>\n<p><img loading=\"lazy\" decoding=\"async\" class=\"size-full wp-image-87 aligncenter\" src=\"https:\/\/magyar-misszio.ch\/wp-content\/uploads\/2017\/12\/krf_klipp.jpg\" alt=\"\" width=\"287\" height=\"192\" data-id=\"87\" \/><\/p>\n<p style=\"text-align: justify;\"><span style=\"color: #0000ff;\">A legfontosabb az imaf\u00fcz\u00e9rr\u0151l sz\u00f3lva, hogy hozz\u00e1seg\u00edtsen ez az imaf\u00fcz\u00e9r lelk\u00fcnk nagyobb b\u00e9k\u00e9j\u00e9nek megtal\u00e1l\u00e1s\u00e1hoz, \u00e9s az J\u00e9zussal val\u00f3 szem\u00e9lyes szeretet-kapcsolatunk elm\u00e9ly\u00edt\u00e9s\u00e9hez. <span style=\"color: #ff0000;\">Mi jellemzi teh\u00e1t ezt a lelkis\u00e9get?<\/span><\/span><br \/>\n<span style=\"color: #ff0000;\">&#8211; Krisztusk\u00f6zpont\u00fas\u00e1g<\/span><br \/>\n<span style=\"color: #ff0000;\">&#8211; elm\u00e9lked\u0151 im\u00e1ra val\u00f3 buzd\u00edt\u00e1s<\/span><br \/>\n<span style=\"color: #ff0000;\">&#8211; csend szeretet\u00e9re val\u00f3 \u00f6szt\u00f6nz\u00e9s<\/span><br \/>\n<span style=\"color: #ff0000;\">&#8211; k\u00f6z\u00f6ss\u00e9gi im\u00e1ds\u00e1gokhoz \u00e9s besz\u00e9lget\u00e9sekhez a legfontosabb k\u00e9rd\u00e9seket veti fel<\/span><br \/>\n<span style=\"color: #ff0000;\">&#8211; egy lehet\u0151s\u00e9g a k\u00f6z\u00f6s kereszt\u00e9ny (\u00f6kumenikus) im\u00e1ds\u00e1gokhoz<\/span><br \/>\n<span style=\"color: #ff0000;\">&#8211; Istent keres\u0151 emberek sz\u00e1m\u00e1ra, katekumenek sz\u00e1m\u00e1ra (\u00e9s hittanosok sz\u00e1m\u00e1ra is) \u00fatmutat\u00f3<\/span><\/p>\n<p><img loading=\"lazy\" decoding=\"async\" class=\"wp-image-95 size-full alignright\" src=\"https:\/\/magyar-misszio.ch\/wp-content\/uploads\/2017\/12\/f\u00fczet.jpg-e1512146823296.jpg\" alt=\"\" width=\"100\" height=\"140\" data-id=\"95\" \/>A k\u00f6nyv ut\u00e1n egy kis misszi\u00f3s f\u00fczet is megjelent magyar nyelven (melynek ford\u00edt\u00e1sa n\u00e9met \u00e9s angol nyelvre folyamatban van), melyet mind h\u00edv\u0151k, mind hitetlenek ill. nyitott keres\u0151 emberek kez\u00e9be oda lehet adni (pl. rokonaink, ismer\u0151seink egyszer\u0171 megsz\u00f3l\u00edt\u00e1sa).<\/p>\n<p>&nbsp;<\/p>\n<p style=\"text-align: justify;\"><span style=\"color: #0000ff;\">A Testi-lelki Seg\u00edts\u00e9g Alap\u00edtv\u00e1ny (melynek alap\u00edt\u00f3ja vagyok) egyik feladata, hogy az \u00faj imaf\u00fcz\u00e9r magyar terjeszt\u00e9s\u00e9r\u0151l atyailag gondoskodjon.\u00a0<\/span><img loading=\"lazy\" decoding=\"async\" class=\"alignleft wp-image-89 size-medium\" style=\"font-size: 1rem;\" src=\"https:\/\/magyar-misszio.ch\/wp-content\/uploads\/2017\/12\/krf_weba-300x71-300x71.jpg\" alt=\"\" width=\"300\" height=\"71\" data-id=\"89\" \/><span style=\"color: #0000ff; font-size: 1rem;\">A web\u00e1ruh\u00e1zon kereszt\u00fcl (<\/span><span style=\"color: #33cccc;\"><a style=\"color: #33cccc;\" href=\"http:\/\/www.eljvele.hu\/alapitvany\/webshop\/\" target=\"_blank\" rel=\"noopener\">ide kattintva&#8230;<\/a><\/span><span style=\"color: #0000ff; font-size: 1rem;\">) hozz\u00e1 lehet jutni az imaf\u00fcz\u00e9rhez \u00e9s hozz\u00e1 tartoz\u00f3 seg\u00e9deszk\u00f6z\u00f6kh\u00f6z. Az alap\u00edtv\u00e1nyok kereszt\u00fcl pedig k\u00f6z\u00f6s karitat\u00edv c\u00e9lokat is meg lehet val\u00f3s\u00edtani.<\/span><\/p>\n<p style=\"text-align: justify;\"><span style=\"color: #0000ff;\">A Sv\u00e1jban \u00e9l\u0151k k\u00f6zvetlen\u00fcl is megv\u00e1s\u00e1rolhatj\u00e1k &#8211; korl\u00e1tozott sz\u00e1mban &#8211; misszi\u00f3nk seg\u00edts\u00e9g\u00e9vel (k\u00f6nyv,cd, imaf\u00fcz\u00e9r 7-7-8 Eur\u00f3). A Krisztusf\u00fcz\u00e9r-levelez\u0151 list\u00e1ra is lehet <span style=\"color: #33cccc;\"><a style=\"color: #33cccc;\" href=\"http:\/\/form1.listamester.hu\/forms\/4197\/27000.html\" target=\"_blank\" rel=\"noopener\">ide kattintva&#8230;<\/a><\/span> jelentkezni.<\/span><\/p>\n<p style=\"text-align: justify;\"><span style=\"color: #0000ff;\">Szeretettel aj\u00e1nljuk az err\u0151l sz\u00f3l\u00f3 honlapot, ahol m\u00e9g nagyon sok mindenr\u0151l sz\u00f3 van: <span style=\"color: #ff0000;\"><a style=\"color: #ff0000;\" href=\"http:\/\/www.krisztusfuzer.hu\/\" target=\"_blank\" rel=\"noopener\">www.krisztusfuzer.hu <\/a><\/span><\/span><\/p>\n<p style=\"text-align: right;\"><em>P\u00e9ter atya<\/em><\/p>\n<p><img loading=\"lazy\" decoding=\"async\" class=\"aligncenter wp-image-85 size-full\" src=\"https:\/\/magyar-misszio.ch\/wp-content\/uploads\/2017\/12\/krf.jpg\" alt=\"\" width=\"565\" height=\"329\" data-id=\"85\" srcset=\"https:\/\/magyar-misszio.ch\/wp-content\/uploads\/2017\/12\/krf.jpg 565w, https:\/\/magyar-misszio.ch\/wp-content\/uploads\/2017\/12\/krf-300x175.jpg 300w\" sizes=\"(max-width: 565px) 100vw, 565px\" \/><\/p>\n","protected":false},"excerpt":{"rendered":"<p>A Krisztusf\u00fcz\u00e9r egy t\u00f6bb szempontb\u00f3l is hi\u00e1nyp\u00f3tl\u00f3 imaf\u00fcz\u00e9r: &#8211; seg\u00edt megtanulni elm\u00e9lkedve im\u00e1dkozni (teh\u00e1t nincsenek k\u00f6telez\u0151en mondott im\u00e1k hozz\u00e1) &#8211; seg\u00edt r\u00e1tal\u00e1lni a csendes id\u0151k fontoss\u00e1g\u00e1ra &#8211; a kereszt\u00e9ny hit l\u00e9nyeg\u00e9r\u0151l sz\u00f3l: J\u00e9zussal val\u00f3 kapcsolat meger\u0151s\u00edt\u00e9s\u00e9r\u0151l Ez a kezdem\u00e9nyez\u00e9s Sv\u00e9dorsz\u00e1gb\u00f3l indult el. N\u00e9metorsz\u00e1gban felkarolta a hamburgi katolikus egyh\u00e1zmegye \u00e9s az els\u0151 \u00f6kumenikus orsz\u00e1gos imanapon a &hellip; <\/p>\n<p class=\"link-more\"><a href=\"https:\/\/magyar-misszio.ch\/?page_id=84\" class=\"more-link\"><span class=\"screen-reader-text\">\u201eKrisztusf\u00fcz\u00e9r-lelkis\u00e9g\u201c<\/span> weiterlesen<\/a><\/p>\n","protected":false},"author":1,"featured_media":0,"parent":0,"menu_order":0,"comment_status":"closed","ping_status":"closed","template":"","meta":{"footnotes":""},"class_list":["post-84","page","type-page","status-publish","hentry"],"_links":{"self":[{"href":"https:\/\/magyar-misszio.ch\/index.php?rest_route=\/wp\/v2\/pages\/84","targetHints":{"allow":["GET"]}}],"collection":[{"href":"https:\/\/magyar-misszio.ch\/index.php?rest_route=\/wp\/v2\/pages"}],"about":[{"href":"https:\/\/magyar-misszio.ch\/index.php?rest_route=\/wp\/v2\/types\/page"}],"author":[{"embeddable":true,"href":"https:\/\/magyar-misszio.ch\/index.php?rest_route=\/wp\/v2\/users\/1"}],"replies":[{"embeddable":true,"href":"https:\/\/magyar-misszio.ch\/index.php?rest_route=%2Fwp%2Fv2%2Fcomments&post=84"}],"version-history":[{"count":5,"href":"https:\/\/magyar-misszio.ch\/index.php?rest_route=\/wp\/v2\/pages\/84\/revisions"}],"predecessor-version":[{"id":97,"href":"https:\/\/magyar-misszio.ch\/index.php?rest_route=\/wp\/v2\/pages\/84\/revisions\/97"}],"wp:attachment":[{"href":"https:\/\/magyar-misszio.ch\/index.php?rest_route=%2Fwp%2Fv2%2Fmedia&parent=84"}],"curies":[{"name":"wp","href":"https:\/\/api.w.org\/{rel}","templated":true}]}}