{"id":840,"date":"2019-02-11T11:52:16","date_gmt":"2019-02-11T11:52:16","guid":{"rendered":"http:\/\/magyar-misszio.ch\/?page_id=840"},"modified":"2019-02-11T11:52:16","modified_gmt":"2019-02-11T11:52:16","slug":"daloelelo","status":"publish","type":"page","link":"https:\/\/magyar-misszio.ch\/?page_id=840","title":{"rendered":"dal\u00f6lel\u0151"},"content":{"rendered":"<p><span style=\"color: #0000ff;\"><strong><span style=\"font-size: 14pt;\"><em>A Dal\u00f6lel\u0151 <\/em><\/span><\/strong><\/span><\/p>\n<p style=\"text-align: justify;\"><em><img fetchpriority=\"high\" decoding=\"async\" class=\"size-medium wp-image-841 alignright\" src=\"https:\/\/magyar-misszio.ch\/wp-content\/uploads\/2019\/02\/dalolelo-300x225.jpg\" alt=\"\" width=\"300\" height=\"225\" data-id=\"841\" srcset=\"https:\/\/magyar-misszio.ch\/wp-content\/uploads\/2019\/02\/dalolelo-300x225.jpg 300w, https:\/\/magyar-misszio.ch\/wp-content\/uploads\/2019\/02\/dalolelo-768x576.jpg 768w, https:\/\/magyar-misszio.ch\/wp-content\/uploads\/2019\/02\/dalolelo-1024x768.jpg 1024w, https:\/\/magyar-misszio.ch\/wp-content\/uploads\/2019\/02\/dalolelo.jpg 1600w\" sizes=\"(max-width: 300px) 100vw, 300px\" \/>&#8230; <strong>egy fajta Zeneovi-b\u00f6lcsi<\/strong><\/em><em><strong>.<\/strong> Id\u0151k\u00f6z\u00f6nk\u00e9nt \u00f6sszej\u00f6v\u00fcnk &#8211; sz\u00fcl\u0151k \u00e9s gyerekek egy\u00fctt &#8211; feleleven\u00edtj\u00fck a <strong>magyar <\/strong><\/em><strong><em>n\u00e9pdalokat, mond\u00f3k\u00e1kat, \u00f6lb\u00e9li j\u00e1t\u00e9kokat<\/em><\/strong><em><strong>, \u00e9s k\u00f6rj\u00e1t\u00e9kokat.<\/strong> Igyeksz\u00fcnk mindig az adott \u00e9vszakhoz vagy az aktu\u00e1lis \u00fcnnepekhez igaz\u00edtani a foglalkoz\u00e1sok t\u00e9m\u00e1j\u00e1t. \u00c1polva ezzel a hagyom\u00e1nyainkat, \u00e9s a sz\u00e9p magyar nyelv\u00fcnket. \u00daj kort\u00e1rs gyermekdalokat is tanulunk git\u00e1r k\u00eds\u00e9rettel. Hangszerekkel ismerked\u00fcnk \u00e9s ki is pr\u00f3b\u00e1ljuk azokat, igyekezve egy nagy k\u00f6z\u00f6s zenekart alkotni. Sz\u00e1mos el\u0151nye a foglalkoz\u00e1snak:<\/em><\/p>\n<p style=\"text-align: justify;\"><em>&#8211; <strong>Magyar nyelv<\/strong> \u00e9bren tart\u00e1sa, \u00e1pol\u00e1sa &#8211; Az \u00e9nekl\u00e9s a legjobb logop\u00e9diai fejleszt\u0151 j\u00e1t\u00e9k, hiszen lassabb \u00e9s \u00e9rthet\u0151bb az artikul\u00e1ci\u00f3 mint a term\u00e9szetes besz\u00e9dben. &#8211; Hagyom\u00e1nyaink feleleven\u00edt\u00e9se &#8211; <strong>Hangszersimogat\u00f3<\/strong> &#8211; A zene fejleszt\u0151 hat\u00e1sa az \u00e9let egy\u00e9b ter\u00fcletein is megfigyelhet\u0151ek, ezzel sz\u00e1mos kutat\u00e1s foglalkozott. &#8211; Nem j\u00e1r k\u00f6t\u00f6tts\u00e9ggel, hiszen nem a hagyom\u00e1nyos sv\u00e1jci \u00f3voda vagy j\u00e1tsz\u00f3csoport helyett, hanem amellett aj\u00e1nljuk. &#8211; Kulturmisszi\u00f3 is egyben &#8211; C\u00e9lja <strong>a magyar csal\u00e1dok k\u00f6z\u00f6ss\u00e9gg\u00e9 kov\u00e1csol\u00e1sa is.<\/strong><\/em><\/p>\n<p>El\u00e9rhet\u0151s\u00e9g\u00fck:<\/p>\n<p><a href=\"https:\/\/www.facebook.com\/groups\/430881617015022\/\" target=\"_blank\" rel=\"noopener\">https:\/\/www.facebook.com\/groups\/430881617015022\/<\/a><\/p>\n<p><a href=\"http:\/\/dalolelo.blogspot.ch\/\" target=\"_blank\" rel=\"noopener\">http:\/\/dalolelo.blogspot.ch\/<\/a><\/p>\n<p>&nbsp;<\/p>\n","protected":false},"excerpt":{"rendered":"<p>A Dal\u00f6lel\u0151 &#8230; egy fajta Zeneovi-b\u00f6lcsi. Id\u0151k\u00f6z\u00f6nk\u00e9nt \u00f6sszej\u00f6v\u00fcnk &#8211; sz\u00fcl\u0151k \u00e9s gyerekek egy\u00fctt &#8211; feleleven\u00edtj\u00fck a magyar n\u00e9pdalokat, mond\u00f3k\u00e1kat, \u00f6lb\u00e9li j\u00e1t\u00e9kokat, \u00e9s k\u00f6rj\u00e1t\u00e9kokat. Igyeksz\u00fcnk mindig az adott \u00e9vszakhoz vagy az aktu\u00e1lis \u00fcnnepekhez igaz\u00edtani a foglalkoz\u00e1sok t\u00e9m\u00e1j\u00e1t. \u00c1polva ezzel a hagyom\u00e1nyainkat, \u00e9s a sz\u00e9p magyar nyelv\u00fcnket. \u00daj kort\u00e1rs gyermekdalokat is tanulunk git\u00e1r k\u00eds\u00e9rettel. Hangszerekkel ismerked\u00fcnk \u00e9s &hellip; <\/p>\n<p class=\"link-more\"><a href=\"https:\/\/magyar-misszio.ch\/?page_id=840\" class=\"more-link\"><span class=\"screen-reader-text\">\u201edal\u00f6lel\u0151\u201c<\/span> weiterlesen<\/a><\/p>\n","protected":false},"author":2,"featured_media":0,"parent":0,"menu_order":0,"comment_status":"closed","ping_status":"closed","template":"","meta":{"footnotes":""},"class_list":["post-840","page","type-page","status-publish","hentry"],"_links":{"self":[{"href":"https:\/\/magyar-misszio.ch\/index.php?rest_route=\/wp\/v2\/pages\/840","targetHints":{"allow":["GET"]}}],"collection":[{"href":"https:\/\/magyar-misszio.ch\/index.php?rest_route=\/wp\/v2\/pages"}],"about":[{"href":"https:\/\/magyar-misszio.ch\/index.php?rest_route=\/wp\/v2\/types\/page"}],"author":[{"embeddable":true,"href":"https:\/\/magyar-misszio.ch\/index.php?rest_route=\/wp\/v2\/users\/2"}],"replies":[{"embeddable":true,"href":"https:\/\/magyar-misszio.ch\/index.php?rest_route=%2Fwp%2Fv2%2Fcomments&post=840"}],"version-history":[{"count":1,"href":"https:\/\/magyar-misszio.ch\/index.php?rest_route=\/wp\/v2\/pages\/840\/revisions"}],"predecessor-version":[{"id":842,"href":"https:\/\/magyar-misszio.ch\/index.php?rest_route=\/wp\/v2\/pages\/840\/revisions\/842"}],"wp:attachment":[{"href":"https:\/\/magyar-misszio.ch\/index.php?rest_route=%2Fwp%2Fv2%2Fmedia&parent=840"}],"curies":[{"name":"wp","href":"https:\/\/api.w.org\/{rel}","templated":true}]}}